{"id":9869,"date":"2021-12-03T19:44:33","date_gmt":"2021-12-03T18:44:33","guid":{"rendered":"https:\/\/unikbotanik.se\/?post_type=product&#038;p=9869"},"modified":"2025-10-20T10:34:05","modified_gmt":"2025-10-20T08:34:05","slug":"odlingsfat-kvadratiskt-av-skiffer-10-x-10-x-05-cm-for-bonsai","status":"publish","type":"product","link":"https:\/\/unikbotanik.se\/sv\/produkt\/odlingsfat-kvadratiskt-av-skiffer-10-x-10-x-05-cm-for-bonsai\/","title":{"rendered":"Odlingsfat, kvadratiskt, av skiffer, 10 x 10 x 0,5 cm, f\u00f6r bonsai"},"content":{"rendered":"<p>Kvadratisk skifferplatta f\u00f6r att odla bonsai. Med lite f\u00f6rsiktig bearbetning kan den formas oregelbunden. OBS! P\u00e5 egen risk!<\/p>\n<p>10 x 10 cm, c:a 5 mm tjock<\/p>\n<p>Rymmer: ej till\u00e4mpbart<\/p>\n<p>Vikt: 300 g<\/p>\n","protected":false},"excerpt":{"rendered":"<p>Kvadratisk skifferplatta f\u00f6r att odla bonsai. Med lite f\u00f6rsiktig bearbetning kan den formas oregelbunden. OBS! P\u00e5 egen risk! 10 x 10 cm, c:a 5 mm tjock Rymmer: ej till\u00e4mpbart Vikt: 300 g<\/p>\n","protected":false},"featured_media":9870,"comment_status":"open","ping_status":"closed","template":"","meta":{"_uag_custom_page_level_css":"","_uf_show_specific_survey":0,"_uf_disable_surveys":false,"site-sidebar-layout":"default","site-content-layout":"","ast-site-content-layout":"default","site-content-style":"default","site-sidebar-style":"default","ast-global-header-display":"","ast-banner-title-visibility":"","ast-main-header-display":"","ast-hfb-above-header-display":"","ast-hfb-below-header-display":"","ast-hfb-mobile-header-display":"","site-post-title":"","ast-breadcrumbs-content":"","ast-featured-img":"","footer-sml-layout":"","ast-disable-related-posts":"","theme-transparent-header-meta":"","adv-header-id-meta":"","stick-header-meta":"","header-above-stick-meta":"","header-main-stick-meta":"","header-below-stick-meta":"","astra-migrate-meta-layouts":"default","ast-page-background-enabled":"default","ast-page-background-meta":{"desktop":{"background-color":"var(--ast-global-color-4)","background-image":"","background-repeat":"repeat","background-position":"center center","background-size":"auto","background-attachment":"scroll","background-type":"","background-media":"","overlay-type":"","overlay-color":"","overlay-opacity":"","overlay-gradient":""},"tablet":{"background-color":"","background-image":"","background-repeat":"repeat","background-position":"center center","background-size":"auto","background-attachment":"scroll","background-type":"","background-media":"","overlay-type":"","overlay-color":"","overlay-opacity":"","overlay-gradient":""},"mobile":{"background-color":"","background-image":"","background-repeat":"repeat","background-position":"center center","background-size":"auto","background-attachment":"scroll","background-type":"","background-media":"","overlay-type":"","overlay-color":"","overlay-opacity":"","overlay-gradient":""}},"ast-content-background-meta":{"desktop":{"background-color":"var(--ast-global-color-5)","background-image":"","background-repeat":"repeat","background-position":"center center","background-size":"auto","background-attachment":"scroll","background-type":"","background-media":"","overlay-type":"","overlay-color":"","overlay-opacity":"","overlay-gradient":""},"tablet":{"background-color":"var(--ast-global-color-5)","background-image":"","background-repeat":"repeat","background-position":"center center","background-size":"auto","background-attachment":"scroll","background-type":"","background-media":"","overlay-type":"","overlay-color":"","overlay-opacity":"","overlay-gradient":""},"mobile":{"background-color":"var(--ast-global-color-5)","background-image":"","background-repeat":"repeat","background-position":"center center","background-size":"auto","background-attachment":"scroll","background-type":"","background-media":"","overlay-type":"","overlay-color":"","overlay-opacity":"","overlay-gradient":""}}},"product_brand":[],"product_cat":[437,438,25,185],"product_tag":[],"class_list":{"0":"post-9869","1":"product","2":"type-product","3":"status-publish","4":"has-post-thumbnail","6":"product_cat-0-10-cm-2","7":"product_cat-10-20-cm-2","8":"product_cat-bonsaikrukor","9":"product_cat-oglaserade-krukor","10":"desktop-align-left","11":"tablet-align-left","12":"mobile-align-left","13":"ast-product-gallery-layout-horizontal-slider","14":"ast-product-gallery-with-no-image","15":"ast-product-tabs-layout-horizontal","16":"ast-qv-on-image","18":"first","19":"instock","20":"taxable","21":"shipping-taxable","22":"purchasable","23":"product-type-simple"},"aioseo_notices":[],"uagb_featured_image_src":{"full":["https:\/\/unikbotanik.se\/wp-content\/uploads\/2021\/12\/KMIS135445.jpg",900,898,false],"thumbnail":["https:\/\/unikbotanik.se\/wp-content\/uploads\/2021\/12\/KMIS135445-150x150.jpg",150,150,true],"medium":["https:\/\/unikbotanik.se\/wp-content\/uploads\/2021\/12\/KMIS135445-300x300.jpg",300,300,true],"medium_large":["https:\/\/unikbotanik.se\/wp-content\/uploads\/2021\/12\/KMIS135445-768x766.jpg",768,766,true],"large":["https:\/\/unikbotanik.se\/wp-content\/uploads\/2021\/12\/KMIS135445.jpg",900,898,false],"1536x1536":["https:\/\/unikbotanik.se\/wp-content\/uploads\/2021\/12\/KMIS135445.jpg",900,898,false],"2048x2048":["https:\/\/unikbotanik.se\/wp-content\/uploads\/2021\/12\/KMIS135445.jpg",900,898,false],"woocommerce_thumbnail":["https:\/\/unikbotanik.se\/wp-content\/uploads\/2021\/12\/KMIS135445-300x300.jpg",300,300,true],"woocommerce_single":["https:\/\/unikbotanik.se\/wp-content\/uploads\/2021\/12\/KMIS135445-600x599.jpg",600,599,true],"woocommerce_gallery_thumbnail":["https:\/\/unikbotanik.se\/wp-content\/uploads\/2021\/12\/KMIS135445-100x100.jpg",100,100,true]},"uagb_author_info":{"display_name":"unikbotanik","author_link":"https:\/\/unikbotanik.se\/sv\/author\/"},"uagb_comment_info":0,"uagb_excerpt":"Kvadratisk skifferplatta f\u00f6r att odla bonsai. Med lite f\u00f6rsiktig bearbetning kan den formas oregelbunden. OBS! P\u00e5 egen risk! 10 x 10 cm, c:a 5 mm tjock Rymmer: ej till\u00e4mpbart Vikt: 300 g","_links":{"self":[{"href":"https:\/\/unikbotanik.se\/sv\/wp-json\/wp\/v2\/product\/9869","targetHints":{"allow":["GET"]}}],"collection":[{"href":"https:\/\/unikbotanik.se\/sv\/wp-json\/wp\/v2\/product"}],"about":[{"href":"https:\/\/unikbotanik.se\/sv\/wp-json\/wp\/v2\/types\/product"}],"replies":[{"embeddable":true,"href":"https:\/\/unikbotanik.se\/sv\/wp-json\/wp\/v2\/comments?post=9869"}],"wp:featuredmedia":[{"embeddable":true,"href":"https:\/\/unikbotanik.se\/sv\/wp-json\/wp\/v2\/media\/9870"}],"wp:attachment":[{"href":"https:\/\/unikbotanik.se\/sv\/wp-json\/wp\/v2\/media?parent=9869"}],"wp:term":[{"taxonomy":"product_brand","embeddable":true,"href":"https:\/\/unikbotanik.se\/sv\/wp-json\/wp\/v2\/product_brand?post=9869"},{"taxonomy":"product_cat","embeddable":true,"href":"https:\/\/unikbotanik.se\/sv\/wp-json\/wp\/v2\/product_cat?post=9869"},{"taxonomy":"product_tag","embeddable":true,"href":"https:\/\/unikbotanik.se\/sv\/wp-json\/wp\/v2\/product_tag?post=9869"}],"curies":[{"name":"wp","href":"https:\/\/api.w.org\/{rel}","templated":true}]}}