{"id":9866,"date":"2021-12-03T10:01:10","date_gmt":"2021-12-03T09:01:10","guid":{"rendered":"https:\/\/unikbotanik.se\/?post_type=product&#038;p=9866"},"modified":"2025-12-01T10:35:16","modified_gmt":"2025-12-01T09:35:16","slug":"camellia-olja-for-verktygsunderhall-rostskydd-100ml","status":"publish","type":"product","link":"https:\/\/unikbotanik.se\/sv\/produkt\/camellia-olja-for-verktygsunderhall-rostskydd-100ml\/","title":{"rendered":"Camellia &#8211; olja f\u00f6r verktygsunderh\u00e5ll\/rostskydd 100ml"},"content":{"rendered":"<p>Rostskydd och sm\u00f6rjning av dina verktyg. Efter en ordentlig reng\u00f6ring, g\u00e4rna med diskmedel, torka dina verktyg v\u00e4l med handduk eller hush\u00e5llspapper. L\u00e5t lufttorka n\u00e5gon timme innan du sm\u00f6rjer in en mindre m\u00e4ngd camellia-olja p\u00e5 verktygen. \u00c4ven om camellia-olja anv\u00e4nds som sk\u00f6nhetsprodukt s\u00e5 \u00e4r denna olja inte godk\u00e4nd f\u00f6r detta bruk och reningen kanske inte \u00e4r lika noggrann. F\u00e5r du lite p\u00e5 huden s\u00e5 \u00e4r denna olja betydligt b\u00e4ttre \u00e4n konstgjorda oljor, men den skall inte regelbundet anv\u00e4ndas som sk\u00f6nhetsprodukt, utan till dina verktyg.<\/p>\n<p>Inneh\u00e5ller 100 ml.<\/p>\n<p>&nbsp;<\/p>\n","protected":false},"excerpt":{"rendered":"<p>Rostskydd och sm\u00f6rjning av dina verktyg. Efter en ordentlig reng\u00f6ring, g\u00e4rna med diskmedel, torka dina verktyg v\u00e4l med handduk eller hush\u00e5llspapper. L\u00e5t lufttorka n\u00e5gon timme innan du sm\u00f6rjer in en mindre m\u00e4ngd camellia-olja p\u00e5 verktygen. \u00c4ven om camellia-olja anv\u00e4nds som sk\u00f6nhetsprodukt s\u00e5 \u00e4r denna olja inte godk\u00e4nd f\u00f6r detta bruk och reningen kanske inte \u00e4r [&hellip;]<\/p>\n","protected":false},"featured_media":9867,"comment_status":"open","ping_status":"closed","template":"","meta":{"_uag_custom_page_level_css":"","_uf_show_specific_survey":0,"_uf_disable_surveys":false,"site-sidebar-layout":"default","site-content-layout":"","ast-site-content-layout":"default","site-content-style":"default","site-sidebar-style":"default","ast-global-header-display":"","ast-banner-title-visibility":"","ast-main-header-display":"","ast-hfb-above-header-display":"","ast-hfb-below-header-display":"","ast-hfb-mobile-header-display":"","site-post-title":"","ast-breadcrumbs-content":"","ast-featured-img":"","footer-sml-layout":"","ast-disable-related-posts":"","theme-transparent-header-meta":"","adv-header-id-meta":"","stick-header-meta":"","header-above-stick-meta":"","header-main-stick-meta":"","header-below-stick-meta":"","astra-migrate-meta-layouts":"default","ast-page-background-enabled":"default","ast-page-background-meta":{"desktop":{"background-color":"var(--ast-global-color-4)","background-image":"","background-repeat":"repeat","background-position":"center center","background-size":"auto","background-attachment":"scroll","background-type":"","background-media":"","overlay-type":"","overlay-color":"","overlay-opacity":"","overlay-gradient":""},"tablet":{"background-color":"","background-image":"","background-repeat":"repeat","background-position":"center center","background-size":"auto","background-attachment":"scroll","background-type":"","background-media":"","overlay-type":"","overlay-color":"","overlay-opacity":"","overlay-gradient":""},"mobile":{"background-color":"","background-image":"","background-repeat":"repeat","background-position":"center center","background-size":"auto","background-attachment":"scroll","background-type":"","background-media":"","overlay-type":"","overlay-color":"","overlay-opacity":"","overlay-gradient":""}},"ast-content-background-meta":{"desktop":{"background-color":"var(--ast-global-color-5)","background-image":"","background-repeat":"repeat","background-position":"center center","background-size":"auto","background-attachment":"scroll","background-type":"","background-media":"","overlay-type":"","overlay-color":"","overlay-opacity":"","overlay-gradient":""},"tablet":{"background-color":"var(--ast-global-color-5)","background-image":"","background-repeat":"repeat","background-position":"center center","background-size":"auto","background-attachment":"scroll","background-type":"","background-media":"","overlay-type":"","overlay-color":"","overlay-opacity":"","overlay-gradient":""},"mobile":{"background-color":"var(--ast-global-color-5)","background-image":"","background-repeat":"repeat","background-position":"center center","background-size":"auto","background-attachment":"scroll","background-type":"","background-media":"","overlay-type":"","overlay-color":"","overlay-opacity":"","overlay-gradient":""}}},"product_brand":[],"product_cat":[63,417],"product_tag":[],"class_list":{"0":"post-9866","1":"product","2":"type-product","3":"status-publish","4":"has-post-thumbnail","6":"product_cat-ovrigt","7":"product_cat-verktygsunderhall","8":"desktop-align-left","9":"tablet-align-left","10":"mobile-align-left","11":"ast-product-gallery-layout-horizontal-slider","12":"ast-product-gallery-with-no-image","13":"ast-product-tabs-layout-horizontal","14":"ast-qv-on-image","16":"first","17":"instock","18":"taxable","19":"shipping-taxable","20":"purchasable","21":"product-type-simple"},"aioseo_notices":[],"uagb_featured_image_src":{"full":["https:\/\/unikbotanik.se\/wp-content\/uploads\/2021\/12\/VMIS144064.jpg",777,777,false],"thumbnail":["https:\/\/unikbotanik.se\/wp-content\/uploads\/2021\/12\/VMIS144064-150x150.jpg",150,150,true],"medium":["https:\/\/unikbotanik.se\/wp-content\/uploads\/2021\/12\/VMIS144064-300x300.jpg",300,300,true],"medium_large":["https:\/\/unikbotanik.se\/wp-content\/uploads\/2021\/12\/VMIS144064-768x768.jpg",768,768,true],"large":["https:\/\/unikbotanik.se\/wp-content\/uploads\/2021\/12\/VMIS144064.jpg",777,777,false],"1536x1536":["https:\/\/unikbotanik.se\/wp-content\/uploads\/2021\/12\/VMIS144064.jpg",777,777,false],"2048x2048":["https:\/\/unikbotanik.se\/wp-content\/uploads\/2021\/12\/VMIS144064.jpg",777,777,false],"woocommerce_thumbnail":["https:\/\/unikbotanik.se\/wp-content\/uploads\/2021\/12\/VMIS144064-300x300.jpg",300,300,true],"woocommerce_single":["https:\/\/unikbotanik.se\/wp-content\/uploads\/2021\/12\/VMIS144064-600x600.jpg",600,600,true],"woocommerce_gallery_thumbnail":["https:\/\/unikbotanik.se\/wp-content\/uploads\/2021\/12\/VMIS144064-100x100.jpg",100,100,true]},"uagb_author_info":{"display_name":"unikbotanik","author_link":"https:\/\/unikbotanik.se\/sv\/author\/"},"uagb_comment_info":0,"uagb_excerpt":"Rostskydd och sm\u00f6rjning av dina verktyg. Efter en ordentlig reng\u00f6ring, g\u00e4rna med diskmedel, torka dina verktyg v\u00e4l med handduk eller hush\u00e5llspapper. L\u00e5t lufttorka n\u00e5gon timme innan du sm\u00f6rjer in en mindre m\u00e4ngd camellia-olja p\u00e5 verktygen. \u00c4ven om camellia-olja anv\u00e4nds som sk\u00f6nhetsprodukt s\u00e5 \u00e4r denna olja inte godk\u00e4nd f\u00f6r detta bruk och reningen kanske inte \u00e4r&hellip;","_links":{"self":[{"href":"https:\/\/unikbotanik.se\/sv\/wp-json\/wp\/v2\/product\/9866","targetHints":{"allow":["GET"]}}],"collection":[{"href":"https:\/\/unikbotanik.se\/sv\/wp-json\/wp\/v2\/product"}],"about":[{"href":"https:\/\/unikbotanik.se\/sv\/wp-json\/wp\/v2\/types\/product"}],"replies":[{"embeddable":true,"href":"https:\/\/unikbotanik.se\/sv\/wp-json\/wp\/v2\/comments?post=9866"}],"wp:featuredmedia":[{"embeddable":true,"href":"https:\/\/unikbotanik.se\/sv\/wp-json\/wp\/v2\/media\/9867"}],"wp:attachment":[{"href":"https:\/\/unikbotanik.se\/sv\/wp-json\/wp\/v2\/media?parent=9866"}],"wp:term":[{"taxonomy":"product_brand","embeddable":true,"href":"https:\/\/unikbotanik.se\/sv\/wp-json\/wp\/v2\/product_brand?post=9866"},{"taxonomy":"product_cat","embeddable":true,"href":"https:\/\/unikbotanik.se\/sv\/wp-json\/wp\/v2\/product_cat?post=9866"},{"taxonomy":"product_tag","embeddable":true,"href":"https:\/\/unikbotanik.se\/sv\/wp-json\/wp\/v2\/product_tag?post=9866"}],"curies":[{"name":"wp","href":"https:\/\/api.w.org\/{rel}","templated":true}]}}