{"id":9695,"date":"2021-10-30T19:47:59","date_gmt":"2021-10-30T17:47:59","guid":{"rendered":"https:\/\/unikbotanik.se\/?post_type=product&#038;p=9695"},"modified":"2026-02-02T15:22:02","modified_gmt":"2026-02-02T14:22:02","slug":"fat-ovalt-glaserat-215-x-165-cm-2","status":"publish","type":"product","link":"https:\/\/unikbotanik.se\/sv\/produkt\/fat-ovalt-glaserat-215-x-165-cm-2\/","title":{"rendered":"Fat, ovalt, glaserat, 21,5 x 16,5 cm"},"content":{"rendered":"<p>Glaserat ovalt fat, vitt.<br \/>\nNyansen kan variera lite beroende p\u00e5 m\u00e4ngden glasyr.<\/p>\n<p>21,5 x 16,5 cm, innerm\u00e5tt 18,5 x 14 cm. Diagonalen p\u00e5 innerm\u00e5ttet \u00e4r 16 cm.<\/p>\n<p>Vikt: 380 g<\/p>\n","protected":false},"excerpt":{"rendered":"<p>Glaserat ovalt fat, vitt. Nyansen kan variera lite beroende p\u00e5 m\u00e4ngden glasyr. 21,5 x 16,5 cm, innerm\u00e5tt 18,5 x 14 cm. Diagonalen p\u00e5 innerm\u00e5ttet \u00e4r 16 cm. Vikt: 380 g<\/p>\n","protected":false},"featured_media":9700,"comment_status":"open","ping_status":"closed","template":"","meta":{"_uag_custom_page_level_css":"","_uf_show_specific_survey":0,"_uf_disable_surveys":false,"site-sidebar-layout":"default","site-content-layout":"","ast-site-content-layout":"default","site-content-style":"default","site-sidebar-style":"default","ast-global-header-display":"","ast-banner-title-visibility":"","ast-main-header-display":"","ast-hfb-above-header-display":"","ast-hfb-below-header-display":"","ast-hfb-mobile-header-display":"","site-post-title":"","ast-breadcrumbs-content":"","ast-featured-img":"","footer-sml-layout":"","ast-disable-related-posts":"","theme-transparent-header-meta":"","adv-header-id-meta":"","stick-header-meta":"","header-above-stick-meta":"","header-main-stick-meta":"","header-below-stick-meta":"","astra-migrate-meta-layouts":"default","ast-page-background-enabled":"default","ast-page-background-meta":{"desktop":{"background-color":"var(--ast-global-color-4)","background-image":"","background-repeat":"repeat","background-position":"center center","background-size":"auto","background-attachment":"scroll","background-type":"","background-media":"","overlay-type":"","overlay-color":"","overlay-opacity":"","overlay-gradient":""},"tablet":{"background-color":"","background-image":"","background-repeat":"repeat","background-position":"center center","background-size":"auto","background-attachment":"scroll","background-type":"","background-media":"","overlay-type":"","overlay-color":"","overlay-opacity":"","overlay-gradient":""},"mobile":{"background-color":"","background-image":"","background-repeat":"repeat","background-position":"center center","background-size":"auto","background-attachment":"scroll","background-type":"","background-media":"","overlay-type":"","overlay-color":"","overlay-opacity":"","overlay-gradient":""}},"ast-content-background-meta":{"desktop":{"background-color":"var(--ast-global-color-5)","background-image":"","background-repeat":"repeat","background-position":"center center","background-size":"auto","background-attachment":"scroll","background-type":"","background-media":"","overlay-type":"","overlay-color":"","overlay-opacity":"","overlay-gradient":""},"tablet":{"background-color":"var(--ast-global-color-5)","background-image":"","background-repeat":"repeat","background-position":"center center","background-size":"auto","background-attachment":"scroll","background-type":"","background-media":"","overlay-type":"","overlay-color":"","overlay-opacity":"","overlay-gradient":""},"mobile":{"background-color":"var(--ast-global-color-5)","background-image":"","background-repeat":"repeat","background-position":"center center","background-size":"auto","background-attachment":"scroll","background-type":"","background-media":"","overlay-type":"","overlay-color":"","overlay-opacity":"","overlay-gradient":""}}},"product_brand":[],"product_cat":[25,186],"product_tag":[],"class_list":{"0":"post-9695","1":"product","2":"type-product","3":"status-publish","4":"has-post-thumbnail","6":"product_cat-bonsaikrukor","7":"product_cat-fat","8":"desktop-align-left","9":"tablet-align-left","10":"mobile-align-left","11":"ast-product-gallery-layout-horizontal-slider","12":"ast-product-tabs-layout-horizontal","13":"ast-qv-on-image","15":"first","16":"instock","17":"taxable","18":"shipping-taxable","19":"purchasable","20":"product-type-simple"},"aioseo_notices":[],"uagb_featured_image_src":{"full":["https:\/\/unikbotanik.se\/wp-content\/uploads\/2021\/10\/KMIS123081B.jpg",900,901,false],"thumbnail":["https:\/\/unikbotanik.se\/wp-content\/uploads\/2021\/10\/KMIS123081B-150x150.jpg",150,150,true],"medium":["https:\/\/unikbotanik.se\/wp-content\/uploads\/2021\/10\/KMIS123081B-300x300.jpg",300,300,true],"medium_large":["https:\/\/unikbotanik.se\/wp-content\/uploads\/2021\/10\/KMIS123081B-768x769.jpg",768,769,true],"large":["https:\/\/unikbotanik.se\/wp-content\/uploads\/2021\/10\/KMIS123081B.jpg",900,901,false],"1536x1536":["https:\/\/unikbotanik.se\/wp-content\/uploads\/2021\/10\/KMIS123081B.jpg",900,901,false],"2048x2048":["https:\/\/unikbotanik.se\/wp-content\/uploads\/2021\/10\/KMIS123081B.jpg",900,901,false],"woocommerce_thumbnail":["https:\/\/unikbotanik.se\/wp-content\/uploads\/2021\/10\/KMIS123081B-300x300.jpg",300,300,true],"woocommerce_single":["https:\/\/unikbotanik.se\/wp-content\/uploads\/2021\/10\/KMIS123081B-600x601.jpg",600,601,true],"woocommerce_gallery_thumbnail":["https:\/\/unikbotanik.se\/wp-content\/uploads\/2021\/10\/KMIS123081B-100x100.jpg",100,100,true]},"uagb_author_info":{"display_name":"unikbotanik","author_link":"https:\/\/unikbotanik.se\/sv\/author\/"},"uagb_comment_info":0,"uagb_excerpt":"Glaserat ovalt fat, vitt. Nyansen kan variera lite beroende p\u00e5 m\u00e4ngden glasyr. 21,5 x 16,5 cm, innerm\u00e5tt 18,5 x 14 cm. Diagonalen p\u00e5 innerm\u00e5ttet \u00e4r 16 cm. Vikt: 380 g","_links":{"self":[{"href":"https:\/\/unikbotanik.se\/sv\/wp-json\/wp\/v2\/product\/9695","targetHints":{"allow":["GET"]}}],"collection":[{"href":"https:\/\/unikbotanik.se\/sv\/wp-json\/wp\/v2\/product"}],"about":[{"href":"https:\/\/unikbotanik.se\/sv\/wp-json\/wp\/v2\/types\/product"}],"replies":[{"embeddable":true,"href":"https:\/\/unikbotanik.se\/sv\/wp-json\/wp\/v2\/comments?post=9695"}],"wp:featuredmedia":[{"embeddable":true,"href":"https:\/\/unikbotanik.se\/sv\/wp-json\/wp\/v2\/media\/9700"}],"wp:attachment":[{"href":"https:\/\/unikbotanik.se\/sv\/wp-json\/wp\/v2\/media?parent=9695"}],"wp:term":[{"taxonomy":"product_brand","embeddable":true,"href":"https:\/\/unikbotanik.se\/sv\/wp-json\/wp\/v2\/product_brand?post=9695"},{"taxonomy":"product_cat","embeddable":true,"href":"https:\/\/unikbotanik.se\/sv\/wp-json\/wp\/v2\/product_cat?post=9695"},{"taxonomy":"product_tag","embeddable":true,"href":"https:\/\/unikbotanik.se\/sv\/wp-json\/wp\/v2\/product_tag?post=9695"}],"curies":[{"name":"wp","href":"https:\/\/api.w.org\/{rel}","templated":true}]}}