{"id":7960,"date":"2021-02-08T09:21:34","date_gmt":"2021-02-08T08:21:34","guid":{"rendered":"https:\/\/unikbotanik.se\/?post_type=product&#038;p=7960"},"modified":"2025-05-19T07:26:34","modified_gmt":"2025-05-19T05:26:34","slug":"sekator-japansk-stalkvalitet-utformad-for-vanster-hand-japanska-kikuwa","status":"publish","type":"product","link":"https:\/\/unikbotanik.se\/sv\/produkt\/sekator-japansk-stalkvalitet-utformad-for-vanster-hand-japanska-kikuwa\/","title":{"rendered":"Sekat\u00f6r, japansk st\u00e5lkvalitet, utformad f\u00f6r v\u00e4nster hand, japanska Kikuwa"},"content":{"rendered":"<p>En kraftig men elegant sekat\u00f6r f\u00f6r tr\u00e4dg\u00e5rden f\u00f6r kapning och besk\u00e4rning av allehanda kvistar och grenar p\u00e5 buskar och tr\u00e4d. Passar t.ex. f\u00f6r att besk\u00e4ra rosor, syrener och frukttr\u00e4d. Denna sekat\u00f6r \u00e4r utformad f\u00f6r dig som \u00e4r v\u00e4nsterh\u00e4nt. St\u00f6rsta skillnaden \u00e4r att sk\u00e4ren sitter p\u00e5 motsatt sida s\u00e5 att du l\u00e4ttare skall komma n\u00e4ra inp\u00e5 gren eller stam n\u00e4r du klipper. N\u00e5got som \u00e4r otympligt med en standardsekat\u00f6r f\u00f6r h\u00f6ger hand.<\/p>\n<p>Saxen \u00e4r tillverkad av Kikuwa, Niigata, Japan.<\/p>\n<p>L\u00e4ngd: 205 mm<br \/>\nVikt: 255g.<br \/>\nMaterial: h\u00e4rdat kolst\u00e5l<\/p>\n<p><strong>Kikuwa-verktyg k\u00f6ps fr\u00e5n Japan. N\u00e4r produkten inte finns i lager best\u00e4ller vi den p\u00e5 nytt sannolikt inom ett halv\u00e5r.<br \/>\nBest\u00e4ll g\u00e4rna i f\u00f6rv\u00e4g s\u00e5 f\u00e5r du 5% i rabatt!<br \/>\n<\/strong><\/p>\n<p>&nbsp;<\/p>\n","protected":false},"excerpt":{"rendered":"<p>En kraftig men elegant sekat\u00f6r f\u00f6r tr\u00e4dg\u00e5rden f\u00f6r kapning och besk\u00e4rning av allehanda kvistar och grenar p\u00e5 buskar och tr\u00e4d. Passar t.ex. f\u00f6r att besk\u00e4ra rosor, syrener och frukttr\u00e4d. Denna sekat\u00f6r \u00e4r utformad f\u00f6r dig som \u00e4r v\u00e4nsterh\u00e4nt. St\u00f6rsta skillnaden \u00e4r att sk\u00e4ren sitter p\u00e5 motsatt sida s\u00e5 att du l\u00e4ttare skall komma n\u00e4ra inp\u00e5 [&hellip;]<\/p>\n","protected":false},"featured_media":7961,"comment_status":"open","ping_status":"closed","template":"","meta":{"_uag_custom_page_level_css":"","_uf_show_specific_survey":0,"_uf_disable_surveys":false,"site-sidebar-layout":"default","site-content-layout":"","ast-site-content-layout":"default","site-content-style":"default","site-sidebar-style":"default","ast-global-header-display":"","ast-banner-title-visibility":"","ast-main-header-display":"","ast-hfb-above-header-display":"","ast-hfb-below-header-display":"","ast-hfb-mobile-header-display":"","site-post-title":"","ast-breadcrumbs-content":"","ast-featured-img":"","footer-sml-layout":"","ast-disable-related-posts":"","theme-transparent-header-meta":"","adv-header-id-meta":"","stick-header-meta":"","header-above-stick-meta":"","header-main-stick-meta":"","header-below-stick-meta":"","astra-migrate-meta-layouts":"default","ast-page-background-enabled":"default","ast-page-background-meta":{"desktop":{"background-color":"var(--ast-global-color-4)","background-image":"","background-repeat":"repeat","background-position":"center center","background-size":"auto","background-attachment":"scroll","background-type":"","background-media":"","overlay-type":"","overlay-color":"","overlay-opacity":"","overlay-gradient":""},"tablet":{"background-color":"","background-image":"","background-repeat":"repeat","background-position":"center center","background-size":"auto","background-attachment":"scroll","background-type":"","background-media":"","overlay-type":"","overlay-color":"","overlay-opacity":"","overlay-gradient":""},"mobile":{"background-color":"","background-image":"","background-repeat":"repeat","background-position":"center center","background-size":"auto","background-attachment":"scroll","background-type":"","background-media":"","overlay-type":"","overlay-color":"","overlay-opacity":"","overlay-gradient":""}},"ast-content-background-meta":{"desktop":{"background-color":"var(--ast-global-color-5)","background-image":"","background-repeat":"repeat","background-position":"center center","background-size":"auto","background-attachment":"scroll","background-type":"","background-media":"","overlay-type":"","overlay-color":"","overlay-opacity":"","overlay-gradient":""},"tablet":{"background-color":"var(--ast-global-color-5)","background-image":"","background-repeat":"repeat","background-position":"center center","background-size":"auto","background-attachment":"scroll","background-type":"","background-media":"","overlay-type":"","overlay-color":"","overlay-opacity":"","overlay-gradient":""},"mobile":{"background-color":"var(--ast-global-color-5)","background-image":"","background-repeat":"repeat","background-position":"center center","background-size":"auto","background-attachment":"scroll","background-type":"","background-media":"","overlay-type":"","overlay-color":"","overlay-opacity":"","overlay-gradient":""}}},"product_brand":[],"product_cat":[165,157,425,426,435],"product_tag":[],"class_list":{"0":"post-7960","1":"product","2":"type-product","3":"status-publish","4":"has-post-thumbnail","6":"product_cat-for-vanster-hand","7":"product_cat-kikuwa-japan","8":"product_cat-sekatorer","9":"product_cat-tradgardsverktyg","10":"product_cat-ympning-beskarning","11":"desktop-align-left","12":"tablet-align-left","13":"mobile-align-left","14":"ast-product-gallery-layout-horizontal-slider","15":"ast-product-tabs-layout-horizontal","16":"ast-qv-on-image","18":"first","19":"outofstock","20":"taxable","21":"shipping-taxable","22":"purchasable","23":"product-type-simple"},"aioseo_notices":[],"uagb_featured_image_src":{"full":["https:\/\/unikbotanik.se\/wp-content\/uploads\/2021\/02\/VKKW1069.jpg",900,900,false],"thumbnail":["https:\/\/unikbotanik.se\/wp-content\/uploads\/2021\/02\/VKKW1069-150x150.jpg",150,150,true],"medium":["https:\/\/unikbotanik.se\/wp-content\/uploads\/2021\/02\/VKKW1069-300x300.jpg",300,300,true],"medium_large":["https:\/\/unikbotanik.se\/wp-content\/uploads\/2021\/02\/VKKW1069-768x768.jpg",768,768,true],"large":["https:\/\/unikbotanik.se\/wp-content\/uploads\/2021\/02\/VKKW1069.jpg",900,900,false],"1536x1536":["https:\/\/unikbotanik.se\/wp-content\/uploads\/2021\/02\/VKKW1069.jpg",900,900,false],"2048x2048":["https:\/\/unikbotanik.se\/wp-content\/uploads\/2021\/02\/VKKW1069.jpg",900,900,false],"woocommerce_thumbnail":["https:\/\/unikbotanik.se\/wp-content\/uploads\/2021\/02\/VKKW1069-300x300.jpg",300,300,true],"woocommerce_single":["https:\/\/unikbotanik.se\/wp-content\/uploads\/2021\/02\/VKKW1069-600x600.jpg",600,600,true],"woocommerce_gallery_thumbnail":["https:\/\/unikbotanik.se\/wp-content\/uploads\/2021\/02\/VKKW1069-100x100.jpg",100,100,true]},"uagb_author_info":{"display_name":"unikbotanik","author_link":"https:\/\/unikbotanik.se\/sv\/author\/"},"uagb_comment_info":0,"uagb_excerpt":"En kraftig men elegant sekat\u00f6r f\u00f6r tr\u00e4dg\u00e5rden f\u00f6r kapning och besk\u00e4rning av allehanda kvistar och grenar p\u00e5 buskar och tr\u00e4d. Passar t.ex. f\u00f6r att besk\u00e4ra rosor, syrener och frukttr\u00e4d. Denna sekat\u00f6r \u00e4r utformad f\u00f6r dig som \u00e4r v\u00e4nsterh\u00e4nt. St\u00f6rsta skillnaden \u00e4r att sk\u00e4ren sitter p\u00e5 motsatt sida s\u00e5 att du l\u00e4ttare skall komma n\u00e4ra inp\u00e5&hellip;","_links":{"self":[{"href":"https:\/\/unikbotanik.se\/sv\/wp-json\/wp\/v2\/product\/7960","targetHints":{"allow":["GET"]}}],"collection":[{"href":"https:\/\/unikbotanik.se\/sv\/wp-json\/wp\/v2\/product"}],"about":[{"href":"https:\/\/unikbotanik.se\/sv\/wp-json\/wp\/v2\/types\/product"}],"replies":[{"embeddable":true,"href":"https:\/\/unikbotanik.se\/sv\/wp-json\/wp\/v2\/comments?post=7960"}],"wp:featuredmedia":[{"embeddable":true,"href":"https:\/\/unikbotanik.se\/sv\/wp-json\/wp\/v2\/media\/7961"}],"wp:attachment":[{"href":"https:\/\/unikbotanik.se\/sv\/wp-json\/wp\/v2\/media?parent=7960"}],"wp:term":[{"taxonomy":"product_brand","embeddable":true,"href":"https:\/\/unikbotanik.se\/sv\/wp-json\/wp\/v2\/product_brand?post=7960"},{"taxonomy":"product_cat","embeddable":true,"href":"https:\/\/unikbotanik.se\/sv\/wp-json\/wp\/v2\/product_cat?post=7960"},{"taxonomy":"product_tag","embeddable":true,"href":"https:\/\/unikbotanik.se\/sv\/wp-json\/wp\/v2\/product_tag?post=7960"}],"curies":[{"name":"wp","href":"https:\/\/api.w.org\/{rel}","templated":true}]}}