{"id":5981,"date":"2020-05-02T10:25:20","date_gmt":"2020-05-02T08:25:20","guid":{"rendered":"https:\/\/unikbotanik.se\/?post_type=product&#038;p=5981"},"modified":"2025-11-20T13:26:01","modified_gmt":"2025-11-20T12:26:01","slug":"ymptejp-bred-japansk-for-ympning-och-skydd-vid-tradning","status":"publish","type":"product","link":"https:\/\/unikbotanik.se\/sv\/produkt\/ymptejp-bred-japansk-for-ympning-och-skydd-vid-tradning\/","title":{"rendered":"Ymptejp, bred, japansk, f\u00f6r ympning och skydd vid tr\u00e5dning"},"content":{"rendered":"<p>Ympejp kan anv\u00e4ndas p\u00e5 m\u00e5nga olika s\u00e4tt. Den \u00e4r f\u00f6rutom vid ympning bra n\u00e4r du r\u00e5kar fl\u00e4ka upp en gren. Du kan l\u00e4gga n\u00e5got varv eller tv\u00e5 som skydd n\u00e4r du lindar dina tr\u00e4d eller s\u00e4tter dem i tving. Ymptejp fungerar ocks\u00e5 fint f\u00f6r att f\u00f6rsluta kring plasten kring en luftavl\u00e4ggare eller h\u00e5lla ett tr\u00e4d fast p\u00e5 sten innan det h\u00e5ller sig fast sj\u00e4lv.<\/p>\n<p>Bredd 30 mm.<\/p>\n<p>Om varan inte finns inne r\u00e4knar vi med en leveranstid p\u00e5 3-4 veckor.<\/p>\n","protected":false},"excerpt":{"rendered":"<p>Ympejp kan anv\u00e4ndas p\u00e5 m\u00e5nga olika s\u00e4tt. Den \u00e4r f\u00f6rutom vid ympning bra n\u00e4r du r\u00e5kar fl\u00e4ka upp en gren. Du kan l\u00e4gga n\u00e5got varv eller tv\u00e5 som skydd n\u00e4r du lindar dina tr\u00e4d eller s\u00e4tter dem i tving. Ymptejp fungerar ocks\u00e5 fint f\u00f6r att f\u00f6rsluta kring plasten kring en luftavl\u00e4ggare eller h\u00e5lla ett tr\u00e4d [&hellip;]<\/p>\n","protected":false},"featured_media":5982,"comment_status":"open","ping_status":"closed","template":"","meta":{"_uag_custom_page_level_css":"","_uf_show_specific_survey":0,"_uf_disable_surveys":false,"site-sidebar-layout":"default","site-content-layout":"","ast-site-content-layout":"default","site-content-style":"default","site-sidebar-style":"default","ast-global-header-display":"","ast-banner-title-visibility":"","ast-main-header-display":"","ast-hfb-above-header-display":"","ast-hfb-below-header-display":"","ast-hfb-mobile-header-display":"","site-post-title":"","ast-breadcrumbs-content":"","ast-featured-img":"","footer-sml-layout":"","ast-disable-related-posts":"","theme-transparent-header-meta":"","adv-header-id-meta":"","stick-header-meta":"","header-above-stick-meta":"","header-main-stick-meta":"","header-below-stick-meta":"","astra-migrate-meta-layouts":"default","ast-page-background-enabled":"default","ast-page-background-meta":{"desktop":{"background-color":"var(--ast-global-color-4)","background-image":"","background-repeat":"repeat","background-position":"center center","background-size":"auto","background-attachment":"scroll","background-type":"","background-media":"","overlay-type":"","overlay-color":"","overlay-opacity":"","overlay-gradient":""},"tablet":{"background-color":"","background-image":"","background-repeat":"repeat","background-position":"center center","background-size":"auto","background-attachment":"scroll","background-type":"","background-media":"","overlay-type":"","overlay-color":"","overlay-opacity":"","overlay-gradient":""},"mobile":{"background-color":"","background-image":"","background-repeat":"repeat","background-position":"center center","background-size":"auto","background-attachment":"scroll","background-type":"","background-media":"","overlay-type":"","overlay-color":"","overlay-opacity":"","overlay-gradient":""}},"ast-content-background-meta":{"desktop":{"background-color":"var(--ast-global-color-5)","background-image":"","background-repeat":"repeat","background-position":"center center","background-size":"auto","background-attachment":"scroll","background-type":"","background-media":"","overlay-type":"","overlay-color":"","overlay-opacity":"","overlay-gradient":""},"tablet":{"background-color":"var(--ast-global-color-5)","background-image":"","background-repeat":"repeat","background-position":"center center","background-size":"auto","background-attachment":"scroll","background-type":"","background-media":"","overlay-type":"","overlay-color":"","overlay-opacity":"","overlay-gradient":""},"mobile":{"background-color":"var(--ast-global-color-5)","background-image":"","background-repeat":"repeat","background-position":"center center","background-size":"auto","background-attachment":"scroll","background-type":"","background-media":"","overlay-type":"","overlay-color":"","overlay-opacity":"","overlay-gradient":""}}},"product_brand":[],"product_cat":[63,435],"product_tag":[],"class_list":{"0":"post-5981","1":"product","2":"type-product","3":"status-publish","4":"has-post-thumbnail","6":"product_cat-ovrigt","7":"product_cat-ympning-beskarning","8":"desktop-align-left","9":"tablet-align-left","10":"mobile-align-left","11":"ast-product-gallery-layout-horizontal-slider","12":"ast-product-gallery-with-no-image","13":"ast-product-tabs-layout-horizontal","14":"ast-qv-on-image","16":"first","17":"instock","18":"taxable","19":"shipping-taxable","20":"purchasable","21":"product-type-simple"},"aioseo_notices":[],"uagb_featured_image_src":{"full":["https:\/\/unikbotanik.se\/wp-content\/uploads\/2020\/05\/IMG_3239.jpg",900,900,false],"thumbnail":["https:\/\/unikbotanik.se\/wp-content\/uploads\/2020\/05\/IMG_3239-150x150.jpg",150,150,true],"medium":["https:\/\/unikbotanik.se\/wp-content\/uploads\/2020\/05\/IMG_3239-300x300.jpg",300,300,true],"medium_large":["https:\/\/unikbotanik.se\/wp-content\/uploads\/2020\/05\/IMG_3239-768x768.jpg",768,768,true],"large":["https:\/\/unikbotanik.se\/wp-content\/uploads\/2020\/05\/IMG_3239.jpg",900,900,false],"1536x1536":["https:\/\/unikbotanik.se\/wp-content\/uploads\/2020\/05\/IMG_3239.jpg",900,900,false],"2048x2048":["https:\/\/unikbotanik.se\/wp-content\/uploads\/2020\/05\/IMG_3239.jpg",900,900,false],"woocommerce_thumbnail":["https:\/\/unikbotanik.se\/wp-content\/uploads\/2020\/05\/IMG_3239-300x300.jpg",300,300,true],"woocommerce_single":["https:\/\/unikbotanik.se\/wp-content\/uploads\/2020\/05\/IMG_3239-600x600.jpg",600,600,true],"woocommerce_gallery_thumbnail":["https:\/\/unikbotanik.se\/wp-content\/uploads\/2020\/05\/IMG_3239-100x100.jpg",100,100,true]},"uagb_author_info":{"display_name":"unikbotanik","author_link":"https:\/\/unikbotanik.se\/sv\/author\/"},"uagb_comment_info":0,"uagb_excerpt":"Ympejp kan anv\u00e4ndas p\u00e5 m\u00e5nga olika s\u00e4tt. Den \u00e4r f\u00f6rutom vid ympning bra n\u00e4r du r\u00e5kar fl\u00e4ka upp en gren. Du kan l\u00e4gga n\u00e5got varv eller tv\u00e5 som skydd n\u00e4r du lindar dina tr\u00e4d eller s\u00e4tter dem i tving. Ymptejp fungerar ocks\u00e5 fint f\u00f6r att f\u00f6rsluta kring plasten kring en luftavl\u00e4ggare eller h\u00e5lla ett tr\u00e4d&hellip;","_links":{"self":[{"href":"https:\/\/unikbotanik.se\/sv\/wp-json\/wp\/v2\/product\/5981","targetHints":{"allow":["GET"]}}],"collection":[{"href":"https:\/\/unikbotanik.se\/sv\/wp-json\/wp\/v2\/product"}],"about":[{"href":"https:\/\/unikbotanik.se\/sv\/wp-json\/wp\/v2\/types\/product"}],"replies":[{"embeddable":true,"href":"https:\/\/unikbotanik.se\/sv\/wp-json\/wp\/v2\/comments?post=5981"}],"wp:featuredmedia":[{"embeddable":true,"href":"https:\/\/unikbotanik.se\/sv\/wp-json\/wp\/v2\/media\/5982"}],"wp:attachment":[{"href":"https:\/\/unikbotanik.se\/sv\/wp-json\/wp\/v2\/media?parent=5981"}],"wp:term":[{"taxonomy":"product_brand","embeddable":true,"href":"https:\/\/unikbotanik.se\/sv\/wp-json\/wp\/v2\/product_brand?post=5981"},{"taxonomy":"product_cat","embeddable":true,"href":"https:\/\/unikbotanik.se\/sv\/wp-json\/wp\/v2\/product_cat?post=5981"},{"taxonomy":"product_tag","embeddable":true,"href":"https:\/\/unikbotanik.se\/sv\/wp-json\/wp\/v2\/product_tag?post=5981"}],"curies":[{"name":"wp","href":"https:\/\/api.w.org\/{rel}","templated":true}]}}