{"id":5971,"date":"2020-05-01T21:06:25","date_gmt":"2020-05-01T19:06:25","guid":{"rendered":"https:\/\/unikbotanik.se\/?post_type=product&#038;p=5971"},"modified":"2025-06-12T10:09:42","modified_gmt":"2025-06-12T08:09:42","slug":"japansk-kvalitetssikt-sall-set-1-3-6-och-9mm-i-rostfritt-18-8-fran-kikuwa","status":"publish","type":"product","link":"https:\/\/unikbotanik.se\/sv\/produkt\/japansk-kvalitetssikt-sall-set-1-3-6-och-9mm-i-rostfritt-18-8-fran-kikuwa\/","title":{"rendered":"Japansk kvalitetssikt\/s\u00e5ll-set, 1, 3, 6 och 9mm i rostfritt 18-8 fr\u00e5n japanska Kikuwa"},"content":{"rendered":"<p>Japanskt rostfritt s\u00e5ll i 18-8-st\u00e5l. Fyra delar; 1, 3, 6 och 9mm.<\/p>\n<p>S\u00e5llen anv\u00e4nds med f\u00f6rdel f\u00f6r att sila bonsai-jord i fraktioner. Sikten fungerar ocks\u00e5 fint till att s\u00e5lla fram fossil och fornl\u00e4mningar ur kalkstens- och sandstenskross och jord.<\/p>\n<p>S\u00e5llen har tv\u00e5 rej\u00e4la tr\u00e4handtag, snett monterade f\u00f6r riktigt bra grepp.<br \/>\nDiameter: 32 cm<br \/>\nH\u00f6jd: 11 cm<\/p>\n<p>Tillverkare: Japanska Kikuwa<br \/>\nMaterial: 18-8 rostfritt st\u00e5l<\/p>\n","protected":false},"excerpt":{"rendered":"<p>Japanskt rostfritt s\u00e5ll i 18-8-st\u00e5l. Fyra delar; 1, 3, 6 och 9mm. S\u00e5llen anv\u00e4nds med f\u00f6rdel f\u00f6r att sila bonsai-jord i fraktioner. Sikten fungerar ocks\u00e5 fint till att s\u00e5lla fram fossil och fornl\u00e4mningar ur kalkstens- och sandstenskross och jord. S\u00e5llen har tv\u00e5 rej\u00e4la tr\u00e4handtag, snett monterade f\u00f6r riktigt bra grepp. Diameter: 32 cm H\u00f6jd: 11 [&hellip;]<\/p>\n","protected":false},"featured_media":5972,"comment_status":"open","ping_status":"closed","template":"","meta":{"_uag_custom_page_level_css":"","_uf_show_specific_survey":0,"_uf_disable_surveys":false,"site-sidebar-layout":"default","site-content-layout":"","ast-site-content-layout":"default","site-content-style":"default","site-sidebar-style":"default","ast-global-header-display":"","ast-banner-title-visibility":"","ast-main-header-display":"","ast-hfb-above-header-display":"","ast-hfb-below-header-display":"","ast-hfb-mobile-header-display":"","site-post-title":"","ast-breadcrumbs-content":"","ast-featured-img":"","footer-sml-layout":"","ast-disable-related-posts":"","theme-transparent-header-meta":"","adv-header-id-meta":"","stick-header-meta":"","header-above-stick-meta":"","header-main-stick-meta":"","header-below-stick-meta":"","astra-migrate-meta-layouts":"default","ast-page-background-enabled":"default","ast-page-background-meta":{"desktop":{"background-color":"var(--ast-global-color-4)","background-image":"","background-repeat":"repeat","background-position":"center center","background-size":"auto","background-attachment":"scroll","background-type":"","background-media":"","overlay-type":"","overlay-color":"","overlay-opacity":"","overlay-gradient":""},"tablet":{"background-color":"","background-image":"","background-repeat":"repeat","background-position":"center center","background-size":"auto","background-attachment":"scroll","background-type":"","background-media":"","overlay-type":"","overlay-color":"","overlay-opacity":"","overlay-gradient":""},"mobile":{"background-color":"","background-image":"","background-repeat":"repeat","background-position":"center center","background-size":"auto","background-attachment":"scroll","background-type":"","background-media":"","overlay-type":"","overlay-color":"","overlay-opacity":"","overlay-gradient":""}},"ast-content-background-meta":{"desktop":{"background-color":"var(--ast-global-color-5)","background-image":"","background-repeat":"repeat","background-position":"center center","background-size":"auto","background-attachment":"scroll","background-type":"","background-media":"","overlay-type":"","overlay-color":"","overlay-opacity":"","overlay-gradient":""},"tablet":{"background-color":"var(--ast-global-color-5)","background-image":"","background-repeat":"repeat","background-position":"center center","background-size":"auto","background-attachment":"scroll","background-type":"","background-media":"","overlay-type":"","overlay-color":"","overlay-opacity":"","overlay-gradient":""},"mobile":{"background-color":"var(--ast-global-color-5)","background-image":"","background-repeat":"repeat","background-position":"center center","background-size":"auto","background-attachment":"scroll","background-type":"","background-media":"","overlay-type":"","overlay-color":"","overlay-opacity":"","overlay-gradient":""}}},"product_brand":[],"product_cat":[63],"product_tag":[],"class_list":{"0":"post-5971","1":"product","2":"type-product","3":"status-publish","4":"has-post-thumbnail","6":"product_cat-ovrigt","7":"desktop-align-left","8":"tablet-align-left","9":"mobile-align-left","10":"ast-product-gallery-layout-horizontal-slider","11":"ast-product-tabs-layout-horizontal","12":"ast-qv-on-image","14":"first","15":"onbackorder","16":"taxable","17":"shipping-taxable","18":"purchasable","19":"product-type-simple"},"aioseo_notices":[],"uagb_featured_image_src":{"full":["https:\/\/unikbotanik.se\/wp-content\/uploads\/2020\/05\/VKKW1370.jpg",900,900,false],"thumbnail":["https:\/\/unikbotanik.se\/wp-content\/uploads\/2020\/05\/VKKW1370-150x150.jpg",150,150,true],"medium":["https:\/\/unikbotanik.se\/wp-content\/uploads\/2020\/05\/VKKW1370-300x300.jpg",300,300,true],"medium_large":["https:\/\/unikbotanik.se\/wp-content\/uploads\/2020\/05\/VKKW1370-768x768.jpg",768,768,true],"large":["https:\/\/unikbotanik.se\/wp-content\/uploads\/2020\/05\/VKKW1370.jpg",900,900,false],"1536x1536":["https:\/\/unikbotanik.se\/wp-content\/uploads\/2020\/05\/VKKW1370.jpg",900,900,false],"2048x2048":["https:\/\/unikbotanik.se\/wp-content\/uploads\/2020\/05\/VKKW1370.jpg",900,900,false],"woocommerce_thumbnail":["https:\/\/unikbotanik.se\/wp-content\/uploads\/2020\/05\/VKKW1370-300x300.jpg",300,300,true],"woocommerce_single":["https:\/\/unikbotanik.se\/wp-content\/uploads\/2020\/05\/VKKW1370-600x600.jpg",600,600,true],"woocommerce_gallery_thumbnail":["https:\/\/unikbotanik.se\/wp-content\/uploads\/2020\/05\/VKKW1370-100x100.jpg",100,100,true]},"uagb_author_info":{"display_name":"unikbotanik","author_link":"https:\/\/unikbotanik.se\/sv\/author\/"},"uagb_comment_info":0,"uagb_excerpt":"Japanskt rostfritt s\u00e5ll i 18-8-st\u00e5l. Fyra delar; 1, 3, 6 och 9mm. S\u00e5llen anv\u00e4nds med f\u00f6rdel f\u00f6r att sila bonsai-jord i fraktioner. Sikten fungerar ocks\u00e5 fint till att s\u00e5lla fram fossil och fornl\u00e4mningar ur kalkstens- och sandstenskross och jord. S\u00e5llen har tv\u00e5 rej\u00e4la tr\u00e4handtag, snett monterade f\u00f6r riktigt bra grepp. Diameter: 32 cm H\u00f6jd: 11&hellip;","_links":{"self":[{"href":"https:\/\/unikbotanik.se\/sv\/wp-json\/wp\/v2\/product\/5971","targetHints":{"allow":["GET"]}}],"collection":[{"href":"https:\/\/unikbotanik.se\/sv\/wp-json\/wp\/v2\/product"}],"about":[{"href":"https:\/\/unikbotanik.se\/sv\/wp-json\/wp\/v2\/types\/product"}],"replies":[{"embeddable":true,"href":"https:\/\/unikbotanik.se\/sv\/wp-json\/wp\/v2\/comments?post=5971"}],"wp:featuredmedia":[{"embeddable":true,"href":"https:\/\/unikbotanik.se\/sv\/wp-json\/wp\/v2\/media\/5972"}],"wp:attachment":[{"href":"https:\/\/unikbotanik.se\/sv\/wp-json\/wp\/v2\/media?parent=5971"}],"wp:term":[{"taxonomy":"product_brand","embeddable":true,"href":"https:\/\/unikbotanik.se\/sv\/wp-json\/wp\/v2\/product_brand?post=5971"},{"taxonomy":"product_cat","embeddable":true,"href":"https:\/\/unikbotanik.se\/sv\/wp-json\/wp\/v2\/product_cat?post=5971"},{"taxonomy":"product_tag","embeddable":true,"href":"https:\/\/unikbotanik.se\/sv\/wp-json\/wp\/v2\/product_tag?post=5971"}],"curies":[{"name":"wp","href":"https:\/\/api.w.org\/{rel}","templated":true}]}}