{"id":5105,"date":"2020-01-25T13:30:19","date_gmt":"2020-01-25T12:30:19","guid":{"rendered":"https:\/\/unikbotanik.se\/?post_type=product&#038;p=5105"},"modified":"2025-07-04T12:42:46","modified_gmt":"2025-07-04T10:42:46","slug":"fickmikroskop-45x-for-identifikation-av-skadedjur-m-m","status":"publish","type":"product","link":"https:\/\/unikbotanik.se\/sv\/produkt\/fickmikroskop-45x-for-identifikation-av-skadedjur-m-m\/","title":{"rendered":"Fickmikroskop 45x f\u00f6r identifikation av skadedjur m.m."},"content":{"rendered":"<p>Mirkoskop med 45 x f\u00f6rstoring och lysdioder (2 st.) f\u00f6r identifikation av skadedjur och \u00e5kommor p\u00e5 din bonsai. Fungerar ocks\u00e5 f\u00f6r dig som odlar rosor, dahlior, frukttr\u00e4d, b\u00e4rbuskar, suckulenter och andra v\u00e4xter.<\/p>\n","protected":false},"excerpt":{"rendered":"<p>Mirkoskop med 45 x f\u00f6rstoring och lysdioder (2 st.) f\u00f6r identifikation av skadedjur och \u00e5kommor p\u00e5 din bonsai. Fungerar ocks\u00e5 f\u00f6r dig som odlar rosor, dahlior, frukttr\u00e4d, b\u00e4rbuskar, suckulenter och andra v\u00e4xter.<\/p>\n","protected":false},"featured_media":5108,"comment_status":"open","ping_status":"closed","template":"","meta":{"_uag_custom_page_level_css":"","_uf_show_specific_survey":0,"_uf_disable_surveys":false,"site-sidebar-layout":"default","site-content-layout":"","ast-site-content-layout":"default","site-content-style":"default","site-sidebar-style":"default","ast-global-header-display":"","ast-banner-title-visibility":"","ast-main-header-display":"","ast-hfb-above-header-display":"","ast-hfb-below-header-display":"","ast-hfb-mobile-header-display":"","site-post-title":"","ast-breadcrumbs-content":"","ast-featured-img":"","footer-sml-layout":"","ast-disable-related-posts":"","theme-transparent-header-meta":"","adv-header-id-meta":"","stick-header-meta":"","header-above-stick-meta":"","header-main-stick-meta":"","header-below-stick-meta":"","astra-migrate-meta-layouts":"default","ast-page-background-enabled":"default","ast-page-background-meta":{"desktop":{"background-color":"var(--ast-global-color-4)","background-image":"","background-repeat":"repeat","background-position":"center center","background-size":"auto","background-attachment":"scroll","background-type":"","background-media":"","overlay-type":"","overlay-color":"","overlay-opacity":"","overlay-gradient":""},"tablet":{"background-color":"","background-image":"","background-repeat":"repeat","background-position":"center center","background-size":"auto","background-attachment":"scroll","background-type":"","background-media":"","overlay-type":"","overlay-color":"","overlay-opacity":"","overlay-gradient":""},"mobile":{"background-color":"","background-image":"","background-repeat":"repeat","background-position":"center center","background-size":"auto","background-attachment":"scroll","background-type":"","background-media":"","overlay-type":"","overlay-color":"","overlay-opacity":"","overlay-gradient":""}},"ast-content-background-meta":{"desktop":{"background-color":"var(--ast-global-color-5)","background-image":"","background-repeat":"repeat","background-position":"center center","background-size":"auto","background-attachment":"scroll","background-type":"","background-media":"","overlay-type":"","overlay-color":"","overlay-opacity":"","overlay-gradient":""},"tablet":{"background-color":"var(--ast-global-color-5)","background-image":"","background-repeat":"repeat","background-position":"center center","background-size":"auto","background-attachment":"scroll","background-type":"","background-media":"","overlay-type":"","overlay-color":"","overlay-opacity":"","overlay-gradient":""},"mobile":{"background-color":"var(--ast-global-color-5)","background-image":"","background-repeat":"repeat","background-position":"center center","background-size":"auto","background-attachment":"scroll","background-type":"","background-media":"","overlay-type":"","overlay-color":"","overlay-opacity":"","overlay-gradient":""}}},"product_brand":[],"product_cat":[63,162],"product_tag":[],"class_list":{"0":"post-5105","1":"product","2":"type-product","3":"status-publish","4":"has-post-thumbnail","6":"product_cat-ovrigt","7":"product_cat-presenttips","8":"desktop-align-left","9":"tablet-align-left","10":"mobile-align-left","11":"ast-product-gallery-layout-horizontal-slider","12":"ast-product-tabs-layout-horizontal","13":"ast-qv-on-image","15":"first","16":"instock","17":"taxable","18":"shipping-taxable","19":"purchasable","20":"product-type-simple"},"aioseo_notices":[],"uagb_featured_image_src":{"full":["https:\/\/unikbotanik.se\/wp-content\/uploads\/2020\/01\/KAST840100HLa.jpg",900,900,false],"thumbnail":["https:\/\/unikbotanik.se\/wp-content\/uploads\/2020\/01\/KAST840100HLa-150x150.jpg",150,150,true],"medium":["https:\/\/unikbotanik.se\/wp-content\/uploads\/2020\/01\/KAST840100HLa-300x300.jpg",300,300,true],"medium_large":["https:\/\/unikbotanik.se\/wp-content\/uploads\/2020\/01\/KAST840100HLa-768x768.jpg",768,768,true],"large":["https:\/\/unikbotanik.se\/wp-content\/uploads\/2020\/01\/KAST840100HLa.jpg",900,900,false],"1536x1536":["https:\/\/unikbotanik.se\/wp-content\/uploads\/2020\/01\/KAST840100HLa.jpg",900,900,false],"2048x2048":["https:\/\/unikbotanik.se\/wp-content\/uploads\/2020\/01\/KAST840100HLa.jpg",900,900,false],"woocommerce_thumbnail":["https:\/\/unikbotanik.se\/wp-content\/uploads\/2020\/01\/KAST840100HLa-300x300.jpg",300,300,true],"woocommerce_single":["https:\/\/unikbotanik.se\/wp-content\/uploads\/2020\/01\/KAST840100HLa-600x600.jpg",600,600,true],"woocommerce_gallery_thumbnail":["https:\/\/unikbotanik.se\/wp-content\/uploads\/2020\/01\/KAST840100HLa-100x100.jpg",100,100,true]},"uagb_author_info":{"display_name":"unikbotanik","author_link":"https:\/\/unikbotanik.se\/sv\/author\/"},"uagb_comment_info":0,"uagb_excerpt":"Mirkoskop med 45 x f\u00f6rstoring och lysdioder (2 st.) f\u00f6r identifikation av skadedjur och \u00e5kommor p\u00e5 din bonsai. Fungerar ocks\u00e5 f\u00f6r dig som odlar rosor, dahlior, frukttr\u00e4d, b\u00e4rbuskar, suckulenter och andra v\u00e4xter.","_links":{"self":[{"href":"https:\/\/unikbotanik.se\/sv\/wp-json\/wp\/v2\/product\/5105","targetHints":{"allow":["GET"]}}],"collection":[{"href":"https:\/\/unikbotanik.se\/sv\/wp-json\/wp\/v2\/product"}],"about":[{"href":"https:\/\/unikbotanik.se\/sv\/wp-json\/wp\/v2\/types\/product"}],"replies":[{"embeddable":true,"href":"https:\/\/unikbotanik.se\/sv\/wp-json\/wp\/v2\/comments?post=5105"}],"wp:featuredmedia":[{"embeddable":true,"href":"https:\/\/unikbotanik.se\/sv\/wp-json\/wp\/v2\/media\/5108"}],"wp:attachment":[{"href":"https:\/\/unikbotanik.se\/sv\/wp-json\/wp\/v2\/media?parent=5105"}],"wp:term":[{"taxonomy":"product_brand","embeddable":true,"href":"https:\/\/unikbotanik.se\/sv\/wp-json\/wp\/v2\/product_brand?post=5105"},{"taxonomy":"product_cat","embeddable":true,"href":"https:\/\/unikbotanik.se\/sv\/wp-json\/wp\/v2\/product_cat?post=5105"},{"taxonomy":"product_tag","embeddable":true,"href":"https:\/\/unikbotanik.se\/sv\/wp-json\/wp\/v2\/product_tag?post=5105"}],"curies":[{"name":"wp","href":"https:\/\/api.w.org\/{rel}","templated":true}]}}