{"id":4667,"date":"2019-12-14T10:55:07","date_gmt":"2019-12-14T09:55:07","guid":{"rendered":"https:\/\/unikbotanik.se\/?post_type=product&#038;p=4667"},"modified":"2026-04-05T10:52:59","modified_gmt":"2026-04-05T08:52:59","slug":"rottang-230-mm-for-bonsaitrad-av-japanska-kikuwa","status":"publish","type":"product","link":"https:\/\/unikbotanik.se\/sv\/produkt\/rottang-230-mm-for-bonsaitrad-av-japanska-kikuwa\/","title":{"rendered":"Rott\u00e5ng, 230 mm, f\u00f6r bonsaitr\u00e4d, av japanska Kikuwa"},"content":{"rendered":"<p>Rott\u00e5ng med konkavt snitt f\u00f6r besk\u00e4rning av r\u00f6tter vid omplantering. Denna t\u00e5ng fr\u00e5n Kikuwa \u00e4r 230 mm l\u00e5ng och har denna en bra h\u00e4vst\u00e5ng och kraft nog f\u00f6r ganska kraftiga r\u00f6tter.<\/p>\n<p>T\u00e5ngen som \u00e4r av kolst\u00e5l \u00e4r av h\u00f6g kvalitet och ett verktyg du kan ha i m\u00e5nga l\u00e5nga \u00e5r, \u00e4ven om du har m\u00e5nga tr\u00e4d i din \u00e4go.<\/p>\n<p>T\u00e5ngen \u00e4r tillverkad av Kikuwa fr\u00e5n Niigata, Japan.<\/p>\n<p>Material: Svartoxiderat kolst\u00e5l.<\/p>\n<p>OBS! Se till att ta bort stenar och sand fr\u00e5n r\u00f6tterna innan ingreppet. Annars skadas b\u00e5de eggen p\u00e5 t\u00e5ngen och r\u00f6tterna.<\/p>\n<p>&nbsp;<\/p>\n<p>&nbsp;<\/p>\n<p>Kikuwa-verktyg k\u00f6ps fr\u00e5n Japan. N\u00e4r produkten inte finns i lager best\u00e4ller vi den p\u00e5 nytt sannolikt inom ett halv\u00e5r.<\/p>\n<p>&nbsp;<\/p>\n","protected":false},"excerpt":{"rendered":"<p>Rott\u00e5ng med konkavt snitt f\u00f6r besk\u00e4rning av r\u00f6tter vid omplantering. Denna t\u00e5ng fr\u00e5n Kikuwa \u00e4r 230 mm l\u00e5ng och har denna en bra h\u00e4vst\u00e5ng och kraft nog f\u00f6r ganska kraftiga r\u00f6tter. T\u00e5ngen som \u00e4r av kolst\u00e5l \u00e4r av h\u00f6g kvalitet och ett verktyg du kan ha i m\u00e5nga l\u00e5nga \u00e5r, \u00e4ven om du har m\u00e5nga [&hellip;]<\/p>\n","protected":false},"featured_media":4668,"comment_status":"open","ping_status":"closed","template":"","meta":{"_uag_custom_page_level_css":"","_uf_show_specific_survey":0,"_uf_disable_surveys":false,"site-sidebar-layout":"default","site-content-layout":"","ast-site-content-layout":"default","site-content-style":"default","site-sidebar-style":"default","ast-global-header-display":"","ast-banner-title-visibility":"","ast-main-header-display":"","ast-hfb-above-header-display":"","ast-hfb-below-header-display":"","ast-hfb-mobile-header-display":"","site-post-title":"","ast-breadcrumbs-content":"","ast-featured-img":"","footer-sml-layout":"","ast-disable-related-posts":"","theme-transparent-header-meta":"","adv-header-id-meta":"","stick-header-meta":"","header-above-stick-meta":"","header-main-stick-meta":"","header-below-stick-meta":"","astra-migrate-meta-layouts":"default","ast-page-background-enabled":"default","ast-page-background-meta":{"desktop":{"background-color":"var(--ast-global-color-4)","background-image":"","background-repeat":"repeat","background-position":"center center","background-size":"auto","background-attachment":"scroll","background-type":"","background-media":"","overlay-type":"","overlay-color":"","overlay-opacity":"","overlay-gradient":""},"tablet":{"background-color":"","background-image":"","background-repeat":"repeat","background-position":"center center","background-size":"auto","background-attachment":"scroll","background-type":"","background-media":"","overlay-type":"","overlay-color":"","overlay-opacity":"","overlay-gradient":""},"mobile":{"background-color":"","background-image":"","background-repeat":"repeat","background-position":"center center","background-size":"auto","background-attachment":"scroll","background-type":"","background-media":"","overlay-type":"","overlay-color":"","overlay-opacity":"","overlay-gradient":""}},"ast-content-background-meta":{"desktop":{"background-color":"var(--ast-global-color-5)","background-image":"","background-repeat":"repeat","background-position":"center center","background-size":"auto","background-attachment":"scroll","background-type":"","background-media":"","overlay-type":"","overlay-color":"","overlay-opacity":"","overlay-gradient":""},"tablet":{"background-color":"var(--ast-global-color-5)","background-image":"","background-repeat":"repeat","background-position":"center center","background-size":"auto","background-attachment":"scroll","background-type":"","background-media":"","overlay-type":"","overlay-color":"","overlay-opacity":"","overlay-gradient":""},"mobile":{"background-color":"var(--ast-global-color-5)","background-image":"","background-repeat":"repeat","background-position":"center center","background-size":"auto","background-attachment":"scroll","background-type":"","background-media":"","overlay-type":"","overlay-color":"","overlay-opacity":"","overlay-gradient":""}}},"product_brand":[],"product_cat":[157,413],"product_tag":[],"class_list":{"0":"post-4667","1":"product","2":"type-product","3":"status-publish","4":"has-post-thumbnail","6":"product_cat-kikuwa-japan","7":"product_cat-tanger","8":"desktop-align-left","9":"tablet-align-left","10":"mobile-align-left","11":"ast-product-gallery-layout-horizontal-slider","12":"ast-product-tabs-layout-horizontal","13":"ast-qv-on-image","15":"first","16":"instock","17":"taxable","18":"shipping-taxable","19":"purchasable","20":"product-type-simple"},"aioseo_notices":[],"uagb_featured_image_src":{"full":["https:\/\/unikbotanik.se\/wp-content\/uploads\/2019\/12\/VKKW1261a.jpg",900,900,false],"thumbnail":["https:\/\/unikbotanik.se\/wp-content\/uploads\/2019\/12\/VKKW1261a-150x150.jpg",150,150,true],"medium":["https:\/\/unikbotanik.se\/wp-content\/uploads\/2019\/12\/VKKW1261a-300x300.jpg",300,300,true],"medium_large":["https:\/\/unikbotanik.se\/wp-content\/uploads\/2019\/12\/VKKW1261a-768x768.jpg",768,768,true],"large":["https:\/\/unikbotanik.se\/wp-content\/uploads\/2019\/12\/VKKW1261a.jpg",900,900,false],"1536x1536":["https:\/\/unikbotanik.se\/wp-content\/uploads\/2019\/12\/VKKW1261a.jpg",900,900,false],"2048x2048":["https:\/\/unikbotanik.se\/wp-content\/uploads\/2019\/12\/VKKW1261a.jpg",900,900,false],"woocommerce_thumbnail":["https:\/\/unikbotanik.se\/wp-content\/uploads\/2019\/12\/VKKW1261a-300x300.jpg",300,300,true],"woocommerce_single":["https:\/\/unikbotanik.se\/wp-content\/uploads\/2019\/12\/VKKW1261a-600x600.jpg",600,600,true],"woocommerce_gallery_thumbnail":["https:\/\/unikbotanik.se\/wp-content\/uploads\/2019\/12\/VKKW1261a-100x100.jpg",100,100,true]},"uagb_author_info":{"display_name":"unikbotanik","author_link":"https:\/\/unikbotanik.se\/sv\/author\/"},"uagb_comment_info":0,"uagb_excerpt":"Rott\u00e5ng med konkavt snitt f\u00f6r besk\u00e4rning av r\u00f6tter vid omplantering. Denna t\u00e5ng fr\u00e5n Kikuwa \u00e4r 230 mm l\u00e5ng och har denna en bra h\u00e4vst\u00e5ng och kraft nog f\u00f6r ganska kraftiga r\u00f6tter. T\u00e5ngen som \u00e4r av kolst\u00e5l \u00e4r av h\u00f6g kvalitet och ett verktyg du kan ha i m\u00e5nga l\u00e5nga \u00e5r, \u00e4ven om du har m\u00e5nga&hellip;","_links":{"self":[{"href":"https:\/\/unikbotanik.se\/sv\/wp-json\/wp\/v2\/product\/4667","targetHints":{"allow":["GET"]}}],"collection":[{"href":"https:\/\/unikbotanik.se\/sv\/wp-json\/wp\/v2\/product"}],"about":[{"href":"https:\/\/unikbotanik.se\/sv\/wp-json\/wp\/v2\/types\/product"}],"replies":[{"embeddable":true,"href":"https:\/\/unikbotanik.se\/sv\/wp-json\/wp\/v2\/comments?post=4667"}],"wp:featuredmedia":[{"embeddable":true,"href":"https:\/\/unikbotanik.se\/sv\/wp-json\/wp\/v2\/media\/4668"}],"wp:attachment":[{"href":"https:\/\/unikbotanik.se\/sv\/wp-json\/wp\/v2\/media?parent=4667"}],"wp:term":[{"taxonomy":"product_brand","embeddable":true,"href":"https:\/\/unikbotanik.se\/sv\/wp-json\/wp\/v2\/product_brand?post=4667"},{"taxonomy":"product_cat","embeddable":true,"href":"https:\/\/unikbotanik.se\/sv\/wp-json\/wp\/v2\/product_cat?post=4667"},{"taxonomy":"product_tag","embeddable":true,"href":"https:\/\/unikbotanik.se\/sv\/wp-json\/wp\/v2\/product_tag?post=4667"}],"curies":[{"name":"wp","href":"https:\/\/api.w.org\/{rel}","templated":true}]}}