{"id":17547,"date":"2025-10-17T16:48:19","date_gmt":"2025-10-17T14:48:19","guid":{"rendered":"https:\/\/unikbotanik.se\/?post_type=product&#038;p=17547"},"modified":"2025-10-17T17:06:12","modified_gmt":"2025-10-17T15:06:12","slug":"water-waiters-semestervattnare-3-pack","status":"publish","type":"product","link":"https:\/\/unikbotanik.se\/sv\/produkt\/water-waiters-semestervattnare-3-pack\/","title":{"rendered":"Water-Waiters, semestervattnare, 3-pack"},"content":{"rendered":"<p>Water-waiters (vatten servit\u00f6rer) \u00e4r en enkel och praktisk l\u00f6sning f\u00f6r bevattning n\u00e4r du reser bort eller f\u00f6r enkel bevattning \u00e5ret om. Vattnet dras fr\u00e5n en vattenbeh\u00e5llare ner i krukan med hj\u00e4lp av servit\u00f6ren.<br \/>\nInneh\u00e5ller:<br \/>\nTre stycken servit\u00f6rer, 10,5 x 3,5 cm<br \/>\nEn slang f\u00f6r att transportera vattnet fr\u00e5n vattenbeh\u00e5llare till servit\u00f6ren.<br \/>\nEnkel bruksanvisning<\/p>\n<p><iframe loading=\"lazy\" title=\"YouTube video player\" src=\"https:\/\/www.youtube.com\/embed\/xHrftKVZQIk?si=jygZPfw1Yfa-BLwb\" width=\"560\" height=\"315\" frameborder=\"0\" allowfullscreen=\"allowfullscreen\"><\/iframe><\/p>\n","protected":false},"excerpt":{"rendered":"<p>Water-waiters (vatten servit\u00f6rer) \u00e4r en enkel och praktisk l\u00f6sning f\u00f6r bevattning n\u00e4r du reser bort eller f\u00f6r enkel bevattning \u00e5ret om. Vattnet dras fr\u00e5n en vattenbeh\u00e5llare ner i krukan med hj\u00e4lp av servit\u00f6ren. Inneh\u00e5ller: Tre stycken servit\u00f6rer, 10,5 x 3,5 cm En slang f\u00f6r att transportera vattnet fr\u00e5n vattenbeh\u00e5llare till servit\u00f6ren. Enkel bruksanvisning<\/p>\n","protected":false},"featured_media":17552,"comment_status":"closed","ping_status":"closed","template":"","meta":{"_uag_custom_page_level_css":"","_uf_show_specific_survey":0,"_uf_disable_surveys":false,"site-sidebar-layout":"default","site-content-layout":"","ast-site-content-layout":"default","site-content-style":"default","site-sidebar-style":"default","ast-global-header-display":"","ast-banner-title-visibility":"","ast-main-header-display":"","ast-hfb-above-header-display":"","ast-hfb-below-header-display":"","ast-hfb-mobile-header-display":"","site-post-title":"","ast-breadcrumbs-content":"","ast-featured-img":"","footer-sml-layout":"","ast-disable-related-posts":"","theme-transparent-header-meta":"default","adv-header-id-meta":"","stick-header-meta":"default","header-above-stick-meta":"","header-main-stick-meta":"","header-below-stick-meta":"","astra-migrate-meta-layouts":"set","ast-page-background-enabled":"default","ast-page-background-meta":{"desktop":{"background-color":"var(--ast-global-color-4)","background-image":"","background-repeat":"repeat","background-position":"center center","background-size":"auto","background-attachment":"scroll","background-type":"","background-media":"","overlay-type":"","overlay-color":"","overlay-opacity":"","overlay-gradient":""},"tablet":{"background-color":"","background-image":"","background-repeat":"repeat","background-position":"center center","background-size":"auto","background-attachment":"scroll","background-type":"","background-media":"","overlay-type":"","overlay-color":"","overlay-opacity":"","overlay-gradient":""},"mobile":{"background-color":"","background-image":"","background-repeat":"repeat","background-position":"center center","background-size":"auto","background-attachment":"scroll","background-type":"","background-media":"","overlay-type":"","overlay-color":"","overlay-opacity":"","overlay-gradient":""}},"ast-content-background-meta":{"desktop":{"background-color":"var(--ast-global-color-5)","background-image":"","background-repeat":"repeat","background-position":"center center","background-size":"auto","background-attachment":"scroll","background-type":"","background-media":"","overlay-type":"","overlay-color":"","overlay-opacity":"","overlay-gradient":""},"tablet":{"background-color":"var(--ast-global-color-5)","background-image":"","background-repeat":"repeat","background-position":"center center","background-size":"auto","background-attachment":"scroll","background-type":"","background-media":"","overlay-type":"","overlay-color":"","overlay-opacity":"","overlay-gradient":""},"mobile":{"background-color":"var(--ast-global-color-5)","background-image":"","background-repeat":"repeat","background-position":"center center","background-size":"auto","background-attachment":"scroll","background-type":"","background-media":"","overlay-type":"","overlay-color":"","overlay-opacity":"","overlay-gradient":""}}},"product_brand":[],"product_cat":[63,162],"product_tag":[],"class_list":{"0":"post-17547","1":"product","2":"type-product","3":"status-publish","4":"has-post-thumbnail","6":"product_cat-ovrigt","7":"product_cat-presenttips","8":"desktop-align-left","9":"tablet-align-left","10":"mobile-align-left","11":"ast-product-gallery-layout-horizontal-slider","12":"ast-product-tabs-layout-horizontal","13":"ast-qv-on-image","15":"first","16":"instock","17":"taxable","18":"shipping-taxable","19":"purchasable","20":"product-type-simple"},"aioseo_notices":[],"uagb_featured_image_src":{"full":["https:\/\/unikbotanik.se\/wp-content\/uploads\/2025\/10\/V0001.jpg",1000,1000,false],"thumbnail":["https:\/\/unikbotanik.se\/wp-content\/uploads\/2025\/10\/V0001-150x150.jpg",150,150,true],"medium":["https:\/\/unikbotanik.se\/wp-content\/uploads\/2025\/10\/V0001-300x300.jpg",300,300,true],"medium_large":["https:\/\/unikbotanik.se\/wp-content\/uploads\/2025\/10\/V0001-768x768.jpg",768,768,true],"large":["https:\/\/unikbotanik.se\/wp-content\/uploads\/2025\/10\/V0001.jpg",1000,1000,false],"1536x1536":["https:\/\/unikbotanik.se\/wp-content\/uploads\/2025\/10\/V0001.jpg",1000,1000,false],"2048x2048":["https:\/\/unikbotanik.se\/wp-content\/uploads\/2025\/10\/V0001.jpg",1000,1000,false],"woocommerce_thumbnail":["https:\/\/unikbotanik.se\/wp-content\/uploads\/2025\/10\/V0001-300x300.jpg",300,300,true],"woocommerce_single":["https:\/\/unikbotanik.se\/wp-content\/uploads\/2025\/10\/V0001-600x600.jpg",600,600,true],"woocommerce_gallery_thumbnail":["https:\/\/unikbotanik.se\/wp-content\/uploads\/2025\/10\/V0001-100x100.jpg",100,100,true]},"uagb_author_info":{"display_name":"unikbotanik","author_link":"https:\/\/unikbotanik.se\/sv\/author\/"},"uagb_comment_info":0,"uagb_excerpt":"Water-waiters (vatten servit\u00f6rer) \u00e4r en enkel och praktisk l\u00f6sning f\u00f6r bevattning n\u00e4r du reser bort eller f\u00f6r enkel bevattning \u00e5ret om. Vattnet dras fr\u00e5n en vattenbeh\u00e5llare ner i krukan med hj\u00e4lp av servit\u00f6ren. Inneh\u00e5ller: Tre stycken servit\u00f6rer, 10,5 x 3,5 cm En slang f\u00f6r att transportera vattnet fr\u00e5n vattenbeh\u00e5llare till servit\u00f6ren. Enkel bruksanvisning","_links":{"self":[{"href":"https:\/\/unikbotanik.se\/sv\/wp-json\/wp\/v2\/product\/17547","targetHints":{"allow":["GET"]}}],"collection":[{"href":"https:\/\/unikbotanik.se\/sv\/wp-json\/wp\/v2\/product"}],"about":[{"href":"https:\/\/unikbotanik.se\/sv\/wp-json\/wp\/v2\/types\/product"}],"replies":[{"embeddable":true,"href":"https:\/\/unikbotanik.se\/sv\/wp-json\/wp\/v2\/comments?post=17547"}],"wp:featuredmedia":[{"embeddable":true,"href":"https:\/\/unikbotanik.se\/sv\/wp-json\/wp\/v2\/media\/17552"}],"wp:attachment":[{"href":"https:\/\/unikbotanik.se\/sv\/wp-json\/wp\/v2\/media?parent=17547"}],"wp:term":[{"taxonomy":"product_brand","embeddable":true,"href":"https:\/\/unikbotanik.se\/sv\/wp-json\/wp\/v2\/product_brand?post=17547"},{"taxonomy":"product_cat","embeddable":true,"href":"https:\/\/unikbotanik.se\/sv\/wp-json\/wp\/v2\/product_cat?post=17547"},{"taxonomy":"product_tag","embeddable":true,"href":"https:\/\/unikbotanik.se\/sv\/wp-json\/wp\/v2\/product_tag?post=17547"}],"curies":[{"name":"wp","href":"https:\/\/api.w.org\/{rel}","templated":true}]}}