{"id":1543,"date":"2019-04-11T16:39:00","date_gmt":"2019-04-11T14:39:00","guid":{"rendered":"http:\/\/unikbotanik.se\/product\/import-placeholder-for-342\/"},"modified":"2025-12-24T10:18:21","modified_gmt":"2025-12-24T09:18:21","slug":"karu-ishi-pimpsten-1liter-2","status":"publish","type":"product","link":"https:\/\/unikbotanik.se\/sv\/produkt\/karu-ishi-pimpsten-1liter-2\/","title":{"rendered":"Pimpsten 15 &#8211; 25 mm, 1 liter"},"content":{"rendered":"<p>Vulkaniskt h\u00e5rt medium. Har kapacitet att beh\u00e5lla stor m\u00e4ngd fukt inuti kornen. Neutralt PH v\u00e4rde och inneh\u00e5ller praktiskt taget inga n\u00e4rings\u00e4mnen. Mixas med annan jord f\u00f6r att \u00f6ka vitaliteten.<\/p>\n<p>Perfekt f\u00f6r Kaktusar m.m.<\/p>\n<p>1 liter, kornstorlek 15 &#8211; 25 mm.<\/p>\n","protected":false},"excerpt":{"rendered":"<p>Vulkaniskt h\u00e5rt medium. Har kapacitet att beh\u00e5lla stor m\u00e4ngd fukt inuti kornen. Neutralt PH v\u00e4rde och inneh\u00e5ller praktiskt taget inga n\u00e4rings\u00e4mnen. Mixas med annan jord f\u00f6r att \u00f6ka vitaliteten. Perfekt f\u00f6r Kaktusar m.m. 1 liter, kornstorlek 15 &#8211; 25 mm.<\/p>\n","protected":false},"featured_media":0,"comment_status":"open","ping_status":"closed","template":"","meta":{"_uag_custom_page_level_css":"","_uf_show_specific_survey":0,"_uf_disable_surveys":false,"site-sidebar-layout":"default","site-content-layout":"","ast-site-content-layout":"default","site-content-style":"default","site-sidebar-style":"default","ast-global-header-display":"","ast-banner-title-visibility":"","ast-main-header-display":"","ast-hfb-above-header-display":"","ast-hfb-below-header-display":"","ast-hfb-mobile-header-display":"","site-post-title":"","ast-breadcrumbs-content":"","ast-featured-img":"","footer-sml-layout":"","ast-disable-related-posts":"","theme-transparent-header-meta":"","adv-header-id-meta":"","stick-header-meta":"","header-above-stick-meta":"","header-main-stick-meta":"","header-below-stick-meta":"","astra-migrate-meta-layouts":"default","ast-page-background-enabled":"default","ast-page-background-meta":{"desktop":{"background-color":"var(--ast-global-color-4)","background-image":"","background-repeat":"repeat","background-position":"center center","background-size":"auto","background-attachment":"scroll","background-type":"","background-media":"","overlay-type":"","overlay-color":"","overlay-opacity":"","overlay-gradient":""},"tablet":{"background-color":"","background-image":"","background-repeat":"repeat","background-position":"center center","background-size":"auto","background-attachment":"scroll","background-type":"","background-media":"","overlay-type":"","overlay-color":"","overlay-opacity":"","overlay-gradient":""},"mobile":{"background-color":"","background-image":"","background-repeat":"repeat","background-position":"center center","background-size":"auto","background-attachment":"scroll","background-type":"","background-media":"","overlay-type":"","overlay-color":"","overlay-opacity":"","overlay-gradient":""}},"ast-content-background-meta":{"desktop":{"background-color":"var(--ast-global-color-5)","background-image":"","background-repeat":"repeat","background-position":"center center","background-size":"auto","background-attachment":"scroll","background-type":"","background-media":"","overlay-type":"","overlay-color":"","overlay-opacity":"","overlay-gradient":""},"tablet":{"background-color":"var(--ast-global-color-5)","background-image":"","background-repeat":"repeat","background-position":"center center","background-size":"auto","background-attachment":"scroll","background-type":"","background-media":"","overlay-type":"","overlay-color":"","overlay-opacity":"","overlay-gradient":""},"mobile":{"background-color":"var(--ast-global-color-5)","background-image":"","background-repeat":"repeat","background-position":"center center","background-size":"auto","background-attachment":"scroll","background-type":"","background-media":"","overlay-type":"","overlay-color":"","overlay-opacity":"","overlay-gradient":""}}},"product_brand":[],"product_cat":[181],"product_tag":[],"class_list":{"0":"post-1543","1":"product","2":"type-product","3":"status-publish","5":"product_cat-pimpsten","6":"desktop-align-left","7":"tablet-align-left","8":"mobile-align-left","9":"ast-product-gallery-layout-horizontal-slider","10":"ast-product-gallery-with-no-image","11":"ast-product-tabs-layout-horizontal","12":"ast-qv-on-image","14":"first","15":"instock","16":"taxable","17":"shipping-taxable","18":"purchasable","19":"product-type-simple"},"aioseo_notices":[],"uagb_featured_image_src":{"full":false,"thumbnail":false,"medium":false,"medium_large":false,"large":false,"1536x1536":false,"2048x2048":false,"woocommerce_thumbnail":false,"woocommerce_single":false,"woocommerce_gallery_thumbnail":false},"uagb_author_info":{"display_name":"robin@colobri.se","author_link":"https:\/\/unikbotanik.se\/sv\/author\/"},"uagb_comment_info":0,"uagb_excerpt":"Vulkaniskt h\u00e5rt medium. Har kapacitet att beh\u00e5lla stor m\u00e4ngd fukt inuti kornen. Neutralt PH v\u00e4rde och inneh\u00e5ller praktiskt taget inga n\u00e4rings\u00e4mnen. Mixas med annan jord f\u00f6r att \u00f6ka vitaliteten. Perfekt f\u00f6r Kaktusar m.m. 1 liter, kornstorlek 15 &#8211; 25 mm.","_links":{"self":[{"href":"https:\/\/unikbotanik.se\/sv\/wp-json\/wp\/v2\/product\/1543","targetHints":{"allow":["GET"]}}],"collection":[{"href":"https:\/\/unikbotanik.se\/sv\/wp-json\/wp\/v2\/product"}],"about":[{"href":"https:\/\/unikbotanik.se\/sv\/wp-json\/wp\/v2\/types\/product"}],"replies":[{"embeddable":true,"href":"https:\/\/unikbotanik.se\/sv\/wp-json\/wp\/v2\/comments?post=1543"}],"wp:attachment":[{"href":"https:\/\/unikbotanik.se\/sv\/wp-json\/wp\/v2\/media?parent=1543"}],"wp:term":[{"taxonomy":"product_brand","embeddable":true,"href":"https:\/\/unikbotanik.se\/sv\/wp-json\/wp\/v2\/product_brand?post=1543"},{"taxonomy":"product_cat","embeddable":true,"href":"https:\/\/unikbotanik.se\/sv\/wp-json\/wp\/v2\/product_cat?post=1543"},{"taxonomy":"product_tag","embeddable":true,"href":"https:\/\/unikbotanik.se\/sv\/wp-json\/wp\/v2\/product_tag?post=1543"}],"curies":[{"name":"wp","href":"https:\/\/api.w.org\/{rel}","templated":true}]}}