{"id":1487,"date":"2019-04-11T16:38:53","date_gmt":"2019-04-11T14:38:53","guid":{"rendered":"http:\/\/unikbotanik.se\/product\/import-placeholder-for-513\/"},"modified":"2026-04-13T10:32:49","modified_gmt":"2026-04-13T08:32:49","slug":"karu-ishi-pimpsten-1liter","status":"publish","type":"product","link":"https:\/\/unikbotanik.se\/sv\/produkt\/karu-ishi-pimpsten-1liter\/","title":{"rendered":"Pimpsten 1 &#8211; 8 mm , 1 liter"},"content":{"rendered":"<p>Vulkaniskt h\u00e5rt medium. Har kapacitet att beh\u00e5lla stor m\u00e4ngd fukt inuti kornen. Neutralt pH v\u00e4rde och inneh\u00e5ller praktiskt taget inga n\u00e4rings\u00e4mnen. Mixas med annan jord f\u00f6r att \u00f6ka vitaliteten.<\/p>\n<p>Perfekt f\u00f6r Kaktusar m.m.<\/p>\n<p>1 liter, kornstorlek 1 &#8211; 8 mm (undantagsvis st\u00f6rre och mindre korn)<\/p>\n","protected":false},"excerpt":{"rendered":"<p>Vulkaniskt h\u00e5rt medium. Har kapacitet att beh\u00e5lla stor m\u00e4ngd fukt inuti kornen. Neutralt pH v\u00e4rde och inneh\u00e5ller praktiskt taget inga n\u00e4rings\u00e4mnen. Mixas med annan jord f\u00f6r att \u00f6ka vitaliteten. Perfekt f\u00f6r Kaktusar m.m. 1 liter, kornstorlek 1 &#8211; 8 mm (undantagsvis st\u00f6rre och mindre korn)<\/p>\n","protected":false},"featured_media":12395,"comment_status":"open","ping_status":"closed","template":"","meta":{"_uag_custom_page_level_css":"","_uf_show_specific_survey":0,"_uf_disable_surveys":false,"site-sidebar-layout":"default","site-content-layout":"","ast-site-content-layout":"default","site-content-style":"default","site-sidebar-style":"default","ast-global-header-display":"","ast-banner-title-visibility":"","ast-main-header-display":"","ast-hfb-above-header-display":"","ast-hfb-below-header-display":"","ast-hfb-mobile-header-display":"","site-post-title":"","ast-breadcrumbs-content":"","ast-featured-img":"","footer-sml-layout":"","ast-disable-related-posts":"","theme-transparent-header-meta":"","adv-header-id-meta":"","stick-header-meta":"","header-above-stick-meta":"","header-main-stick-meta":"","header-below-stick-meta":"","astra-migrate-meta-layouts":"default","ast-page-background-enabled":"default","ast-page-background-meta":{"desktop":{"background-color":"var(--ast-global-color-4)","background-image":"","background-repeat":"repeat","background-position":"center center","background-size":"auto","background-attachment":"scroll","background-type":"","background-media":"","overlay-type":"","overlay-color":"","overlay-opacity":"","overlay-gradient":""},"tablet":{"background-color":"","background-image":"","background-repeat":"repeat","background-position":"center center","background-size":"auto","background-attachment":"scroll","background-type":"","background-media":"","overlay-type":"","overlay-color":"","overlay-opacity":"","overlay-gradient":""},"mobile":{"background-color":"","background-image":"","background-repeat":"repeat","background-position":"center center","background-size":"auto","background-attachment":"scroll","background-type":"","background-media":"","overlay-type":"","overlay-color":"","overlay-opacity":"","overlay-gradient":""}},"ast-content-background-meta":{"desktop":{"background-color":"var(--ast-global-color-5)","background-image":"","background-repeat":"repeat","background-position":"center center","background-size":"auto","background-attachment":"scroll","background-type":"","background-media":"","overlay-type":"","overlay-color":"","overlay-opacity":"","overlay-gradient":""},"tablet":{"background-color":"var(--ast-global-color-5)","background-image":"","background-repeat":"repeat","background-position":"center center","background-size":"auto","background-attachment":"scroll","background-type":"","background-media":"","overlay-type":"","overlay-color":"","overlay-opacity":"","overlay-gradient":""},"mobile":{"background-color":"var(--ast-global-color-5)","background-image":"","background-repeat":"repeat","background-position":"center center","background-size":"auto","background-attachment":"scroll","background-type":"","background-media":"","overlay-type":"","overlay-color":"","overlay-opacity":"","overlay-gradient":""}}},"product_brand":[],"product_cat":[181],"product_tag":[],"class_list":{"0":"post-1487","1":"product","2":"type-product","3":"status-publish","4":"has-post-thumbnail","6":"product_cat-pimpsten","7":"desktop-align-left","8":"tablet-align-left","9":"mobile-align-left","10":"ast-product-gallery-layout-horizontal-slider","11":"ast-product-gallery-with-no-image","12":"ast-product-tabs-layout-horizontal","13":"ast-qv-on-image","15":"first","16":"instock","17":"taxable","18":"shipping-taxable","19":"purchasable","20":"product-type-simple"},"aioseo_notices":[],"uagb_featured_image_src":{"full":["https:\/\/unikbotanik.se\/wp-content\/uploads\/2020\/06\/Pipmpsten_3-6mm_s.jpg",1000,1000,false],"thumbnail":["https:\/\/unikbotanik.se\/wp-content\/uploads\/2020\/06\/Pipmpsten_3-6mm_s-150x150.jpg",150,150,true],"medium":["https:\/\/unikbotanik.se\/wp-content\/uploads\/2020\/06\/Pipmpsten_3-6mm_s-300x300.jpg",300,300,true],"medium_large":["https:\/\/unikbotanik.se\/wp-content\/uploads\/2020\/06\/Pipmpsten_3-6mm_s-768x768.jpg",768,768,true],"large":["https:\/\/unikbotanik.se\/wp-content\/uploads\/2020\/06\/Pipmpsten_3-6mm_s.jpg",1000,1000,false],"1536x1536":["https:\/\/unikbotanik.se\/wp-content\/uploads\/2020\/06\/Pipmpsten_3-6mm_s.jpg",1000,1000,false],"2048x2048":["https:\/\/unikbotanik.se\/wp-content\/uploads\/2020\/06\/Pipmpsten_3-6mm_s.jpg",1000,1000,false],"woocommerce_thumbnail":["https:\/\/unikbotanik.se\/wp-content\/uploads\/2020\/06\/Pipmpsten_3-6mm_s-300x300.jpg",300,300,true],"woocommerce_single":["https:\/\/unikbotanik.se\/wp-content\/uploads\/2020\/06\/Pipmpsten_3-6mm_s-600x600.jpg",600,600,true],"woocommerce_gallery_thumbnail":["https:\/\/unikbotanik.se\/wp-content\/uploads\/2020\/06\/Pipmpsten_3-6mm_s-100x100.jpg",100,100,true]},"uagb_author_info":{"display_name":"robin@colobri.se","author_link":"https:\/\/unikbotanik.se\/sv\/author\/"},"uagb_comment_info":0,"uagb_excerpt":"Vulkaniskt h\u00e5rt medium. Har kapacitet att beh\u00e5lla stor m\u00e4ngd fukt inuti kornen. Neutralt pH v\u00e4rde och inneh\u00e5ller praktiskt taget inga n\u00e4rings\u00e4mnen. Mixas med annan jord f\u00f6r att \u00f6ka vitaliteten. Perfekt f\u00f6r Kaktusar m.m. 1 liter, kornstorlek 1 &#8211; 8 mm (undantagsvis st\u00f6rre och mindre korn)","_links":{"self":[{"href":"https:\/\/unikbotanik.se\/sv\/wp-json\/wp\/v2\/product\/1487","targetHints":{"allow":["GET"]}}],"collection":[{"href":"https:\/\/unikbotanik.se\/sv\/wp-json\/wp\/v2\/product"}],"about":[{"href":"https:\/\/unikbotanik.se\/sv\/wp-json\/wp\/v2\/types\/product"}],"replies":[{"embeddable":true,"href":"https:\/\/unikbotanik.se\/sv\/wp-json\/wp\/v2\/comments?post=1487"}],"wp:featuredmedia":[{"embeddable":true,"href":"https:\/\/unikbotanik.se\/sv\/wp-json\/wp\/v2\/media\/12395"}],"wp:attachment":[{"href":"https:\/\/unikbotanik.se\/sv\/wp-json\/wp\/v2\/media?parent=1487"}],"wp:term":[{"taxonomy":"product_brand","embeddable":true,"href":"https:\/\/unikbotanik.se\/sv\/wp-json\/wp\/v2\/product_brand?post=1487"},{"taxonomy":"product_cat","embeddable":true,"href":"https:\/\/unikbotanik.se\/sv\/wp-json\/wp\/v2\/product_cat?post=1487"},{"taxonomy":"product_tag","embeddable":true,"href":"https:\/\/unikbotanik.se\/sv\/wp-json\/wp\/v2\/product_tag?post=1487"}],"curies":[{"name":"wp","href":"https:\/\/api.w.org\/{rel}","templated":true}]}}