{"id":1428,"date":"2019-04-11T16:38:47","date_gmt":"2019-04-11T14:38:47","guid":{"rendered":"http:\/\/unikbotanik.se\/product\/import-placeholder-for-381\/"},"modified":"2026-03-01T10:39:02","modified_gmt":"2026-03-01T09:39:02","slug":"akadama-15-liter-10mm-kornstorlek","status":"publish","type":"product","link":"https:\/\/unikbotanik.se\/sv\/produkt\/akadama-15-liter-10mm-kornstorlek\/","title":{"rendered":"Akadama 6 &#8211; 12 mm, 14 liter &#8211; h\u00e5rd"},"content":{"rendered":"<p style=\"line-height: 20.7999992370605px;\">Det kanske mest erk\u00e4nda jordmediumet f\u00f6r bonsaitr\u00e4d.<\/p>\n<p style=\"line-height: 20.7999992370605px;\">Akadama \u00e4r ett vulkaniskt, lerliknande material som utvinns i Japan och har en oerh\u00f6rt bra v\u00e4ldr\u00e4nerande f\u00f6rm\u00e5ga som samtidigt ger nog med luft runt r\u00f6tterna p\u00e5 din bonsai. Passar de flesta tr\u00e4dsorter men speciellt l\u00f6vf\u00e4llande tr\u00e4d. I kombination med kiryu s\u00e5 passar det perfekt till barrtr\u00e4d och enar.<\/p>\n<p style=\"line-height: 20.7999992370605px;\">6-12 mm kornstorlek. 14 liter.<\/p>\n<p style=\"line-height: 20.7999992370605px;\">\n","protected":false},"excerpt":{"rendered":"<p>Det kanske mest erk\u00e4nda jordmediumet f\u00f6r bonsaitr\u00e4d. Akadama \u00e4r ett vulkaniskt, lerliknande material som utvinns i Japan och har en oerh\u00f6rt bra v\u00e4ldr\u00e4nerande f\u00f6rm\u00e5ga som samtidigt ger nog med luft runt r\u00f6tterna p\u00e5 din bonsai. Passar de flesta tr\u00e4dsorter men speciellt l\u00f6vf\u00e4llande tr\u00e4d. I kombination med kiryu s\u00e5 passar det perfekt till barrtr\u00e4d och enar. [&hellip;]<\/p>\n","protected":false},"featured_media":12464,"comment_status":"open","ping_status":"closed","template":"","meta":{"_uag_custom_page_level_css":"","_uf_show_specific_survey":0,"_uf_disable_surveys":false,"site-sidebar-layout":"default","site-content-layout":"","ast-site-content-layout":"default","site-content-style":"default","site-sidebar-style":"default","ast-global-header-display":"","ast-banner-title-visibility":"","ast-main-header-display":"","ast-hfb-above-header-display":"","ast-hfb-below-header-display":"","ast-hfb-mobile-header-display":"","site-post-title":"","ast-breadcrumbs-content":"","ast-featured-img":"","footer-sml-layout":"","ast-disable-related-posts":"","theme-transparent-header-meta":"default","adv-header-id-meta":"","stick-header-meta":"default","header-above-stick-meta":"","header-main-stick-meta":"","header-below-stick-meta":"","astra-migrate-meta-layouts":"set","ast-page-background-enabled":"default","ast-page-background-meta":{"desktop":{"background-color":"var(--ast-global-color-4)","background-image":"","background-repeat":"repeat","background-position":"center center","background-size":"auto","background-attachment":"scroll","background-type":"","background-media":"","overlay-type":"","overlay-color":"","overlay-opacity":"","overlay-gradient":""},"tablet":{"background-color":"","background-image":"","background-repeat":"repeat","background-position":"center center","background-size":"auto","background-attachment":"scroll","background-type":"","background-media":"","overlay-type":"","overlay-color":"","overlay-opacity":"","overlay-gradient":""},"mobile":{"background-color":"","background-image":"","background-repeat":"repeat","background-position":"center center","background-size":"auto","background-attachment":"scroll","background-type":"","background-media":"","overlay-type":"","overlay-color":"","overlay-opacity":"","overlay-gradient":""}},"ast-content-background-meta":{"desktop":{"background-color":"var(--ast-global-color-5)","background-image":"","background-repeat":"repeat","background-position":"center center","background-size":"auto","background-attachment":"scroll","background-type":"","background-media":"","overlay-type":"","overlay-color":"","overlay-opacity":"","overlay-gradient":""},"tablet":{"background-color":"var(--ast-global-color-5)","background-image":"","background-repeat":"repeat","background-position":"center center","background-size":"auto","background-attachment":"scroll","background-type":"","background-media":"","overlay-type":"","overlay-color":"","overlay-opacity":"","overlay-gradient":""},"mobile":{"background-color":"var(--ast-global-color-5)","background-image":"","background-repeat":"repeat","background-position":"center center","background-size":"auto","background-attachment":"scroll","background-type":"","background-media":"","overlay-type":"","overlay-color":"","overlay-opacity":"","overlay-gradient":""}}},"product_brand":[],"product_cat":[177],"product_tag":[],"class_list":{"0":"post-1428","1":"product","2":"type-product","3":"status-publish","4":"has-post-thumbnail","6":"product_cat-akadama","7":"desktop-align-left","8":"tablet-align-left","9":"mobile-align-left","10":"ast-product-gallery-layout-horizontal-slider","11":"ast-product-tabs-layout-horizontal","12":"ast-qv-on-image","14":"first","15":"instock","16":"taxable","17":"shipping-taxable","18":"purchasable","19":"product-type-simple"},"aioseo_notices":[],"uagb_featured_image_src":{"full":["https:\/\/unikbotanik.se\/wp-content\/uploads\/2019\/04\/JMIS85517.jpg",1000,1000,false],"thumbnail":["https:\/\/unikbotanik.se\/wp-content\/uploads\/2019\/04\/JMIS85517-150x150.jpg",150,150,true],"medium":["https:\/\/unikbotanik.se\/wp-content\/uploads\/2019\/04\/JMIS85517-300x300.jpg",300,300,true],"medium_large":["https:\/\/unikbotanik.se\/wp-content\/uploads\/2019\/04\/JMIS85517-768x768.jpg",768,768,true],"large":["https:\/\/unikbotanik.se\/wp-content\/uploads\/2019\/04\/JMIS85517.jpg",1000,1000,false],"1536x1536":["https:\/\/unikbotanik.se\/wp-content\/uploads\/2019\/04\/JMIS85517.jpg",1000,1000,false],"2048x2048":["https:\/\/unikbotanik.se\/wp-content\/uploads\/2019\/04\/JMIS85517.jpg",1000,1000,false],"woocommerce_thumbnail":["https:\/\/unikbotanik.se\/wp-content\/uploads\/2019\/04\/JMIS85517-300x300.jpg",300,300,true],"woocommerce_single":["https:\/\/unikbotanik.se\/wp-content\/uploads\/2019\/04\/JMIS85517-600x600.jpg",600,600,true],"woocommerce_gallery_thumbnail":["https:\/\/unikbotanik.se\/wp-content\/uploads\/2019\/04\/JMIS85517-100x100.jpg",100,100,true]},"uagb_author_info":{"display_name":"robin@colobri.se","author_link":"https:\/\/unikbotanik.se\/sv\/author\/"},"uagb_comment_info":0,"uagb_excerpt":"Det kanske mest erk\u00e4nda jordmediumet f\u00f6r bonsaitr\u00e4d. Akadama \u00e4r ett vulkaniskt, lerliknande material som utvinns i Japan och har en oerh\u00f6rt bra v\u00e4ldr\u00e4nerande f\u00f6rm\u00e5ga som samtidigt ger nog med luft runt r\u00f6tterna p\u00e5 din bonsai. Passar de flesta tr\u00e4dsorter men speciellt l\u00f6vf\u00e4llande tr\u00e4d. I kombination med kiryu s\u00e5 passar det perfekt till barrtr\u00e4d och enar.&hellip;","_links":{"self":[{"href":"https:\/\/unikbotanik.se\/sv\/wp-json\/wp\/v2\/product\/1428","targetHints":{"allow":["GET"]}}],"collection":[{"href":"https:\/\/unikbotanik.se\/sv\/wp-json\/wp\/v2\/product"}],"about":[{"href":"https:\/\/unikbotanik.se\/sv\/wp-json\/wp\/v2\/types\/product"}],"replies":[{"embeddable":true,"href":"https:\/\/unikbotanik.se\/sv\/wp-json\/wp\/v2\/comments?post=1428"}],"wp:featuredmedia":[{"embeddable":true,"href":"https:\/\/unikbotanik.se\/sv\/wp-json\/wp\/v2\/media\/12464"}],"wp:attachment":[{"href":"https:\/\/unikbotanik.se\/sv\/wp-json\/wp\/v2\/media?parent=1428"}],"wp:term":[{"taxonomy":"product_brand","embeddable":true,"href":"https:\/\/unikbotanik.se\/sv\/wp-json\/wp\/v2\/product_brand?post=1428"},{"taxonomy":"product_cat","embeddable":true,"href":"https:\/\/unikbotanik.se\/sv\/wp-json\/wp\/v2\/product_cat?post=1428"},{"taxonomy":"product_tag","embeddable":true,"href":"https:\/\/unikbotanik.se\/sv\/wp-json\/wp\/v2\/product_tag?post=1428"}],"curies":[{"name":"wp","href":"https:\/\/api.w.org\/{rel}","templated":true}]}}