{"id":1408,"date":"2019-04-11T16:38:46","date_gmt":"2019-04-11T14:38:46","guid":{"rendered":"http:\/\/unikbotanik.se\/product\/import-placeholder-for-351\/"},"modified":"2024-03-07T10:46:15","modified_gmt":"2024-03-07T09:46:15","slug":"fuji-sand-lavasand","status":"publish","type":"product","link":"https:\/\/unikbotanik.se\/sv\/produkt\/fuji-sand-lavasand\/","title":{"rendered":"Fuji Sand\/Lavasand, c:a 1 &#8211; 8 mm, 1 liter"},"content":{"rendered":"<p>Fujizuna, lavasand fr\u00e5n Mt Fuji \u00e4r en dekorativ svart Japansk lava fr\u00e5n Mt Fuji. Mycket fin kvalitet, c:a 1 &#8211; 8 mm kornstorlek.<br \/>\nLavasanden \u00e4r h\u00e5rd och inert som anv\u00e4nds i huvudsak f\u00f6r att dekorera ytan p\u00e5 din bonsai. F\u00f6r iblandning rekommenderas den r\u00f6da lavasanden fr\u00e5n Island. Den har samma egenskaper men \u00e4r billigare.<\/p>\n<p>Lavasand: svart<br \/>\nUrsprung: Mt. Fuji, Japan<br \/>\nVolym: 1 liter<\/p>\n<p>&#8211; &#8211;<\/p>\n<p>Den svarta lavasanden \u00e4r just nu sv\u00e5r att f\u00e5 tag p\u00e5. Tipsa g\u00e4rna om du hittar en k\u00e4lla!<\/p>\n","protected":false},"excerpt":{"rendered":"<p>Fujizuna, lavasand fr\u00e5n Mt Fuji \u00e4r en dekorativ svart Japansk lava fr\u00e5n Mt Fuji. Mycket fin kvalitet, c:a 1 &#8211; 8 mm kornstorlek. Lavasanden \u00e4r h\u00e5rd och inert som anv\u00e4nds i huvudsak f\u00f6r att dekorera ytan p\u00e5 din bonsai. F\u00f6r iblandning rekommenderas den r\u00f6da lavasanden fr\u00e5n Island. Den har samma egenskaper men \u00e4r billigare. Lavasand: [&hellip;]<\/p>\n","protected":false},"featured_media":12409,"comment_status":"open","ping_status":"closed","template":"","meta":{"_uag_custom_page_level_css":"","_uf_show_specific_survey":0,"_uf_disable_surveys":false,"site-sidebar-layout":"default","site-content-layout":"","ast-site-content-layout":"default","site-content-style":"default","site-sidebar-style":"default","ast-global-header-display":"","ast-banner-title-visibility":"","ast-main-header-display":"","ast-hfb-above-header-display":"","ast-hfb-below-header-display":"","ast-hfb-mobile-header-display":"","site-post-title":"","ast-breadcrumbs-content":"","ast-featured-img":"","footer-sml-layout":"","ast-disable-related-posts":"","theme-transparent-header-meta":"default","adv-header-id-meta":"","stick-header-meta":"","header-above-stick-meta":"","header-main-stick-meta":"","header-below-stick-meta":"","astra-migrate-meta-layouts":"set","ast-page-background-enabled":"default","ast-page-background-meta":{"desktop":{"background-color":"var(--ast-global-color-4)","background-image":"","background-repeat":"repeat","background-position":"center center","background-size":"auto","background-attachment":"scroll","background-type":"","background-media":"","overlay-type":"","overlay-color":"","overlay-opacity":"","overlay-gradient":""},"tablet":{"background-color":"","background-image":"","background-repeat":"repeat","background-position":"center center","background-size":"auto","background-attachment":"scroll","background-type":"","background-media":"","overlay-type":"","overlay-color":"","overlay-opacity":"","overlay-gradient":""},"mobile":{"background-color":"","background-image":"","background-repeat":"repeat","background-position":"center center","background-size":"auto","background-attachment":"scroll","background-type":"","background-media":"","overlay-type":"","overlay-color":"","overlay-opacity":"","overlay-gradient":""}},"ast-content-background-meta":{"desktop":{"background-color":"var(--ast-global-color-5)","background-image":"","background-repeat":"repeat","background-position":"center center","background-size":"auto","background-attachment":"scroll","background-type":"","background-media":"","overlay-type":"","overlay-color":"","overlay-opacity":"","overlay-gradient":""},"tablet":{"background-color":"var(--ast-global-color-5)","background-image":"","background-repeat":"repeat","background-position":"center center","background-size":"auto","background-attachment":"scroll","background-type":"","background-media":"","overlay-type":"","overlay-color":"","overlay-opacity":"","overlay-gradient":""},"mobile":{"background-color":"var(--ast-global-color-5)","background-image":"","background-repeat":"repeat","background-position":"center center","background-size":"auto","background-attachment":"scroll","background-type":"","background-media":"","overlay-type":"","overlay-color":"","overlay-opacity":"","overlay-gradient":""}}},"product_brand":[],"product_cat":[180],"product_tag":[],"class_list":{"0":"post-1408","1":"product","2":"type-product","3":"status-publish","4":"has-post-thumbnail","6":"product_cat-lavasand","7":"desktop-align-left","8":"tablet-align-left","9":"mobile-align-left","10":"ast-product-gallery-layout-horizontal-slider","11":"ast-product-gallery-with-no-image","12":"ast-product-tabs-layout-horizontal","13":"ast-qv-on-image","15":"first","16":"outofstock","17":"taxable","18":"shipping-taxable","19":"purchasable","20":"product-type-simple"},"aioseo_notices":[],"uagb_featured_image_src":{"full":["https:\/\/unikbotanik.se\/wp-content\/uploads\/2019\/04\/Lavasand_svart_3-8mm_ss.jpg",1000,1000,false],"thumbnail":["https:\/\/unikbotanik.se\/wp-content\/uploads\/2019\/04\/Lavasand_svart_3-8mm_ss-150x150.jpg",150,150,true],"medium":["https:\/\/unikbotanik.se\/wp-content\/uploads\/2019\/04\/Lavasand_svart_3-8mm_ss-300x300.jpg",300,300,true],"medium_large":["https:\/\/unikbotanik.se\/wp-content\/uploads\/2019\/04\/Lavasand_svart_3-8mm_ss-768x768.jpg",768,768,true],"large":["https:\/\/unikbotanik.se\/wp-content\/uploads\/2019\/04\/Lavasand_svart_3-8mm_ss.jpg",1000,1000,false],"1536x1536":["https:\/\/unikbotanik.se\/wp-content\/uploads\/2019\/04\/Lavasand_svart_3-8mm_ss.jpg",1000,1000,false],"2048x2048":["https:\/\/unikbotanik.se\/wp-content\/uploads\/2019\/04\/Lavasand_svart_3-8mm_ss.jpg",1000,1000,false],"woocommerce_thumbnail":["https:\/\/unikbotanik.se\/wp-content\/uploads\/2019\/04\/Lavasand_svart_3-8mm_ss-300x300.jpg",300,300,true],"woocommerce_single":["https:\/\/unikbotanik.se\/wp-content\/uploads\/2019\/04\/Lavasand_svart_3-8mm_ss-600x600.jpg",600,600,true],"woocommerce_gallery_thumbnail":["https:\/\/unikbotanik.se\/wp-content\/uploads\/2019\/04\/Lavasand_svart_3-8mm_ss-100x100.jpg",100,100,true]},"uagb_author_info":{"display_name":"robin@colobri.se","author_link":"https:\/\/unikbotanik.se\/sv\/author\/"},"uagb_comment_info":0,"uagb_excerpt":"Fujizuna, lavasand fr\u00e5n Mt Fuji \u00e4r en dekorativ svart Japansk lava fr\u00e5n Mt Fuji. Mycket fin kvalitet, c:a 1 &#8211; 8 mm kornstorlek. Lavasanden \u00e4r h\u00e5rd och inert som anv\u00e4nds i huvudsak f\u00f6r att dekorera ytan p\u00e5 din bonsai. F\u00f6r iblandning rekommenderas den r\u00f6da lavasanden fr\u00e5n Island. Den har samma egenskaper men \u00e4r billigare. Lavasand:&hellip;","_links":{"self":[{"href":"https:\/\/unikbotanik.se\/sv\/wp-json\/wp\/v2\/product\/1408","targetHints":{"allow":["GET"]}}],"collection":[{"href":"https:\/\/unikbotanik.se\/sv\/wp-json\/wp\/v2\/product"}],"about":[{"href":"https:\/\/unikbotanik.se\/sv\/wp-json\/wp\/v2\/types\/product"}],"replies":[{"embeddable":true,"href":"https:\/\/unikbotanik.se\/sv\/wp-json\/wp\/v2\/comments?post=1408"}],"wp:featuredmedia":[{"embeddable":true,"href":"https:\/\/unikbotanik.se\/sv\/wp-json\/wp\/v2\/media\/12409"}],"wp:attachment":[{"href":"https:\/\/unikbotanik.se\/sv\/wp-json\/wp\/v2\/media?parent=1408"}],"wp:term":[{"taxonomy":"product_brand","embeddable":true,"href":"https:\/\/unikbotanik.se\/sv\/wp-json\/wp\/v2\/product_brand?post=1408"},{"taxonomy":"product_cat","embeddable":true,"href":"https:\/\/unikbotanik.se\/sv\/wp-json\/wp\/v2\/product_cat?post=1408"},{"taxonomy":"product_tag","embeddable":true,"href":"https:\/\/unikbotanik.se\/sv\/wp-json\/wp\/v2\/product_tag?post=1408"}],"curies":[{"name":"wp","href":"https:\/\/api.w.org\/{rel}","templated":true}]}}