{"id":12483,"date":"2023-03-01T09:15:48","date_gmt":"2023-03-01T08:15:48","guid":{"rendered":"https:\/\/unikbotanik.se\/?post_type=product&#038;p=12483"},"modified":"2024-05-15T14:30:55","modified_gmt":"2024-05-15T12:30:55","slug":"krukmakare","status":"publish","type":"product","link":"https:\/\/unikbotanik.se\/sv\/produkt\/krukmakare\/","title":{"rendered":"Krukmakare"},"content":{"rendered":"<p>Med denna krukmakare kan du enkelt tillverka egna krukor av tidningspapper.<br \/>\nPerfekt till f\u00f6rodlingen.<\/p>\n<p>Tillverkad av Ulrik Mangold, p\u00e5 Lilla Nabbens hantverksprodukter i Laholm.<br \/>\nMaterial: Massiv ek och bok.<\/p>\n<p>H\u00e4r kan du se Ulrik sj\u00e4lv visa hur det fungerar.<\/p>\n<p>&nbsp;<\/p>\n<p><iframe loading=\"lazy\" title=\"S\u00e5 h\u00e4r g\u00f6r du papperskrukor med Krukmakaren fr\u00e5n Lilla Nabben\" src=\"https:\/\/www.youtube.com\/embed\/O5-JrRSYD7o\" width=\"640\" height=\"360\" frameborder=\"0\" allowfullscreen=\"allowfullscreen\"><\/iframe><\/p>\n<p>&nbsp;<\/p>\n","protected":false},"excerpt":{"rendered":"<p>Med denna krukmakare kan du enkelt tillverka egna krukor av tidningspapper. Perfekt till f\u00f6rodlingen. Tillverkad av Ulrik Mangold, p\u00e5 Lilla Nabbens hantverksprodukter i Laholm. Material: Massiv ek och bok. H\u00e4r kan du se Ulrik sj\u00e4lv visa hur det fungerar. &nbsp; &nbsp;<\/p>\n","protected":false},"featured_media":12484,"comment_status":"closed","ping_status":"closed","template":"","meta":{"_uag_custom_page_level_css":"","_uf_show_specific_survey":0,"_uf_disable_surveys":false,"site-sidebar-layout":"default","site-content-layout":"","ast-site-content-layout":"default","site-content-style":"default","site-sidebar-style":"default","ast-global-header-display":"","ast-banner-title-visibility":"","ast-main-header-display":"","ast-hfb-above-header-display":"","ast-hfb-below-header-display":"","ast-hfb-mobile-header-display":"","site-post-title":"","ast-breadcrumbs-content":"","ast-featured-img":"","footer-sml-layout":"","ast-disable-related-posts":"","theme-transparent-header-meta":"","adv-header-id-meta":"","stick-header-meta":"","header-above-stick-meta":"","header-main-stick-meta":"","header-below-stick-meta":"","astra-migrate-meta-layouts":"default","ast-page-background-enabled":"default","ast-page-background-meta":{"desktop":{"background-color":"var(--ast-global-color-4)","background-image":"","background-repeat":"repeat","background-position":"center center","background-size":"auto","background-attachment":"scroll","background-type":"","background-media":"","overlay-type":"","overlay-color":"","overlay-opacity":"","overlay-gradient":""},"tablet":{"background-color":"","background-image":"","background-repeat":"repeat","background-position":"center center","background-size":"auto","background-attachment":"scroll","background-type":"","background-media":"","overlay-type":"","overlay-color":"","overlay-opacity":"","overlay-gradient":""},"mobile":{"background-color":"","background-image":"","background-repeat":"repeat","background-position":"center center","background-size":"auto","background-attachment":"scroll","background-type":"","background-media":"","overlay-type":"","overlay-color":"","overlay-opacity":"","overlay-gradient":""}},"ast-content-background-meta":{"desktop":{"background-color":"var(--ast-global-color-5)","background-image":"","background-repeat":"repeat","background-position":"center center","background-size":"auto","background-attachment":"scroll","background-type":"","background-media":"","overlay-type":"","overlay-color":"","overlay-opacity":"","overlay-gradient":""},"tablet":{"background-color":"var(--ast-global-color-5)","background-image":"","background-repeat":"repeat","background-position":"center center","background-size":"auto","background-attachment":"scroll","background-type":"","background-media":"","overlay-type":"","overlay-color":"","overlay-opacity":"","overlay-gradient":""},"mobile":{"background-color":"var(--ast-global-color-5)","background-image":"","background-repeat":"repeat","background-position":"center center","background-size":"auto","background-attachment":"scroll","background-type":"","background-media":"","overlay-type":"","overlay-color":"","overlay-opacity":"","overlay-gradient":""}}},"product_brand":[],"product_cat":[63,162],"product_tag":[],"class_list":{"0":"post-12483","1":"product","2":"type-product","3":"status-publish","4":"has-post-thumbnail","6":"product_cat-ovrigt","7":"product_cat-presenttips","8":"desktop-align-left","9":"tablet-align-left","10":"mobile-align-left","11":"ast-product-gallery-layout-horizontal-slider","12":"ast-product-tabs-layout-horizontal","13":"ast-qv-on-image","15":"first","16":"instock","17":"featured","18":"taxable","19":"shipping-taxable","20":"purchasable","21":"product-type-simple"},"aioseo_notices":[],"uagb_featured_image_src":{"full":["https:\/\/unikbotanik.se\/wp-content\/uploads\/2023\/02\/Krukmakare.jpg",1000,1000,false],"thumbnail":["https:\/\/unikbotanik.se\/wp-content\/uploads\/2023\/02\/Krukmakare-150x150.jpg",150,150,true],"medium":["https:\/\/unikbotanik.se\/wp-content\/uploads\/2023\/02\/Krukmakare-300x300.jpg",300,300,true],"medium_large":["https:\/\/unikbotanik.se\/wp-content\/uploads\/2023\/02\/Krukmakare-768x768.jpg",768,768,true],"large":["https:\/\/unikbotanik.se\/wp-content\/uploads\/2023\/02\/Krukmakare.jpg",1000,1000,false],"1536x1536":["https:\/\/unikbotanik.se\/wp-content\/uploads\/2023\/02\/Krukmakare.jpg",1000,1000,false],"2048x2048":["https:\/\/unikbotanik.se\/wp-content\/uploads\/2023\/02\/Krukmakare.jpg",1000,1000,false],"woocommerce_thumbnail":["https:\/\/unikbotanik.se\/wp-content\/uploads\/2023\/02\/Krukmakare-300x300.jpg",300,300,true],"woocommerce_single":["https:\/\/unikbotanik.se\/wp-content\/uploads\/2023\/02\/Krukmakare-600x600.jpg",600,600,true],"woocommerce_gallery_thumbnail":["https:\/\/unikbotanik.se\/wp-content\/uploads\/2023\/02\/Krukmakare-100x100.jpg",100,100,true]},"uagb_author_info":{"display_name":"unikbotanik","author_link":"https:\/\/unikbotanik.se\/sv\/author\/"},"uagb_comment_info":0,"uagb_excerpt":"Med denna krukmakare kan du enkelt tillverka egna krukor av tidningspapper. Perfekt till f\u00f6rodlingen. Tillverkad av Ulrik Mangold, p\u00e5 Lilla Nabbens hantverksprodukter i Laholm. Material: Massiv ek och bok. H\u00e4r kan du se Ulrik sj\u00e4lv visa hur det fungerar. &nbsp; &nbsp;","_links":{"self":[{"href":"https:\/\/unikbotanik.se\/sv\/wp-json\/wp\/v2\/product\/12483","targetHints":{"allow":["GET"]}}],"collection":[{"href":"https:\/\/unikbotanik.se\/sv\/wp-json\/wp\/v2\/product"}],"about":[{"href":"https:\/\/unikbotanik.se\/sv\/wp-json\/wp\/v2\/types\/product"}],"replies":[{"embeddable":true,"href":"https:\/\/unikbotanik.se\/sv\/wp-json\/wp\/v2\/comments?post=12483"}],"wp:featuredmedia":[{"embeddable":true,"href":"https:\/\/unikbotanik.se\/sv\/wp-json\/wp\/v2\/media\/12484"}],"wp:attachment":[{"href":"https:\/\/unikbotanik.se\/sv\/wp-json\/wp\/v2\/media?parent=12483"}],"wp:term":[{"taxonomy":"product_brand","embeddable":true,"href":"https:\/\/unikbotanik.se\/sv\/wp-json\/wp\/v2\/product_brand?post=12483"},{"taxonomy":"product_cat","embeddable":true,"href":"https:\/\/unikbotanik.se\/sv\/wp-json\/wp\/v2\/product_cat?post=12483"},{"taxonomy":"product_tag","embeddable":true,"href":"https:\/\/unikbotanik.se\/sv\/wp-json\/wp\/v2\/product_tag?post=12483"}],"curies":[{"name":"wp","href":"https:\/\/api.w.org\/{rel}","templated":true}]}}