{"id":1235,"date":"2019-04-11T16:38:28","date_gmt":"2019-04-11T14:38:28","guid":{"rendered":"http:\/\/unikbotanik.se\/product\/import-placeholder-for-116\/"},"modified":"2025-11-08T17:14:01","modified_gmt":"2025-11-08T16:14:01","slug":"bonsaitving-stor-170-x-185-mm","status":"publish","type":"product","link":"https:\/\/unikbotanik.se\/sv\/produkt\/bonsaitving-stor-170-x-185-mm\/","title":{"rendered":"Bonsaitving stor, 170 x 185 mm"},"content":{"rendered":"<p>F\u00f6r att b\u00f6ja grenar p\u00e5 ditt bonsaitr\u00e4d<\/p>\n<p>200 mm<\/p>\n<p>N\u00e4r man vill b\u00f6ja st\u00f6rre grenar f\u00f6renklar den h\u00e4r tvingen jobbet.<\/p>\n<p>Man kan gradvis \u00f6ka b\u00f6jen genom att skruva \u00e5t den lite mer varje dag f\u00f6r att inte riskera att grenar g\u00e5r av.<\/p>\n","protected":false},"excerpt":{"rendered":"<p>F\u00f6r att b\u00f6ja grenar p\u00e5 ditt bonsaitr\u00e4d 200 mm N\u00e4r man vill b\u00f6ja st\u00f6rre grenar f\u00f6renklar den h\u00e4r tvingen jobbet. Man kan gradvis \u00f6ka b\u00f6jen genom att skruva \u00e5t den lite mer varje dag f\u00f6r att inte riskera att grenar g\u00e5r av.<\/p>\n","protected":false},"featured_media":1173,"comment_status":"open","ping_status":"closed","template":"","meta":{"_uag_custom_page_level_css":"","_uf_show_specific_survey":0,"_uf_disable_surveys":false,"site-sidebar-layout":"default","site-content-layout":"","ast-site-content-layout":"default","site-content-style":"default","site-sidebar-style":"default","ast-global-header-display":"","ast-banner-title-visibility":"","ast-main-header-display":"","ast-hfb-above-header-display":"","ast-hfb-below-header-display":"","ast-hfb-mobile-header-display":"","site-post-title":"","ast-breadcrumbs-content":"","ast-featured-img":"","footer-sml-layout":"","ast-disable-related-posts":"","theme-transparent-header-meta":"","adv-header-id-meta":"","stick-header-meta":"","header-above-stick-meta":"","header-main-stick-meta":"","header-below-stick-meta":"","astra-migrate-meta-layouts":"default","ast-page-background-enabled":"default","ast-page-background-meta":{"desktop":{"background-color":"var(--ast-global-color-4)","background-image":"","background-repeat":"repeat","background-position":"center center","background-size":"auto","background-attachment":"scroll","background-type":"","background-media":"","overlay-type":"","overlay-color":"","overlay-opacity":"","overlay-gradient":""},"tablet":{"background-color":"","background-image":"","background-repeat":"repeat","background-position":"center center","background-size":"auto","background-attachment":"scroll","background-type":"","background-media":"","overlay-type":"","overlay-color":"","overlay-opacity":"","overlay-gradient":""},"mobile":{"background-color":"","background-image":"","background-repeat":"repeat","background-position":"center center","background-size":"auto","background-attachment":"scroll","background-type":"","background-media":"","overlay-type":"","overlay-color":"","overlay-opacity":"","overlay-gradient":""}},"ast-content-background-meta":{"desktop":{"background-color":"var(--ast-global-color-5)","background-image":"","background-repeat":"repeat","background-position":"center center","background-size":"auto","background-attachment":"scroll","background-type":"","background-media":"","overlay-type":"","overlay-color":"","overlay-opacity":"","overlay-gradient":""},"tablet":{"background-color":"var(--ast-global-color-5)","background-image":"","background-repeat":"repeat","background-position":"center center","background-size":"auto","background-attachment":"scroll","background-type":"","background-media":"","overlay-type":"","overlay-color":"","overlay-opacity":"","overlay-gradient":""},"mobile":{"background-color":"var(--ast-global-color-5)","background-image":"","background-repeat":"repeat","background-position":"center center","background-size":"auto","background-attachment":"scroll","background-type":"","background-media":"","overlay-type":"","overlay-color":"","overlay-opacity":"","overlay-gradient":""}}},"product_brand":[],"product_cat":[422],"product_tag":[],"class_list":{"0":"post-1235","1":"product","2":"type-product","3":"status-publish","4":"has-post-thumbnail","6":"product_cat-stamverktyg","7":"desktop-align-left","8":"tablet-align-left","9":"mobile-align-left","10":"ast-product-gallery-layout-horizontal-slider","11":"ast-product-gallery-with-no-image","12":"ast-product-tabs-layout-horizontal","13":"ast-qv-on-image","15":"first","16":"instock","17":"taxable","18":"shipping-taxable","19":"purchasable","20":"product-type-simple"},"aioseo_notices":[],"uagb_featured_image_src":{"full":["https:\/\/unikbotanik.se\/wp-content\/uploads\/2019\/04\/stor-tving-bonsai.jpg",308,351,false],"thumbnail":["https:\/\/unikbotanik.se\/wp-content\/uploads\/2019\/04\/stor-tving-bonsai-150x150.jpg",150,150,true],"medium":["https:\/\/unikbotanik.se\/wp-content\/uploads\/2019\/04\/stor-tving-bonsai-263x300.jpg",263,300,true],"medium_large":["https:\/\/unikbotanik.se\/wp-content\/uploads\/2019\/04\/stor-tving-bonsai.jpg",308,351,false],"large":["https:\/\/unikbotanik.se\/wp-content\/uploads\/2019\/04\/stor-tving-bonsai.jpg",308,351,false],"1536x1536":["https:\/\/unikbotanik.se\/wp-content\/uploads\/2019\/04\/stor-tving-bonsai.jpg",308,351,false],"2048x2048":["https:\/\/unikbotanik.se\/wp-content\/uploads\/2019\/04\/stor-tving-bonsai.jpg",308,351,false],"woocommerce_thumbnail":["https:\/\/unikbotanik.se\/wp-content\/uploads\/2019\/04\/stor-tving-bonsai-300x300.jpg",300,300,true],"woocommerce_single":["https:\/\/unikbotanik.se\/wp-content\/uploads\/2019\/04\/stor-tving-bonsai.jpg",308,351,false],"woocommerce_gallery_thumbnail":["https:\/\/unikbotanik.se\/wp-content\/uploads\/2019\/04\/stor-tving-bonsai-100x100.jpg",100,100,true]},"uagb_author_info":{"display_name":"robin@colobri.se","author_link":"https:\/\/unikbotanik.se\/sv\/author\/"},"uagb_comment_info":0,"uagb_excerpt":"F\u00f6r att b\u00f6ja grenar p\u00e5 ditt bonsaitr\u00e4d 200 mm N\u00e4r man vill b\u00f6ja st\u00f6rre grenar f\u00f6renklar den h\u00e4r tvingen jobbet. Man kan gradvis \u00f6ka b\u00f6jen genom att skruva \u00e5t den lite mer varje dag f\u00f6r att inte riskera att grenar g\u00e5r av.","_links":{"self":[{"href":"https:\/\/unikbotanik.se\/sv\/wp-json\/wp\/v2\/product\/1235","targetHints":{"allow":["GET"]}}],"collection":[{"href":"https:\/\/unikbotanik.se\/sv\/wp-json\/wp\/v2\/product"}],"about":[{"href":"https:\/\/unikbotanik.se\/sv\/wp-json\/wp\/v2\/types\/product"}],"replies":[{"embeddable":true,"href":"https:\/\/unikbotanik.se\/sv\/wp-json\/wp\/v2\/comments?post=1235"}],"wp:featuredmedia":[{"embeddable":true,"href":"https:\/\/unikbotanik.se\/sv\/wp-json\/wp\/v2\/media\/1173"}],"wp:attachment":[{"href":"https:\/\/unikbotanik.se\/sv\/wp-json\/wp\/v2\/media?parent=1235"}],"wp:term":[{"taxonomy":"product_brand","embeddable":true,"href":"https:\/\/unikbotanik.se\/sv\/wp-json\/wp\/v2\/product_brand?post=1235"},{"taxonomy":"product_cat","embeddable":true,"href":"https:\/\/unikbotanik.se\/sv\/wp-json\/wp\/v2\/product_cat?post=1235"},{"taxonomy":"product_tag","embeddable":true,"href":"https:\/\/unikbotanik.se\/sv\/wp-json\/wp\/v2\/product_tag?post=1235"}],"curies":[{"name":"wp","href":"https:\/\/api.w.org\/{rel}","templated":true}]}}