{"id":12304,"date":"2023-01-11T15:16:10","date_gmt":"2023-01-11T14:16:10","guid":{"rendered":"https:\/\/unikbotanik.se\/?post_type=product&#038;p=12304"},"modified":"2026-03-25T10:47:51","modified_gmt":"2026-03-25T09:47:51","slug":"kenzan-rektangular-japansk-for-ikebana-87-x-33-mm","status":"publish","type":"product","link":"https:\/\/unikbotanik.se\/sv\/produkt\/kenzan-rektangular-japansk-for-ikebana-87-x-33-mm\/","title":{"rendered":"Kenzan, rektangul\u00e4r, japansk, f\u00f6r ikebana, 87 x 33 mm"},"content":{"rendered":"<p>Handgjord rektangul\u00e4r kenzan f\u00f6r japanska blomsterarrangemang, ikebana.<\/p>\n<p>Placeras i botten p\u00e5 vasen. Blommor spetsas p\u00e5 de vassa m\u00e4ssingstaggarna och h\u00e5lls p\u00e5 plats av den massiva tyngden.<\/p>\n<p>Denna l\u00e5ngsmala rektangul\u00e4ra form passar bra om du vill g\u00f6ra breda arrangemang eller till l\u00e5ngsmala vaser.<\/p>\n<p><strong>Tekniska data:<\/strong><\/p>\n<ul>\n<li>Dimensioner: 87 x 33 mm<\/li>\n<li>H\u00f6jd: 20 mm<\/li>\n<li>Taggar: 188 st (1,4 x 13 mm)<\/li>\n<li>Vikt: 300 g<\/li>\n<li>Tillverkad i Japan<\/li>\n<\/ul>\n","protected":false},"excerpt":{"rendered":"<p>Handgjord rektangul\u00e4r kenzan f\u00f6r japanska blomsterarrangemang, ikebana. Placeras i botten p\u00e5 vasen. Blommor spetsas p\u00e5 de vassa m\u00e4ssingstaggarna och h\u00e5lls p\u00e5 plats av den massiva tyngden. Denna l\u00e5ngsmala rektangul\u00e4ra form passar bra om du vill g\u00f6ra breda arrangemang eller till l\u00e5ngsmala vaser. Tekniska data: Dimensioner: 87 x 33 mm H\u00f6jd: 20 mm Taggar: 188 st [&hellip;]<\/p>\n","protected":false},"featured_media":12308,"comment_status":"open","ping_status":"closed","template":"","meta":{"_uag_custom_page_level_css":"","_uf_show_specific_survey":0,"_uf_disable_surveys":false,"site-sidebar-layout":"default","site-content-layout":"","ast-site-content-layout":"default","site-content-style":"default","site-sidebar-style":"default","ast-global-header-display":"","ast-banner-title-visibility":"","ast-main-header-display":"","ast-hfb-above-header-display":"","ast-hfb-below-header-display":"","ast-hfb-mobile-header-display":"","site-post-title":"","ast-breadcrumbs-content":"","ast-featured-img":"","footer-sml-layout":"","ast-disable-related-posts":"","theme-transparent-header-meta":"","adv-header-id-meta":"","stick-header-meta":"","header-above-stick-meta":"","header-main-stick-meta":"","header-below-stick-meta":"","astra-migrate-meta-layouts":"default","ast-page-background-enabled":"default","ast-page-background-meta":{"desktop":{"background-color":"var(--ast-global-color-4)","background-image":"","background-repeat":"repeat","background-position":"center center","background-size":"auto","background-attachment":"scroll","background-type":"","background-media":"","overlay-type":"","overlay-color":"","overlay-opacity":"","overlay-gradient":""},"tablet":{"background-color":"","background-image":"","background-repeat":"repeat","background-position":"center center","background-size":"auto","background-attachment":"scroll","background-type":"","background-media":"","overlay-type":"","overlay-color":"","overlay-opacity":"","overlay-gradient":""},"mobile":{"background-color":"","background-image":"","background-repeat":"repeat","background-position":"center center","background-size":"auto","background-attachment":"scroll","background-type":"","background-media":"","overlay-type":"","overlay-color":"","overlay-opacity":"","overlay-gradient":""}},"ast-content-background-meta":{"desktop":{"background-color":"var(--ast-global-color-5)","background-image":"","background-repeat":"repeat","background-position":"center center","background-size":"auto","background-attachment":"scroll","background-type":"","background-media":"","overlay-type":"","overlay-color":"","overlay-opacity":"","overlay-gradient":""},"tablet":{"background-color":"var(--ast-global-color-5)","background-image":"","background-repeat":"repeat","background-position":"center center","background-size":"auto","background-attachment":"scroll","background-type":"","background-media":"","overlay-type":"","overlay-color":"","overlay-opacity":"","overlay-gradient":""},"mobile":{"background-color":"var(--ast-global-color-5)","background-image":"","background-repeat":"repeat","background-position":"center center","background-size":"auto","background-attachment":"scroll","background-type":"","background-media":"","overlay-type":"","overlay-color":"","overlay-opacity":"","overlay-gradient":""}}},"product_brand":[],"product_cat":[187,162],"product_tag":[],"class_list":{"0":"post-12304","1":"product","2":"type-product","3":"status-publish","4":"has-post-thumbnail","6":"product_cat-ikebana-verktyg","7":"product_cat-presenttips","8":"desktop-align-left","9":"tablet-align-left","10":"mobile-align-left","11":"ast-product-gallery-layout-horizontal-slider","12":"ast-product-tabs-layout-horizontal","13":"ast-qv-on-image","15":"first","16":"instock","17":"taxable","18":"shipping-taxable","19":"purchasable","20":"product-type-simple"},"aioseo_notices":[],"uagb_featured_image_src":{"full":["https:\/\/unikbotanik.se\/wp-content\/uploads\/2023\/01\/VWAZ002017a_s.jpg",1000,1000,false],"thumbnail":["https:\/\/unikbotanik.se\/wp-content\/uploads\/2023\/01\/VWAZ002017a_s-150x150.jpg",150,150,true],"medium":["https:\/\/unikbotanik.se\/wp-content\/uploads\/2023\/01\/VWAZ002017a_s-300x300.jpg",300,300,true],"medium_large":["https:\/\/unikbotanik.se\/wp-content\/uploads\/2023\/01\/VWAZ002017a_s-768x768.jpg",768,768,true],"large":["https:\/\/unikbotanik.se\/wp-content\/uploads\/2023\/01\/VWAZ002017a_s.jpg",1000,1000,false],"1536x1536":["https:\/\/unikbotanik.se\/wp-content\/uploads\/2023\/01\/VWAZ002017a_s.jpg",1000,1000,false],"2048x2048":["https:\/\/unikbotanik.se\/wp-content\/uploads\/2023\/01\/VWAZ002017a_s.jpg",1000,1000,false],"woocommerce_thumbnail":["https:\/\/unikbotanik.se\/wp-content\/uploads\/2023\/01\/VWAZ002017a_s-300x300.jpg",300,300,true],"woocommerce_single":["https:\/\/unikbotanik.se\/wp-content\/uploads\/2023\/01\/VWAZ002017a_s-600x600.jpg",600,600,true],"woocommerce_gallery_thumbnail":["https:\/\/unikbotanik.se\/wp-content\/uploads\/2023\/01\/VWAZ002017a_s-100x100.jpg",100,100,true]},"uagb_author_info":{"display_name":"unikbotanik","author_link":"https:\/\/unikbotanik.se\/sv\/author\/"},"uagb_comment_info":0,"uagb_excerpt":"Handgjord rektangul\u00e4r kenzan f\u00f6r japanska blomsterarrangemang, ikebana. Placeras i botten p\u00e5 vasen. Blommor spetsas p\u00e5 de vassa m\u00e4ssingstaggarna och h\u00e5lls p\u00e5 plats av den massiva tyngden. Denna l\u00e5ngsmala rektangul\u00e4ra form passar bra om du vill g\u00f6ra breda arrangemang eller till l\u00e5ngsmala vaser. Tekniska data: Dimensioner: 87 x 33 mm H\u00f6jd: 20 mm Taggar: 188 st&hellip;","_links":{"self":[{"href":"https:\/\/unikbotanik.se\/sv\/wp-json\/wp\/v2\/product\/12304","targetHints":{"allow":["GET"]}}],"collection":[{"href":"https:\/\/unikbotanik.se\/sv\/wp-json\/wp\/v2\/product"}],"about":[{"href":"https:\/\/unikbotanik.se\/sv\/wp-json\/wp\/v2\/types\/product"}],"replies":[{"embeddable":true,"href":"https:\/\/unikbotanik.se\/sv\/wp-json\/wp\/v2\/comments?post=12304"}],"wp:featuredmedia":[{"embeddable":true,"href":"https:\/\/unikbotanik.se\/sv\/wp-json\/wp\/v2\/media\/12308"}],"wp:attachment":[{"href":"https:\/\/unikbotanik.se\/sv\/wp-json\/wp\/v2\/media?parent=12304"}],"wp:term":[{"taxonomy":"product_brand","embeddable":true,"href":"https:\/\/unikbotanik.se\/sv\/wp-json\/wp\/v2\/product_brand?post=12304"},{"taxonomy":"product_cat","embeddable":true,"href":"https:\/\/unikbotanik.se\/sv\/wp-json\/wp\/v2\/product_cat?post=12304"},{"taxonomy":"product_tag","embeddable":true,"href":"https:\/\/unikbotanik.se\/sv\/wp-json\/wp\/v2\/product_tag?post=12304"}],"curies":[{"name":"wp","href":"https:\/\/api.w.org\/{rel}","templated":true}]}}