{"id":12284,"date":"2023-01-11T11:51:46","date_gmt":"2023-01-11T10:51:46","guid":{"rendered":"https:\/\/unikbotanik.se\/?post_type=product&#038;p=12284"},"modified":"2026-02-24T19:37:54","modified_gmt":"2026-02-24T18:37:54","slug":"vermikulit-3-5mm-1-liter","status":"publish","type":"product","link":"https:\/\/unikbotanik.se\/sv\/produkt\/vermikulit-3-5mm-1-liter\/","title":{"rendered":"Vermikulit 3 &#8211; 5mm, 1 liter"},"content":{"rendered":"<p>Vermikuliten \u00e4r steril och kemiskt innert. Den har en skivstruktur\/lamin\u00e4r struktur d\u00e4r vatten kan dras in i skikten i partiklarna. Vermikuliten har en katjonbytarfunktion vilket binder de positivt laddade partiklarna\/metalljonerna i bonsain\u00e4ringen p\u00e5 samma s\u00e4tt som akadama g\u00f6r. D\u00e5 katjonerna fastnar kommer \u00e4ven de negativa delarna, anjoner, som t.ex. nitrat att fastna p\u00e5 kornets yta. D\u00e4refter kan tr\u00e4det laka ur n\u00e4ringen ur kornet.<\/p>\n<p>Vermikulitens vattenh\u00e5llande f\u00f6rm\u00e5ga g\u00f6r den bra som ett tillskott i m\u00e5nga blandningar. 10 &#8211; 30% i en blandning ger viss luftighet samt framf\u00f6r allt god vattenh\u00e5llande f\u00f6rm\u00e5ga utan att f\u00f6r den skull dr\u00e4nka v\u00e4xten.<\/p>\n<p>Vermikuliten \u00e4r ocks\u00e5 steril och bakterier och svamp har sv\u00e5rt att f\u00e5 f\u00e4ste vilket g\u00f6r det ypperligt f\u00f6r k\u00e4nsliga stadier i en plantas liv som sticklingar och nys\u00e5dda fr\u00f6er.<\/p>\n<p>Till skillnad fr\u00e5n akadama h\u00e5ller vermikuliten vatten v\u00e4ldigt effektivt utan de dr\u00e4nerande egenskaper akadaman har. Tills\u00e4tt d\u00e4rf\u00f6r vermikulit hos de tr\u00e4d som kommer vattnas mer s\u00e4llan eller som t\u00e5l en h\u00f6gre fuktm\u00e4ngd i rotsystemet.<\/p>\n<p>Vermikuliten \u00e4r ocks\u00e5 ett perfekt medium att toppa av med n\u00e4r du s\u00e4tter fr\u00f6n, s\u00e5 dessa inte torkar ut. V\u00e4lj d\u00e5 ett n\u00e5got b\u00e4ttre dr\u00e4nerande material under som t.ex. perlit, akadama eller pimpsten.<\/p>\n<p>P\u00e5 samma s\u00e4tt kan du l\u00e4gga fr\u00f6n i fuktad vermikulit f\u00f6r stratifiering, f\u00f6rgroning i kylsk\u00e5p. Den sterila vermil\u1e31uliten skyddar mot m\u00f6gel under kylsk\u00e5psvistelsen.<\/p>\n<p>Vermikulit \u00e4r ypperligt till t.ex. ormbunkar och mossodling, d\u00e4r fukt \u00e4r ett m\u00e5ste. Blanda med andra f\u00f6r arten l\u00e4mpliga substrat.<\/p>\n<p>Vermikulit \u00e4r ocks\u00e5 obr\u00e4nnbart och t\u00e5l \u00f6ver 1100 grader, varf\u00f6r det g\u00e5r att anv\u00e4nda som isolering runt varma ytor som t.ex. skorstenar och eldst\u00e4der. (Ta kontakt med din lokala sotarm\u00e4stare f\u00f6r r\u00e5d kring b\u00e4sta l\u00f6sningarna.)<\/p>\n<p>Kornstorlek: 3 &#8211; 5mm<br \/>\nVolym: 1l<br \/>\nVikt: 80 &#8211; 100g<\/p>\n<p>Undvik att andas in mineraldamm. S\u00e5llning och bearbetning g\u00f6rs b\u00e4st utomhus eller med god ventilation.<\/p>\n","protected":false},"excerpt":{"rendered":"<p>Vermikuliten \u00e4r steril och kemiskt innert. Den har en skivstruktur\/lamin\u00e4r struktur d\u00e4r vatten kan dras in i skikten i partiklarna. Vermikuliten har en katjonbytarfunktion vilket binder de positivt laddade partiklarna\/metalljonerna i bonsain\u00e4ringen p\u00e5 samma s\u00e4tt som akadama g\u00f6r. D\u00e5 katjonerna fastnar kommer \u00e4ven de negativa delarna, anjoner, som t.ex. nitrat att fastna p\u00e5 kornets yta. [&hellip;]<\/p>\n","protected":false},"featured_media":12371,"comment_status":"open","ping_status":"closed","template":"","meta":{"_uag_custom_page_level_css":"","_uf_show_specific_survey":0,"_uf_disable_surveys":false,"site-sidebar-layout":"default","site-content-layout":"","ast-site-content-layout":"default","site-content-style":"default","site-sidebar-style":"default","ast-global-header-display":"","ast-banner-title-visibility":"","ast-main-header-display":"","ast-hfb-above-header-display":"","ast-hfb-below-header-display":"","ast-hfb-mobile-header-display":"","site-post-title":"","ast-breadcrumbs-content":"","ast-featured-img":"","footer-sml-layout":"","ast-disable-related-posts":"","theme-transparent-header-meta":"","adv-header-id-meta":"","stick-header-meta":"","header-above-stick-meta":"","header-main-stick-meta":"","header-below-stick-meta":"","astra-migrate-meta-layouts":"default","ast-page-background-enabled":"default","ast-page-background-meta":{"desktop":{"background-color":"var(--ast-global-color-4)","background-image":"","background-repeat":"repeat","background-position":"center center","background-size":"auto","background-attachment":"scroll","background-type":"","background-media":"","overlay-type":"","overlay-color":"","overlay-opacity":"","overlay-gradient":""},"tablet":{"background-color":"","background-image":"","background-repeat":"repeat","background-position":"center center","background-size":"auto","background-attachment":"scroll","background-type":"","background-media":"","overlay-type":"","overlay-color":"","overlay-opacity":"","overlay-gradient":""},"mobile":{"background-color":"","background-image":"","background-repeat":"repeat","background-position":"center center","background-size":"auto","background-attachment":"scroll","background-type":"","background-media":"","overlay-type":"","overlay-color":"","overlay-opacity":"","overlay-gradient":""}},"ast-content-background-meta":{"desktop":{"background-color":"var(--ast-global-color-5)","background-image":"","background-repeat":"repeat","background-position":"center center","background-size":"auto","background-attachment":"scroll","background-type":"","background-media":"","overlay-type":"","overlay-color":"","overlay-opacity":"","overlay-gradient":""},"tablet":{"background-color":"var(--ast-global-color-5)","background-image":"","background-repeat":"repeat","background-position":"center center","background-size":"auto","background-attachment":"scroll","background-type":"","background-media":"","overlay-type":"","overlay-color":"","overlay-opacity":"","overlay-gradient":""},"mobile":{"background-color":"var(--ast-global-color-5)","background-image":"","background-repeat":"repeat","background-position":"center center","background-size":"auto","background-attachment":"scroll","background-type":"","background-media":"","overlay-type":"","overlay-color":"","overlay-opacity":"","overlay-gradient":""}}},"product_brand":[],"product_cat":[257],"product_tag":[],"class_list":{"0":"post-12284","1":"product","2":"type-product","3":"status-publish","4":"has-post-thumbnail","6":"product_cat-vermikulit","7":"desktop-align-left","8":"tablet-align-left","9":"mobile-align-left","10":"ast-product-gallery-layout-horizontal-slider","11":"ast-product-tabs-layout-horizontal","12":"ast-qv-on-image","14":"first","15":"instock","16":"taxable","17":"shipping-taxable","18":"purchasable","19":"product-type-simple"},"aioseo_notices":[],"uagb_featured_image_src":{"full":["https:\/\/unikbotanik.se\/wp-content\/uploads\/2023\/01\/Vermikulit_s.jpg",1000,1000,false],"thumbnail":["https:\/\/unikbotanik.se\/wp-content\/uploads\/2023\/01\/Vermikulit_s-150x150.jpg",150,150,true],"medium":["https:\/\/unikbotanik.se\/wp-content\/uploads\/2023\/01\/Vermikulit_s-300x300.jpg",300,300,true],"medium_large":["https:\/\/unikbotanik.se\/wp-content\/uploads\/2023\/01\/Vermikulit_s-768x768.jpg",768,768,true],"large":["https:\/\/unikbotanik.se\/wp-content\/uploads\/2023\/01\/Vermikulit_s.jpg",1000,1000,false],"1536x1536":["https:\/\/unikbotanik.se\/wp-content\/uploads\/2023\/01\/Vermikulit_s.jpg",1000,1000,false],"2048x2048":["https:\/\/unikbotanik.se\/wp-content\/uploads\/2023\/01\/Vermikulit_s.jpg",1000,1000,false],"woocommerce_thumbnail":["https:\/\/unikbotanik.se\/wp-content\/uploads\/2023\/01\/Vermikulit_s-300x300.jpg",300,300,true],"woocommerce_single":["https:\/\/unikbotanik.se\/wp-content\/uploads\/2023\/01\/Vermikulit_s-600x600.jpg",600,600,true],"woocommerce_gallery_thumbnail":["https:\/\/unikbotanik.se\/wp-content\/uploads\/2023\/01\/Vermikulit_s-100x100.jpg",100,100,true]},"uagb_author_info":{"display_name":"unikbotanik","author_link":"https:\/\/unikbotanik.se\/sv\/author\/"},"uagb_comment_info":0,"uagb_excerpt":"Vermikuliten \u00e4r steril och kemiskt innert. Den har en skivstruktur\/lamin\u00e4r struktur d\u00e4r vatten kan dras in i skikten i partiklarna. Vermikuliten har en katjonbytarfunktion vilket binder de positivt laddade partiklarna\/metalljonerna i bonsain\u00e4ringen p\u00e5 samma s\u00e4tt som akadama g\u00f6r. D\u00e5 katjonerna fastnar kommer \u00e4ven de negativa delarna, anjoner, som t.ex. nitrat att fastna p\u00e5 kornets yta.&hellip;","_links":{"self":[{"href":"https:\/\/unikbotanik.se\/sv\/wp-json\/wp\/v2\/product\/12284","targetHints":{"allow":["GET"]}}],"collection":[{"href":"https:\/\/unikbotanik.se\/sv\/wp-json\/wp\/v2\/product"}],"about":[{"href":"https:\/\/unikbotanik.se\/sv\/wp-json\/wp\/v2\/types\/product"}],"replies":[{"embeddable":true,"href":"https:\/\/unikbotanik.se\/sv\/wp-json\/wp\/v2\/comments?post=12284"}],"wp:featuredmedia":[{"embeddable":true,"href":"https:\/\/unikbotanik.se\/sv\/wp-json\/wp\/v2\/media\/12371"}],"wp:attachment":[{"href":"https:\/\/unikbotanik.se\/sv\/wp-json\/wp\/v2\/media?parent=12284"}],"wp:term":[{"taxonomy":"product_brand","embeddable":true,"href":"https:\/\/unikbotanik.se\/sv\/wp-json\/wp\/v2\/product_brand?post=12284"},{"taxonomy":"product_cat","embeddable":true,"href":"https:\/\/unikbotanik.se\/sv\/wp-json\/wp\/v2\/product_cat?post=12284"},{"taxonomy":"product_tag","embeddable":true,"href":"https:\/\/unikbotanik.se\/sv\/wp-json\/wp\/v2\/product_tag?post=12284"}],"curies":[{"name":"wp","href":"https:\/\/api.w.org\/{rel}","templated":true}]}}