{"id":12281,"date":"2023-01-11T11:29:15","date_gmt":"2023-01-11T10:29:15","guid":{"rendered":"https:\/\/unikbotanik.se\/?post_type=product&#038;p=12281"},"modified":"2025-11-11T11:19:05","modified_gmt":"2025-11-11T10:19:05","slug":"perlit-05-6mm-10-liter","status":"publish","type":"product","link":"https:\/\/unikbotanik.se\/sv\/produkt\/perlit-05-6mm-10-liter\/","title":{"rendered":"Perlit 0,5 &#8211; 6mm, 10 liter"},"content":{"rendered":"<p>Perlit \u00e4r ett naturmaterial, upphettat f\u00f6r att f\u00e5 en fluffig och l\u00e4tt struktur. Perliten \u00e4r v\u00e4ldr\u00e4nerande och luftig f\u00f6r bra rottillv\u00e4xt.<\/p>\n<p>Perlit fungerar bra till sticklingar d\u00e5 den \u00e4r b\u00e5de steril och luftig och ger bra plats f\u00f6r rottillv\u00e4xt.<\/p>\n<p>Samtidigt f\u00f6rb\u00e4ttrar den annars kompakt jord i bonsaikrukor, orkid\u00e9blandningar och f\u00f6r kaktusar och andra succulenter. En iblandning p\u00e5 10 &#8211; 30% luftar de flesta jordblandningar mycket bra.<\/p>\n<p>Perlit \u00e4r ocks\u00e5 ett bra material f\u00f6r ljusgroende fr\u00f6er som normalt beh\u00f6ver ljus f\u00f6r att ta sig. T\u00e4cker du med perlit f\u00e5r fr\u00f6erna forfarande ljus men har det skydd som ett jordlager annars bidrar med.<\/p>\n<p>Perlit \u00e4r ocks\u00e5 ett ypperligt material f\u00f6r att s\u00e5 kaktusfr\u00f6n, som annars \u00e4r k\u00e4nsliga f\u00f6r bl.a. m\u00f6gel och beh\u00f6ver god tid p\u00e5 sig.<\/p>\n<p>&nbsp;<\/p>\n<p>Kornstorlek: 0,5 &#8211; 6mm<br \/>\nVolym: 10l<br \/>\nVikt: 800 &#8211; 1000g<\/p>\n<p>Undvik att andas in mineraldamm. S\u00e5llning och bearbetning g\u00f6rs b\u00e4st utomhus eller med god ventilation.<\/p>\n","protected":false},"excerpt":{"rendered":"<p>Perlit \u00e4r ett naturmaterial, upphettat f\u00f6r att f\u00e5 en fluffig och l\u00e4tt struktur. Perliten \u00e4r v\u00e4ldr\u00e4nerande och luftig f\u00f6r bra rottillv\u00e4xt. Perlit fungerar bra till sticklingar d\u00e5 den \u00e4r b\u00e5de steril och luftig och ger bra plats f\u00f6r rottillv\u00e4xt. Samtidigt f\u00f6rb\u00e4ttrar den annars kompakt jord i bonsaikrukor, orkid\u00e9blandningar och f\u00f6r kaktusar och andra succulenter. En [&hellip;]<\/p>\n","protected":false},"featured_media":12374,"comment_status":"open","ping_status":"closed","template":"","meta":{"_uag_custom_page_level_css":"","_uf_show_specific_survey":0,"_uf_disable_surveys":false,"site-sidebar-layout":"default","site-content-layout":"","ast-site-content-layout":"default","site-content-style":"default","site-sidebar-style":"default","ast-global-header-display":"","ast-banner-title-visibility":"","ast-main-header-display":"","ast-hfb-above-header-display":"","ast-hfb-below-header-display":"","ast-hfb-mobile-header-display":"","site-post-title":"","ast-breadcrumbs-content":"","ast-featured-img":"","footer-sml-layout":"","ast-disable-related-posts":"","theme-transparent-header-meta":"default","adv-header-id-meta":"","stick-header-meta":"","header-above-stick-meta":"","header-main-stick-meta":"","header-below-stick-meta":"","astra-migrate-meta-layouts":"set","ast-page-background-enabled":"default","ast-page-background-meta":{"desktop":{"background-color":"var(--ast-global-color-4)","background-image":"","background-repeat":"repeat","background-position":"center center","background-size":"auto","background-attachment":"scroll","background-type":"","background-media":"","overlay-type":"","overlay-color":"","overlay-opacity":"","overlay-gradient":""},"tablet":{"background-color":"","background-image":"","background-repeat":"repeat","background-position":"center center","background-size":"auto","background-attachment":"scroll","background-type":"","background-media":"","overlay-type":"","overlay-color":"","overlay-opacity":"","overlay-gradient":""},"mobile":{"background-color":"","background-image":"","background-repeat":"repeat","background-position":"center center","background-size":"auto","background-attachment":"scroll","background-type":"","background-media":"","overlay-type":"","overlay-color":"","overlay-opacity":"","overlay-gradient":""}},"ast-content-background-meta":{"desktop":{"background-color":"var(--ast-global-color-5)","background-image":"","background-repeat":"repeat","background-position":"center center","background-size":"auto","background-attachment":"scroll","background-type":"","background-media":"","overlay-type":"","overlay-color":"","overlay-opacity":"","overlay-gradient":""},"tablet":{"background-color":"var(--ast-global-color-5)","background-image":"","background-repeat":"repeat","background-position":"center center","background-size":"auto","background-attachment":"scroll","background-type":"","background-media":"","overlay-type":"","overlay-color":"","overlay-opacity":"","overlay-gradient":""},"mobile":{"background-color":"var(--ast-global-color-5)","background-image":"","background-repeat":"repeat","background-position":"center center","background-size":"auto","background-attachment":"scroll","background-type":"","background-media":"","overlay-type":"","overlay-color":"","overlay-opacity":"","overlay-gradient":""}}},"product_brand":[],"product_cat":[260],"product_tag":[],"class_list":{"0":"post-12281","1":"product","2":"type-product","3":"status-publish","4":"has-post-thumbnail","6":"product_cat-perlit-odlingsmedium","7":"desktop-align-left","8":"tablet-align-left","9":"mobile-align-left","10":"ast-product-gallery-layout-horizontal-slider","11":"ast-product-gallery-with-no-image","12":"ast-product-tabs-layout-horizontal","13":"ast-qv-on-image","15":"first","16":"instock","17":"taxable","18":"shipping-taxable","19":"purchasable","20":"product-type-simple"},"aioseo_notices":[],"uagb_featured_image_src":{"full":["https:\/\/unikbotanik.se\/wp-content\/uploads\/2023\/01\/Perlit_2-6mm_s.jpg",1000,1000,false],"thumbnail":["https:\/\/unikbotanik.se\/wp-content\/uploads\/2023\/01\/Perlit_2-6mm_s-150x150.jpg",150,150,true],"medium":["https:\/\/unikbotanik.se\/wp-content\/uploads\/2023\/01\/Perlit_2-6mm_s-300x300.jpg",300,300,true],"medium_large":["https:\/\/unikbotanik.se\/wp-content\/uploads\/2023\/01\/Perlit_2-6mm_s-768x768.jpg",768,768,true],"large":["https:\/\/unikbotanik.se\/wp-content\/uploads\/2023\/01\/Perlit_2-6mm_s.jpg",1000,1000,false],"1536x1536":["https:\/\/unikbotanik.se\/wp-content\/uploads\/2023\/01\/Perlit_2-6mm_s.jpg",1000,1000,false],"2048x2048":["https:\/\/unikbotanik.se\/wp-content\/uploads\/2023\/01\/Perlit_2-6mm_s.jpg",1000,1000,false],"woocommerce_thumbnail":["https:\/\/unikbotanik.se\/wp-content\/uploads\/2023\/01\/Perlit_2-6mm_s-300x300.jpg",300,300,true],"woocommerce_single":["https:\/\/unikbotanik.se\/wp-content\/uploads\/2023\/01\/Perlit_2-6mm_s-600x600.jpg",600,600,true],"woocommerce_gallery_thumbnail":["https:\/\/unikbotanik.se\/wp-content\/uploads\/2023\/01\/Perlit_2-6mm_s-100x100.jpg",100,100,true]},"uagb_author_info":{"display_name":"unikbotanik","author_link":"https:\/\/unikbotanik.se\/sv\/author\/"},"uagb_comment_info":0,"uagb_excerpt":"Perlit \u00e4r ett naturmaterial, upphettat f\u00f6r att f\u00e5 en fluffig och l\u00e4tt struktur. Perliten \u00e4r v\u00e4ldr\u00e4nerande och luftig f\u00f6r bra rottillv\u00e4xt. Perlit fungerar bra till sticklingar d\u00e5 den \u00e4r b\u00e5de steril och luftig och ger bra plats f\u00f6r rottillv\u00e4xt. Samtidigt f\u00f6rb\u00e4ttrar den annars kompakt jord i bonsaikrukor, orkid\u00e9blandningar och f\u00f6r kaktusar och andra succulenter. En&hellip;","_links":{"self":[{"href":"https:\/\/unikbotanik.se\/sv\/wp-json\/wp\/v2\/product\/12281","targetHints":{"allow":["GET"]}}],"collection":[{"href":"https:\/\/unikbotanik.se\/sv\/wp-json\/wp\/v2\/product"}],"about":[{"href":"https:\/\/unikbotanik.se\/sv\/wp-json\/wp\/v2\/types\/product"}],"replies":[{"embeddable":true,"href":"https:\/\/unikbotanik.se\/sv\/wp-json\/wp\/v2\/comments?post=12281"}],"wp:featuredmedia":[{"embeddable":true,"href":"https:\/\/unikbotanik.se\/sv\/wp-json\/wp\/v2\/media\/12374"}],"wp:attachment":[{"href":"https:\/\/unikbotanik.se\/sv\/wp-json\/wp\/v2\/media?parent=12281"}],"wp:term":[{"taxonomy":"product_brand","embeddable":true,"href":"https:\/\/unikbotanik.se\/sv\/wp-json\/wp\/v2\/product_brand?post=12281"},{"taxonomy":"product_cat","embeddable":true,"href":"https:\/\/unikbotanik.se\/sv\/wp-json\/wp\/v2\/product_cat?post=12281"},{"taxonomy":"product_tag","embeddable":true,"href":"https:\/\/unikbotanik.se\/sv\/wp-json\/wp\/v2\/product_tag?post=12281"}],"curies":[{"name":"wp","href":"https:\/\/api.w.org\/{rel}","templated":true}]}}