{"id":12214,"date":"2023-01-09T15:22:35","date_gmt":"2023-01-09T14:22:35","guid":{"rendered":"https:\/\/unikbotanik.se\/?post_type=product&#038;p=12214"},"modified":"2026-03-10T13:50:58","modified_gmt":"2026-03-10T12:50:58","slug":"gor-din-egen-blandning","status":"publish","type":"product","link":"https:\/\/unikbotanik.se\/sv\/produkt\/gor-din-egen-blandning\/","title":{"rendered":"G\u00f6r din egen blandning"},"content":{"rendered":"<p>Vill du inte k\u00f6pa en hel liter av varje jordsort, kan du h\u00e4r v\u00e4lja en egen blandning.<br \/>\nDu best\u00e4mmer hur mycket du vill ha av varje sort, s\u00e5 blandar vi \u00e5t dig.<br \/>\nBlandningen s\u00e4ljs i hela liter.<\/p>\n<p>V\u00e4lj p\u00e5 f\u00f6ljande:<br \/>\nAkadama\u00a0 2 mm<br \/>\nAkadama 2 &#8211; 6 mm<br \/>\nAkadama 6 &#8211; 12 mm<br \/>\nAkadama 15 &#8211; 25mm<br \/>\nKanuma 2 &#8211; 8 mm<br \/>\nKetomix<br \/>\nKiryu 3 &#8211; 6 mm<br \/>\nKiryu 5,5 &#8211; 10 mm<br \/>\nLavasand, r\u00f6d<br \/>\nPerlit 3 &#8211; 8 mm<br \/>\nPimpsten 3 &#8211; 6 mm<br \/>\nPimpsten 15 &#8211; 25 mm<br \/>\nSakadama 3 &#8211; 8<br \/>\nVermikulit 3 &#8211; 8 mm<\/p>\n<p>L\u00e4gg det antal som \u00f6nskas i varukorgen. I kassan skriver du sedan i meddelandef\u00e4ltet vilka sorter du \u00f6nskar och hur mycket av varje. Du kan skriva i procent, delar eller dl. T\u00e4nk p\u00e5 att det ska bli hela liter.<\/p>\n<p>Skriv t.ex:<br \/>\n2dl lavasand 3 &#8211; 8mm<br \/>\n2 dl pimpsten 3 &#8211; 6mm<br \/>\n6dl akadama 3 &#8211; 6mm<\/p>\n<p>eller<\/p>\n<p>1 del lavasand 3 &#8211; 8mm<br \/>\n1 del pimpsten 3 &#8211; 6mm<br \/>\n3 delar akadama 3 &#8211; 6mm<\/p>\n<p>\u00c4r du os\u00e4ker p\u00e5 vilken blandning som passar ditt tr\u00e4d? H\u00f6r av dig till oss, info@unikbotanik.se.<\/p>\n<p>Observera att en viss del damm alltid kommer med.<\/p>\n<p>&nbsp;<\/p>\n","protected":false},"excerpt":{"rendered":"<p>Vill du inte k\u00f6pa en hel liter av varje jordsort, kan du h\u00e4r v\u00e4lja en egen blandning. Du best\u00e4mmer hur mycket du vill ha av varje sort, s\u00e5 blandar vi \u00e5t dig. Blandningen s\u00e4ljs i hela liter. V\u00e4lj p\u00e5 f\u00f6ljande: Akadama\u00a0 2 mm Akadama 2 &#8211; 6 mm Akadama 6 &#8211; 12 mm Akadama 15 [&hellip;]<\/p>\n","protected":false},"featured_media":12395,"comment_status":"open","ping_status":"closed","template":"","meta":{"_uag_custom_page_level_css":"","_uf_show_specific_survey":0,"_uf_disable_surveys":false,"site-sidebar-layout":"default","site-content-layout":"","ast-site-content-layout":"default","site-content-style":"default","site-sidebar-style":"default","ast-global-header-display":"","ast-banner-title-visibility":"","ast-main-header-display":"","ast-hfb-above-header-display":"","ast-hfb-below-header-display":"","ast-hfb-mobile-header-display":"","site-post-title":"","ast-breadcrumbs-content":"","ast-featured-img":"","footer-sml-layout":"","ast-disable-related-posts":"","theme-transparent-header-meta":"","adv-header-id-meta":"","stick-header-meta":"","header-above-stick-meta":"","header-main-stick-meta":"","header-below-stick-meta":"","astra-migrate-meta-layouts":"default","ast-page-background-enabled":"default","ast-page-background-meta":{"desktop":{"background-color":"var(--ast-global-color-4)","background-image":"","background-repeat":"repeat","background-position":"center center","background-size":"auto","background-attachment":"scroll","background-type":"","background-media":"","overlay-type":"","overlay-color":"","overlay-opacity":"","overlay-gradient":""},"tablet":{"background-color":"","background-image":"","background-repeat":"repeat","background-position":"center center","background-size":"auto","background-attachment":"scroll","background-type":"","background-media":"","overlay-type":"","overlay-color":"","overlay-opacity":"","overlay-gradient":""},"mobile":{"background-color":"","background-image":"","background-repeat":"repeat","background-position":"center center","background-size":"auto","background-attachment":"scroll","background-type":"","background-media":"","overlay-type":"","overlay-color":"","overlay-opacity":"","overlay-gradient":""}},"ast-content-background-meta":{"desktop":{"background-color":"var(--ast-global-color-5)","background-image":"","background-repeat":"repeat","background-position":"center center","background-size":"auto","background-attachment":"scroll","background-type":"","background-media":"","overlay-type":"","overlay-color":"","overlay-opacity":"","overlay-gradient":""},"tablet":{"background-color":"var(--ast-global-color-5)","background-image":"","background-repeat":"repeat","background-position":"center center","background-size":"auto","background-attachment":"scroll","background-type":"","background-media":"","overlay-type":"","overlay-color":"","overlay-opacity":"","overlay-gradient":""},"mobile":{"background-color":"var(--ast-global-color-5)","background-image":"","background-repeat":"repeat","background-position":"center center","background-size":"auto","background-attachment":"scroll","background-type":"","background-media":"","overlay-type":"","overlay-color":"","overlay-opacity":"","overlay-gradient":""}}},"product_brand":[],"product_cat":[444,36],"product_tag":[],"class_list":{"0":"post-12214","1":"product","2":"type-product","3":"status-publish","4":"has-post-thumbnail","6":"product_cat-jordblandningar","7":"product_cat-odlingsmedium","8":"desktop-align-left","9":"tablet-align-left","10":"mobile-align-left","11":"ast-product-gallery-layout-horizontal-slider","12":"ast-product-tabs-layout-horizontal","13":"ast-qv-on-image","15":"first","16":"instock","17":"taxable","18":"shipping-taxable","19":"purchasable","20":"product-type-simple"},"aioseo_notices":[],"uagb_featured_image_src":{"full":["https:\/\/unikbotanik.se\/wp-content\/uploads\/2020\/06\/Pipmpsten_3-6mm_s.jpg",1000,1000,false],"thumbnail":["https:\/\/unikbotanik.se\/wp-content\/uploads\/2020\/06\/Pipmpsten_3-6mm_s-150x150.jpg",150,150,true],"medium":["https:\/\/unikbotanik.se\/wp-content\/uploads\/2020\/06\/Pipmpsten_3-6mm_s-300x300.jpg",300,300,true],"medium_large":["https:\/\/unikbotanik.se\/wp-content\/uploads\/2020\/06\/Pipmpsten_3-6mm_s-768x768.jpg",768,768,true],"large":["https:\/\/unikbotanik.se\/wp-content\/uploads\/2020\/06\/Pipmpsten_3-6mm_s.jpg",1000,1000,false],"1536x1536":["https:\/\/unikbotanik.se\/wp-content\/uploads\/2020\/06\/Pipmpsten_3-6mm_s.jpg",1000,1000,false],"2048x2048":["https:\/\/unikbotanik.se\/wp-content\/uploads\/2020\/06\/Pipmpsten_3-6mm_s.jpg",1000,1000,false],"woocommerce_thumbnail":["https:\/\/unikbotanik.se\/wp-content\/uploads\/2020\/06\/Pipmpsten_3-6mm_s-300x300.jpg",300,300,true],"woocommerce_single":["https:\/\/unikbotanik.se\/wp-content\/uploads\/2020\/06\/Pipmpsten_3-6mm_s-600x600.jpg",600,600,true],"woocommerce_gallery_thumbnail":["https:\/\/unikbotanik.se\/wp-content\/uploads\/2020\/06\/Pipmpsten_3-6mm_s-100x100.jpg",100,100,true]},"uagb_author_info":{"display_name":"unikbotanik","author_link":"https:\/\/unikbotanik.se\/sv\/author\/"},"uagb_comment_info":0,"uagb_excerpt":"Vill du inte k\u00f6pa en hel liter av varje jordsort, kan du h\u00e4r v\u00e4lja en egen blandning. Du best\u00e4mmer hur mycket du vill ha av varje sort, s\u00e5 blandar vi \u00e5t dig. Blandningen s\u00e4ljs i hela liter. V\u00e4lj p\u00e5 f\u00f6ljande: Akadama\u00a0 2 mm Akadama 2 &#8211; 6 mm Akadama 6 &#8211; 12 mm Akadama 15&hellip;","_links":{"self":[{"href":"https:\/\/unikbotanik.se\/sv\/wp-json\/wp\/v2\/product\/12214","targetHints":{"allow":["GET"]}}],"collection":[{"href":"https:\/\/unikbotanik.se\/sv\/wp-json\/wp\/v2\/product"}],"about":[{"href":"https:\/\/unikbotanik.se\/sv\/wp-json\/wp\/v2\/types\/product"}],"replies":[{"embeddable":true,"href":"https:\/\/unikbotanik.se\/sv\/wp-json\/wp\/v2\/comments?post=12214"}],"wp:featuredmedia":[{"embeddable":true,"href":"https:\/\/unikbotanik.se\/sv\/wp-json\/wp\/v2\/media\/12395"}],"wp:attachment":[{"href":"https:\/\/unikbotanik.se\/sv\/wp-json\/wp\/v2\/media?parent=12214"}],"wp:term":[{"taxonomy":"product_brand","embeddable":true,"href":"https:\/\/unikbotanik.se\/sv\/wp-json\/wp\/v2\/product_brand?post=12214"},{"taxonomy":"product_cat","embeddable":true,"href":"https:\/\/unikbotanik.se\/sv\/wp-json\/wp\/v2\/product_cat?post=12214"},{"taxonomy":"product_tag","embeddable":true,"href":"https:\/\/unikbotanik.se\/sv\/wp-json\/wp\/v2\/product_tag?post=12214"}],"curies":[{"name":"wp","href":"https:\/\/api.w.org\/{rel}","templated":true}]}}