{"id":11907,"date":"2022-12-03T16:04:15","date_gmt":"2022-12-03T15:04:15","guid":{"rendered":"https:\/\/unikbotanik.se\/?post_type=product&#038;p=11907"},"modified":"2025-11-30T19:09:39","modified_gmt":"2025-11-30T18:09:39","slug":"sakadama-3-5-mm-brand-vid-600-grader-1-liter","status":"publish","type":"product","link":"https:\/\/unikbotanik.se\/sv\/produkt\/sakadama-3-5-mm-brand-vid-600-grader-1-liter\/","title":{"rendered":"Sakadama 3 &#8211; 5 mm, br\u00e4nd vid 600 grader, 1 liter"},"content":{"rendered":"<p>NY BILD KOMMER SNART<\/p>\n<p>&nbsp;<\/p>\n<p>Sakadama \u00e4r ett h\u00e5rdare br\u00e4nt (600 grader) lermineral fr\u00e5n Sydafrika. Mineralet har sv\u00e4llt under processen vilket g\u00f6r att det har mycket bra dr\u00e4nerande egenskaper genom att de suger upp upp till 85% vatten (vilket \u00e4r mer \u00e4n Akadama). Sakadama har luftfyllda porer (c:a 30%). (Huruvida dessa porer har gasutbyte med omgivningen har vi inga data p\u00e5.<\/p>\n<p>Sakadaman \u00e4r en bra vattenh\u00e5llare. Den har ett neutralt pH-v\u00e4rde och jonbytarfunktion som bevarar g\u00f6dningen i krukan.<\/p>\n<p>Den h\u00e5rda br\u00e4nningen vid 600 grader g\u00f6r kornen fluffigare och stabilare. Det g\u00f6r den b\u00e4ttre f\u00f6r \u00e4ldre tr\u00e4d som skall st\u00e5 m\u00e5nga \u00e5r i krukan. Den passar ocks\u00e5 mycket bra f\u00f6r succulenter eller f\u00f6r att h\u00f6ja dr\u00e4neringen i en blandning med akadama.<\/p>\n<p>Som vi tolkar det beter den sig som ett mellanting mellan akadama och pimpsten.<\/p>\n<ul>\n<li>Torrdensitet: 600g\/l<\/li>\n<li>Vattenabsorption: c:a 85%<\/li>\n<li>Vikt: c:a 600 g torrvikt<\/li>\n<li>Volym: c:a 1 liter<\/li>\n<li>Luftvolym i porer 30%<\/li>\n<li>kornstorlek.: 3-5mm<\/li>\n<\/ul>\n<p>&nbsp;<\/p>\n","protected":false},"excerpt":{"rendered":"<p>NY BILD KOMMER SNART &nbsp; Sakadama \u00e4r ett h\u00e5rdare br\u00e4nt (600 grader) lermineral fr\u00e5n Sydafrika. Mineralet har sv\u00e4llt under processen vilket g\u00f6r att det har mycket bra dr\u00e4nerande egenskaper genom att de suger upp upp till 85% vatten (vilket \u00e4r mer \u00e4n Akadama). Sakadama har luftfyllda porer (c:a 30%). (Huruvida dessa porer har gasutbyte med [&hellip;]<\/p>\n","protected":false},"featured_media":12384,"comment_status":"open","ping_status":"closed","template":"","meta":{"_uag_custom_page_level_css":"","_uf_show_specific_survey":0,"_uf_disable_surveys":false,"site-sidebar-layout":"default","site-content-layout":"","ast-site-content-layout":"default","site-content-style":"default","site-sidebar-style":"default","ast-global-header-display":"","ast-banner-title-visibility":"","ast-main-header-display":"","ast-hfb-above-header-display":"","ast-hfb-below-header-display":"","ast-hfb-mobile-header-display":"","site-post-title":"","ast-breadcrumbs-content":"","ast-featured-img":"","footer-sml-layout":"","ast-disable-related-posts":"","theme-transparent-header-meta":"","adv-header-id-meta":"","stick-header-meta":"","header-above-stick-meta":"","header-main-stick-meta":"","header-below-stick-meta":"","astra-migrate-meta-layouts":"default","ast-page-background-enabled":"default","ast-page-background-meta":{"desktop":{"background-color":"var(--ast-global-color-4)","background-image":"","background-repeat":"repeat","background-position":"center center","background-size":"auto","background-attachment":"scroll","background-type":"","background-media":"","overlay-type":"","overlay-color":"","overlay-opacity":"","overlay-gradient":""},"tablet":{"background-color":"","background-image":"","background-repeat":"repeat","background-position":"center center","background-size":"auto","background-attachment":"scroll","background-type":"","background-media":"","overlay-type":"","overlay-color":"","overlay-opacity":"","overlay-gradient":""},"mobile":{"background-color":"","background-image":"","background-repeat":"repeat","background-position":"center center","background-size":"auto","background-attachment":"scroll","background-type":"","background-media":"","overlay-type":"","overlay-color":"","overlay-opacity":"","overlay-gradient":""}},"ast-content-background-meta":{"desktop":{"background-color":"var(--ast-global-color-5)","background-image":"","background-repeat":"repeat","background-position":"center center","background-size":"auto","background-attachment":"scroll","background-type":"","background-media":"","overlay-type":"","overlay-color":"","overlay-opacity":"","overlay-gradient":""},"tablet":{"background-color":"var(--ast-global-color-5)","background-image":"","background-repeat":"repeat","background-position":"center center","background-size":"auto","background-attachment":"scroll","background-type":"","background-media":"","overlay-type":"","overlay-color":"","overlay-opacity":"","overlay-gradient":""},"mobile":{"background-color":"var(--ast-global-color-5)","background-image":"","background-repeat":"repeat","background-position":"center center","background-size":"auto","background-attachment":"scroll","background-type":"","background-media":"","overlay-type":"","overlay-color":"","overlay-opacity":"","overlay-gradient":""}}},"product_brand":[],"product_cat":[258],"product_tag":[],"class_list":{"0":"post-11907","1":"product","2":"type-product","3":"status-publish","4":"has-post-thumbnail","6":"product_cat-sakadama","7":"desktop-align-left","8":"tablet-align-left","9":"mobile-align-left","10":"ast-product-gallery-layout-horizontal-slider","11":"ast-product-gallery-with-no-image","12":"ast-product-tabs-layout-horizontal","13":"ast-qv-on-image","15":"first","16":"instock","17":"taxable","18":"shipping-taxable","19":"purchasable","20":"product-type-simple"},"aioseo_notices":[],"uagb_featured_image_src":{"full":["https:\/\/unikbotanik.se\/wp-content\/uploads\/2022\/12\/JMIS153135-01.jpg",1000,1000,false],"thumbnail":["https:\/\/unikbotanik.se\/wp-content\/uploads\/2022\/12\/JMIS153135-01-150x150.jpg",150,150,true],"medium":["https:\/\/unikbotanik.se\/wp-content\/uploads\/2022\/12\/JMIS153135-01-300x300.jpg",300,300,true],"medium_large":["https:\/\/unikbotanik.se\/wp-content\/uploads\/2022\/12\/JMIS153135-01-768x768.jpg",768,768,true],"large":["https:\/\/unikbotanik.se\/wp-content\/uploads\/2022\/12\/JMIS153135-01.jpg",1000,1000,false],"1536x1536":["https:\/\/unikbotanik.se\/wp-content\/uploads\/2022\/12\/JMIS153135-01.jpg",1000,1000,false],"2048x2048":["https:\/\/unikbotanik.se\/wp-content\/uploads\/2022\/12\/JMIS153135-01.jpg",1000,1000,false],"woocommerce_thumbnail":["https:\/\/unikbotanik.se\/wp-content\/uploads\/2022\/12\/JMIS153135-01-300x300.jpg",300,300,true],"woocommerce_single":["https:\/\/unikbotanik.se\/wp-content\/uploads\/2022\/12\/JMIS153135-01-600x600.jpg",600,600,true],"woocommerce_gallery_thumbnail":["https:\/\/unikbotanik.se\/wp-content\/uploads\/2022\/12\/JMIS153135-01-100x100.jpg",100,100,true]},"uagb_author_info":{"display_name":"unikbotanik","author_link":"https:\/\/unikbotanik.se\/sv\/author\/"},"uagb_comment_info":0,"uagb_excerpt":"NY BILD KOMMER SNART &nbsp; Sakadama \u00e4r ett h\u00e5rdare br\u00e4nt (600 grader) lermineral fr\u00e5n Sydafrika. Mineralet har sv\u00e4llt under processen vilket g\u00f6r att det har mycket bra dr\u00e4nerande egenskaper genom att de suger upp upp till 85% vatten (vilket \u00e4r mer \u00e4n Akadama). Sakadama har luftfyllda porer (c:a 30%). (Huruvida dessa porer har gasutbyte med&hellip;","_links":{"self":[{"href":"https:\/\/unikbotanik.se\/sv\/wp-json\/wp\/v2\/product\/11907","targetHints":{"allow":["GET"]}}],"collection":[{"href":"https:\/\/unikbotanik.se\/sv\/wp-json\/wp\/v2\/product"}],"about":[{"href":"https:\/\/unikbotanik.se\/sv\/wp-json\/wp\/v2\/types\/product"}],"replies":[{"embeddable":true,"href":"https:\/\/unikbotanik.se\/sv\/wp-json\/wp\/v2\/comments?post=11907"}],"wp:featuredmedia":[{"embeddable":true,"href":"https:\/\/unikbotanik.se\/sv\/wp-json\/wp\/v2\/media\/12384"}],"wp:attachment":[{"href":"https:\/\/unikbotanik.se\/sv\/wp-json\/wp\/v2\/media?parent=11907"}],"wp:term":[{"taxonomy":"product_brand","embeddable":true,"href":"https:\/\/unikbotanik.se\/sv\/wp-json\/wp\/v2\/product_brand?post=11907"},{"taxonomy":"product_cat","embeddable":true,"href":"https:\/\/unikbotanik.se\/sv\/wp-json\/wp\/v2\/product_cat?post=11907"},{"taxonomy":"product_tag","embeddable":true,"href":"https:\/\/unikbotanik.se\/sv\/wp-json\/wp\/v2\/product_tag?post=11907"}],"curies":[{"name":"wp","href":"https:\/\/api.w.org\/{rel}","templated":true}]}}