{"id":11046,"date":"2022-04-30T16:33:59","date_gmt":"2022-04-30T14:33:59","guid":{"rendered":"https:\/\/unikbotanik.se\/?post_type=product&#038;p=11046"},"modified":"2026-02-06T23:57:23","modified_gmt":"2026-02-06T22:57:23","slug":"manekineko-lycko-katt-52-cm-vit","status":"publish","type":"product","link":"https:\/\/unikbotanik.se\/sv\/produkt\/manekineko-lycko-katt-52-cm-vit\/","title":{"rendered":"Manekineko, lycko-katt, 5,2 cm, vit"},"content":{"rendered":"<p>Denna lilla katt \u00e4r en popul\u00e4r figur i den Japanska kulturen och s\u00e4gs bringa lycka och v\u00e4lg\u00e5ng till b\u00e5de sin \u00e4gare och dess f\u00f6retag.<br \/>\nDen uppstr\u00e4ckta tassen symboliserar att den tillkallar lycka, v\u00e4lst\u00e5nd, framg\u00e5ng och pengar.<\/p>\n<p>5,2 cm h\u00f6g.<br \/>\nTillverkad i resin\/harts.<\/p>\n<p>&nbsp;<\/p>\n","protected":false},"excerpt":{"rendered":"<p>Denna lilla katt \u00e4r en popul\u00e4r figur i den Japanska kulturen och s\u00e4gs bringa lycka och v\u00e4lg\u00e5ng till b\u00e5de sin \u00e4gare och dess f\u00f6retag. Den uppstr\u00e4ckta tassen symboliserar att den tillkallar lycka, v\u00e4lst\u00e5nd, framg\u00e5ng och pengar. 5,2 cm h\u00f6g. Tillverkad i resin\/harts. &nbsp;<\/p>\n","protected":false},"featured_media":11048,"comment_status":"open","ping_status":"closed","template":"","meta":{"_uag_custom_page_level_css":"","_uf_show_specific_survey":0,"_uf_disable_surveys":false,"site-sidebar-layout":"default","site-content-layout":"","ast-site-content-layout":"default","site-content-style":"default","site-sidebar-style":"default","ast-global-header-display":"","ast-banner-title-visibility":"","ast-main-header-display":"","ast-hfb-above-header-display":"","ast-hfb-below-header-display":"","ast-hfb-mobile-header-display":"","site-post-title":"","ast-breadcrumbs-content":"","ast-featured-img":"","footer-sml-layout":"","ast-disable-related-posts":"","theme-transparent-header-meta":"","adv-header-id-meta":"","stick-header-meta":"","header-above-stick-meta":"","header-main-stick-meta":"","header-below-stick-meta":"","astra-migrate-meta-layouts":"default","ast-page-background-enabled":"default","ast-page-background-meta":{"desktop":{"background-color":"var(--ast-global-color-4)","background-image":"","background-repeat":"repeat","background-position":"center center","background-size":"auto","background-attachment":"scroll","background-type":"","background-media":"","overlay-type":"","overlay-color":"","overlay-opacity":"","overlay-gradient":""},"tablet":{"background-color":"","background-image":"","background-repeat":"repeat","background-position":"center center","background-size":"auto","background-attachment":"scroll","background-type":"","background-media":"","overlay-type":"","overlay-color":"","overlay-opacity":"","overlay-gradient":""},"mobile":{"background-color":"","background-image":"","background-repeat":"repeat","background-position":"center center","background-size":"auto","background-attachment":"scroll","background-type":"","background-media":"","overlay-type":"","overlay-color":"","overlay-opacity":"","overlay-gradient":""}},"ast-content-background-meta":{"desktop":{"background-color":"var(--ast-global-color-5)","background-image":"","background-repeat":"repeat","background-position":"center center","background-size":"auto","background-attachment":"scroll","background-type":"","background-media":"","overlay-type":"","overlay-color":"","overlay-opacity":"","overlay-gradient":""},"tablet":{"background-color":"var(--ast-global-color-5)","background-image":"","background-repeat":"repeat","background-position":"center center","background-size":"auto","background-attachment":"scroll","background-type":"","background-media":"","overlay-type":"","overlay-color":"","overlay-opacity":"","overlay-gradient":""},"mobile":{"background-color":"var(--ast-global-color-5)","background-image":"","background-repeat":"repeat","background-position":"center center","background-size":"auto","background-attachment":"scroll","background-type":"","background-media":"","overlay-type":"","overlay-color":"","overlay-opacity":"","overlay-gradient":""}}},"product_brand":[],"product_cat":[162,172],"product_tag":[],"class_list":{"0":"post-11046","1":"product","2":"type-product","3":"status-publish","4":"has-post-thumbnail","6":"product_cat-presenttips","7":"product_cat-utstallning","8":"desktop-align-left","9":"tablet-align-left","10":"mobile-align-left","11":"ast-product-gallery-layout-horizontal-slider","12":"ast-product-tabs-layout-horizontal","13":"ast-qv-on-image","15":"first","16":"instock","17":"taxable","18":"shipping-taxable","19":"purchasable","20":"product-type-simple"},"aioseo_notices":[],"uagb_featured_image_src":{"full":["https:\/\/unikbotanik.se\/wp-content\/uploads\/2022\/04\/PMIS133912.jpg",867,867,false],"thumbnail":["https:\/\/unikbotanik.se\/wp-content\/uploads\/2022\/04\/PMIS133912-150x150.jpg",150,150,true],"medium":["https:\/\/unikbotanik.se\/wp-content\/uploads\/2022\/04\/PMIS133912-300x300.jpg",300,300,true],"medium_large":["https:\/\/unikbotanik.se\/wp-content\/uploads\/2022\/04\/PMIS133912-768x768.jpg",768,768,true],"large":["https:\/\/unikbotanik.se\/wp-content\/uploads\/2022\/04\/PMIS133912.jpg",867,867,false],"1536x1536":["https:\/\/unikbotanik.se\/wp-content\/uploads\/2022\/04\/PMIS133912.jpg",867,867,false],"2048x2048":["https:\/\/unikbotanik.se\/wp-content\/uploads\/2022\/04\/PMIS133912.jpg",867,867,false],"woocommerce_thumbnail":["https:\/\/unikbotanik.se\/wp-content\/uploads\/2022\/04\/PMIS133912-300x300.jpg",300,300,true],"woocommerce_single":["https:\/\/unikbotanik.se\/wp-content\/uploads\/2022\/04\/PMIS133912-600x600.jpg",600,600,true],"woocommerce_gallery_thumbnail":["https:\/\/unikbotanik.se\/wp-content\/uploads\/2022\/04\/PMIS133912-100x100.jpg",100,100,true]},"uagb_author_info":{"display_name":"unikbotanik","author_link":"https:\/\/unikbotanik.se\/sv\/author\/"},"uagb_comment_info":0,"uagb_excerpt":"Denna lilla katt \u00e4r en popul\u00e4r figur i den Japanska kulturen och s\u00e4gs bringa lycka och v\u00e4lg\u00e5ng till b\u00e5de sin \u00e4gare och dess f\u00f6retag. Den uppstr\u00e4ckta tassen symboliserar att den tillkallar lycka, v\u00e4lst\u00e5nd, framg\u00e5ng och pengar. 5,2 cm h\u00f6g. Tillverkad i resin\/harts. &nbsp;","_links":{"self":[{"href":"https:\/\/unikbotanik.se\/sv\/wp-json\/wp\/v2\/product\/11046","targetHints":{"allow":["GET"]}}],"collection":[{"href":"https:\/\/unikbotanik.se\/sv\/wp-json\/wp\/v2\/product"}],"about":[{"href":"https:\/\/unikbotanik.se\/sv\/wp-json\/wp\/v2\/types\/product"}],"replies":[{"embeddable":true,"href":"https:\/\/unikbotanik.se\/sv\/wp-json\/wp\/v2\/comments?post=11046"}],"wp:featuredmedia":[{"embeddable":true,"href":"https:\/\/unikbotanik.se\/sv\/wp-json\/wp\/v2\/media\/11048"}],"wp:attachment":[{"href":"https:\/\/unikbotanik.se\/sv\/wp-json\/wp\/v2\/media?parent=11046"}],"wp:term":[{"taxonomy":"product_brand","embeddable":true,"href":"https:\/\/unikbotanik.se\/sv\/wp-json\/wp\/v2\/product_brand?post=11046"},{"taxonomy":"product_cat","embeddable":true,"href":"https:\/\/unikbotanik.se\/sv\/wp-json\/wp\/v2\/product_cat?post=11046"},{"taxonomy":"product_tag","embeddable":true,"href":"https:\/\/unikbotanik.se\/sv\/wp-json\/wp\/v2\/product_tag?post=11046"}],"curies":[{"name":"wp","href":"https:\/\/api.w.org\/{rel}","templated":true}]}}