{"id":9216,"date":"2021-07-30T21:41:15","date_gmt":"2021-07-30T19:41:15","guid":{"rendered":"https:\/\/unikbotanik.se\/?page_id=9216"},"modified":"2024-01-01T18:18:29","modified_gmt":"2024-01-01T17:18:29","slug":"ikebana-vatten-for-varaktighet","status":"publish","type":"page","link":"https:\/\/unikbotanik.se\/sv\/ikebana-vatten-for-varaktighet\/","title":{"rendered":"Ikebana &#8211; vatten f\u00f6r varaktighet"},"content":{"rendered":"<div class=\"wpb-content-wrapper\"><p>[vc_row el_id=&#8221;1694371817059-bb47805d-6bc7&#8243;][vc_column el_id=&#8221;1694371817066-04a17053-22f9&#8243;][vc_empty_space height=&#8221;40px&#8221;][\/vc_column][\/vc_row][vc_row][vc_column el_id=&#8221;1694371838865-99a997fb-4a2c&#8221;][vc_column_text]<\/p>\r\n<p><strong>F\u00f6r att f\u00e5 ditt ikebana-arrangemang att m\u00e5 bra \u00e4r vatten en av de viktigaste faktorerna. F\u00f6r varaktighet finns det vissa knep som g\u00f6r att de olika v\u00e4xterna beh\u00e5ller uppsugningsf\u00f6rm\u00e5gan.<\/strong><\/p>\r\n<p>\u00a0<\/p>\r\n\r\n<p><strong>Klipp ikebana-v\u00e4xterna under vatten<\/strong><\/p>\r\n<p>\r\n\r\nDen f\u00f6rsta saken du b\u00f6r g\u00f6ra, klippa alla v\u00e4xter under vatten (mizukiri). Det m\u00f6jligg\u00f6r vatten att sugas in s\u00e5 att du f\u00e5r en obruten vattenpelare i v\u00e4xten. Klipper du dessutom diagonalt kommer den sammanlagda ytan som kan suga upp vatten att bli betydligt st\u00f6rre. L\u00e5t sedan v\u00e4xterna st\u00e5 i kallt vattnet s\u00e5 l\u00e4nge som m\u00f6jligt fram till det \u00e4r dags att arrangera. D\u00e4refter, l\u00e5t v\u00e4xterna vara s\u00e5 kort tid som m\u00f6jligt i luften.<\/p>\r\n<p>\r\n\r\nEn anledning att detta fungerar \u00e4r f\u00f6r att v\u00e4xter naturligt har ett negativt v\u00e4tsketryck, i och med att v\u00e4xten genom sin h\u00f6gre sockerkoncentration (l\u00e4gre vattenkoncentration) suger upp vattnet genom r\u00f6tterna och upp till bladen. S\u00e5ledes, s\u00e5 snart du skapar ett h\u00e5l sugs vatten borde upp\u00e5t och ned\u00e5t genom snittet. Om det kommer luft i ledningsv\u00e4vnaden blir uppsugningsf\u00f6rm\u00e5gan s\u00e4mre. Luftbubblor i r\u00f6ren g\u00f6r att vattnet blockeras.<\/p>\r\n<p>\r\n\r\nEftersom Ikebana f\u00f6rv\u00e4ntas st\u00e5 ett litet tag b\u00f6r snittet g\u00f6ras med vassa och rena saxar som inte mosar s\u00f6nder stj\u00e4lken och heller inte f\u00f6r in bakterier som kan f\u00f6rsvaga v\u00e4xten.<\/p>\r\n<p>\u00a0<\/p>\r\n\r\n<p><strong>Krossa stammen p\u00e5 vedartade v\u00e4xter<\/strong><\/p>\r\n<p>\r\n\r\nEn metod f\u00f6r att \u00f6ka \u00f6verlevnaden p\u00e5 vedartade v\u00e4xter \u00e4r att krossa den nedre delen av kvisten. (G\u00f6r detta under vatten.) Detta \u00f6kar kontakten mellan den fibr\u00f6sa ledningsv\u00e4vnaden och vattnet vilket i sig \u00f6kar uppsugningsf\u00f6rm\u00e5gan.<\/p>\r\n<p>\r\n\r\nSkala av barken efter du krossat basen och placera kvisten i kallt vatten i v\u00e4ntan p\u00e5 att arrangeras till Ikebana. Detta fungerar fint p\u00e5 l\u00f6nnar, rosor, clematis med flera vedartade v\u00e4xter.<\/p>\r\n<p>\u00a0<\/p>\r\n\r\n<p><strong>Doppa v\u00e4xt\u00e4ndar i hett eller kokande vatten<\/strong><\/p>\r\n<p>\r\n\r\nEn annan metod \u00e4r att doppa \u00e4nden p\u00e5 kvisten i kokande eller mycket hett vatten i 5 \u2013 10 sekunder. Gl\u00f6m inte att skydda l\u00f6v och blommor fr\u00e5n den varma \u00e5ngan. Det varma vattnet f\u00e5r luften och vattnet att expandera s\u00e5 att \u00f6verskottsluft tr\u00e4nger ut. D\u00e4refter sticker du den snabbt i kallt vatten. D\u00e5 krymper kvarvarande luft och vatten s\u00e5 att kallt vatten dras in i k\u00e4rlen. L\u00e5t den st\u00e5 svalt men g\u00e4rna ljust i c:a tv\u00e5 timmar. Denna metod fungerar f\u00f6r det mesta blommaterial.<\/p>\r\n<p>\u00a0<\/p>\r\n\r\n<p><strong>Br\u00e4nn \u00e4nden i en l\u00e5ga<\/strong><\/p>\r\n<p>\r\n\r\n\u00c4nnu en metod \u00e4r att br\u00e4nna \u00e4nden, i 1 \u2013 2 minuter, i en l\u00e5ga tills den b\u00f6rjar gl\u00f6da. Stoppa d\u00e4refter ned den snabbt i kallt vatten och l\u00e5t den vara d\u00e4r. Det \u00e4r viktigt att du f\u00f6rkolar 1 \u2013 3 cm av \u00e4nden. Detta tar kol p\u00e5 bakterier och kolet tar upp vatten effektivt. Anv\u00e4nd g\u00e4rna en gasl\u00e5ga eftersom det g\u00e5r snabbt utan att blomman hinner p\u00e5verkas negativt. Metoden \u00e4r bra f\u00f6r material med h\u00e5rda stammar som rosor, pioner, m.m. Den fungerar dock d\u00e5ligt f\u00f6r tjocka stammar som inneh\u00e5ller mycket fukt.<\/p>\r\n<p>\u00a0<\/p>\r\n\r\n<p><strong>Anv\u00e4nd djupa k\u00e4rl<\/strong><\/p>\r\n<p>\r\n\r\nOm du har l\u00e5nga stj\u00e4lkar kan dessa st\u00e4llas i lite djupare vatten. B\u00e4ttre djup ger h\u00f6gre tryck och d\u00e4rmed l\u00e4ttare f\u00f6r v\u00e4xten att suga upp vattnet. L\u00e5t den st\u00e5 svalt i n\u00e5gra timmar f\u00f6r att h\u00e5lla sig fr\u00e4sch. \u00c4nnu en metod att bet\u00e4nka \u00e4r att bevattna undersidan av bladen. Det \u00e4r en l\u00f6sning f\u00f6r \u00f6mt\u00e5ligt material som l\u00e4tt f\u00f6rg\u00e5s.<\/p>\r\n<p>\u00a0<\/p>\r\n\r\n<p><strong>Kemiska substanser f\u00f6r Ikebana<\/strong><\/p>\r\n<p>\r\n\r\nDet finns ocks\u00e5 en uppsj\u00f6 med naturliga substanser som kan hj\u00e4lpa till med vattentransporten och h\u00e5lla plantor fr\u00e4scha. T.ex. kan 10 sekunder i \u00e4ttika hj\u00e4lpa gr\u00e4ssorter som t.ex. bambu att kunna suga upp vatten. F\u00f6r d\u00e4refter genast \u00f6ver dem till kallt vatten.<\/p>\r\n<p>\r\n\r\nBr\u00e4nd alun kan fungera f\u00f6r t.ex. hyrdangea eller julros. Doppa stj\u00e4lk\u00e4nden i alun och l\u00e5t saltet dra ut v\u00e4tska ur \u00e4nden medan det tr\u00e4nger in. N\u00e4r du sedan s\u00e4tter v\u00e4xten i vattnet drar alun \u00e5t sig vatten som tr\u00e4nger in i stammen.<\/p>\r\n<p>\r\n\r\nF\u00f6r l\u00f6kv\u00e4xter och v\u00e4xter med vit sav kan alkohol hj\u00e4lpa till att \u00f6ka vattenupptagningen.<\/p>\r\n<p>\r\n\r\nDe kemiska metoderna f\u00e5r du l\u00e4sa p\u00e5 i facklitteraturen eller p\u00e5 en av alla kurser du kan g\u00e5 h\u00e4r i Sverige.<\/p>\r\n<p>\u00a0<\/p>\r\n<p>[\/vc_column_text][\/vc_column][\/vc_row]<\/p><\/div>","protected":false},"excerpt":{"rendered":"<p>[vc_row el_id=&#8221;1694371817059-bb47805d-6bc7&#8243;][vc_column el_id=&#8221;1694371817066-04a17053-22f9&#8243;][vc_empty_space height=&#8221;40px&#8221;][\/vc_column][\/vc_row][vc_row][vc_column el_id=&#8221;1694371838865-99a997fb-4a2c&#8221;][vc_column_text] F\u00f6r att f\u00e5 ditt ikebana-arrangemang att m\u00e5 bra \u00e4r vatten en av de viktigaste faktorerna. F\u00f6r varaktighet finns det vissa knep som g\u00f6r att de olika v\u00e4xterna beh\u00e5ller uppsugningsf\u00f6rm\u00e5gan. \u00a0 Klipp ikebana-v\u00e4xterna under vatten Den f\u00f6rsta saken du b\u00f6r g\u00f6ra, klippa alla v\u00e4xter under vatten (mizukiri). Det m\u00f6jligg\u00f6r vatten att [&hellip;]<\/p>\n","protected":false},"author":2,"featured_media":0,"parent":0,"menu_order":0,"comment_status":"closed","ping_status":"closed","template":"","meta":{"_uag_custom_page_level_css":"","_uf_show_specific_survey":0,"_uf_disable_surveys":false,"site-sidebar-layout":"default","site-content-layout":"plain-container","ast-site-content-layout":"default","site-content-style":"default","site-sidebar-style":"default","ast-global-header-display":"","ast-banner-title-visibility":"","ast-main-header-display":"","ast-hfb-above-header-display":"","ast-hfb-below-header-display":"","ast-hfb-mobile-header-display":"","site-post-title":"disabled","ast-breadcrumbs-content":"","ast-featured-img":"disabled","footer-sml-layout":"","ast-disable-related-posts":"","theme-transparent-header-meta":"default","adv-header-id-meta":"","stick-header-meta":"","header-above-stick-meta":"","header-main-stick-meta":"","header-below-stick-meta":"","astra-migrate-meta-layouts":"set","ast-page-background-enabled":"default","ast-page-background-meta":{"desktop":{"background-color":"var(--ast-global-color-4)","background-image":"","background-repeat":"repeat","background-position":"center center","background-size":"auto","background-attachment":"scroll","background-type":"","background-media":"","overlay-type":"","overlay-color":"","overlay-opacity":"","overlay-gradient":""},"tablet":{"background-color":"","background-image":"","background-repeat":"repeat","background-position":"center center","background-size":"auto","background-attachment":"scroll","background-type":"","background-media":"","overlay-type":"","overlay-color":"","overlay-opacity":"","overlay-gradient":""},"mobile":{"background-color":"","background-image":"","background-repeat":"repeat","background-position":"center center","background-size":"auto","background-attachment":"scroll","background-type":"","background-media":"","overlay-type":"","overlay-color":"","overlay-opacity":"","overlay-gradient":""}},"ast-content-background-meta":{"desktop":{"background-color":"var(--ast-global-color-5)","background-image":"","background-repeat":"repeat","background-position":"center center","background-size":"auto","background-attachment":"scroll","background-type":"","background-media":"","overlay-type":"","overlay-color":"","overlay-opacity":"","overlay-gradient":""},"tablet":{"background-color":"var(--ast-global-color-5)","background-image":"","background-repeat":"repeat","background-position":"center center","background-size":"auto","background-attachment":"scroll","background-type":"","background-media":"","overlay-type":"","overlay-color":"","overlay-opacity":"","overlay-gradient":""},"mobile":{"background-color":"var(--ast-global-color-5)","background-image":"","background-repeat":"repeat","background-position":"center center","background-size":"auto","background-attachment":"scroll","background-type":"","background-media":"","overlay-type":"","overlay-color":"","overlay-opacity":"","overlay-gradient":""}},"footnotes":""},"class_list":["post-9216","page","type-page","status-publish","hentry"],"aioseo_notices":[],"uagb_featured_image_src":{"full":false,"thumbnail":false,"medium":false,"medium_large":false,"large":false,"1536x1536":false,"2048x2048":false,"woocommerce_thumbnail":false,"woocommerce_single":false,"woocommerce_gallery_thumbnail":false},"uagb_author_info":{"display_name":"unikbotanik","author_link":"https:\/\/unikbotanik.se\/sv\/author\/unikbotanik\/"},"uagb_comment_info":0,"uagb_excerpt":"[vc_row el_id=&#8221;1694371817059-bb47805d-6bc7&#8243;][vc_column el_id=&#8221;1694371817066-04a17053-22f9&#8243;][vc_empty_space height=&#8221;40px&#8221;][\/vc_column][\/vc_row][vc_row][vc_column el_id=&#8221;1694371838865-99a997fb-4a2c&#8221;][vc_column_text] F\u00f6r att f\u00e5 ditt ikebana-arrangemang att m\u00e5 bra \u00e4r vatten en av de viktigaste faktorerna. F\u00f6r varaktighet finns det vissa knep som g\u00f6r att de olika v\u00e4xterna beh\u00e5ller uppsugningsf\u00f6rm\u00e5gan. \u00a0 Klipp ikebana-v\u00e4xterna under vatten Den f\u00f6rsta saken du b\u00f6r g\u00f6ra, klippa alla v\u00e4xter under vatten (mizukiri). Det m\u00f6jligg\u00f6r vatten att&hellip;","_links":{"self":[{"href":"https:\/\/unikbotanik.se\/sv\/wp-json\/wp\/v2\/pages\/9216","targetHints":{"allow":["GET"]}}],"collection":[{"href":"https:\/\/unikbotanik.se\/sv\/wp-json\/wp\/v2\/pages"}],"about":[{"href":"https:\/\/unikbotanik.se\/sv\/wp-json\/wp\/v2\/types\/page"}],"author":[{"embeddable":true,"href":"https:\/\/unikbotanik.se\/sv\/wp-json\/wp\/v2\/users\/2"}],"replies":[{"embeddable":true,"href":"https:\/\/unikbotanik.se\/sv\/wp-json\/wp\/v2\/comments?post=9216"}],"version-history":[{"count":5,"href":"https:\/\/unikbotanik.se\/sv\/wp-json\/wp\/v2\/pages\/9216\/revisions"}],"predecessor-version":[{"id":14202,"href":"https:\/\/unikbotanik.se\/sv\/wp-json\/wp\/v2\/pages\/9216\/revisions\/14202"}],"wp:attachment":[{"href":"https:\/\/unikbotanik.se\/sv\/wp-json\/wp\/v2\/media?parent=9216"}],"curies":[{"name":"wp","href":"https:\/\/api.w.org\/{rel}","templated":true}]}}