{"id":9193,"date":"2021-07-25T15:49:33","date_gmt":"2021-07-25T13:49:33","guid":{"rendered":"https:\/\/unikbotanik.se\/?page_id=9193"},"modified":"2023-12-31T09:47:13","modified_gmt":"2023-12-31T08:47:13","slug":"ikebana-den-tidiga-historien","status":"publish","type":"page","link":"https:\/\/unikbotanik.se\/sv\/ikebana-den-tidiga-historien\/","title":{"rendered":"Ikebana &#8211; den tidiga historien"},"content":{"rendered":"<div class=\"wpb-content-wrapper\"><p>[vc_row el_id=&#8221;1694370869842-81476f29-9a9e&#8221;][vc_column el_id=&#8221;1694370869847-dd092b05-793b&#8221;][vc_empty_space height=&#8221;40px&#8221;][\/vc_column][\/vc_row][vc_row][vc_column el_id=&#8221;1694370914937-76100a34-00d7&#8243;][vc_column_text]Att studera och njuta av naturen etablerades tidigt i Japan. Redan under Heian-perioden (794-1185) finns m\u00e5nga poem med blommor omn\u00e4mnda. Med budismen anl\u00e4nde traditionen att offra blommor vid altaret. I Indien, d\u00e4r busismen h\u00e4rstammar ifr\u00e5n, offras g\u00e4rna en lotusblomma. Men n\u00e4r budismen kom till Japan tog de traditionen till sig p\u00e5 sitt vis. I Japan d\u00e4r \u00e5rstidsv\u00e4xlingarna \u00e4r omv\u00e4lvande med v\u00e5rblomning, h\u00f6gsommar, h\u00f6stf\u00e4rger och kala vinterlanskap, kom \u201doffren\u201d att \u00e5terspegla \u00e5rstidernas v\u00e4xlingar.<\/p>\r\n<p>\u00a0<\/p>\r\n\r\n<div class=\"wp-block-image\">\r\n<figure class=\"aligncenter size-large is-resized\"><img loading=\"lazy\" decoding=\"async\" class=\"wp-image-9196\" src=\"https:\/\/unikbotanik.se\/wp-content\/uploads\/2021\/07\/Lotus_a_typical_Hindu_temple_motive_in_red_sandstone_Qutb_complex-1024x768.jpg\" alt=\"\" width=\"336\" height=\"252\" srcset=\"https:\/\/unikbotanik.se\/wp-content\/uploads\/2021\/07\/Lotus_a_typical_Hindu_temple_motive_in_red_sandstone_Qutb_complex-1024x768.jpg 1024w, https:\/\/unikbotanik.se\/wp-content\/uploads\/2021\/07\/Lotus_a_typical_Hindu_temple_motive_in_red_sandstone_Qutb_complex-600x450.jpg 600w, https:\/\/unikbotanik.se\/wp-content\/uploads\/2021\/07\/Lotus_a_typical_Hindu_temple_motive_in_red_sandstone_Qutb_complex-300x225.jpg 300w, https:\/\/unikbotanik.se\/wp-content\/uploads\/2021\/07\/Lotus_a_typical_Hindu_temple_motive_in_red_sandstone_Qutb_complex-768x576.jpg 768w, https:\/\/unikbotanik.se\/wp-content\/uploads\/2021\/07\/Lotus_a_typical_Hindu_temple_motive_in_red_sandstone_Qutb_complex-1536x1152.jpg 1536w, https:\/\/unikbotanik.se\/wp-content\/uploads\/2021\/07\/Lotus_a_typical_Hindu_temple_motive_in_red_sandstone_Qutb_complex-500x375.jpg 500w, https:\/\/unikbotanik.se\/wp-content\/uploads\/2021\/07\/Lotus_a_typical_Hindu_temple_motive_in_red_sandstone_Qutb_complex.jpg 1984w\" sizes=\"auto, (max-width: 336px) 100vw, 336px\" \/>\r\n<figcaption><em>Lotusblomma, en dekoration i r\u00f6d sandsten vid ett hindu-tempel. Bild: e1ther, publicerad enl. <a href=\"https:\/\/creativecommons.org\/licenses\/by-sa\/2.0\/deed.en\">Creative Commons<\/a><\/em>.<\/figcaption>\r\n<\/figure>\r\n<\/div>\r\n<p>\r\n\r\nUnder l\u00e5ng tid hade blomsterarrangemangen ingen direkt mening utan var mest en budistisk ceremoni, inget annat. Med tiden kom en central altarplats att h\u00e5lla en stor kvist fr\u00e5n tall eller cryptomeria, omgiven av tre eller fem s\u00e4ssongsblommor. Detta arrangeman kallades shin-no-hana eller \u201dcentralt blomsterarrangemang. Bilder fr\u00e5n 1300-talet visar p\u00e5 de f\u00f6rsta f\u00f6rs\u00f6ken att \u00e5terge naturliga milj\u00f6er. F\u00f6re detta var det symetrin som dominerade. Man hade nu n\u00e5gon barrv\u00e4xt i mitten som bakgrund, plommon eller k\u00f6rsb\u00e4r lite framf\u00f6r (p\u00e5 b\u00e5da sidor) och l\u00e4ngst fram (ytterst) sm\u00e5 blommor som f\u00f6rgrund.<\/p>\r\n<p>\r\n\r\nFr\u00e5n 1200-talet har m\u00e5nga av de budistiska ceremonierna namn som kommer av blommor och naturliga f\u00f6ropp som; \u201dlotus sutran\u201d eller \u201drullen med betande djur och m\u00e4nniskor\u201d.<\/p>\r\n<p>\u00a0<\/p>\r\n\r\n<div class=\"wp-block-image\">\r\n<figure class=\"aligncenter size-full is-resized\"><img loading=\"lazy\" decoding=\"async\" class=\"wp-image-9194\" src=\"https:\/\/unikbotanik.se\/wp-content\/uploads\/2021\/07\/A-drawing-of-flowers-arranged-as-part-of-mitsu-gusoku-from-the-Senden-sho..jpg\" alt=\"\" width=\"429\" height=\"553\" srcset=\"https:\/\/unikbotanik.se\/wp-content\/uploads\/2021\/07\/A-drawing-of-flowers-arranged-as-part-of-mitsu-gusoku-from-the-Senden-sho..jpg 642w, https:\/\/unikbotanik.se\/wp-content\/uploads\/2021\/07\/A-drawing-of-flowers-arranged-as-part-of-mitsu-gusoku-from-the-Senden-sho.-600x773.jpg 600w, https:\/\/unikbotanik.se\/wp-content\/uploads\/2021\/07\/A-drawing-of-flowers-arranged-as-part-of-mitsu-gusoku-from-the-Senden-sho.-233x300.jpg 233w, https:\/\/unikbotanik.se\/wp-content\/uploads\/2021\/07\/A-drawing-of-flowers-arranged-as-part-of-mitsu-gusoku-from-the-Senden-sho.-300x386.jpg 300w\" sizes=\"auto, (max-width: 429px) 100vw, 429px\" \/>\r\n<figcaption><em>En avm\u00e5lning av ett blomsterarrangeman som ett budistiskt offer, som del av en mitsu-gusoku, <a href=\"https:\/\/en.wikipedia.org\/wiki\/Kamakura_period\">Kamakura<\/a>-perioden (1185\u20131333) och <a href=\"https:\/\/en.wikipedia.org\/wiki\/Nanboku-ch%C5%8D_period\">Nanboku-ch\u014d<\/a><\/em>-perioden (1336\u20131392). Public domain.<\/figcaption>\r\n<\/figure>\r\n<\/div>\r\n<p>\u00a0<\/p>\r\n\r\n<h2 class=\"wp-block-heading\">Tokonoma &#8211; alkov f\u00f6r meditation<\/h2>\r\n<p>\r\n\r\nUnder 1300-talet kom de f\u00f6rsta f\u00f6reg\u00e5ngarna till tokonoman, den lilla alkoven som idag \u00e4r vanlig i japanska hem. En plats i hemmet d\u00e4r privatpersoner har sitt eget \u201daltare\u201d f\u00f6r budistisk kontemplation. P\u00e5 bilder fr\u00e5n denna tid finns avbildat vaser med blommor och kvistar. Arrangemang som genom tiderna f\u00f6r\u00e4dlats och blivit \u201denklare\u201d eller snarare f\u00e4rre objekt med mer eftertanke\u201d och mer elegant i sin utformning).<\/p>\r\n<p>\u00a0<\/p>\r\n\r\n<h2 class=\"wp-block-heading\">Mitsu-gusoku &#8211; tre heliga ting<\/h2>\r\n<p>\r\n\r\nModern forskning pekar p\u00e5 kombinationen av tre ceremoniella objekt, (kallad mitsu-gusoku) best\u00e5ende av ett ljus i en h\u00e5llre, en doftgivare eller r\u00f6kelseh\u00e5llare och blommor i en vas. Dessa blommor, eller tatebana\/tatehana (\u201dst\u00e5ende blommor\u201d) kan vara f\u00f6reg\u00e5ngaren till dagens ikebana. Denna blomkonstform som har rent japanska r\u00f6tter, till skillnad fr\u00e5n det enklare offret av blommor fr\u00e5n den budistiska tron.<\/p>\r\n<p>\r\n\r\n<a href=\"https:\/\/unikbotanik.se\/sv\/ikebana_japanska_blomsterarrangemang\/\">L\u00e4s mer om Ikebana och metoder h\u00e4r<\/a>.<\/p>\r\n<p>[\/vc_column_text][\/vc_column][\/vc_row]<\/p><\/div>","protected":false},"excerpt":{"rendered":"<p>[vc_row el_id=&#8221;1694370869842-81476f29-9a9e&#8221;][vc_column el_id=&#8221;1694370869847-dd092b05-793b&#8221;][vc_empty_space height=&#8221;40px&#8221;][\/vc_column][\/vc_row][vc_row][vc_column el_id=&#8221;1694370914937-76100a34-00d7&#8243;][vc_column_text]Att studera och njuta av naturen etablerades tidigt i Japan. Redan under Heian-perioden (794-1185) finns m\u00e5nga poem med blommor omn\u00e4mnda. Med budismen anl\u00e4nde traditionen att offra blommor vid altaret. I Indien, d\u00e4r busismen h\u00e4rstammar ifr\u00e5n, offras g\u00e4rna en lotusblomma. Men n\u00e4r budismen kom till Japan tog de traditionen till sig p\u00e5 [&hellip;]<\/p>\n","protected":false},"author":2,"featured_media":0,"parent":0,"menu_order":0,"comment_status":"closed","ping_status":"closed","template":"","meta":{"_uag_custom_page_level_css":"","_uf_show_specific_survey":0,"_uf_disable_surveys":false,"site-sidebar-layout":"default","site-content-layout":"plain-container","ast-site-content-layout":"default","site-content-style":"default","site-sidebar-style":"default","ast-global-header-display":"","ast-banner-title-visibility":"","ast-main-header-display":"","ast-hfb-above-header-display":"","ast-hfb-below-header-display":"","ast-hfb-mobile-header-display":"","site-post-title":"disabled","ast-breadcrumbs-content":"","ast-featured-img":"disabled","footer-sml-layout":"","ast-disable-related-posts":"","theme-transparent-header-meta":"default","adv-header-id-meta":"","stick-header-meta":"","header-above-stick-meta":"","header-main-stick-meta":"","header-below-stick-meta":"","astra-migrate-meta-layouts":"set","ast-page-background-enabled":"default","ast-page-background-meta":{"desktop":{"background-color":"var(--ast-global-color-4)","background-image":"","background-repeat":"repeat","background-position":"center center","background-size":"auto","background-attachment":"scroll","background-type":"","background-media":"","overlay-type":"","overlay-color":"","overlay-opacity":"","overlay-gradient":""},"tablet":{"background-color":"","background-image":"","background-repeat":"repeat","background-position":"center center","background-size":"auto","background-attachment":"scroll","background-type":"","background-media":"","overlay-type":"","overlay-color":"","overlay-opacity":"","overlay-gradient":""},"mobile":{"background-color":"","background-image":"","background-repeat":"repeat","background-position":"center center","background-size":"auto","background-attachment":"scroll","background-type":"","background-media":"","overlay-type":"","overlay-color":"","overlay-opacity":"","overlay-gradient":""}},"ast-content-background-meta":{"desktop":{"background-color":"var(--ast-global-color-5)","background-image":"","background-repeat":"repeat","background-position":"center center","background-size":"auto","background-attachment":"scroll","background-type":"","background-media":"","overlay-type":"","overlay-color":"","overlay-opacity":"","overlay-gradient":""},"tablet":{"background-color":"var(--ast-global-color-5)","background-image":"","background-repeat":"repeat","background-position":"center center","background-size":"auto","background-attachment":"scroll","background-type":"","background-media":"","overlay-type":"","overlay-color":"","overlay-opacity":"","overlay-gradient":""},"mobile":{"background-color":"var(--ast-global-color-5)","background-image":"","background-repeat":"repeat","background-position":"center center","background-size":"auto","background-attachment":"scroll","background-type":"","background-media":"","overlay-type":"","overlay-color":"","overlay-opacity":"","overlay-gradient":""}},"footnotes":""},"class_list":["post-9193","page","type-page","status-publish","hentry"],"aioseo_notices":[],"uagb_featured_image_src":{"full":false,"thumbnail":false,"medium":false,"medium_large":false,"large":false,"1536x1536":false,"2048x2048":false,"woocommerce_thumbnail":false,"woocommerce_single":false,"woocommerce_gallery_thumbnail":false},"uagb_author_info":{"display_name":"unikbotanik","author_link":"https:\/\/unikbotanik.se\/sv\/author\/unikbotanik\/"},"uagb_comment_info":0,"uagb_excerpt":"[vc_row el_id=&#8221;1694370869842-81476f29-9a9e&#8221;][vc_column el_id=&#8221;1694370869847-dd092b05-793b&#8221;][vc_empty_space height=&#8221;40px&#8221;][\/vc_column][\/vc_row][vc_row][vc_column el_id=&#8221;1694370914937-76100a34-00d7&#8243;][vc_column_text]Att studera och njuta av naturen etablerades tidigt i Japan. Redan under Heian-perioden (794-1185) finns m\u00e5nga poem med blommor omn\u00e4mnda. Med budismen anl\u00e4nde traditionen att offra blommor vid altaret. I Indien, d\u00e4r busismen h\u00e4rstammar ifr\u00e5n, offras g\u00e4rna en lotusblomma. Men n\u00e4r budismen kom till Japan tog de traditionen till sig p\u00e5&hellip;","_links":{"self":[{"href":"https:\/\/unikbotanik.se\/sv\/wp-json\/wp\/v2\/pages\/9193","targetHints":{"allow":["GET"]}}],"collection":[{"href":"https:\/\/unikbotanik.se\/sv\/wp-json\/wp\/v2\/pages"}],"about":[{"href":"https:\/\/unikbotanik.se\/sv\/wp-json\/wp\/v2\/types\/page"}],"author":[{"embeddable":true,"href":"https:\/\/unikbotanik.se\/sv\/wp-json\/wp\/v2\/users\/2"}],"replies":[{"embeddable":true,"href":"https:\/\/unikbotanik.se\/sv\/wp-json\/wp\/v2\/comments?post=9193"}],"version-history":[{"count":4,"href":"https:\/\/unikbotanik.se\/sv\/wp-json\/wp\/v2\/pages\/9193\/revisions"}],"predecessor-version":[{"id":14201,"href":"https:\/\/unikbotanik.se\/sv\/wp-json\/wp\/v2\/pages\/9193\/revisions\/14201"}],"wp:attachment":[{"href":"https:\/\/unikbotanik.se\/sv\/wp-json\/wp\/v2\/media?parent=9193"}],"curies":[{"name":"wp","href":"https:\/\/api.w.org\/{rel}","templated":true}]}}