{"id":9185,"date":"2021-07-25T14:04:38","date_gmt":"2021-07-25T12:04:38","guid":{"rendered":"https:\/\/unikbotanik.se\/?page_id=9185"},"modified":"2023-12-31T09:46:51","modified_gmt":"2023-12-31T08:46:51","slug":"ikebana_japanska_blomsterarrangemang","status":"publish","type":"page","link":"https:\/\/unikbotanik.se\/sv\/ikebana_japanska_blomsterarrangemang\/","title":{"rendered":"Ikebana &#8211; japanska blomsterarrangemang"},"content":{"rendered":"<div class=\"wpb-content-wrapper\"><p>[vc_row el_id=&#8221;1694366406735-d9ca77bc-861f&#8221;][vc_column el_id=&#8221;1694366406740-7f28c65d-9728&#8243;][vc_empty_space height=&#8221;40px&#8221;][\/vc_column][\/vc_row][vc_row][vc_column el_id=&#8221;1694366095264-fb890389-545a&#8221;][vc_column_text]Ikebana ses som en av de tre klassiska konstarterna i Japan, tillsammans med k\u014dd\u014d (r\u00f6kelsekonst) och chad\u014d (teceremonier).<\/p>\r\n<p><br \/><\/p>\r\n<div class=\"wp-block-image is-style-default\">\r\n<figure class=\"aligncenter size-full is-resized\"><img loading=\"lazy\" decoding=\"async\" class=\"wp-image-9186\" src=\"https:\/\/unikbotanik.se\/wp-content\/uploads\/2021\/07\/Coloured-diagram-11-of-shoka-works-by-the-40th-headmaster-Ikenobo-Senjo-from-the-Soka-Hyakki_1820.jpg\" alt=\"\" width=\"262\" height=\"390\" srcset=\"https:\/\/unikbotanik.se\/wp-content\/uploads\/2021\/07\/Coloured-diagram-11-of-shoka-works-by-the-40th-headmaster-Ikenobo-Senjo-from-the-Soka-Hyakki_1820.jpg 633w, https:\/\/unikbotanik.se\/wp-content\/uploads\/2021\/07\/Coloured-diagram-11-of-shoka-works-by-the-40th-headmaster-Ikenobo-Senjo-from-the-Soka-Hyakki_1820-600x893.jpg 600w, https:\/\/unikbotanik.se\/wp-content\/uploads\/2021\/07\/Coloured-diagram-11-of-shoka-works-by-the-40th-headmaster-Ikenobo-Senjo-from-the-Soka-Hyakki_1820-202x300.jpg 202w, https:\/\/unikbotanik.se\/wp-content\/uploads\/2021\/07\/Coloured-diagram-11-of-shoka-works-by-the-40th-headmaster-Ikenobo-Senjo-from-the-Soka-Hyakki_1820-300x446.jpg 300w\" sizes=\"auto, (max-width: 262px) 100vw, 262px\" \/>\r\n<figcaption><em>F\u00e4rglagt diagram av den 40e huvudm\u00e4staren Ikenob\u014d Senj\u014d, fr\u00e5n S\u014dka Hyakki. C:a 1820<br \/>Public domain.<\/em><\/figcaption>\r\n<\/figure>\r\n<\/div>\r\n\r\n<p>Grunden i ikebana, japanskablomsterarrangemang, ligger, precis som n\u00e4r det g\u00e4ller <a href=\"https:\/\/unikbotanik.se\/sv\/bonsai\/aterskapa-naturen\/\">bonsai<\/a>, i att studera naturen. Ikebana betyder att arrangera blommor eller att \u201dg\u00f6ra blommor levande\u201d. Traditionen med japanska blomsterarrangemang h\u00e4rstammar fr\u00e5n Heian-perioden d\u00e5 blommor arrangerades och offrades p\u00e5 altare. Idag fortskrider traditionen genom att arrangemangen placeras p\u00e5 ett s\u00e4rskilt st\u00e4lle i hemmet. I Japan, ofta i den alkov, kallad tokonoma, som finns i de flesta traditionella japanska hem.<\/p>\r\n\r\n<p>Ikebana g\u00f6rs med hj\u00e4lp av blommor, kvistar, etc. som g\u00e5r att finna i naturen, men ocks\u00e5 i skogen, i tr\u00e4dg\u00e5rden, eller din lokala blomsteraff\u00e4r\/plantskola. Japanska blomsterarrangemang\/Ikebana har spridit sig i v\u00e4stv\u00e4rlden p\u00e5 senare tid. Idag finns kurser p\u00e5 folkh\u00f6gskolor och \u00e4ven privat f\u00f6r den som vill l\u00e4ra sig ikebana. Hobbyn kan rekomenderas d\u00e5 den \u00e4r b\u00e5de meditativ och bidrar till ett kreativt sinne. Ett sk\u00f6nt s\u00e4tt att st\u00e4nga av vardagen f\u00f6r en stund.<\/p>\r\n\r\n<p><a href=\"https:\/\/unikbotanik.se\/sv\/produkt-kategori\/ikebana-verktyg\/\">V\u00e5ra ikebana-verktyg<\/a> \u00e4r specialiserade f\u00f6r denna klassiska japanska konstart. \u00c4r du nyb\u00f6rjare kommer du l\u00e5ngt med en bra sekat\u00f6r och en vass k\u00f6kssax.<\/p>\r\n<p>[\/vc_column_text][\/vc_column][\/vc_row]<\/p><\/div>","protected":false},"excerpt":{"rendered":"<p>[vc_row el_id=&#8221;1694366406735-d9ca77bc-861f&#8221;][vc_column el_id=&#8221;1694366406740-7f28c65d-9728&#8243;][vc_empty_space height=&#8221;40px&#8221;][\/vc_column][\/vc_row][vc_row][vc_column el_id=&#8221;1694366095264-fb890389-545a&#8221;][vc_column_text]Ikebana ses som en av de tre klassiska konstarterna i Japan, tillsammans med k\u014dd\u014d (r\u00f6kelsekonst) och chad\u014d (teceremonier). Grunden i ikebana, japanskablomsterarrangemang, ligger, precis som n\u00e4r det g\u00e4ller bonsai, i att studera naturen. Ikebana betyder att arrangera blommor eller att \u201dg\u00f6ra blommor levande\u201d. Traditionen med japanska blomsterarrangemang h\u00e4rstammar fr\u00e5n Heian-perioden d\u00e5 [&hellip;]<\/p>\n","protected":false},"author":2,"featured_media":0,"parent":0,"menu_order":0,"comment_status":"closed","ping_status":"closed","template":"","meta":{"_uag_custom_page_level_css":"","_uf_show_specific_survey":0,"_uf_disable_surveys":false,"site-sidebar-layout":"default","site-content-layout":"plain-container","ast-site-content-layout":"default","site-content-style":"default","site-sidebar-style":"default","ast-global-header-display":"","ast-banner-title-visibility":"","ast-main-header-display":"","ast-hfb-above-header-display":"","ast-hfb-below-header-display":"","ast-hfb-mobile-header-display":"","site-post-title":"disabled","ast-breadcrumbs-content":"","ast-featured-img":"disabled","footer-sml-layout":"","ast-disable-related-posts":"","theme-transparent-header-meta":"default","adv-header-id-meta":"","stick-header-meta":"","header-above-stick-meta":"","header-main-stick-meta":"","header-below-stick-meta":"","astra-migrate-meta-layouts":"set","ast-page-background-enabled":"default","ast-page-background-meta":{"desktop":{"background-color":"var(--ast-global-color-4)","background-image":"","background-repeat":"repeat","background-position":"center center","background-size":"auto","background-attachment":"scroll","background-type":"","background-media":"","overlay-type":"","overlay-color":"","overlay-opacity":"","overlay-gradient":""},"tablet":{"background-color":"","background-image":"","background-repeat":"repeat","background-position":"center center","background-size":"auto","background-attachment":"scroll","background-type":"","background-media":"","overlay-type":"","overlay-color":"","overlay-opacity":"","overlay-gradient":""},"mobile":{"background-color":"","background-image":"","background-repeat":"repeat","background-position":"center center","background-size":"auto","background-attachment":"scroll","background-type":"","background-media":"","overlay-type":"","overlay-color":"","overlay-opacity":"","overlay-gradient":""}},"ast-content-background-meta":{"desktop":{"background-color":"var(--ast-global-color-5)","background-image":"","background-repeat":"repeat","background-position":"center center","background-size":"auto","background-attachment":"scroll","background-type":"","background-media":"","overlay-type":"","overlay-color":"","overlay-opacity":"","overlay-gradient":""},"tablet":{"background-color":"var(--ast-global-color-5)","background-image":"","background-repeat":"repeat","background-position":"center center","background-size":"auto","background-attachment":"scroll","background-type":"","background-media":"","overlay-type":"","overlay-color":"","overlay-opacity":"","overlay-gradient":""},"mobile":{"background-color":"var(--ast-global-color-5)","background-image":"","background-repeat":"repeat","background-position":"center center","background-size":"auto","background-attachment":"scroll","background-type":"","background-media":"","overlay-type":"","overlay-color":"","overlay-opacity":"","overlay-gradient":""}},"footnotes":""},"class_list":["post-9185","page","type-page","status-publish","hentry"],"aioseo_notices":[],"uagb_featured_image_src":{"full":false,"thumbnail":false,"medium":false,"medium_large":false,"large":false,"1536x1536":false,"2048x2048":false,"woocommerce_thumbnail":false,"woocommerce_single":false,"woocommerce_gallery_thumbnail":false},"uagb_author_info":{"display_name":"unikbotanik","author_link":"https:\/\/unikbotanik.se\/sv\/author\/unikbotanik\/"},"uagb_comment_info":0,"uagb_excerpt":"[vc_row el_id=&#8221;1694366406735-d9ca77bc-861f&#8221;][vc_column el_id=&#8221;1694366406740-7f28c65d-9728&#8243;][vc_empty_space height=&#8221;40px&#8221;][\/vc_column][\/vc_row][vc_row][vc_column el_id=&#8221;1694366095264-fb890389-545a&#8221;][vc_column_text]Ikebana ses som en av de tre klassiska konstarterna i Japan, tillsammans med k\u014dd\u014d (r\u00f6kelsekonst) och chad\u014d (teceremonier). Grunden i ikebana, japanskablomsterarrangemang, ligger, precis som n\u00e4r det g\u00e4ller bonsai, i att studera naturen. Ikebana betyder att arrangera blommor eller att \u201dg\u00f6ra blommor levande\u201d. Traditionen med japanska blomsterarrangemang h\u00e4rstammar fr\u00e5n Heian-perioden d\u00e5&hellip;","_links":{"self":[{"href":"https:\/\/unikbotanik.se\/sv\/wp-json\/wp\/v2\/pages\/9185","targetHints":{"allow":["GET"]}}],"collection":[{"href":"https:\/\/unikbotanik.se\/sv\/wp-json\/wp\/v2\/pages"}],"about":[{"href":"https:\/\/unikbotanik.se\/sv\/wp-json\/wp\/v2\/types\/page"}],"author":[{"embeddable":true,"href":"https:\/\/unikbotanik.se\/sv\/wp-json\/wp\/v2\/users\/2"}],"replies":[{"embeddable":true,"href":"https:\/\/unikbotanik.se\/sv\/wp-json\/wp\/v2\/comments?post=9185"}],"version-history":[{"count":8,"href":"https:\/\/unikbotanik.se\/sv\/wp-json\/wp\/v2\/pages\/9185\/revisions"}],"predecessor-version":[{"id":14200,"href":"https:\/\/unikbotanik.se\/sv\/wp-json\/wp\/v2\/pages\/9185\/revisions\/14200"}],"wp:attachment":[{"href":"https:\/\/unikbotanik.se\/sv\/wp-json\/wp\/v2\/media?parent=9185"}],"curies":[{"name":"wp","href":"https:\/\/api.w.org\/{rel}","templated":true}]}}