{"id":75,"date":"2019-01-10T04:43:14","date_gmt":"2019-01-10T04:43:14","guid":{"rendered":"http:\/\/localhost\/test\/?page_id=75"},"modified":"2023-12-31T10:38:01","modified_gmt":"2023-12-31T09:38:01","slug":"kontakt","status":"publish","type":"page","link":"https:\/\/unikbotanik.se\/sv\/kontakt\/","title":{"rendered":"Kontakt"},"content":{"rendered":"<div class=\"wpb-content-wrapper\"><p>[vc_row full_width=&#8221;stretch_row&#8221; equal_height=&#8221;yes&#8221; content_placement=&#8221;top&#8221; pgscore_enable_responsive_settings=&#8221;true&#8221; first_background_color=&#8221;#000000&#8243; el_id=&#8221;1524654007107-ef565066-1fc4&#8243; css=&#8221;.vc_custom_1561558937292{padding-top: 80px !important;padding-bottom: 80px !important;}&#8221; element_css_md=&#8221;.vc_custom_1561558937294{padding-top: 80px !important;padding-bottom: 40px !important;}&#8221; element_css_sm=&#8221;.vc_custom_1561558937296{padding-top: 60px !important;padding-bottom: 20px !important;}&#8221; element_css_xs=&#8221;.vc_custom_1561558937297{padding-top: 40px !important;padding-bottom: 0px !important;}&#8221;][vc_column css=&#8221;.vc_custom_1561473016280{margin-bottom: 40px !important;padding-top: 0px !important;}&#8221; offset=&#8221;vc_col-lg-6 vc_col-md-5&#8243;][vc_column_text]<\/p>\n<h4>Kontakt<\/h4>\n<p>Telefon: 070-6361629<br \/>\nVi n\u00e5s s\u00e4krast 17-19 p\u00e5 vardagar.<\/p>\n<p>Epost:\u00a0 info@unikbotanik.se<\/p>\n<p>Adress: Skaraberg H\u00f6g\u00e5sen 1<br \/>\n532 38 Skara<br \/>\nVi har ingen \u00f6ppen butik, men vill du komma och titta eller h\u00e4mta best\u00e4llda varor, kan vi ordna det. Kontakta oss s\u00e5 best\u00e4mmer vi en tid.<\/p>\n<p>[\/vc_column_text][\/vc_column][vc_column css=&#8221;.vc_custom_1561473027260{margin-bottom: 40px !important;padding-top: 0px !important;}&#8221; offset=&#8221;vc_col-lg-6 vc_col-md-7&#8243;][vc_custom_heading text=&#8221;Kontakta oss&#8221; font_container=&#8221;tag:h3|text_align:left&#8221; use_theme_fonts=&#8221;yes&#8221; css=&#8221;.vc_custom_1561559044028{margin-bottom: 0px !important;}&#8221;]\n<div class=\"wpcf7 no-js\" id=\"wpcf7-f2096-o1\" lang=\"sv-SE\" dir=\"ltr\" data-wpcf7-id=\"2096\">\n<div class=\"screen-reader-response\"><p role=\"status\" aria-live=\"polite\" aria-atomic=\"true\"><\/p> <ul><\/ul><\/div>\n<form action=\"\/sv\/wp-json\/wp\/v2\/pages\/75#wpcf7-f2096-o1\" method=\"post\" class=\"wpcf7-form init\" aria-label=\"Kontaktformul\u00e4r\" novalidate=\"novalidate\" data-status=\"init\">\n<fieldset class=\"hidden-fields-container\"><input type=\"hidden\" name=\"_wpcf7\" value=\"2096\" \/><input type=\"hidden\" name=\"_wpcf7_version\" value=\"6.1.5\" \/><input type=\"hidden\" name=\"_wpcf7_locale\" value=\"sv_SE\" \/><input type=\"hidden\" name=\"_wpcf7_unit_tag\" value=\"wpcf7-f2096-o1\" \/><input type=\"hidden\" name=\"_wpcf7_container_post\" value=\"0\" \/><input type=\"hidden\" name=\"_wpcf7_posted_data_hash\" value=\"\" \/>\n<\/fieldset>\n<p><label> Ditt namn *<br \/>\n<span class=\"wpcf7-form-control-wrap\" data-name=\"your-name\"><input size=\"40\" maxlength=\"400\" class=\"wpcf7-form-control wpcf7-text wpcf7-validates-as-required\" aria-required=\"true\" aria-invalid=\"false\" value=\"\" type=\"text\" name=\"your-name\" \/><\/span> <\/label>\n<\/p>\n<p><label> Din Epost *<br \/>\n<span class=\"wpcf7-form-control-wrap\" data-name=\"your-email\"><input size=\"40\" maxlength=\"400\" class=\"wpcf7-form-control wpcf7-email wpcf7-validates-as-required wpcf7-text wpcf7-validates-as-email\" aria-required=\"true\" aria-invalid=\"false\" value=\"\" type=\"email\" name=\"your-email\" \/><\/span> <\/label>\n<\/p>\n<p><label> \u00c4mne<br \/>\n<span class=\"wpcf7-form-control-wrap\" data-name=\"your-subject\"><input size=\"40\" maxlength=\"400\" class=\"wpcf7-form-control wpcf7-text\" aria-invalid=\"false\" value=\"\" type=\"text\" name=\"your-subject\" \/><\/span> <\/label>\n<\/p>\n<p><label> Meddelande<br \/>\n<span class=\"wpcf7-form-control-wrap\" data-name=\"your-message\"><textarea cols=\"40\" rows=\"10\" maxlength=\"2000\" class=\"wpcf7-form-control wpcf7-textarea\" aria-invalid=\"false\" name=\"your-message\"><\/textarea><\/span> <\/label>\n<\/p>\n<p><span class=\"wpcf7-form-control-wrap\" data-name=\"quiz-987\"><label><span class=\"wpcf7-quiz-label\">fem + sju =<\/span> <input size=\"40\" class=\"wpcf7-form-control wpcf7-quiz\" autocomplete=\"off\" aria-required=\"true\" aria-invalid=\"false\" type=\"text\" name=\"quiz-987\" \/><\/label><input type=\"hidden\" name=\"_wpcf7_quiz_answer_quiz-987\" value=\"23fe804687008761537dd52bad62c3bf\" \/><\/span>\n<\/p>\n<p><input class=\"wpcf7-form-control wpcf7-submit has-spinner\" type=\"submit\" value=\"Skicka\" \/>\n<\/p><div class=\"wpcf7-response-output\" aria-hidden=\"true\"><\/div>\n<\/form>\n<\/div>\n[\/vc_column][\/vc_row]<\/p>\n<\/div>","protected":false},"excerpt":{"rendered":"<p>[vc_row full_width=&#8221;stretch_row&#8221; equal_height=&#8221;yes&#8221; content_placement=&#8221;top&#8221; pgscore_enable_responsive_settings=&#8221;true&#8221; first_background_color=&#8221;#000000&#8243; el_id=&#8221;1524654007107-ef565066-1fc4&#8243; css=&#8221;.vc_custom_1561558937292{padding-top: 80px !important;padding-bottom: 80px !important;}&#8221; element_css_md=&#8221;.vc_custom_1561558937294{padding-top: 80px !important;padding-bottom: 40px !important;}&#8221; element_css_sm=&#8221;.vc_custom_1561558937296{padding-top: 60px !important;padding-bottom: 20px !important;}&#8221; element_css_xs=&#8221;.vc_custom_1561558937297{padding-top: 40px !important;padding-bottom: 0px !important;}&#8221;][vc_column css=&#8221;.vc_custom_1561473016280{margin-bottom: 40px !important;padding-top: 0px !important;}&#8221; offset=&#8221;vc_col-lg-6 vc_col-md-5&#8243;][vc_column_text] Kontakt Telefon: 070-6361629 Vi n\u00e5s s\u00e4krast 17-19 p\u00e5 vardagar. Epost:\u00a0 info@unikbotanik.se Adress: Skaraberg H\u00f6g\u00e5sen 1 532 38 Skara Vi har ingen [&hellip;]<\/p>\n","protected":false},"author":1,"featured_media":0,"parent":0,"menu_order":0,"comment_status":"closed","ping_status":"closed","template":"","meta":{"_uag_custom_page_level_css":"","_uf_show_specific_survey":0,"_uf_disable_surveys":false,"site-sidebar-layout":"no-sidebar","site-content-layout":"plain-container","ast-site-content-layout":"default","site-content-style":"default","site-sidebar-style":"default","ast-global-header-display":"","ast-banner-title-visibility":"","ast-main-header-display":"","ast-hfb-above-header-display":"","ast-hfb-below-header-display":"","ast-hfb-mobile-header-display":"","site-post-title":"disabled","ast-breadcrumbs-content":"","ast-featured-img":"disabled","footer-sml-layout":"","ast-disable-related-posts":"","theme-transparent-header-meta":"default","adv-header-id-meta":"","stick-header-meta":"","header-above-stick-meta":"","header-main-stick-meta":"","header-below-stick-meta":"","astra-migrate-meta-layouts":"set","ast-page-background-enabled":"default","ast-page-background-meta":{"desktop":{"background-color":"var(--ast-global-color-4)","background-image":"","background-repeat":"repeat","background-position":"center center","background-size":"auto","background-attachment":"scroll","background-type":"","background-media":"","overlay-type":"","overlay-color":"","overlay-opacity":"","overlay-gradient":""},"tablet":{"background-color":"","background-image":"","background-repeat":"repeat","background-position":"center center","background-size":"auto","background-attachment":"scroll","background-type":"","background-media":"","overlay-type":"","overlay-color":"","overlay-opacity":"","overlay-gradient":""},"mobile":{"background-color":"","background-image":"","background-repeat":"repeat","background-position":"center center","background-size":"auto","background-attachment":"scroll","background-type":"","background-media":"","overlay-type":"","overlay-color":"","overlay-opacity":"","overlay-gradient":""}},"ast-content-background-meta":{"desktop":{"background-color":"var(--ast-global-color-5)","background-image":"","background-repeat":"repeat","background-position":"center center","background-size":"auto","background-attachment":"scroll","background-type":"","background-media":"","overlay-type":"","overlay-color":"","overlay-opacity":"","overlay-gradient":""},"tablet":{"background-color":"var(--ast-global-color-5)","background-image":"","background-repeat":"repeat","background-position":"center center","background-size":"auto","background-attachment":"scroll","background-type":"","background-media":"","overlay-type":"","overlay-color":"","overlay-opacity":"","overlay-gradient":""},"mobile":{"background-color":"var(--ast-global-color-5)","background-image":"","background-repeat":"repeat","background-position":"center center","background-size":"auto","background-attachment":"scroll","background-type":"","background-media":"","overlay-type":"","overlay-color":"","overlay-opacity":"","overlay-gradient":""}},"footnotes":""},"class_list":["post-75","page","type-page","status-publish","hentry"],"aioseo_notices":[],"uagb_featured_image_src":{"full":false,"thumbnail":false,"medium":false,"medium_large":false,"large":false,"1536x1536":false,"2048x2048":false,"woocommerce_thumbnail":false,"woocommerce_single":false,"woocommerce_gallery_thumbnail":false},"uagb_author_info":{"display_name":"robin@colobri.se","author_link":"https:\/\/unikbotanik.se\/sv\/author\/robincolobri-se\/"},"uagb_comment_info":0,"uagb_excerpt":"[vc_row full_width=&#8221;stretch_row&#8221; equal_height=&#8221;yes&#8221; content_placement=&#8221;top&#8221; pgscore_enable_responsive_settings=&#8221;true&#8221; first_background_color=&#8221;#000000&#8243; el_id=&#8221;1524654007107-ef565066-1fc4&#8243; css=&#8221;.vc_custom_1561558937292{padding-top: 80px !important;padding-bottom: 80px !important;}&#8221; element_css_md=&#8221;.vc_custom_1561558937294{padding-top: 80px !important;padding-bottom: 40px !important;}&#8221; element_css_sm=&#8221;.vc_custom_1561558937296{padding-top: 60px !important;padding-bottom: 20px !important;}&#8221; element_css_xs=&#8221;.vc_custom_1561558937297{padding-top: 40px !important;padding-bottom: 0px !important;}&#8221;][vc_column css=&#8221;.vc_custom_1561473016280{margin-bottom: 40px !important;padding-top: 0px !important;}&#8221; offset=&#8221;vc_col-lg-6 vc_col-md-5&#8243;][vc_column_text] Kontakt Telefon: 070-6361629 Vi n\u00e5s s\u00e4krast 17-19 p\u00e5 vardagar. Epost:\u00a0 info@unikbotanik.se Adress: Skaraberg H\u00f6g\u00e5sen 1 532 38 Skara Vi har ingen&hellip;","_links":{"self":[{"href":"https:\/\/unikbotanik.se\/sv\/wp-json\/wp\/v2\/pages\/75","targetHints":{"allow":["GET"]}}],"collection":[{"href":"https:\/\/unikbotanik.se\/sv\/wp-json\/wp\/v2\/pages"}],"about":[{"href":"https:\/\/unikbotanik.se\/sv\/wp-json\/wp\/v2\/types\/page"}],"author":[{"embeddable":true,"href":"https:\/\/unikbotanik.se\/sv\/wp-json\/wp\/v2\/users\/1"}],"replies":[{"embeddable":true,"href":"https:\/\/unikbotanik.se\/sv\/wp-json\/wp\/v2\/comments?post=75"}],"version-history":[{"count":38,"href":"https:\/\/unikbotanik.se\/sv\/wp-json\/wp\/v2\/pages\/75\/revisions"}],"predecessor-version":[{"id":14209,"href":"https:\/\/unikbotanik.se\/sv\/wp-json\/wp\/v2\/pages\/75\/revisions\/14209"}],"wp:attachment":[{"href":"https:\/\/unikbotanik.se\/sv\/wp-json\/wp\/v2\/media?parent=75"}],"curies":[{"name":"wp","href":"https:\/\/api.w.org\/{rel}","templated":true}]}}