{"id":6816,"date":"2020-07-15T22:30:18","date_gmt":"2020-07-15T20:30:18","guid":{"rendered":"https:\/\/unikbotanik.se\/?page_id=6816"},"modified":"2023-12-31T09:27:00","modified_gmt":"2023-12-31T08:27:00","slug":"tiepots-och-airpots","status":"publish","type":"page","link":"https:\/\/unikbotanik.se\/sv\/bonsai\/krukor\/tiepots-och-airpots\/","title":{"rendered":"Tiepots och airpots"},"content":{"rendered":"<div class=\"wpb-content-wrapper\"><p>[vc_row el_id=&#8221;1694371419218-b5e3eba5-9905&#8243;][vc_column el_id=&#8221;1694371419227-3436ff17-dc9b&#8221;][vc_empty_space height=&#8221;40px&#8221;][\/vc_column][\/vc_row][vc_row][vc_column el_id=&#8221;1694371351488-8e3aff52-2b48&#8243;][vc_column_text]<\/p>\r\n<p><strong>Luftbesk\u00e4rning \/ air pruning och tillv\u00e4xten hos ditt tr\u00e4d<\/strong><\/p>\r\n\r\n<p>&nbsp;<\/p>\r\n\r\n<div class=\"wp-block-image\">\r\n<figure class=\"aligncenter size-large is-resized\"><img loading=\"lazy\" decoding=\"async\" class=\"wp-image-6817\" src=\"https:\/\/unikbotanik.se\/wp-content\/uploads\/2020\/07\/IMG_2476-1024x1024.jpg\" alt=\"\" width=\"310\" height=\"310\" srcset=\"https:\/\/unikbotanik.se\/wp-content\/uploads\/2020\/07\/IMG_2476-1024x1024.jpg 1024w, https:\/\/unikbotanik.se\/wp-content\/uploads\/2020\/07\/IMG_2476-300x300.jpg 300w, https:\/\/unikbotanik.se\/wp-content\/uploads\/2020\/07\/IMG_2476-100x100.jpg 100w, https:\/\/unikbotanik.se\/wp-content\/uploads\/2020\/07\/IMG_2476-600x600.jpg 600w, https:\/\/unikbotanik.se\/wp-content\/uploads\/2020\/07\/IMG_2476-150x150.jpg 150w, https:\/\/unikbotanik.se\/wp-content\/uploads\/2020\/07\/IMG_2476-768x768.jpg 768w, https:\/\/unikbotanik.se\/wp-content\/uploads\/2020\/07\/IMG_2476-1536x1536.jpg 1536w, https:\/\/unikbotanik.se\/wp-content\/uploads\/2020\/07\/IMG_2476-2048x2048.jpg 2048w, https:\/\/unikbotanik.se\/wp-content\/uploads\/2020\/07\/IMG_2476-80x80.jpg 80w\" sizes=\"auto, (max-width: 310px) 100vw, 310px\" \/>\r\n<figcaption>Chili och tomater i Airpots f\u00f6r befr\u00e4mjad rottillv\u00e4xt.<\/figcaption>\r\n<\/figure>\r\n<\/div>\r\n<p>\r\n\r\nTr\u00e4ningskrukor brukar de kallas, krukor med stor volym d\u00e4r du kan s\u00e4tta dina tr\u00e4d under tillv\u00e4xtperioden. Ett bonsai blir som bekant aldrig klart, men det kan ju vara mer eller mindre tr\u00e4dlikt. Under sin ungdom beh\u00f6ver tr\u00e4dets l\u00f6vvolym \u00f6ka och grenar f\u00f6rgrenas till mindre grenar och kvistar. Denna process tar l\u00e5ng tid. Om du d\u00e5 har lite br\u00e5ttom att s\u00e4tta ditt tr\u00e4d i en snygg bonsaikruka kommer denna tillv\u00e4xt att h\u00e4mmas.<\/p>\r\n<p>\r\n\r\n<iframe loading=\"lazy\" src=\"https:\/\/www.youtube.com\/embed\/UPAhI3ptBvY\" width=\"560\" height=\"315\" frameborder=\"0\" allowfullscreen=\"allowfullscreen\"><\/iframe><\/p>\r\n<p>\r\n\r\n<em>Tiepots och deras f\u00f6rklaring till luftbesk\u00e4rning och dess f\u00f6rdelar.<\/em><\/p>\r\n<p>\r\n\r\nI och med detta rekommenderas att du f\u00f6rvarar din blivande bonsai i en kruka som ger den hyfsat utrymmer f\u00f6r r\u00f6tterna. God rottillv\u00e4xt \u00e5terspeglas av god tillv\u00e4xt i l\u00f6vverket. Du kan p\u00e5 samma s\u00e4tt se att om tillv\u00e4xten i l\u00f6vverket h\u00e4mmas s\u00e5 \u00e4r det sannolikt s\u00e5 att ditt tr\u00e4d har d\u00e5lig rottillv\u00e4xt ocks\u00e5.<\/p>\r\n<p>\r\n\r\nDet finns fler s\u00e4tt att ge bra rottillv\u00e4xt \u00e4n bara stor kruka och god jord. Ett ganska nytt artificiellt s\u00e4tt att skynda p\u00e5 rottillv\u00e4xten \u00e4r air pruning eller luftbesk\u00e4rning. Fenomenet \u00e4r lika enkelt som det \u00e4r genialt. Genom att leda ut r\u00f6tter ur krukan d\u00f6r rotspetsen och roten m\u00e5ste grena sig. Grenade r\u00f6tter ger fler tunna rottr\u00e5dar och d\u00e4rmed st\u00f6rre upptagningsf\u00f6rm\u00e5ga.<\/p>\r\n<p>\r\n\r\nI normala fall str\u00e4cker sig ett f\u00e5tal r\u00f6tter mot det som v\u00e4xten beh\u00f6ver vilket \u00e4r dels \u00e4r vatten och dels n\u00e4ring. N\u00e4r sedan roten n\u00e5tt k\u00e4llan till gottigheterna kan den sedan dela sig f\u00f6r att \u00f6ka upptagningsf\u00f6rm\u00e5gan. Roten som \u00e4r ledande producerar hormoner som h\u00e4mmar sidor\u00f6tter att tillv\u00e4xa s\u00e5 att endast ett f\u00e5tal av r\u00f6tterna blir l\u00e5nga.<\/p>\r\n<p>\r\n\r\nMed luftbesk\u00e4rning leds r\u00f6tterna medvetet ut ur krukan. V\u00e4l d\u00e4r \u00e4r det torrt och den \u00f6mt\u00e5liga spetsen d\u00f6r. Den slutar h\u00e4rmed tillverka de h\u00e4mmande hormonerna. Nu b\u00f6rjar tillv\u00e4xtpunkter l\u00e4ngre bak p\u00e5 roten att bilda nya rottr\u00e5dar. N\u00e4r dessa b\u00f6rjar v\u00e4xa leds dessa \u00e5nyo ut genom h\u00e5len i krukan s\u00e5 att de ocks\u00e5 d\u00f6r. Nu b\u00f6rjar de nya r\u00f6tterna att f\u00f6rgrena sig. P\u00e5 ganska kort tid f\u00e5r du en betydligt st\u00f6rre rotmassa \u00e4n vad som annars skulle kunna vara m\u00f6jligt.<\/p>\r\n<p>\r\n\r\nMed detta sagt beh\u00f6ver allts\u00e5 den st\u00f6rre rotmassan (och det st\u00f6rre l\u00f6vverket) b\u00e4ttre tillg\u00e5ng till vatten och n\u00e4ring \u00e4n i en vanlig kruka. Men det s\u00e4ger sig kanske sj\u00e4lv. F\u00f6r b\u00e4ttre tillv\u00e4xt kr\u00e4vs b\u00e4ttre tillfl\u00f6de av det tr\u00e4det beh\u00f6ver.<\/p>\r\n<p>\r\n\r\nN\u00e4r detta skrivs har vi tv\u00e5 stycken leverant\u00f6rer av krukor f\u00f6r luftbesk\u00e4rning. De b\u00e5da n\u00e4rmar sig omr\u00e5det fr\u00e5n tv\u00e5 olika h\u00e5ll.<\/p>\r\n\r\n<p><strong>Airpots<\/strong><\/p>\r\n<p>\r\n\r\nDen f\u00f6rsta, Airpots, \u00e4r tillverkad av returplast och kommer ifr\u00e5n Skottland. De kommer f\u00f6rpackade som knottriga plastark inte helt olika den isolerplast som husgrunder skyddas med vid dr\u00e4nering. H\u00e4lften av groparna \u00e4r perforerade och r\u00f6tterna som naturligt s\u00f6ker sig ut\u00e5t leds av de rundade groparna ut genom h\u00e5len.<\/p>\r\n<p>\r\n\r\nAirpots \u00e4r en seri\u00f6s akt\u00f6r p\u00e5 marknaden, med sitt fokus p\u00e5 botanisk produktion. De anv\u00e4nds mycket f\u00f6rdelaktigt till hush\u00e5llsplantor som sallad, tomater, squash m.fl. \u00e4tbara v\u00e4xter, men ocks\u00e5 till buskar och tr\u00e4d p\u00e5 plantskolor etc. T.ex. anv\u00e4nds dessa fantastiska krukor p\u00e5 Royal Botanic Gardens eller Kew Gardens som de kallas, i London.<\/p>\r\n<p>\u00a0<\/p>\r\n<p>\u00a0<\/p>\r\n<p>\r\n\r\nAirpots har tagit fram en serie med lite plattare krukor som passar bra f\u00f6r fr\u00f6odling men ocks\u00e5 f\u00f6r oss bonsai-entusiaster som g\u00e4rna vill ha ett fruktsamt men avplattat rotsystem.<\/p>\r\n\r\n<p><strong>Tiepots<\/strong><\/p>\r\n<p>\r\n\r\nTiepots \u00e5 andra sidan \u00e4r en kruka s\u00e4rskilt framtagen till bonsai. Den har sk\u00e5ror som, p\u00e5 liknande vis som airpots rundade gropar, leder r\u00f6tterna till h\u00e5len. De \u00e4r ocks\u00e5 f\u00f6rsedda med knoppar l\u00e4ngs krukans rand d\u00e4r du enkelt kan f\u00f6rankra tr\u00e5dar f\u00f6r att styra tillv\u00e4xten hos ditt tr\u00e4d.<\/p>\r\n<p>\r\n\r\nTiepots \u00e4r framtagna av entusiasten Jens Lindworsky. Han har sj\u00e4lv designat och utformat gjutformen som dessa krukor g\u00f6rs i. Han st\u00e5r sj\u00e4lv f\u00f6r produktionen som g\u00f6rs hos en lokal plastfabrik. <a href=\"https:\/\/unikbotanik.se\/sv\/produkt\/tiepot-traningskruka-med-luftbeskarning\/\" target=\"_blank\" rel=\"noreferrer noopener\">Vi s\u00e4lje<\/a><a href=\"https:\/\/unikbotanik.se\/sv\/produkt\/tiepot-traningskruka-med-luftbeskarning\/\">r Tiepots sedan 2019.<\/a><\/p>\r\n<p>\r\n\r\nTillsammans med sin fru tillverkar han ocks\u00e5 keramikkrukor med samma geniala konstruktion. Dessv\u00e4rre g\u00f6rs dessa i s\u00e5 liten skala att vi inte har m\u00f6jlighet att k\u00f6pa dessa. D\u00e4remot har vi f\u00e5tt tillst\u00e5nd att i framtiden dela hans tillverkningsteknik n\u00e4r vi v\u00e4l f\u00e5r tag p\u00e5 en keramiker som \u00e4r sugen p\u00e5 att experimentera. Men det f\u00f6ruts\u00e4tter ett seri\u00f6st samarbete med familjen Lindworsky s\u00e5 vi avvaktar att vi finner r\u00e4tt samarbetspartner tills vidare.<\/p>\r\n<p>\r\n\r\nF\u00f6r deras vackra krukor med luftbesk\u00e4rning s\u00e5 bes\u00f6k g\u00e4rna <a href=\"https:\/\/tiepot.com\/en\/\" target=\"_blank\" rel=\"noreferrer noopener\">Lindworsky och deras tiepots tr\u00e4ningskrukor<\/a>.<\/p>\r\n<p>\u00a0<\/p>\r\n<p>[\/vc_column_text][\/vc_column][\/vc_row]<\/p><\/div>","protected":false},"excerpt":{"rendered":"<p>[vc_row el_id=&#8221;1694371419218-b5e3eba5-9905&#8243;][vc_column el_id=&#8221;1694371419227-3436ff17-dc9b&#8221;][vc_empty_space height=&#8221;40px&#8221;][\/vc_column][\/vc_row][vc_row][vc_column el_id=&#8221;1694371351488-8e3aff52-2b48&#8243;][vc_column_text] Luftbesk\u00e4rning \/ air pruning och tillv\u00e4xten hos ditt tr\u00e4d &nbsp; Tr\u00e4ningskrukor brukar de kallas, krukor med stor volym d\u00e4r du kan s\u00e4tta dina tr\u00e4d under tillv\u00e4xtperioden. Ett bonsai blir som bekant aldrig klart, men det kan ju vara mer eller mindre tr\u00e4dlikt. Under sin ungdom beh\u00f6ver tr\u00e4dets l\u00f6vvolym \u00f6ka och [&hellip;]<\/p>\n","protected":false},"author":2,"featured_media":0,"parent":5003,"menu_order":0,"comment_status":"closed","ping_status":"closed","template":"","meta":{"_uag_custom_page_level_css":"","_uf_show_specific_survey":0,"_uf_disable_surveys":false,"site-sidebar-layout":"right-sidebar","site-content-layout":"plain-container","ast-site-content-layout":"default","site-content-style":"default","site-sidebar-style":"default","ast-global-header-display":"","ast-banner-title-visibility":"","ast-main-header-display":"","ast-hfb-above-header-display":"","ast-hfb-below-header-display":"","ast-hfb-mobile-header-display":"","site-post-title":"disabled","ast-breadcrumbs-content":"","ast-featured-img":"disabled","footer-sml-layout":"","ast-disable-related-posts":"","theme-transparent-header-meta":"default","adv-header-id-meta":"","stick-header-meta":"","header-above-stick-meta":"","header-main-stick-meta":"","header-below-stick-meta":"","astra-migrate-meta-layouts":"set","ast-page-background-enabled":"default","ast-page-background-meta":{"desktop":{"background-color":"var(--ast-global-color-4)","background-image":"","background-repeat":"repeat","background-position":"center center","background-size":"auto","background-attachment":"scroll","background-type":"","background-media":"","overlay-type":"","overlay-color":"","overlay-opacity":"","overlay-gradient":""},"tablet":{"background-color":"","background-image":"","background-repeat":"repeat","background-position":"center center","background-size":"auto","background-attachment":"scroll","background-type":"","background-media":"","overlay-type":"","overlay-color":"","overlay-opacity":"","overlay-gradient":""},"mobile":{"background-color":"","background-image":"","background-repeat":"repeat","background-position":"center center","background-size":"auto","background-attachment":"scroll","background-type":"","background-media":"","overlay-type":"","overlay-color":"","overlay-opacity":"","overlay-gradient":""}},"ast-content-background-meta":{"desktop":{"background-color":"var(--ast-global-color-5)","background-image":"","background-repeat":"repeat","background-position":"center center","background-size":"auto","background-attachment":"scroll","background-type":"","background-media":"","overlay-type":"","overlay-color":"","overlay-opacity":"","overlay-gradient":""},"tablet":{"background-color":"var(--ast-global-color-5)","background-image":"","background-repeat":"repeat","background-position":"center center","background-size":"auto","background-attachment":"scroll","background-type":"","background-media":"","overlay-type":"","overlay-color":"","overlay-opacity":"","overlay-gradient":""},"mobile":{"background-color":"var(--ast-global-color-5)","background-image":"","background-repeat":"repeat","background-position":"center center","background-size":"auto","background-attachment":"scroll","background-type":"","background-media":"","overlay-type":"","overlay-color":"","overlay-opacity":"","overlay-gradient":""}},"footnotes":""},"class_list":["post-6816","page","type-page","status-publish","hentry"],"aioseo_notices":[],"uagb_featured_image_src":{"full":false,"thumbnail":false,"medium":false,"medium_large":false,"large":false,"1536x1536":false,"2048x2048":false,"woocommerce_thumbnail":false,"woocommerce_single":false,"woocommerce_gallery_thumbnail":false},"uagb_author_info":{"display_name":"unikbotanik","author_link":"https:\/\/unikbotanik.se\/sv\/author\/unikbotanik\/"},"uagb_comment_info":0,"uagb_excerpt":"[vc_row el_id=&#8221;1694371419218-b5e3eba5-9905&#8243;][vc_column el_id=&#8221;1694371419227-3436ff17-dc9b&#8221;][vc_empty_space height=&#8221;40px&#8221;][\/vc_column][\/vc_row][vc_row][vc_column el_id=&#8221;1694371351488-8e3aff52-2b48&#8243;][vc_column_text] Luftbesk\u00e4rning \/ air pruning och tillv\u00e4xten hos ditt tr\u00e4d &nbsp; Tr\u00e4ningskrukor brukar de kallas, krukor med stor volym d\u00e4r du kan s\u00e4tta dina tr\u00e4d under tillv\u00e4xtperioden. Ett bonsai blir som bekant aldrig klart, men det kan ju vara mer eller mindre tr\u00e4dlikt. Under sin ungdom beh\u00f6ver tr\u00e4dets l\u00f6vvolym \u00f6ka och&hellip;","_links":{"self":[{"href":"https:\/\/unikbotanik.se\/sv\/wp-json\/wp\/v2\/pages\/6816","targetHints":{"allow":["GET"]}}],"collection":[{"href":"https:\/\/unikbotanik.se\/sv\/wp-json\/wp\/v2\/pages"}],"about":[{"href":"https:\/\/unikbotanik.se\/sv\/wp-json\/wp\/v2\/types\/page"}],"author":[{"embeddable":true,"href":"https:\/\/unikbotanik.se\/sv\/wp-json\/wp\/v2\/users\/2"}],"replies":[{"embeddable":true,"href":"https:\/\/unikbotanik.se\/sv\/wp-json\/wp\/v2\/comments?post=6816"}],"version-history":[{"count":6,"href":"https:\/\/unikbotanik.se\/sv\/wp-json\/wp\/v2\/pages\/6816\/revisions"}],"predecessor-version":[{"id":14191,"href":"https:\/\/unikbotanik.se\/sv\/wp-json\/wp\/v2\/pages\/6816\/revisions\/14191"}],"up":[{"embeddable":true,"href":"https:\/\/unikbotanik.se\/sv\/wp-json\/wp\/v2\/pages\/5003"}],"wp:attachment":[{"href":"https:\/\/unikbotanik.se\/sv\/wp-json\/wp\/v2\/media?parent=6816"}],"curies":[{"name":"wp","href":"https:\/\/api.w.org\/{rel}","templated":true}]}}