{"id":4988,"date":"2020-01-10T15:14:07","date_gmt":"2020-01-10T14:14:07","guid":{"rendered":"https:\/\/unikbotanik.se\/?page_id=4988"},"modified":"2023-12-31T09:23:41","modified_gmt":"2023-12-31T08:23:41","slug":"kattsand-eller-akadama","status":"publish","type":"page","link":"https:\/\/unikbotanik.se\/sv\/bonsai\/https-unikbotanik-se-sv-bonsai-odlingsmedium-for-bonsai\/kattsand-eller-akadama\/","title":{"rendered":"Kattsand eller akadama"},"content":{"rendered":"<div class=\"wpb-content-wrapper\"><p>[vc_row el_id=&#8221;1694369839655-ef45f4d4-37de&#8221;][vc_column el_id=&#8221;1694369839665-3e2acaa9-6781&#8243;][vc_empty_space height=&#8221;40px&#8221;][\/vc_column][\/vc_row][vc_row][vc_column el_id=&#8221;1694369910332-f67c9882-b226&#8243;][vc_column_text]<strong>En vanlig ingrediens i jordblandningar f\u00f6r bonsai \u00e4r kattsand. En del \u00e4r v\u00e4ldigt entydiga p\u00e5 att akadama \u00e4r \u00f6verl\u00e4gset medan andra h\u00e4vdar att det g\u00e5r precis lika bra med kattsand. F\u00f6r att g\u00f6ra det b\u00e4sta valet beh\u00f6ver du f\u00f6rst\u00e5 skillnader och likheter mellan kattsand och akadama men framf\u00f6r allt undvika att v\u00e4lja fel kattsand om du nu v\u00e4ljer kattsand till dina bonsai. Jag har tidigare beskrivit akadama ganska ing\u00e5ende, s\u00e5 h\u00e4r skall jag fr\u00e4mst tala om likheter och skillnader.<\/strong><\/p>\r\n<p>\r\n\r\n<strong>Vattenlagrande egenskaper<\/strong><br \/>En av huvudsyftena med kattsand \u00e4r att binda urin fr\u00e5n katten. Kattsanden (oavsett sort) \u00e4r d\u00e4rf\u00f6r bra p\u00e5 p\u00e5 att binda vatten. Den kvartsbaserade kattsanden som upphettats och bl\u00e5sts upp till fluffiga kulor \u00e4r ocks\u00e5 ganska bra p\u00e5 att avge fukt till omkringliggande jord. D\u00e4remot har r\u00f6tterna inte samma f\u00f6rm\u00e5ga att tr\u00e4nga in i kornen som \u00e4r i det n\u00e4rmaste inerta. S\u00e5ledes ger de inte tillbaka vattnet direkt till v\u00e4xten utan via jorden och kapill\u00e4rverkan. Skillnaden \u00e4r dock v\u00e4ldigt liten.<\/p>\r\n<p>\r\n\r\n<strong>Jonbytaregenskaper<\/strong><br \/>Liksom akadaman s\u00e5 inneh\u00e5ller kvarssanden\/sikatsanden kiseldioxid (vilket \u00e4r en stor del av akadamans inneh\u00e5ll). Den lagrar allts\u00e5 \u00e4ven n\u00e4rsalter till din bonsai, med ganska god effekt.<\/p>\r\n<p>\r\n\r\n<strong>Sp\u00e5r\u00e4mnen<\/strong><br \/>Silikatsanden saknar sp\u00e5r\u00e4mnena som finns naturligt i akadaman. J\u00e4rn (som ger extra bra klorofyllproduktion och fin gr\u00f6n f\u00e4rg, magnesium, kalcium och mangan som ocks\u00e5 \u00e4r viktiga sp\u00e5r\u00e4mnen f\u00f6r bonsai och andra tr\u00e4d. S\u00e5ledes kommer valet av g\u00f6dningsmedel att bli viktigare. Ett naturligt\/organsikt g\u00f6dningsmedel \u00e4r d\u00e4rf\u00f6r viktigare om du anv\u00e4nder kattsand. Alternativt konstg\u00f6dning med mycket god sammans\u00e4ttning.<\/p>\r\n<p>\r\n\r\n<strong>Kornform<br \/><\/strong>F\u00f6r att vara bekv\u00e4m f\u00f6r katten \u00e4r kornformen lite rundad vilket g\u00f6r att r\u00f6tter l\u00e4ttare sv\u00e4nger f\u00f6rbi kornen i st\u00e4llet f\u00f6r att f\u00f6rgrena sig. Det betyder att de snabbare n\u00e5r ytterkanten p\u00e5 krukan f\u00f6r att b\u00f6rja v\u00e4xa i cirklar. N\u00e4r du blandar i sand i din kruka \u00e4r det d\u00e4rf\u00f6r extra viktigt att du v\u00e4ljer lite kantigare korn och inte t.ex. akvariesand.<\/p>\r\n<p>\r\n\r\n<strong>Pris<br \/><\/strong> Kattsanden \u00e4r billigare, s\u00e5 h\u00e4r kan du spara lite p\u00e5 din bonsai. Men, t\u00e4nk p\u00e5 att du s\u00e4llan anv\u00e4nder 100% akadama utan endast som en ingrediens i blandningar. S\u00e5ledes kanske du sparar 5 \u2013 6 kronor p\u00e5 en bonsai i en enliters kruka.<\/p>\r\n<p>\r\n\r\n<strong>Milj\u00f6<\/strong><br \/>N\u00e5ja, h\u00e4r \u00e4r jag ute p\u00e5 hal is. Dels \u00e4r milj\u00f6kostnaden f\u00f6r akadaman f\u00f6r frakt fr\u00e5n Japan ganska h\u00f6g. \u00c5 andra sidan s\u00e5 \u00e4r tillverkningsenergin som kr\u00e4vs f\u00f6r att sm\u00e4lta ren kvars (1 720 grader Celcius) och bl\u00e5sa upp den till fluffiga korn, gasnka h\u00f6g. Dels s\u00e5 \u00e4r det intressant att veta var den produseras.<\/p>\r\n<p>\r\n\r\n<strong>V\u00e4lj inte fel kattsanden<br \/><\/strong>Till sist, undvik fel sort! Det finns tv\u00e5 huvudtyper att undvika. 1. Lera. Lersand, ofta bentonit \u00e4r superbra p\u00e5 att suga upp vatten. Sannolikt l\u00e4mna tillbaka vattnet med. Den \u00e4r ocks\u00e5 en vulkanisk bergart, men den inneh\u00e5ller vattenl\u00f6sliga komponenter som binder till sig s\u00e5 mycket vatten att den sv\u00e4ller och till slut blir flytande om du f\u00e5r i tillr\u00e4ckligt mycket vatten. Du f\u00e5r en deg i krukan som ocks\u00e5 l\u00f6per st\u00f6rre risk att dr\u00e4nk plantan och frysa s\u00f6nder krukan. 2. Silika-gel. Det finns \u201dsand\u201d som \u00e4r gjord av samma material som de sm\u00e5 silika-gel-pellets som finns i torkkuddar f\u00f6r elektronik. Den har jag ingen erfarenhet av d\u00e5 det g\u00e4ller bonsai, men eftersom den m\u00e5ste hettas upp till 150 grader f\u00f6r att avge \u00f6verskottsvattnet s\u00e5 kan jag inte tro att den frivilligt vill dela med sig till bonsaien.<\/p>\r\n<p>[\/vc_column_text][\/vc_column][\/vc_row]<\/p><\/div>","protected":false},"excerpt":{"rendered":"<p>[vc_row el_id=&#8221;1694369839655-ef45f4d4-37de&#8221;][vc_column el_id=&#8221;1694369839665-3e2acaa9-6781&#8243;][vc_empty_space height=&#8221;40px&#8221;][\/vc_column][\/vc_row][vc_row][vc_column el_id=&#8221;1694369910332-f67c9882-b226&#8243;][vc_column_text]En vanlig ingrediens i jordblandningar f\u00f6r bonsai \u00e4r kattsand. En del \u00e4r v\u00e4ldigt entydiga p\u00e5 att akadama \u00e4r \u00f6verl\u00e4gset medan andra h\u00e4vdar att det g\u00e5r precis lika bra med kattsand. F\u00f6r att g\u00f6ra det b\u00e4sta valet beh\u00f6ver du f\u00f6rst\u00e5 skillnader och likheter mellan kattsand och akadama men framf\u00f6r allt undvika att [&hellip;]<\/p>\n","protected":false},"author":2,"featured_media":0,"parent":4833,"menu_order":0,"comment_status":"closed","ping_status":"closed","template":"","meta":{"_uag_custom_page_level_css":"","_uf_show_specific_survey":0,"_uf_disable_surveys":false,"site-sidebar-layout":"right-sidebar","site-content-layout":"plain-container","ast-site-content-layout":"default","site-content-style":"default","site-sidebar-style":"default","ast-global-header-display":"","ast-banner-title-visibility":"","ast-main-header-display":"","ast-hfb-above-header-display":"","ast-hfb-below-header-display":"","ast-hfb-mobile-header-display":"","site-post-title":"disabled","ast-breadcrumbs-content":"","ast-featured-img":"disabled","footer-sml-layout":"","ast-disable-related-posts":"","theme-transparent-header-meta":"default","adv-header-id-meta":"","stick-header-meta":"","header-above-stick-meta":"","header-main-stick-meta":"","header-below-stick-meta":"","astra-migrate-meta-layouts":"set","ast-page-background-enabled":"default","ast-page-background-meta":{"desktop":{"background-color":"var(--ast-global-color-4)","background-image":"","background-repeat":"repeat","background-position":"center center","background-size":"auto","background-attachment":"scroll","background-type":"","background-media":"","overlay-type":"","overlay-color":"","overlay-opacity":"","overlay-gradient":""},"tablet":{"background-color":"","background-image":"","background-repeat":"repeat","background-position":"center center","background-size":"auto","background-attachment":"scroll","background-type":"","background-media":"","overlay-type":"","overlay-color":"","overlay-opacity":"","overlay-gradient":""},"mobile":{"background-color":"","background-image":"","background-repeat":"repeat","background-position":"center center","background-size":"auto","background-attachment":"scroll","background-type":"","background-media":"","overlay-type":"","overlay-color":"","overlay-opacity":"","overlay-gradient":""}},"ast-content-background-meta":{"desktop":{"background-color":"var(--ast-global-color-5)","background-image":"","background-repeat":"repeat","background-position":"center center","background-size":"auto","background-attachment":"scroll","background-type":"","background-media":"","overlay-type":"","overlay-color":"","overlay-opacity":"","overlay-gradient":""},"tablet":{"background-color":"var(--ast-global-color-5)","background-image":"","background-repeat":"repeat","background-position":"center center","background-size":"auto","background-attachment":"scroll","background-type":"","background-media":"","overlay-type":"","overlay-color":"","overlay-opacity":"","overlay-gradient":""},"mobile":{"background-color":"var(--ast-global-color-5)","background-image":"","background-repeat":"repeat","background-position":"center center","background-size":"auto","background-attachment":"scroll","background-type":"","background-media":"","overlay-type":"","overlay-color":"","overlay-opacity":"","overlay-gradient":""}},"footnotes":""},"class_list":["post-4988","page","type-page","status-publish","hentry"],"aioseo_notices":[],"uagb_featured_image_src":{"full":false,"thumbnail":false,"medium":false,"medium_large":false,"large":false,"1536x1536":false,"2048x2048":false,"woocommerce_thumbnail":false,"woocommerce_single":false,"woocommerce_gallery_thumbnail":false},"uagb_author_info":{"display_name":"unikbotanik","author_link":"https:\/\/unikbotanik.se\/sv\/author\/unikbotanik\/"},"uagb_comment_info":0,"uagb_excerpt":"[vc_row el_id=&#8221;1694369839655-ef45f4d4-37de&#8221;][vc_column el_id=&#8221;1694369839665-3e2acaa9-6781&#8243;][vc_empty_space height=&#8221;40px&#8221;][\/vc_column][\/vc_row][vc_row][vc_column el_id=&#8221;1694369910332-f67c9882-b226&#8243;][vc_column_text]En vanlig ingrediens i jordblandningar f\u00f6r bonsai \u00e4r kattsand. En del \u00e4r v\u00e4ldigt entydiga p\u00e5 att akadama \u00e4r \u00f6verl\u00e4gset medan andra h\u00e4vdar att det g\u00e5r precis lika bra med kattsand. F\u00f6r att g\u00f6ra det b\u00e4sta valet beh\u00f6ver du f\u00f6rst\u00e5 skillnader och likheter mellan kattsand och akadama men framf\u00f6r allt undvika att&hellip;","_links":{"self":[{"href":"https:\/\/unikbotanik.se\/sv\/wp-json\/wp\/v2\/pages\/4988","targetHints":{"allow":["GET"]}}],"collection":[{"href":"https:\/\/unikbotanik.se\/sv\/wp-json\/wp\/v2\/pages"}],"about":[{"href":"https:\/\/unikbotanik.se\/sv\/wp-json\/wp\/v2\/types\/page"}],"author":[{"embeddable":true,"href":"https:\/\/unikbotanik.se\/sv\/wp-json\/wp\/v2\/users\/2"}],"replies":[{"embeddable":true,"href":"https:\/\/unikbotanik.se\/sv\/wp-json\/wp\/v2\/comments?post=4988"}],"version-history":[{"count":5,"href":"https:\/\/unikbotanik.se\/sv\/wp-json\/wp\/v2\/pages\/4988\/revisions"}],"predecessor-version":[{"id":14188,"href":"https:\/\/unikbotanik.se\/sv\/wp-json\/wp\/v2\/pages\/4988\/revisions\/14188"}],"up":[{"embeddable":true,"href":"https:\/\/unikbotanik.se\/sv\/wp-json\/wp\/v2\/pages\/4833"}],"wp:attachment":[{"href":"https:\/\/unikbotanik.se\/sv\/wp-json\/wp\/v2\/media?parent=4988"}],"curies":[{"name":"wp","href":"https:\/\/api.w.org\/{rel}","templated":true}]}}