{"id":4836,"date":"2019-12-30T21:47:03","date_gmt":"2019-12-30T20:47:03","guid":{"rendered":"https:\/\/unikbotanik.se\/?page_id=4836"},"modified":"2023-12-31T09:24:18","modified_gmt":"2023-12-31T08:24:18","slug":"lavasand-for-bonsai","status":"publish","type":"page","link":"https:\/\/unikbotanik.se\/sv\/bonsai\/https-unikbotanik-se-sv-bonsai-odlingsmedium-for-bonsai\/lavasand-for-bonsai\/","title":{"rendered":"Lavasand f\u00f6r bonsai"},"content":{"rendered":"<div class=\"wpb-content-wrapper\"><p>[vc_row el_id=&#8221;1578565615290-5a58d39f-6eb6&#8243;][vc_column el_id=&#8221;1578565615299-fa7c99ce-3c6c&#8221;][vc_empty_space height=&#8221;40px&#8221;][\/vc_column][\/vc_row][vc_row][vc_column el_id=&#8221;1578565628190-1570b752-2a31&#8243;][vc_column_text]<strong>Bland de vanligaste jordarterna som anv\u00e4nds \u00e4r japanska lavatyper. Varf\u00f6r just japanska d\u00e5? Det kunde ju vara s\u00e5 att det \u00e4r just f\u00f6r att bonsaiodlingen till stor del h\u00e4rstammar d\u00e4rifr\u00e5n. Men, det \u00e4r inte hela sanningen. Det f\u00f6rsta jag t\u00e4nkte n\u00e4r jag b\u00f6rjade med Bonsai var Island (!). Men, det visar sig att det endast finns den typ av vulkaner som producerar akadama och kuryu just i japan samt, om jag inte missminner mig p\u00e5 en specifik vulkan i Oregon, USA. Vad \u00e4r d\u00e5 f\u00f6r speciellt med dessa?<\/strong><\/p>\r\n<p>\r\n\r\n<strong><a href=\"https:\/\/unikbotanik.se\/sv\/produkt-kategori\/odlingsmedium\/\">Akadama<\/a><\/strong><\/p>\r\n<p>\u00a0<\/p>\r\n\r\n<figure class=\"wp-block-image is-resized\"><img loading=\"lazy\" decoding=\"async\" class=\"wp-image-2600\" src=\"https:\/\/unikbotanik.se\/wp-content\/uploads\/2019\/06\/akadama.jpg\" alt=\"\" width=\"300\" height=\"300\" srcset=\"https:\/\/unikbotanik.se\/wp-content\/uploads\/2019\/06\/akadama.jpg 900w, https:\/\/unikbotanik.se\/wp-content\/uploads\/2019\/06\/akadama-300x300.jpg 300w, https:\/\/unikbotanik.se\/wp-content\/uploads\/2019\/06\/akadama-100x100.jpg 100w, https:\/\/unikbotanik.se\/wp-content\/uploads\/2019\/06\/akadama-600x600.jpg 600w, https:\/\/unikbotanik.se\/wp-content\/uploads\/2019\/06\/akadama-150x150.jpg 150w, https:\/\/unikbotanik.se\/wp-content\/uploads\/2019\/06\/akadama-768x768.jpg 768w, https:\/\/unikbotanik.se\/wp-content\/uploads\/2019\/06\/akadama-80x80.jpg 80w\" sizes=\"auto, (max-width: 300px) 100vw, 300px\" \/><\/figure>\r\n<p>\r\n\r\nAkadama \u00e4r den h\u00f6gst aktade lavasorten. Den har alla de tre egenskaperna n\u00e4mnda ovan. Dessutom \u00e4r den por\u00f6s p\u00e5 ett s\u00e4tt som g\u00f6r att tunna rottr\u00e5dar kan sticka rakt in och igenom kornen p\u00e5 sin jakt efter n\u00e4ring och vatten. Det g\u00e5r allts\u00e5 att odla bonsai i ren akadama. Allra hellst med korn mellan tv\u00e5 och sex millimeter i diameter. (St\u00f6rre korn g\u00f6r sig i botten p\u00e5 krukan eller f\u00f6r st\u00f6rre tr\u00e4d eller i kombination med torv m.m.<\/p>\r\n<p>\r\n\r\n<strong><a href=\"https:\/\/unikbotanik.se\/sv\/produkt-kategori\/odlingsmedium\/\">Pimpsten<\/a><\/strong><\/p>\r\n<p>\u00a0<\/p>\r\n\r\n<figure class=\"wp-block-image is-resized\"><img loading=\"lazy\" decoding=\"async\" class=\"wp-image-2602\" src=\"https:\/\/unikbotanik.se\/wp-content\/uploads\/2019\/06\/pimpsten.jpg\" alt=\"\" width=\"300\" height=\"300\" srcset=\"https:\/\/unikbotanik.se\/wp-content\/uploads\/2019\/06\/pimpsten.jpg 900w, https:\/\/unikbotanik.se\/wp-content\/uploads\/2019\/06\/pimpsten-300x300.jpg 300w, https:\/\/unikbotanik.se\/wp-content\/uploads\/2019\/06\/pimpsten-100x100.jpg 100w, https:\/\/unikbotanik.se\/wp-content\/uploads\/2019\/06\/pimpsten-600x600.jpg 600w, https:\/\/unikbotanik.se\/wp-content\/uploads\/2019\/06\/pimpsten-150x150.jpg 150w, https:\/\/unikbotanik.se\/wp-content\/uploads\/2019\/06\/pimpsten-768x768.jpg 768w, https:\/\/unikbotanik.se\/wp-content\/uploads\/2019\/06\/pimpsten-80x80.jpg 80w\" sizes=\"auto, (max-width: 300px) 100vw, 300px\" \/><\/figure>\r\n<p>\r\n\r\nPimpsten \u00e4r i princip lika bra, men denna \u00e4r tyv\u00e4rr v\u00e4ldigt vit i f\u00e4rgen och lyser i den svarta jorden om du blandar i pimpsten. Dock \u00e4r pimpsten billigare. Kanske v\u00e4rt att ha pimpsten i och akadama ovanp\u00e5? Eller svart lavasamd fr\u00e5n t.ex. Mt. Fuji-massivet till dess att mossan tagit f\u00e4ste.<\/p>\r\n<p>\r\n\r\n<strong><a href=\"https:\/\/unikbotanik.se\/sv\/produkt-kategori\/odlingsmedium\/\">Kuryu och Kiryuzuna<\/a><\/strong><\/p>\r\n<p>\u00a0<\/p>\r\n\r\n<figure class=\"wp-block-image is-resized\"><img loading=\"lazy\" decoding=\"async\" class=\"wp-image-2606\" src=\"https:\/\/unikbotanik.se\/wp-content\/uploads\/2019\/06\/Kiryuzuna.jpg\" alt=\"\" width=\"300\" height=\"300\" srcset=\"https:\/\/unikbotanik.se\/wp-content\/uploads\/2019\/06\/Kiryuzuna.jpg 900w, https:\/\/unikbotanik.se\/wp-content\/uploads\/2019\/06\/Kiryuzuna-300x300.jpg 300w, https:\/\/unikbotanik.se\/wp-content\/uploads\/2019\/06\/Kiryuzuna-100x100.jpg 100w, https:\/\/unikbotanik.se\/wp-content\/uploads\/2019\/06\/Kiryuzuna-600x600.jpg 600w, https:\/\/unikbotanik.se\/wp-content\/uploads\/2019\/06\/Kiryuzuna-150x150.jpg 150w, https:\/\/unikbotanik.se\/wp-content\/uploads\/2019\/06\/Kiryuzuna-768x768.jpg 768w, https:\/\/unikbotanik.se\/wp-content\/uploads\/2019\/06\/Kiryuzuna-80x80.jpg 80w\" sizes=\"auto, (max-width: 300px) 100vw, 300px\" \/>\r\n<figcaption>Kiryu, 5 mm kornstorlek.<\/figcaption>\r\n<\/figure>\r\n<p>\u00a0<\/p>\r\n\r\n<figure class=\"wp-block-image is-resized\"><img loading=\"lazy\" decoding=\"async\" class=\"wp-image-2604\" src=\"https:\/\/unikbotanik.se\/wp-content\/uploads\/2019\/06\/Kiryu.jpg\" alt=\"\" width=\"300\" height=\"300\" srcset=\"https:\/\/unikbotanik.se\/wp-content\/uploads\/2019\/06\/Kiryu.jpg 900w, https:\/\/unikbotanik.se\/wp-content\/uploads\/2019\/06\/Kiryu-300x300.jpg 300w, https:\/\/unikbotanik.se\/wp-content\/uploads\/2019\/06\/Kiryu-100x100.jpg 100w, https:\/\/unikbotanik.se\/wp-content\/uploads\/2019\/06\/Kiryu-600x600.jpg 600w, https:\/\/unikbotanik.se\/wp-content\/uploads\/2019\/06\/Kiryu-150x150.jpg 150w, https:\/\/unikbotanik.se\/wp-content\/uploads\/2019\/06\/Kiryu-768x768.jpg 768w, https:\/\/unikbotanik.se\/wp-content\/uploads\/2019\/06\/Kiryu-80x80.jpg 80w\" sizes=\"auto, (max-width: 300px) 100vw, 300px\" \/>\r\n<figcaption>Kiryuzuna, 10 mm kornstorlek, ganska blandad.<\/figcaption>\r\n<\/figure>\r\n<p>\r\n\r\nKuryu och Kiryuzuna \u00e4r lite fastare \u00e4n akadama och bryts inte ned p\u00e5 samma s\u00e4tt som akadama-kornen vilket passar v\u00e5rt bl\u00f6ta klimat. \u00c5 andra sidan dr\u00e4nerar den lite b\u00e4ttre vilket g\u00f6r att den under heta sommardagar kan vara lite f\u00f6r v\u00e4ldr\u00e4nerande.<\/p>\r\n<p>\r\n\r\n<strong><a href=\"https:\/\/unikbotanik.se\/sv\/produkt-kategori\/odlingsmedium\/\">Kanuma<\/a><\/strong><\/p>\r\n<p>\r\n\r\nKanuma i sin tur \u00e4r ett v\u00e4ldigt l\u00e4tt material vilket passar om du har v\u00e4ldigt stora krukor att fylla. Denna lavasort \u00e4r inte riktigt lika bra som akadaman men som sagt v\u00e4ldigt l\u00e4ttviktigt!<\/p>\r\n<p>[\/vc_column_text][\/vc_column][\/vc_row]<\/p><\/div>","protected":false},"excerpt":{"rendered":"<p>[vc_row el_id=&#8221;1578565615290-5a58d39f-6eb6&#8243;][vc_column el_id=&#8221;1578565615299-fa7c99ce-3c6c&#8221;][vc_empty_space height=&#8221;40px&#8221;][\/vc_column][\/vc_row][vc_row][vc_column el_id=&#8221;1578565628190-1570b752-2a31&#8243;][vc_column_text]Bland de vanligaste jordarterna som anv\u00e4nds \u00e4r japanska lavatyper. Varf\u00f6r just japanska d\u00e5? Det kunde ju vara s\u00e5 att det \u00e4r just f\u00f6r att bonsaiodlingen till stor del h\u00e4rstammar d\u00e4rifr\u00e5n. Men, det \u00e4r inte hela sanningen. Det f\u00f6rsta jag t\u00e4nkte n\u00e4r jag b\u00f6rjade med Bonsai var Island (!). Men, det visar [&hellip;]<\/p>\n","protected":false},"author":2,"featured_media":0,"parent":4833,"menu_order":0,"comment_status":"closed","ping_status":"closed","template":"","meta":{"_uag_custom_page_level_css":"","_uf_show_specific_survey":0,"_uf_disable_surveys":false,"site-sidebar-layout":"right-sidebar","site-content-layout":"plain-container","ast-site-content-layout":"default","site-content-style":"default","site-sidebar-style":"default","ast-global-header-display":"","ast-banner-title-visibility":"","ast-main-header-display":"","ast-hfb-above-header-display":"","ast-hfb-below-header-display":"","ast-hfb-mobile-header-display":"","site-post-title":"disabled","ast-breadcrumbs-content":"","ast-featured-img":"disabled","footer-sml-layout":"","ast-disable-related-posts":"","theme-transparent-header-meta":"default","adv-header-id-meta":"","stick-header-meta":"","header-above-stick-meta":"","header-main-stick-meta":"","header-below-stick-meta":"","astra-migrate-meta-layouts":"set","ast-page-background-enabled":"default","ast-page-background-meta":{"desktop":{"background-color":"var(--ast-global-color-4)","background-image":"","background-repeat":"repeat","background-position":"center center","background-size":"auto","background-attachment":"scroll","background-type":"","background-media":"","overlay-type":"","overlay-color":"","overlay-opacity":"","overlay-gradient":""},"tablet":{"background-color":"","background-image":"","background-repeat":"repeat","background-position":"center center","background-size":"auto","background-attachment":"scroll","background-type":"","background-media":"","overlay-type":"","overlay-color":"","overlay-opacity":"","overlay-gradient":""},"mobile":{"background-color":"","background-image":"","background-repeat":"repeat","background-position":"center center","background-size":"auto","background-attachment":"scroll","background-type":"","background-media":"","overlay-type":"","overlay-color":"","overlay-opacity":"","overlay-gradient":""}},"ast-content-background-meta":{"desktop":{"background-color":"var(--ast-global-color-5)","background-image":"","background-repeat":"repeat","background-position":"center center","background-size":"auto","background-attachment":"scroll","background-type":"","background-media":"","overlay-type":"","overlay-color":"","overlay-opacity":"","overlay-gradient":""},"tablet":{"background-color":"var(--ast-global-color-5)","background-image":"","background-repeat":"repeat","background-position":"center center","background-size":"auto","background-attachment":"scroll","background-type":"","background-media":"","overlay-type":"","overlay-color":"","overlay-opacity":"","overlay-gradient":""},"mobile":{"background-color":"var(--ast-global-color-5)","background-image":"","background-repeat":"repeat","background-position":"center center","background-size":"auto","background-attachment":"scroll","background-type":"","background-media":"","overlay-type":"","overlay-color":"","overlay-opacity":"","overlay-gradient":""}},"footnotes":""},"class_list":["post-4836","page","type-page","status-publish","hentry"],"aioseo_notices":[],"uagb_featured_image_src":{"full":false,"thumbnail":false,"medium":false,"medium_large":false,"large":false,"1536x1536":false,"2048x2048":false,"woocommerce_thumbnail":false,"woocommerce_single":false,"woocommerce_gallery_thumbnail":false},"uagb_author_info":{"display_name":"unikbotanik","author_link":"https:\/\/unikbotanik.se\/sv\/author\/unikbotanik\/"},"uagb_comment_info":0,"uagb_excerpt":"[vc_row el_id=&#8221;1578565615290-5a58d39f-6eb6&#8243;][vc_column el_id=&#8221;1578565615299-fa7c99ce-3c6c&#8221;][vc_empty_space height=&#8221;40px&#8221;][\/vc_column][\/vc_row][vc_row][vc_column el_id=&#8221;1578565628190-1570b752-2a31&#8243;][vc_column_text]Bland de vanligaste jordarterna som anv\u00e4nds \u00e4r japanska lavatyper. Varf\u00f6r just japanska d\u00e5? Det kunde ju vara s\u00e5 att det \u00e4r just f\u00f6r att bonsaiodlingen till stor del h\u00e4rstammar d\u00e4rifr\u00e5n. Men, det \u00e4r inte hela sanningen. Det f\u00f6rsta jag t\u00e4nkte n\u00e4r jag b\u00f6rjade med Bonsai var Island (!). Men, det visar&hellip;","_links":{"self":[{"href":"https:\/\/unikbotanik.se\/sv\/wp-json\/wp\/v2\/pages\/4836","targetHints":{"allow":["GET"]}}],"collection":[{"href":"https:\/\/unikbotanik.se\/sv\/wp-json\/wp\/v2\/pages"}],"about":[{"href":"https:\/\/unikbotanik.se\/sv\/wp-json\/wp\/v2\/types\/page"}],"author":[{"embeddable":true,"href":"https:\/\/unikbotanik.se\/sv\/wp-json\/wp\/v2\/users\/2"}],"replies":[{"embeddable":true,"href":"https:\/\/unikbotanik.se\/sv\/wp-json\/wp\/v2\/comments?post=4836"}],"version-history":[{"count":5,"href":"https:\/\/unikbotanik.se\/sv\/wp-json\/wp\/v2\/pages\/4836\/revisions"}],"predecessor-version":[{"id":14189,"href":"https:\/\/unikbotanik.se\/sv\/wp-json\/wp\/v2\/pages\/4836\/revisions\/14189"}],"up":[{"embeddable":true,"href":"https:\/\/unikbotanik.se\/sv\/wp-json\/wp\/v2\/pages\/4833"}],"wp:attachment":[{"href":"https:\/\/unikbotanik.se\/sv\/wp-json\/wp\/v2\/media?parent=4836"}],"curies":[{"name":"wp","href":"https:\/\/api.w.org\/{rel}","templated":true}]}}