{"id":4831,"date":"2019-12-30T21:07:11","date_gmt":"2019-12-30T20:07:11","guid":{"rendered":"https:\/\/unikbotanik.se\/?page_id=4831"},"modified":"2023-12-31T09:19:07","modified_gmt":"2023-12-31T08:19:07","slug":"bonsai-verktyg","status":"publish","type":"page","link":"https:\/\/unikbotanik.se\/sv\/bonsai\/bonsai-verktyg\/","title":{"rendered":"Bonsai-verktyg"},"content":{"rendered":"<div class=\"wpb-content-wrapper\"><p>[vc_row el_id=&#8221;1578564489279-3aaebc2e-5abb&#8221;][vc_column el_id=&#8221;1578564489290-b5fbe286-3afc&#8221;][vc_empty_space height=&#8221;40px&#8221;][\/vc_column][\/vc_row][vc_row][vc_column el_id=&#8221;1578564421706-d8dd2839-f426&#8243;][vc_column_text]<\/p>\r\n<p><strong><a href=\"https:\/\/unikbotanik.se\/sv\/produkt-kategori\/bonsaiverktyg\/\">Bonsaiverktyg<\/a> verkar p\u00e5 n\u00e5got s\u00e4tt som den magiska v\u00e4gen till ditt eget bonsaitr\u00e4d. Precis som i verkstaden s\u00e5 finns ett verktyg till varje uppgift och har du inte r\u00e4tt verktyg s\u00e5 \u00e4r du k\u00f6rd\u2026 Eller? N\u00e5ja, kanske inte riktigt s\u00e5 drastiskt.<\/strong><\/p>\r\n<p>\r\n\r\nBonsai \u00e4r en mycket gammal f\u00f6reteelse. Ordet bonsai \u00e4r egentligen uppdelat i tv\u00e5 delar, bon, som betyder bricka och sai som betyder plantering. Allts\u00e5 plantering p\u00e5 bricka. De f\u00f6rsta brick- eller krukplanteringarna skedde f\u00f6r \u00f6ver 2000 \u00e5r sedan. En hypotes \u00e4r att munkar med naturmedicinskt kunnande bar med sig sticklingar av sina medicinalv\u00e4xter i kruka.<\/p>\r\n<p>\r\n\r\nP\u00e5 den tiden fanns inte den <a href=\"https:\/\/unikbotanik.se\/sv\/produkt-kategori\/bonsaiverktyg\/\">uppsj\u00f6 av verktyg<\/a> som huvudsakligen uppkommit de senaste 50-60 \u00e5ren. Kanske anv\u00e4nde man f\u00f6rst enkla knivar (saxar \u00e4r ju lite modernare \u00e4n s\u00e5) f\u00f6r att hyfsa till sina v\u00e4xter f\u00f6r att det skulle bli mer hanterbara.<\/p>\r\n<p>\r\n\r\nEn kniv \u00e4r sannolikt inte s\u00e5 praktiskt, men du kommer l\u00e5ngt med en vass sax eller en tr\u00e4dg\u00e5rdssekat\u00f6r. Du kan allts\u00e5 b\u00f6rja med Bonsai utan att k\u00f6pa massa dyr utrustning.<\/p>\r\n<p>\r\n\r\nMed detta sagt kan vi konstatera att det inte \u00e4r slump att alla dessa verktyg uppkommit sedan andra v\u00e4rldskriget. De har alla en funktion och underl\u00e4ttar arbetet med ditt tr\u00e4d. Kanske framf\u00f6r allt genom att snitten blir snygga och l\u00e4ttare l\u00e4ker \u00f6ver med tiden.<\/p>\r\n<p>\r\n\r\nMed denna text vill jag hj\u00e4lpa dig hitta det allra viktigaste n\u00e4r du v\u00e4l beslutar att det \u00e4r dags att k\u00f6pa dina f\u00f6rsta verktyg. Det f\u00f6rsta vi beh\u00f6ver \u00e4r besk\u00e4rningsverktyg. Dessa kan du dela upp i vilken del av tr\u00e4det du vill besk\u00e4ra. Kvistar, grenar eller r\u00f6tter.<\/p>\r\n<p>\r\n\r\n<strong><a href=\"https:\/\/unikbotanik.se\/sv\/produkt-kategori\/bonsaiverktyg\/?orderby=price&amp;filter_verktygstyp=kvistsax\">Kvistsax, Azalea-sax ocks\u00e5 kallad Satsuki-sax<\/a><\/strong><\/p>\r\n<p>\r\n\r\nM\u00e5nga sm\u00e5kvistar g\u00e5r att toppa med naglarna, men \u00e4r de bara lite tjockare beh\u00f6ver du ett verktyg En kvistsax \u00e4r det allra f\u00f6rsta verktyg du b\u00f6r inf\u00f6rskaffa. N\u00e4r du kapar med den f\u00e5r du snygga snitt som inte fransar sig och som s\u00e5ledes minskar eventuell v\u00e4tskef\u00f6rlust fr\u00e5n tr\u00e4dets kvistar. Klipp precis \u00f6ver ett blad, s\u00e5 att du n\u00e4ra toppen har en tillv\u00e4xtpunkt (som sitter i bladvecket) som kan ta \u00f6ver efter den gamla toppen. L\u00f6nnar beh\u00f6ver ett snitt lite l\u00e4ngre ovanf\u00f6r bladvecket, eftersom lite f\u00f6rtorkar.<\/p>\r\n<p>\u00a0<\/p>\r\n\r\n<div class=\"wp-block-image\">\r\n<figure class=\"aligncenter size-large is-resized\"><img loading=\"lazy\" decoding=\"async\" class=\"wp-image-4469\" src=\"https:\/\/unikbotanik.se\/wp-content\/uploads\/2019\/11\/VMIS93162a.jpg\" alt=\"Kvistsax\/bonsaisax\" width=\"242\" height=\"242\" srcset=\"https:\/\/unikbotanik.se\/wp-content\/uploads\/2019\/11\/VMIS93162a.jpg 900w, https:\/\/unikbotanik.se\/wp-content\/uploads\/2019\/11\/VMIS93162a-300x300.jpg 300w, https:\/\/unikbotanik.se\/wp-content\/uploads\/2019\/11\/VMIS93162a-100x100.jpg 100w, https:\/\/unikbotanik.se\/wp-content\/uploads\/2019\/11\/VMIS93162a-600x600.jpg 600w, https:\/\/unikbotanik.se\/wp-content\/uploads\/2019\/11\/VMIS93162a-150x150.jpg 150w, https:\/\/unikbotanik.se\/wp-content\/uploads\/2019\/11\/VMIS93162a-768x768.jpg 768w, https:\/\/unikbotanik.se\/wp-content\/uploads\/2019\/11\/VMIS93162a-80x80.jpg 80w\" sizes=\"auto, (max-width: 242px) 100vw, 242px\" \/>\r\n<figcaption>Bonsaisax f\u00f6r sm\u00e5 och medelstora kvistar.<\/figcaption>\r\n<\/figure>\r\n<\/div>\r\n<p>\r\n\r\nDen h\u00e4r saxen k\u00e4nnetecknas av ett ganska kort blad men med ett lite l\u00e4ngre handtag som ger bra h\u00e4vst\u00e5ng n\u00e4r du klipper. Dessutom g\u00f6r det l\u00e5nga handtaget att du n\u00e5r in emellan kvistar och grenar utan att riskera att klippa fel alternativt mosa mellanliggande kvistar.<\/p>\r\n<p>\r\n\r\nDu kan i princip klara dig med denna sax. N\u00e4r du \u00e4nd\u00e5 k\u00e4nner dig redo f\u00f6r n\u00e4sta ink\u00f6p \u00e4r en bra grensax ett gott val.<\/p>\r\n<p>\r\n\r\n<strong><a href=\"https:\/\/unikbotanik.se\/sv\/produkt-kategori\/bonsaiverktyg\/?orderby=price&amp;filter_verktygstyp=konkavtang-rak\">Grensax med konkav-rakt snitt<\/a><\/strong><\/p>\r\n<p>\r\n\r\nDu kan enkelt kapa tjockare grenar med en sekat\u00f6r, men du kommer aldrig komma \u00e4nda intill grenen eller stammen. Det blir en liten men ful stump kvar. Med en vass grensax\/grent\u00e5ng f\u00e5r du ett snitt som \u00e4r rakt i ena ledden men konkavt i andra ledden. Ett cylindriskt snitt, kort och gott. Med detta kan du komma \u00e4nda intill stammen s\u00e5 att du blir av med den sista f\u00f6rtretliga lilla stumpen. Dessutom \u00e4r dessa t\u00e4nger spetsiga s\u00e5 att du med precision kan knipsa av tunna grenar.<\/p>\r\n<p>\u00a0<\/p>\r\n\r\n<div class=\"wp-block-image\">\r\n<figure class=\"aligncenter size-large is-resized\"><img loading=\"lazy\" decoding=\"async\" class=\"wp-image-4502\" src=\"https:\/\/unikbotanik.se\/wp-content\/uploads\/2019\/12\/VKKW1203a.jpg\" alt=\"\" width=\"252\" height=\"252\" srcset=\"https:\/\/unikbotanik.se\/wp-content\/uploads\/2019\/12\/VKKW1203a.jpg 900w, https:\/\/unikbotanik.se\/wp-content\/uploads\/2019\/12\/VKKW1203a-300x300.jpg 300w, https:\/\/unikbotanik.se\/wp-content\/uploads\/2019\/12\/VKKW1203a-100x100.jpg 100w, https:\/\/unikbotanik.se\/wp-content\/uploads\/2019\/12\/VKKW1203a-600x600.jpg 600w, https:\/\/unikbotanik.se\/wp-content\/uploads\/2019\/12\/VKKW1203a-150x150.jpg 150w, https:\/\/unikbotanik.se\/wp-content\/uploads\/2019\/12\/VKKW1203a-768x768.jpg 768w, https:\/\/unikbotanik.se\/wp-content\/uploads\/2019\/12\/VKKW1203a-80x80.jpg 80w\" sizes=\"auto, (max-width: 252px) 100vw, 252px\" \/><\/figure>\r\n<\/div>\r\n<p>\r\n\r\nDet finns fler grent\u00e4nger med lite olika form men alla dessa \u00e4r specialt\u00e4nger och beh\u00f6ver inte prioriteras just nu.<\/p>\r\n<p>\r\n\r\n<strong><a href=\"https:\/\/unikbotanik.se\/sv\/produkt-kategori\/bonsaiverktyg\/?orderby=price&amp;filter_verktygstyp=rotsax\">Rotsax<\/a><\/strong><\/p>\r\n<p>\r\n\r\nN\u00e4sta l\u00e4mpliga verktyg \u00e4r rotsaxen. Rotsaxen \u00e4r en lite robustare sax som t\u00e5l lite mer slitage.<\/p>\r\n<p>\u00a0<\/p>\r\n\r\n<div class=\"wp-block-image\">\r\n<figure class=\"aligncenter size-large is-resized\"><img loading=\"lazy\" decoding=\"async\" class=\"wp-image-4449\" src=\"https:\/\/unikbotanik.se\/wp-content\/uploads\/2019\/04\/VMIS93163-1.jpg\" alt=\"Bonsaisax\/rotsax\" width=\"277\" height=\"277\" srcset=\"https:\/\/unikbotanik.se\/wp-content\/uploads\/2019\/04\/VMIS93163-1.jpg 900w, https:\/\/unikbotanik.se\/wp-content\/uploads\/2019\/04\/VMIS93163-1-300x300.jpg 300w, https:\/\/unikbotanik.se\/wp-content\/uploads\/2019\/04\/VMIS93163-1-100x100.jpg 100w, https:\/\/unikbotanik.se\/wp-content\/uploads\/2019\/04\/VMIS93163-1-600x600.jpg 600w, https:\/\/unikbotanik.se\/wp-content\/uploads\/2019\/04\/VMIS93163-1-150x150.jpg 150w, https:\/\/unikbotanik.se\/wp-content\/uploads\/2019\/04\/VMIS93163-1-768x768.jpg 768w, https:\/\/unikbotanik.se\/wp-content\/uploads\/2019\/04\/VMIS93163-1-80x80.jpg 80w\" sizes=\"auto, (max-width: 277px) 100vw, 277px\" \/><\/figure>\r\n<\/div>\r\n<p>\r\n\r\nDu kan anv\u00e4nda n\u00e5gon annan sax, men t\u00e4nk p\u00e5 att eggen ganska snart f\u00f6rs\u00e4mras p\u00e5 grund av jord och sandrester bland r\u00f6tterna. D\u00e4rf\u00f6r b\u00f6r du anv\u00e4nda en separat sax f\u00f6r \u00e4ndam\u00e5let. Du kan ocks\u00e5 \u00e5gteranv\u00e4nda en sliten kvistsax om du har en.<\/p>\r\n\r\n<p>[\/vc_column_text][\/vc_column][\/vc_row]<\/p><\/div>","protected":false},"excerpt":{"rendered":"<p>[vc_row el_id=&#8221;1578564489279-3aaebc2e-5abb&#8221;][vc_column el_id=&#8221;1578564489290-b5fbe286-3afc&#8221;][vc_empty_space height=&#8221;40px&#8221;][\/vc_column][\/vc_row][vc_row][vc_column el_id=&#8221;1578564421706-d8dd2839-f426&#8243;][vc_column_text] Bonsaiverktyg verkar p\u00e5 n\u00e5got s\u00e4tt som den magiska v\u00e4gen till ditt eget bonsaitr\u00e4d. Precis som i verkstaden s\u00e5 finns ett verktyg till varje uppgift och har du inte r\u00e4tt verktyg s\u00e5 \u00e4r du k\u00f6rd\u2026 Eller? N\u00e5ja, kanske inte riktigt s\u00e5 drastiskt. Bonsai \u00e4r en mycket gammal f\u00f6reteelse. Ordet bonsai \u00e4r [&hellip;]<\/p>\n","protected":false},"author":2,"featured_media":0,"parent":4806,"menu_order":0,"comment_status":"closed","ping_status":"closed","template":"","meta":{"_uag_custom_page_level_css":"","_uf_show_specific_survey":0,"_uf_disable_surveys":false,"site-sidebar-layout":"right-sidebar","site-content-layout":"plain-container","ast-site-content-layout":"default","site-content-style":"default","site-sidebar-style":"default","ast-global-header-display":"","ast-banner-title-visibility":"","ast-main-header-display":"","ast-hfb-above-header-display":"","ast-hfb-below-header-display":"","ast-hfb-mobile-header-display":"","site-post-title":"disabled","ast-breadcrumbs-content":"","ast-featured-img":"disabled","footer-sml-layout":"","ast-disable-related-posts":"","theme-transparent-header-meta":"default","adv-header-id-meta":"","stick-header-meta":"","header-above-stick-meta":"","header-main-stick-meta":"","header-below-stick-meta":"","astra-migrate-meta-layouts":"set","ast-page-background-enabled":"default","ast-page-background-meta":{"desktop":{"background-color":"var(--ast-global-color-4)","background-image":"","background-repeat":"repeat","background-position":"center center","background-size":"auto","background-attachment":"scroll","background-type":"","background-media":"","overlay-type":"","overlay-color":"","overlay-opacity":"","overlay-gradient":""},"tablet":{"background-color":"","background-image":"","background-repeat":"repeat","background-position":"center center","background-size":"auto","background-attachment":"scroll","background-type":"","background-media":"","overlay-type":"","overlay-color":"","overlay-opacity":"","overlay-gradient":""},"mobile":{"background-color":"","background-image":"","background-repeat":"repeat","background-position":"center center","background-size":"auto","background-attachment":"scroll","background-type":"","background-media":"","overlay-type":"","overlay-color":"","overlay-opacity":"","overlay-gradient":""}},"ast-content-background-meta":{"desktop":{"background-color":"var(--ast-global-color-5)","background-image":"","background-repeat":"repeat","background-position":"center center","background-size":"auto","background-attachment":"scroll","background-type":"","background-media":"","overlay-type":"","overlay-color":"","overlay-opacity":"","overlay-gradient":""},"tablet":{"background-color":"var(--ast-global-color-5)","background-image":"","background-repeat":"repeat","background-position":"center center","background-size":"auto","background-attachment":"scroll","background-type":"","background-media":"","overlay-type":"","overlay-color":"","overlay-opacity":"","overlay-gradient":""},"mobile":{"background-color":"var(--ast-global-color-5)","background-image":"","background-repeat":"repeat","background-position":"center center","background-size":"auto","background-attachment":"scroll","background-type":"","background-media":"","overlay-type":"","overlay-color":"","overlay-opacity":"","overlay-gradient":""}},"footnotes":""},"class_list":["post-4831","page","type-page","status-publish","hentry"],"aioseo_notices":[],"uagb_featured_image_src":{"full":false,"thumbnail":false,"medium":false,"medium_large":false,"large":false,"1536x1536":false,"2048x2048":false,"woocommerce_thumbnail":false,"woocommerce_single":false,"woocommerce_gallery_thumbnail":false},"uagb_author_info":{"display_name":"unikbotanik","author_link":"https:\/\/unikbotanik.se\/sv\/author\/unikbotanik\/"},"uagb_comment_info":0,"uagb_excerpt":"[vc_row el_id=&#8221;1578564489279-3aaebc2e-5abb&#8221;][vc_column el_id=&#8221;1578564489290-b5fbe286-3afc&#8221;][vc_empty_space height=&#8221;40px&#8221;][\/vc_column][\/vc_row][vc_row][vc_column el_id=&#8221;1578564421706-d8dd2839-f426&#8243;][vc_column_text] Bonsaiverktyg verkar p\u00e5 n\u00e5got s\u00e4tt som den magiska v\u00e4gen till ditt eget bonsaitr\u00e4d. Precis som i verkstaden s\u00e5 finns ett verktyg till varje uppgift och har du inte r\u00e4tt verktyg s\u00e5 \u00e4r du k\u00f6rd\u2026 Eller? N\u00e5ja, kanske inte riktigt s\u00e5 drastiskt. Bonsai \u00e4r en mycket gammal f\u00f6reteelse. Ordet bonsai \u00e4r&hellip;","_links":{"self":[{"href":"https:\/\/unikbotanik.se\/sv\/wp-json\/wp\/v2\/pages\/4831","targetHints":{"allow":["GET"]}}],"collection":[{"href":"https:\/\/unikbotanik.se\/sv\/wp-json\/wp\/v2\/pages"}],"about":[{"href":"https:\/\/unikbotanik.se\/sv\/wp-json\/wp\/v2\/types\/page"}],"author":[{"embeddable":true,"href":"https:\/\/unikbotanik.se\/sv\/wp-json\/wp\/v2\/users\/2"}],"replies":[{"embeddable":true,"href":"https:\/\/unikbotanik.se\/sv\/wp-json\/wp\/v2\/comments?post=4831"}],"version-history":[{"count":7,"href":"https:\/\/unikbotanik.se\/sv\/wp-json\/wp\/v2\/pages\/4831\/revisions"}],"predecessor-version":[{"id":14184,"href":"https:\/\/unikbotanik.se\/sv\/wp-json\/wp\/v2\/pages\/4831\/revisions\/14184"}],"up":[{"embeddable":true,"href":"https:\/\/unikbotanik.se\/sv\/wp-json\/wp\/v2\/pages\/4806"}],"wp:attachment":[{"href":"https:\/\/unikbotanik.se\/sv\/wp-json\/wp\/v2\/media?parent=4831"}],"curies":[{"name":"wp","href":"https:\/\/api.w.org\/{rel}","templated":true}]}}