{"id":4816,"date":"2019-12-23T23:45:30","date_gmt":"2019-12-23T22:45:30","guid":{"rendered":"https:\/\/unikbotanik.se\/?page_id=4816"},"modified":"2023-12-31T09:18:46","modified_gmt":"2023-12-31T08:18:46","slug":"aterskapa-naturen","status":"publish","type":"page","link":"https:\/\/unikbotanik.se\/sv\/bonsai\/aterskapa-naturen\/","title":{"rendered":"\u00c5terskapa naturen i kruka"},"content":{"rendered":"<div class=\"wpb-content-wrapper\"><p>[vc_row el_id=&#8221;1578556664190-645c0f5b-296a&#8221;][vc_column el_id=&#8221;1578556664202-87d94433-ca62&#8243;][vc_empty_space height=&#8221;40px&#8221;][\/vc_column][\/vc_row][vc_row][vc_column el_id=&#8221;1578556470783-4e52dec0-f05c&#8221;][vc_column_text]<\/p>\r\n<p><strong>Det \u00e4r v\u00e4ldigt l\u00e4tt att stirra sig blind p\u00e5 v\u00e5r v\u00e4sterl\u00e4ndska tolkning av bonsai som baserar sig p\u00e5 en starkt tillspetsad bild av denna traditionellt v\u00e4ldigt breda konstart. Det vi idag kallar bonsai baserar sig p\u00e5 den bonsai-form som v\u00e4xte fram under 1970 och 1980-talets Japan.<\/strong><\/p>\r\n\r\n<p>&nbsp;<\/p>\r\n\r\n<div class=\"wp-block-image\">\r\n<figure class=\"aligncenter size-large\"><img loading=\"lazy\" decoding=\"async\" width=\"450\" height=\"435\" class=\"wp-image-4555\" src=\"https:\/\/unikbotanik.se\/wp-content\/uploads\/2019\/12\/Tal_12_1-3.png\" alt=\"\" srcset=\"https:\/\/unikbotanik.se\/wp-content\/uploads\/2019\/12\/Tal_12_1-3.png 450w, https:\/\/unikbotanik.se\/wp-content\/uploads\/2019\/12\/Tal_12_1-3-300x290.png 300w\" sizes=\"auto, (max-width: 450px) 100vw, 450px\" \/>\r\n<figcaption>Bonsai i modern, ledigt uppr\u00e4tt form.<\/figcaption>\r\n<\/figure>\r\n<\/div>\r\n<p>\r\n\r\nF\u00f6r att du skall f\u00e5 en bra bas att st\u00e5 p\u00e5 \u00e4r det v\u00e4ldigt viktigt att du f\u00e5r uppleva bonsai i alla dess former. Men kanske \u00e4n viktigare \u00e4r att uppleva naturen i dess sk\u00f6nhet. Bonsai betyder ordagrant k\u00e4rl med v\u00e4xt. Rent krasst skulle vi kunna kalla vilken krukv\u00e4xt som helst f\u00f6r bonsai. Givetvis \u00e4r inte detta v\u00e5rt m\u00e5l. Men vad skall vi d\u00e5 ha som m\u00e5l undrar du kanske.<\/p>\r\n<p>\r\n\r\nKort och gott handlar bonsai i dess traditionella betydelse om att f\u00f6rs\u00f6ka efterlikna naturen fast i krukan. Det inneb\u00e4r att det tr\u00e4d vi har i krukan skall f\u00f6rs\u00f6ka efterlikna sina naturliga f\u00f6rebilder. Som n\u00e5gon smart man en g\u00e5ng sade, det handlar inte om att f\u00e5 tr\u00e4det att se ut som en bonsai utan att f\u00e5 din bonsai att se ut som ett tr\u00e4d. S\u00e5, l\u00e5t oss analysera det lite mer i detalj.<\/p>\r\n<p>\r\n\r\nEn av de viktigaste delarna hos en bonsai, det som ger sj\u00e4lva kroppen eller sj\u00e4len hos tr\u00e4det, \u00e4r dess stam. Stammen skall b\u00e4ra med sig vissa karakt\u00e4ristika. Den skall g\u00e4rna vara tjock, vilket ger en k\u00e4nsla av \u00e5lder. Samtidigt skall den g\u00e4rna vara avsmalnande upp\u00e5t p\u00e5 samma s\u00e4tt som ett tr\u00e4d. Eftersom vi m\u00e4nniskor alltid ser tr\u00e4d nedifr\u00e5n skall du d\u00e4rf\u00f6r se p\u00e5 din bonsai fr\u00e5n en bit \u00f6ver basen s\u00e5 att du ser snett upp p\u00e5 den. S\u00e5ledes, om stammen smalnar av upp\u00e5t, g\u00e4rna lite \u00f6verdrivet, s\u00e5 kommer det att ge ett konstgjort perspektiv som ger k\u00e4nslan av att se upp i ett h\u00f6gt tr\u00e4d.<\/p>\r\n\r\n<p>&nbsp;<\/p>\r\n\r\n<div class=\"wp-block-image\">\r\n<figure class=\"aligncenter size-large is-resized\"><img loading=\"lazy\" decoding=\"async\" class=\"wp-image-4818\" src=\"https:\/\/unikbotanik.se\/wp-content\/uploads\/2019\/12\/Stam.jpg\" alt=\"Bonsai av l\u00f6vtr\u00e4d med intressant krokig stam, planterad p\u00e5 sten.\" width=\"390\" height=\"361\" srcset=\"https:\/\/unikbotanik.se\/wp-content\/uploads\/2019\/12\/Stam.jpg 600w, https:\/\/unikbotanik.se\/wp-content\/uploads\/2019\/12\/Stam-300x278.jpg 300w\" sizes=\"auto, (max-width: 390px) 100vw, 390px\" \/>\r\n<figcaption>Bonsaitr\u00e4d planterat p\u00e5 sten<br \/>med mycket r\u00f6relse i stammen.<\/figcaption>\r\n<\/figure>\r\n<\/div>\r\n<p>\r\n\r\nF\u00f6r att detta skall fungera beh\u00f6ver du ocks\u00e5 kunna se stammen. S\u00e5ledes kan du inte l\u00e5ta alla grenar sitta kvar p\u00e5 tr\u00e4det. D\u00e5 blir det ingen bonsai utan en buske i en kruka. I st\u00e4llet skall du avl\u00e4gsna de nedersta grenarna s\u00e5 att stammen blir fri. F\u00f6r detta \u00e4r det bra med <a href=\"https:\/\/unikbotanik.se\/sv\/produkt-kategori\/bonsaiverktyg\/\">ett vasst verktyg<\/a>, en sax, sekat\u00f6r eller en grenklippare beroende p\u00e5 grenens tjocklek. Precis som ett riktigt tr\u00e4d skall den ha ett f\u00e5tal stora grenar ned till medan grenarna sitter t\u00e4tare och blir tunnare l\u00e4ngre upp i tr\u00e4det.<\/p>\r\n<p>\r\n\r\nL\u00e5t de gr\u00f6vre grenarna synas ordentlig. (Skym inte den innersta delen med en massa gr\u00f6nt utan l\u00e5t dem i st\u00e4llet f\u00f6rgrena sig ut\u00e5t mot topparna. L\u00e5t inte heller grenar korsa varandra s\u00e5 att de skymmer varandra. L\u00e4ngre upp i kronan eller l\u00e4ngst ut i grenverket kan du l\u00e5ta dem v\u00e4xa mera fritt.<\/p>\r\n<p>\r\n\r\nOm du lyckas f\u00e5 den delen att fungera kan du nu ocks\u00e5 f\u00f6rs\u00f6ka att ge din bonsai en triangelform eller dom-form. Triangelt\u00e4nket \u00e4r modernt men inte helt n\u00f6dv\u00e4ndigt. G\u00f6r hellre s\u00e5 att du g\u00e5r ut i en \u201dmissk\u00f6tt\u201d eller \u201dnaturlig\u201d skog och se vilka tr\u00e4d du finner d\u00e4r. Eller kanske att du ger dig ut i en beteshage eller liknande d\u00e4r enstaka tr\u00e4d f\u00e5tt v\u00e4xa v\u00e4ldigt fritt. Ofta ser du att tr\u00e4den f\u00f6rs\u00f6ker att ha mest l\u00f6v d\u00e4r ljuset kommer \u00e5t och att de inte kostar p\u00e5 sig l\u00f6v i skuggiga l\u00e4gen. Inte s\u00e4llan blir tr\u00e4det triangel eller konformat. Samtidigt skall du inte forma din bj\u00f6rkbonsai s\u00e5 att den ser ut som en ek eller tv\u00e4rt om. Se till dess naturliga f\u00f6rebilder i det vilda!<\/p>\r\n<p>\r\n\r\nSe p\u00e5 m\u00e5nga f\u00f6rebilder. Men! Kopiera inte ett tr\u00e4d. Du kommer inte lyckas och din bonsai kommer vara olycklig. T\u00e4nk p\u00e5 att l\u00e5ta tr\u00e4det styra din besk\u00e4rning och lindningen av tr\u00e4det. Tr\u00e4det \u00e4r en individ och skapar ofta ov\u00e4ntade m\u00f6jligheter eller problem som inte var v\u00e4ntade. Du och tr\u00e4det m\u00e5ste f\u00f6rs\u00f6ka att utvecklas i samklang.<\/p>\r\n<p>\r\n\r\nN\u00e4r du besk\u00e4r tr\u00e4det \u00e4r det inte s\u00e4kert att nya grenar kommer d\u00e4r du \u00f6nskar. Kanske kommer det en helt ov\u00e4ntad kvist n\u00e5gon annan stans. Eller s\u00e5 d\u00f6r den besk\u00e4rda grenen. Skall du nu ta bort den? Kanske ger den tr\u00e4det ett intryck av \u00e5lder? Eller \u00e4r den bara ful?<\/p>\r\n\r\n<p>&nbsp;<\/p>\r\n\r\n<div class=\"wp-block-image\">\r\n<figure class=\"aligncenter size-large is-resized\"><img loading=\"lazy\" decoding=\"async\" class=\"wp-image-4820\" src=\"https:\/\/unikbotanik.se\/wp-content\/uploads\/2019\/12\/Deadwood_01.jpg\" alt=\"D\u00f6dved p\u00e5 bonsaitr\u00e4d\" width=\"458\" height=\"270\" srcset=\"https:\/\/unikbotanik.se\/wp-content\/uploads\/2019\/12\/Deadwood_01.jpg 600w, https:\/\/unikbotanik.se\/wp-content\/uploads\/2019\/12\/Deadwood_01-300x177.jpg 300w\" sizes=\"auto, (max-width: 458px) 100vw, 458px\" \/>\r\n<figcaption>D\u00f6d ved p\u00e5 tr\u00e4det \u00e4r ett s\u00e4tt att g\u00f6ra s\u00e5 att tr\u00e4det ser \u00e4ldre ut.<br \/>H\u00f6g \u00e5lder \u00e4r i de flesta fall idealet hos m\u00e5nga barrtr\u00e4d.<\/figcaption>\r\n<\/figure>\r\n<\/div>\r\n<p>\r\n\r\nValen \u00e4r m\u00e5nga och det \u00e4r det som g\u00f6r bonsai till en s\u00e5 sp\u00e4nnande konstform. Viktigast av allt \u00e4r dock att du har kul och trivs i ditt ut\u00f6vande. Att utveckla bonsai tar tid och \u00e4r inget hastverk, s\u00e5 kulhetsfaktorn \u00e4r avg\u00f6rande!<\/p>\r\n<p>\r\n\r\nOch du! Sk\u00e4ms inte eller f\u00e5 d\u00e5ligt samvete n\u00e4r ett tr\u00e4d d\u00f6r. De allra duktigaste inom bonsai \u00e4r i nio fall av tio de som haft ihj\u00e4l flest tr\u00e4d i b\u00f6rjan.<\/p>\r\n<p>\u00a0<\/p>\r\n<p>[\/vc_column_text][\/vc_column][\/vc_row]<\/p><\/div>","protected":false},"excerpt":{"rendered":"<p>[vc_row el_id=&#8221;1578556664190-645c0f5b-296a&#8221;][vc_column el_id=&#8221;1578556664202-87d94433-ca62&#8243;][vc_empty_space height=&#8221;40px&#8221;][\/vc_column][\/vc_row][vc_row][vc_column el_id=&#8221;1578556470783-4e52dec0-f05c&#8221;][vc_column_text] Det \u00e4r v\u00e4ldigt l\u00e4tt att stirra sig blind p\u00e5 v\u00e5r v\u00e4sterl\u00e4ndska tolkning av bonsai som baserar sig p\u00e5 en starkt tillspetsad bild av denna traditionellt v\u00e4ldigt breda konstart. Det vi idag kallar bonsai baserar sig p\u00e5 den bonsai-form som v\u00e4xte fram under 1970 och 1980-talets Japan. &nbsp; F\u00f6r att du [&hellip;]<\/p>\n","protected":false},"author":2,"featured_media":0,"parent":4806,"menu_order":0,"comment_status":"open","ping_status":"closed","template":"","meta":{"_uag_custom_page_level_css":"","_uf_show_specific_survey":0,"_uf_disable_surveys":false,"site-sidebar-layout":"right-sidebar","site-content-layout":"plain-container","ast-site-content-layout":"default","site-content-style":"default","site-sidebar-style":"default","ast-global-header-display":"","ast-banner-title-visibility":"","ast-main-header-display":"","ast-hfb-above-header-display":"","ast-hfb-below-header-display":"","ast-hfb-mobile-header-display":"","site-post-title":"disabled","ast-breadcrumbs-content":"","ast-featured-img":"disabled","footer-sml-layout":"","ast-disable-related-posts":"","theme-transparent-header-meta":"default","adv-header-id-meta":"","stick-header-meta":"","header-above-stick-meta":"","header-main-stick-meta":"","header-below-stick-meta":"","astra-migrate-meta-layouts":"set","ast-page-background-enabled":"default","ast-page-background-meta":{"desktop":{"background-color":"var(--ast-global-color-4)","background-image":"","background-repeat":"repeat","background-position":"center center","background-size":"auto","background-attachment":"scroll","background-type":"","background-media":"","overlay-type":"","overlay-color":"","overlay-opacity":"","overlay-gradient":""},"tablet":{"background-color":"","background-image":"","background-repeat":"repeat","background-position":"center center","background-size":"auto","background-attachment":"scroll","background-type":"","background-media":"","overlay-type":"","overlay-color":"","overlay-opacity":"","overlay-gradient":""},"mobile":{"background-color":"","background-image":"","background-repeat":"repeat","background-position":"center center","background-size":"auto","background-attachment":"scroll","background-type":"","background-media":"","overlay-type":"","overlay-color":"","overlay-opacity":"","overlay-gradient":""}},"ast-content-background-meta":{"desktop":{"background-color":"var(--ast-global-color-5)","background-image":"","background-repeat":"repeat","background-position":"center center","background-size":"auto","background-attachment":"scroll","background-type":"","background-media":"","overlay-type":"","overlay-color":"","overlay-opacity":"","overlay-gradient":""},"tablet":{"background-color":"var(--ast-global-color-5)","background-image":"","background-repeat":"repeat","background-position":"center center","background-size":"auto","background-attachment":"scroll","background-type":"","background-media":"","overlay-type":"","overlay-color":"","overlay-opacity":"","overlay-gradient":""},"mobile":{"background-color":"var(--ast-global-color-5)","background-image":"","background-repeat":"repeat","background-position":"center center","background-size":"auto","background-attachment":"scroll","background-type":"","background-media":"","overlay-type":"","overlay-color":"","overlay-opacity":"","overlay-gradient":""}},"footnotes":""},"class_list":["post-4816","page","type-page","status-publish","hentry"],"aioseo_notices":[],"uagb_featured_image_src":{"full":false,"thumbnail":false,"medium":false,"medium_large":false,"large":false,"1536x1536":false,"2048x2048":false,"woocommerce_thumbnail":false,"woocommerce_single":false,"woocommerce_gallery_thumbnail":false},"uagb_author_info":{"display_name":"unikbotanik","author_link":"https:\/\/unikbotanik.se\/sv\/author\/unikbotanik\/"},"uagb_comment_info":1,"uagb_excerpt":"[vc_row el_id=&#8221;1578556664190-645c0f5b-296a&#8221;][vc_column el_id=&#8221;1578556664202-87d94433-ca62&#8243;][vc_empty_space height=&#8221;40px&#8221;][\/vc_column][\/vc_row][vc_row][vc_column el_id=&#8221;1578556470783-4e52dec0-f05c&#8221;][vc_column_text] Det \u00e4r v\u00e4ldigt l\u00e4tt att stirra sig blind p\u00e5 v\u00e5r v\u00e4sterl\u00e4ndska tolkning av bonsai som baserar sig p\u00e5 en starkt tillspetsad bild av denna traditionellt v\u00e4ldigt breda konstart. Det vi idag kallar bonsai baserar sig p\u00e5 den bonsai-form som v\u00e4xte fram under 1970 och 1980-talets Japan. &nbsp; F\u00f6r att du&hellip;","_links":{"self":[{"href":"https:\/\/unikbotanik.se\/sv\/wp-json\/wp\/v2\/pages\/4816","targetHints":{"allow":["GET"]}}],"collection":[{"href":"https:\/\/unikbotanik.se\/sv\/wp-json\/wp\/v2\/pages"}],"about":[{"href":"https:\/\/unikbotanik.se\/sv\/wp-json\/wp\/v2\/types\/page"}],"author":[{"embeddable":true,"href":"https:\/\/unikbotanik.se\/sv\/wp-json\/wp\/v2\/users\/2"}],"replies":[{"embeddable":true,"href":"https:\/\/unikbotanik.se\/sv\/wp-json\/wp\/v2\/comments?post=4816"}],"version-history":[{"count":10,"href":"https:\/\/unikbotanik.se\/sv\/wp-json\/wp\/v2\/pages\/4816\/revisions"}],"predecessor-version":[{"id":14183,"href":"https:\/\/unikbotanik.se\/sv\/wp-json\/wp\/v2\/pages\/4816\/revisions\/14183"}],"up":[{"embeddable":true,"href":"https:\/\/unikbotanik.se\/sv\/wp-json\/wp\/v2\/pages\/4806"}],"wp:attachment":[{"href":"https:\/\/unikbotanik.se\/sv\/wp-json\/wp\/v2\/media?parent=4816"}],"curies":[{"name":"wp","href":"https:\/\/api.w.org\/{rel}","templated":true}]}}