{"id":3,"date":"2019-04-11T15:48:41","date_gmt":"2019-04-11T13:48:41","guid":{"rendered":"http:\/\/unikbotanik.se\/?page_id=3"},"modified":"2025-09-01T10:57:16","modified_gmt":"2025-09-01T08:57:16","slug":"integritetspolicy","status":"publish","type":"page","link":"https:\/\/unikbotanik.se\/sv\/integritetspolicy\/","title":{"rendered":"Integritetspolicy"},"content":{"rendered":"<div class=\"wpb-content-wrapper\"><p>[vc_row css=&#8221;.vc_custom_1560949117335{padding-top: 20px !important;}&#8221;][vc_column pgscore_enable_responsive_settings=&#8221;true&#8221; css=&#8221;.vc_custom_1704122319311{padding-right: 100px !important;padding-left: 100px !important;}&#8221; element_css_md=&#8221;.vc_custom_1560949063432{padding-right: 200px !important;padding-left: 200px !important;}&#8221; element_css_sm=&#8221;.vc_custom_1560949063433{padding-right: 100px !important;padding-left: 100px !important;}&#8221;][vc_column_text css=&#8221;.vc_custom_1756717025375{border-top-width: 10px !important;border-right-width: 10px !important;border-bottom-width: 10px !important;border-left-width: 10px !important;padding-top: 20px !important;padding-right: 20px !important;padding-bottom: 20px !important;padding-left: 20px !important;border-left-color: #212d1e !important;border-right-color: #212d1e !important;border-top-color: #212d1e !important;border-bottom-color: #212d1e !important;}&#8221;]<\/p>\r\n<p><strong>Vilka personuppgifter vi samlar in och varf\u00f6r vi samlar in dem.<\/strong><\/p>\r\n\r\n<p>N\u00e4r du handlar hos oss p\u00e5 UnikBotanik beh\u00f6ver vi samla in en del personuppgifter. Detta f\u00f6r att kunna hantera och skicka din order.<br \/>Du kan v\u00e4lja att skapa ett konto med inloggning, d\u00e5 finns dina uppgifter kvar om du handlar av oss igen. Du kan ocks\u00e5 genomf\u00f6ra k\u00f6p utan inloggning.<br \/>I b\u00e5da fallen m\u00e5ste du ange namn, adress, telefonnummer och e-postadress.<\/p>\r\n\r\n<p>Vid betalningen, som sker via Kustom checkout, samlar \u00e4ven Kustom och Klarna in uppgifter fr\u00e5n dig. Vid fakturabetalning beh\u00f6ver du \u00e4ven ange personnummer. De uppgifter som Kustom och Klarna samlar in och sparar ansvarar de f\u00f6r enligt sin policy. Du godk\u00e4nner deras anv\u00e4ndarvillkor n\u00e4r du genomf\u00f6r ditt k\u00f6p i kassan.\u00a0<\/p>\r\n\r\n<p>N\u00e4r vi skickar din order, l\u00e4mnas uppgifter som namn, adress och telefonnummer till fraktbolaget f\u00f6r att de ska kunna leverera din order. Vi skickar med DHL, via Fraktjakt. Du kan l\u00e4sa mer om deras integritetspolicy h\u00e4r: Fraktjakt: <a href=\"https:\/\/www.fraktjakt.se\/om_fraktjakt\/privacy?locale=sv\">Fraktjakts integritetspolicy &#8211; Fraktjakt<\/a> DHL: <a href=\"https:\/\/www.logistics.dhl\/se-sv\/home\/fotnot\/local-privacy-notice.html\">https:\/\/www.logistics.dhl\/se-sv\/home\/fotnot\/local-privacy-notice.html<\/a><\/p>\r\n\r\n<p>Dina uppgifter anv\u00e4nd endast f\u00f6r att hantera din order och skicka dina varor. Vi skickar inte ut reklam, varken via mail, sms eller post. Men du kan anm\u00e4la dig till v\u00e5rt nyhetsbrev om du vill ha information och erbjudanden fr\u00e5n oss.<\/p>\r\n\r\n<p>De personuppgifter du l\u00e4mnar till oss kommer inte att vidarebefordras, s\u00e4ljas, bytas eller delas med andra f\u00f6retag, organisationer eller privatpersoner utan ditt samtycke. V\u00e5rt enda syfte med att samla in och spara informationen \u00e4r att kunna ge dig b\u00e4sta m\u00f6jliga service.<\/p>\r\n\r\n<p>Dina uppgifter finns kvar hos oss i tio \u00e5r efter din senaste best\u00e4llning och raderas sedan. Vill du att uppgifterna tas bort tidigare, kontakta oss s\u00e5 tar vi bort dem \u00e5t dig.<\/p>\r\n\r\n<p><strong>Kommentarer<\/strong><\/p>\r\n<p>N\u00e4r bes\u00f6kare l\u00e4mnar kommentarer p\u00e5 webbplatsen samlar vi in de uppgifter som visas i kommentarsformul\u00e4ret samt bes\u00f6karens ip-adress och user agent-str\u00e4ng som hj\u00e4lp f\u00f6r detektering av skr\u00e4pmeddelanden.<\/p>\r\n\r\n<p>En anonymiserad str\u00e4ng som skapats utifr\u00e5n din e-postadress (\u00e4ven kallat hash-v\u00e4rde) kan komma att s\u00e4ndas till tj\u00e4nsten Gravatar f\u00f6r att avg\u00f6ra om du finns registrerad d\u00e4r. Integritetspolicyn f\u00f6r tj\u00e4nsten Gravatar finns p\u00e5 https:\/\/automattic.com\/privacy\/. N\u00e4r din kommentar har godk\u00e4nts kommer din profilbild att visas publikt tillsammans med din kommentar.<\/p>\r\n\r\n<p><strong>Kontaktformul\u00e4r<\/strong><\/p>\r\n\r\n<p>Om du anv\u00e4nder v\u00e5rt kontaktformul\u00e4r f\u00f6r att skicka meddelande till oss, sparar vi de uppgifter du anger d\u00e4r s\u00e5 l\u00e4nge ditt \u00e4rende \u00e4r aktuellt. Detta f\u00f6r att ge din som kund b\u00e4sta m\u00f6jliga service.<\/p>\r\n\r\n<p><strong>Cookies<\/strong><\/p>\r\n\r\n<p>Enligt lagen om elektronisk kommunikation som tr\u00e4dde i kraft den 25:e juli 2003 s\u00e5 ska bes\u00f6kare p\u00e5 en webbplats informeras om anv\u00e4ndande av s\u00e5 kallade cookies, samt f\u00e5 m\u00f6jligheten att f\u00f6rhindra att de anv\u00e4nds.<\/p>\r\n\r\n<p>En cookie \u00e4r en liten textfil (oftast mindre \u00e4n 1 kB) som sparas i din dator och lagrar information. Cookies anv\u00e4nds bland annat f\u00f6r att f\u00f6rb\u00e4ttra webbplatsen f\u00f6r anv\u00e4ndaren.<\/p>\r\n\r\n<p>Om du bes\u00f6ker v\u00e5r inloggningssida kommer vi att s\u00e4tta en tillf\u00e4llig cookie f\u00f6r att unders\u00f6ka om din webbl\u00e4sare accepterar dem. Denna cookie inneh\u00e5ller inga personuppgifter och den f\u00f6rsvinner n\u00e4r du st\u00e4nger din webbl\u00e4sare.<\/p>\r\n\r\n<p>N\u00e4r du loggar in kommer vi dessutom att skapa flera cookie-filer f\u00f6r att spara information om din inloggning och dina val f\u00f6r utformning av sk\u00e4rmlayouten. Cookie-filer f\u00f6r inloggning g\u00e4ller i tv\u00e5 dagar och cookie-filer f\u00f6r layoutval g\u00e4ller i ett \u00e5r. Om du kryssar i \u201dKom ih\u00e5g mig\u201d kommer din cookie att finnas kvar i tv\u00e5 veckor. Om du loggar ut fr\u00e5n ditt konto kommer cookie-filerna f\u00f6r inloggning att tas bort.<\/p>\r\n\r\n<p>Om du l\u00e4mnar en kommentar p\u00e5 v\u00e5r webbplats kan du v\u00e4lja att spara ditt namn, din e-postadress och webbplatsadress i cookie-filer. Detta \u00e4r f\u00f6r din bekv\u00e4mlighet f\u00f6r att du inte ska beh\u00f6va fylla i dessa uppgifter igen n\u00e4sta g\u00e5ng du skriver en kommentar. Dessa cookie-filer g\u00e4ller i ett \u00e5r.<\/p>\r\n\r\n<p>Vi anv\u00e4nder Google Analytics f\u00f6r att samla in information om hur v\u00e5r webbplats anv\u00e4nds. Detta f\u00f6r att f\u00f6rb\u00e4ttra anv\u00e4ndarupplevelsen, f\u00f6lja f\u00f6rs\u00e4ljningen, och se om eventuella reklamkampanjer ger utdelning.<\/p>\r\n<p>De cookies som anv\u00e4nds i detta syfte \u00e4r f\u00f6rstaparts-cookies och inneh\u00e5ller inga personuppgifter. Cookies anv\u00e4nds f\u00f6r att visa vilka sidor som bes\u00f6ks, hur du hittade till v\u00e5r sida, och om ditt bes\u00f6k resulterade i n\u00e5got k\u00f6p.<\/p>\r\n<p>\u00a0<\/p>\r\n<p>[\/vc_column_text][\/vc_column][\/vc_row]<\/p><\/div>","protected":false},"excerpt":{"rendered":"<p>[vc_row css=&#8221;.vc_custom_1560949117335{padding-top: 20px !important;}&#8221;][vc_column pgscore_enable_responsive_settings=&#8221;true&#8221; css=&#8221;.vc_custom_1704122319311{padding-right: 100px !important;padding-left: 100px !important;}&#8221; element_css_md=&#8221;.vc_custom_1560949063432{padding-right: 200px !important;padding-left: 200px !important;}&#8221; element_css_sm=&#8221;.vc_custom_1560949063433{padding-right: 100px !important;padding-left: 100px !important;}&#8221;][vc_column_text css=&#8221;.vc_custom_1756717025375{border-top-width: 10px !important;border-right-width: 10px !important;border-bottom-width: 10px !important;border-left-width: 10px !important;padding-top: 20px !important;padding-right: 20px !important;padding-bottom: 20px !important;padding-left: 20px !important;border-left-color: #212d1e !important;border-right-color: #212d1e !important;border-top-color: #212d1e !important;border-bottom-color: #212d1e !important;}&#8221;] Vilka personuppgifter vi samlar in och varf\u00f6r vi samlar in [&hellip;]<\/p>\n","protected":false},"author":1,"featured_media":0,"parent":0,"menu_order":0,"comment_status":"closed","ping_status":"closed","template":"","meta":{"_uag_custom_page_level_css":"","_uf_show_specific_survey":0,"_uf_disable_surveys":false,"site-sidebar-layout":"no-sidebar","site-content-layout":"plain-container","ast-site-content-layout":"default","site-content-style":"default","site-sidebar-style":"default","ast-global-header-display":"","ast-banner-title-visibility":"","ast-main-header-display":"","ast-hfb-above-header-display":"","ast-hfb-below-header-display":"","ast-hfb-mobile-header-display":"","site-post-title":"disabled","ast-breadcrumbs-content":"","ast-featured-img":"disabled","footer-sml-layout":"","ast-disable-related-posts":"","theme-transparent-header-meta":"default","adv-header-id-meta":"","stick-header-meta":"default","header-above-stick-meta":"","header-main-stick-meta":"","header-below-stick-meta":"","astra-migrate-meta-layouts":"set","ast-page-background-enabled":"default","ast-page-background-meta":{"desktop":{"background-color":"var(--ast-global-color-4)","background-image":"","background-repeat":"repeat","background-position":"center center","background-size":"auto","background-attachment":"scroll","background-type":"","background-media":"","overlay-type":"","overlay-color":"","overlay-opacity":"","overlay-gradient":""},"tablet":{"background-color":"","background-image":"","background-repeat":"repeat","background-position":"center center","background-size":"auto","background-attachment":"scroll","background-type":"","background-media":"","overlay-type":"","overlay-color":"","overlay-opacity":"","overlay-gradient":""},"mobile":{"background-color":"","background-image":"","background-repeat":"repeat","background-position":"center center","background-size":"auto","background-attachment":"scroll","background-type":"","background-media":"","overlay-type":"","overlay-color":"","overlay-opacity":"","overlay-gradient":""}},"ast-content-background-meta":{"desktop":{"background-color":"var(--ast-global-color-5)","background-image":"","background-repeat":"repeat","background-position":"center center","background-size":"auto","background-attachment":"scroll","background-type":"","background-media":"","overlay-type":"","overlay-color":"","overlay-opacity":"","overlay-gradient":""},"tablet":{"background-color":"var(--ast-global-color-5)","background-image":"","background-repeat":"repeat","background-position":"center center","background-size":"auto","background-attachment":"scroll","background-type":"","background-media":"","overlay-type":"","overlay-color":"","overlay-opacity":"","overlay-gradient":""},"mobile":{"background-color":"var(--ast-global-color-5)","background-image":"","background-repeat":"repeat","background-position":"center center","background-size":"auto","background-attachment":"scroll","background-type":"","background-media":"","overlay-type":"","overlay-color":"","overlay-opacity":"","overlay-gradient":""}},"footnotes":""},"class_list":["post-3","page","type-page","status-publish","hentry"],"aioseo_notices":[],"uagb_featured_image_src":{"full":false,"thumbnail":false,"medium":false,"medium_large":false,"large":false,"1536x1536":false,"2048x2048":false,"woocommerce_thumbnail":false,"woocommerce_single":false,"woocommerce_gallery_thumbnail":false},"uagb_author_info":{"display_name":"robin@colobri.se","author_link":"https:\/\/unikbotanik.se\/sv\/author\/robincolobri-se\/"},"uagb_comment_info":0,"uagb_excerpt":"[vc_row css=&#8221;.vc_custom_1560949117335{padding-top: 20px !important;}&#8221;][vc_column pgscore_enable_responsive_settings=&#8221;true&#8221; css=&#8221;.vc_custom_1704122319311{padding-right: 100px !important;padding-left: 100px !important;}&#8221; element_css_md=&#8221;.vc_custom_1560949063432{padding-right: 200px !important;padding-left: 200px !important;}&#8221; element_css_sm=&#8221;.vc_custom_1560949063433{padding-right: 100px !important;padding-left: 100px !important;}&#8221;][vc_column_text css=&#8221;.vc_custom_1756717025375{border-top-width: 10px !important;border-right-width: 10px !important;border-bottom-width: 10px !important;border-left-width: 10px !important;padding-top: 20px !important;padding-right: 20px !important;padding-bottom: 20px !important;padding-left: 20px !important;border-left-color: #212d1e !important;border-right-color: #212d1e !important;border-top-color: #212d1e !important;border-bottom-color: #212d1e !important;}&#8221;] Vilka personuppgifter vi samlar in och varf\u00f6r vi samlar in&hellip;","_links":{"self":[{"href":"https:\/\/unikbotanik.se\/sv\/wp-json\/wp\/v2\/pages\/3","targetHints":{"allow":["GET"]}}],"collection":[{"href":"https:\/\/unikbotanik.se\/sv\/wp-json\/wp\/v2\/pages"}],"about":[{"href":"https:\/\/unikbotanik.se\/sv\/wp-json\/wp\/v2\/types\/page"}],"author":[{"embeddable":true,"href":"https:\/\/unikbotanik.se\/sv\/wp-json\/wp\/v2\/users\/1"}],"replies":[{"embeddable":true,"href":"https:\/\/unikbotanik.se\/sv\/wp-json\/wp\/v2\/comments?post=3"}],"version-history":[{"count":23,"href":"https:\/\/unikbotanik.se\/sv\/wp-json\/wp\/v2\/pages\/3\/revisions"}],"predecessor-version":[{"id":17397,"href":"https:\/\/unikbotanik.se\/sv\/wp-json\/wp\/v2\/pages\/3\/revisions\/17397"}],"wp:attachment":[{"href":"https:\/\/unikbotanik.se\/sv\/wp-json\/wp\/v2\/media?parent=3"}],"curies":[{"name":"wp","href":"https:\/\/api.w.org\/{rel}","templated":true}]}}