{"id":13707,"date":"2023-09-10T17:52:00","date_gmt":"2023-09-10T15:52:00","guid":{"rendered":"https:\/\/unikbotanik.se\/?page_id=13707"},"modified":"2023-12-31T09:32:24","modified_gmt":"2023-12-31T08:32:24","slug":"host-i-bonsaigarden","status":"publish","type":"page","link":"https:\/\/unikbotanik.se\/sv\/bonsai\/din-bonsais-fysiologiska-behov\/host-i-bonsaigarden\/","title":{"rendered":"H\u00f6st i bonsaig\u00e5rden"},"content":{"rendered":"\r\n<figure class=\"wp-block-image size-large is-resized\"><img loading=\"lazy\" decoding=\"async\" class=\"wp-image-13708\" style=\"width: 206px; height: 309px;\" src=\"https:\/\/unikbotanik.se\/wp-content\/uploads\/2023\/09\/Ginkgo-biloba-tree-in-fall-683x1024.jpg\" alt=\"\" width=\"206\" height=\"309\" srcset=\"https:\/\/unikbotanik.se\/wp-content\/uploads\/2023\/09\/Ginkgo-biloba-tree-in-fall-683x1024.jpg 683w, https:\/\/unikbotanik.se\/wp-content\/uploads\/2023\/09\/Ginkgo-biloba-tree-in-fall-scaled-600x900.jpg 600w, https:\/\/unikbotanik.se\/wp-content\/uploads\/2023\/09\/Ginkgo-biloba-tree-in-fall-200x300.jpg 200w, https:\/\/unikbotanik.se\/wp-content\/uploads\/2023\/09\/Ginkgo-biloba-tree-in-fall-768x1152.jpg 768w, https:\/\/unikbotanik.se\/wp-content\/uploads\/2023\/09\/Ginkgo-biloba-tree-in-fall-1024x1536.jpg 1024w, https:\/\/unikbotanik.se\/wp-content\/uploads\/2023\/09\/Ginkgo-biloba-tree-in-fall-1365x2048.jpg 1365w, https:\/\/unikbotanik.se\/wp-content\/uploads\/2023\/09\/Ginkgo-biloba-tree-in-fall-scaled.jpg 1707w\" sizes=\"auto, (max-width: 206px) 100vw, 206px\" \/><\/figure>\r\n\r\n\r\n\r\n<p>Ginko Biloba i h\u00f6stf\u00e4rger.<br \/>Foto: Mactographer, wikimedia.<\/p>\r\n\r\n\r\n\r\n<p>&nbsp;<\/p>\r\n\r\n\r\n\r\n<p><strong>Det finns m\u00e5nga arter av bonsaitr\u00e4d, s\u00e5 hur f\u00f6rbereder jag \u00f6vervintringen?<\/strong><\/p>\r\n\r\n\r\n\r\n<p>M\u00e5nga arter som enar och vissa arter av gran och tall kan vara mycket h\u00e4rdiga. Flera kan till och med st\u00e5 ute under vintern.<\/p>\r\n\r\n\r\n\r\n<p>Se&#8217;n har vi m\u00e5nga av v\u00e5ra favoritl\u00f6vtr\u00e4d som t.ex. apel, japanska l\u00f6nnar, eldtorn m.fl. som inte gillar kylan lika mycket. V\u00e4xter vars krona kan klara m\u00e5nga minusgrader medan deras r\u00f6tter \u00e4r lite k\u00e4nsligare och inte klarar m\u00e5nga grader under nollstrecket.<\/p>\r\n\r\n\r\n\r\n<p>Ut\u00f6ver dessa s\u00e5 har vi medelhavstr\u00e4den som oliv, citrus m.fl. som beh\u00f6ver h\u00e5lla sig \u00f6ver nollstrecket och endast i undantagsfall klarar enstaka frostdagar<strong>.<\/strong><\/p>\r\n\r\n\r\n\r\n<p>Till sist har vi inomhustr\u00e4d, som oftast klarar innetemperturen \u00e5ret runt, men tappar mycket l\u00f6v om de inte f\u00e5r st\u00f6dbelysning medan \u00e5ter andra accepterar minskat ljus men ocks\u00e5 skulle gilla en svalare \u00f6vervintring ner till 10-gradersstrecket eller s\u00e5.<\/p>\r\n\r\n\r\n\r\n<p>&nbsp;<\/p>\r\n\r\n\r\n\r\n<p><strong>Jag kan inte ge digexakta direktiv p\u00e5 just din art, men h\u00e4r kommer lite f\u00f6rslag p\u00e5 l\u00f6sningar som jag eller vissa av v\u00e5ra kunder anv\u00e4nder&#8230;<\/strong><\/p>\r\n\r\n\r\n\r\n<p>De t\u00e5ligaste v\u00e4xterna st\u00e4ller jag samman i en skyddad del av tr\u00e4dg\u00e5rden under n\u00e5gra tr\u00e4d, omgivna av buskar. Jag st\u00e4ller alla krukor t\u00e4tt ihop med de minst k\u00e4nsliga ytterst. Se&#8217;n l\u00e4gger jag torra l\u00f6v runt om, eller \u00e4nnu hellre granris om jag har det till hands. Granriset suger inte upp vatten och fr\u00e4mjar inte svamp p\u00e5 samma s\u00e4tt som l\u00f6v g\u00f6r.<\/p>\r\n\r\n\r\n\r\n<p>En av de enklaste metoderna, s\u00e4rskilt f\u00f6r ok\u00e4nsligare tr\u00e4d \u00e4r att antingen gr\u00e4va ner krukan i jorden,eller ta ur din bonsai ur krukan och gr\u00e4va ner den direkt i jorden. Kanske l\u00e4gga p\u00e5 lite extra l\u00f6v f\u00f6r extra isolering. Observera att du inte skall t\u00e4cka kronan p\u00e5 tr\u00e4det eftersom det d\u00e5 kan fara illa. Metoden har jag med f\u00f6rdel anv\u00e4nt p\u00e5 en och tall. N\u00e4r sn\u00f6n kommer skyfflar jag upp fluffig sn\u00f6 ovanp\u00e5 som extra isolering.<\/p>\r\n\r\n\r\n\r\n<p>En annan metod \u00e4r att bygga en liten l\u00e5da med <a href=\"https:\/\/unikbotanik.se\/sv\/produkt\/filnet-vaxthusplast-i-metervara-180-cm-bred-levereras-rullad\/\">glas eller plast \u00f6ver<\/a>. Denna skyddar mot uttorkande vindar (vilket \u00e4r s\u00e4rskilt jobbigt f\u00f6r vintergr\u00f6na tr\u00e4d och \u00e4ven l\u00f6nnar). Det skyddar ocks\u00e5 mot den extremaste kylan. Se bara till att ventilationen \u00e4r bra, s\u00e5 att inte luftfuktigheten blir ett problem. Ett ouppv\u00e4rmt v\u00e4xthus \u00e4r kanske \u00e4nnu b\u00e4ttre i och med den lite st\u00f6rre luftvolymen. Har du ett v\u00e4xthus fullt med tomater och meloner p\u00e5 sommaren kanske det st\u00e5r tomt fram\u00e5t vintern. Sj\u00e4lv brukar jag l\u00e5ta tr\u00e4den f\u00e5 uppleva frost f\u00f6rst innan jag st\u00e4ller in dem, f\u00f6r att de skall f\u00e5 chans att k\u00e4nna att vintern \u00e4r p\u00e5 g\u00e5ng.<\/p>\r\n\r\n\r\n\r\n<p>De k\u00e4nsligaste arterna i v\u00e4xthuset h\u00e4nger jag bubbelplast \u00f6ver f\u00f6r att skydda. Men, observera att den m\u00e5ste bort varmare fuktigate dagar.<\/p>\r\n\r\n\r\n\r\n<p>Var noga med vattenbalansen! Vattna inte dina tr\u00e4d vid frostrisk. N\u00e4r det kommer n\u00e5gra varma dagar, se bara till att jorden \u00e4r l\u00e4tt fuktig. Kanske genom en l\u00e4tt sprayning av jordytan. M\u00e5nga tr\u00e4d f\u00f6rg\u00e5s p.g.a. uttorkning under tiden de inte kan suga upp vatten p.g.a. frosten. Det \u00e4r d\u00e4rf\u00f6r viktigt att tr\u00e4det f\u00e5r chans att suga upp v\u00e4tska under varmare dagar. M\u00e5nga arters rottillv\u00e4xt k\u00f6r ig\u00e5ng redan vid 5 &#8211; 7 graders temperatur. Och, \u00e4ven rottillv\u00e4xt beh\u00f6ver v\u00e4tska.<\/p>\r\n\r\n\r\n\r\n<p>En metod att skydda tr\u00e4den kan vara genom v\u00e4rmemattor eller v\u00e4mekablar. Observera att om teperaturen \u00e4r \u00f6ver plus fem under l\u00e4ngre tid s\u00e5 kan det inte l\u00e4ngre r\u00e4knas som vintervila, och du tr\u00f6ttar ut tr\u00e4det. H\u00e5ll hellre n\u00e5gon enstaka minusgrad under de kallaste delarna av \u00e5ret. D\u00e5 f\u00e5r tr\u00e4det en riktig vila.<\/p>\r\n\r\n\r\n\r\n<p>\u00c5terigen. Detta \u00e4r exempel. Du f\u00e5r sj\u00e4lv utg\u00e5 fr\u00e5n vilken art du har, ditt lokala klimat och storleken p\u00e5 krukorna. Men kanske hj\u00e4lper det dig n\u00e5got.<\/p>\r\n","protected":false},"excerpt":{"rendered":"<p>Ginko Biloba i h\u00f6stf\u00e4rger.Foto: Mactographer, wikimedia. &nbsp; Det finns m\u00e5nga arter av bonsaitr\u00e4d, s\u00e5 hur f\u00f6rbereder jag \u00f6vervintringen? M\u00e5nga arter som enar och vissa arter av gran och tall kan vara mycket h\u00e4rdiga. Flera kan till och med st\u00e5 ute under vintern. Se&#8217;n har vi m\u00e5nga av v\u00e5ra favoritl\u00f6vtr\u00e4d som t.ex. apel, japanska l\u00f6nnar, eldtorn [&hellip;]<\/p>\n","protected":false},"author":2,"featured_media":0,"parent":4838,"menu_order":0,"comment_status":"closed","ping_status":"closed","template":"","meta":{"_uag_custom_page_level_css":"","_uf_show_specific_survey":0,"_uf_disable_surveys":false,"site-sidebar-layout":"default","site-content-layout":"","ast-site-content-layout":"default","site-content-style":"default","site-sidebar-style":"default","ast-global-header-display":"","ast-banner-title-visibility":"","ast-main-header-display":"","ast-hfb-above-header-display":"","ast-hfb-below-header-display":"","ast-hfb-mobile-header-display":"","site-post-title":"","ast-breadcrumbs-content":"","ast-featured-img":"","footer-sml-layout":"","ast-disable-related-posts":"","theme-transparent-header-meta":"default","adv-header-id-meta":"","stick-header-meta":"","header-above-stick-meta":"","header-main-stick-meta":"","header-below-stick-meta":"","astra-migrate-meta-layouts":"set","ast-page-background-enabled":"default","ast-page-background-meta":{"desktop":{"background-color":"var(--ast-global-color-4)","background-image":"","background-repeat":"repeat","background-position":"center center","background-size":"auto","background-attachment":"scroll","background-type":"","background-media":"","overlay-type":"","overlay-color":"","overlay-opacity":"","overlay-gradient":""},"tablet":{"background-color":"","background-image":"","background-repeat":"repeat","background-position":"center center","background-size":"auto","background-attachment":"scroll","background-type":"","background-media":"","overlay-type":"","overlay-color":"","overlay-opacity":"","overlay-gradient":""},"mobile":{"background-color":"","background-image":"","background-repeat":"repeat","background-position":"center center","background-size":"auto","background-attachment":"scroll","background-type":"","background-media":"","overlay-type":"","overlay-color":"","overlay-opacity":"","overlay-gradient":""}},"ast-content-background-meta":{"desktop":{"background-color":"var(--ast-global-color-5)","background-image":"","background-repeat":"repeat","background-position":"center center","background-size":"auto","background-attachment":"scroll","background-type":"","background-media":"","overlay-type":"","overlay-color":"","overlay-opacity":"","overlay-gradient":""},"tablet":{"background-color":"var(--ast-global-color-5)","background-image":"","background-repeat":"repeat","background-position":"center center","background-size":"auto","background-attachment":"scroll","background-type":"","background-media":"","overlay-type":"","overlay-color":"","overlay-opacity":"","overlay-gradient":""},"mobile":{"background-color":"var(--ast-global-color-5)","background-image":"","background-repeat":"repeat","background-position":"center center","background-size":"auto","background-attachment":"scroll","background-type":"","background-media":"","overlay-type":"","overlay-color":"","overlay-opacity":"","overlay-gradient":""}},"footnotes":""},"class_list":["post-13707","page","type-page","status-publish","hentry"],"aioseo_notices":[],"uagb_featured_image_src":{"full":false,"thumbnail":false,"medium":false,"medium_large":false,"large":false,"1536x1536":false,"2048x2048":false,"woocommerce_thumbnail":false,"woocommerce_single":false,"woocommerce_gallery_thumbnail":false},"uagb_author_info":{"display_name":"unikbotanik","author_link":"https:\/\/unikbotanik.se\/sv\/author\/unikbotanik\/"},"uagb_comment_info":0,"uagb_excerpt":"Ginko Biloba i h\u00f6stf\u00e4rger.Foto: Mactographer, wikimedia. &nbsp; Det finns m\u00e5nga arter av bonsaitr\u00e4d, s\u00e5 hur f\u00f6rbereder jag \u00f6vervintringen? M\u00e5nga arter som enar och vissa arter av gran och tall kan vara mycket h\u00e4rdiga. Flera kan till och med st\u00e5 ute under vintern. Se&#8217;n har vi m\u00e5nga av v\u00e5ra favoritl\u00f6vtr\u00e4d som t.ex. apel, japanska l\u00f6nnar, eldtorn&hellip;","_links":{"self":[{"href":"https:\/\/unikbotanik.se\/sv\/wp-json\/wp\/v2\/pages\/13707","targetHints":{"allow":["GET"]}}],"collection":[{"href":"https:\/\/unikbotanik.se\/sv\/wp-json\/wp\/v2\/pages"}],"about":[{"href":"https:\/\/unikbotanik.se\/sv\/wp-json\/wp\/v2\/types\/page"}],"author":[{"embeddable":true,"href":"https:\/\/unikbotanik.se\/sv\/wp-json\/wp\/v2\/users\/2"}],"replies":[{"embeddable":true,"href":"https:\/\/unikbotanik.se\/sv\/wp-json\/wp\/v2\/comments?post=13707"}],"version-history":[{"count":3,"href":"https:\/\/unikbotanik.se\/sv\/wp-json\/wp\/v2\/pages\/13707\/revisions"}],"predecessor-version":[{"id":14194,"href":"https:\/\/unikbotanik.se\/sv\/wp-json\/wp\/v2\/pages\/13707\/revisions\/14194"}],"up":[{"embeddable":true,"href":"https:\/\/unikbotanik.se\/sv\/wp-json\/wp\/v2\/pages\/4838"}],"wp:attachment":[{"href":"https:\/\/unikbotanik.se\/sv\/wp-json\/wp\/v2\/media?parent=13707"}],"curies":[{"name":"wp","href":"https:\/\/api.w.org\/{rel}","templated":true}]}}