{"id":117,"date":"2019-01-09T13:40:29","date_gmt":"2019-01-09T12:40:29","guid":{"rendered":"http:\/\/localhost\/test\/?page_id=61"},"modified":"2024-01-06T16:28:35","modified_gmt":"2024-01-06T15:28:35","slug":"om-oss","status":"publish","type":"page","link":"https:\/\/unikbotanik.se\/sv\/om-oss\/","title":{"rendered":"Om oss"},"content":{"rendered":"<div class=\"wpb-content-wrapper\"><p>[vc_row pgscore_enable_responsive_settings=&#8221;true&#8221; el_id=&#8221;1524491503920-ec4a5d0f-594e&#8221; css=&#8221;.vc_custom_1704554874957{padding-top: 30px !important;padding-right: 100px !important;padding-bottom: 120px !important;padding-left: 100px !important;}&#8221; element_css_md=&#8221;.vc_custom_1561558352310{padding-top: 80px !important;padding-right: 250px !important;padding-bottom: 80px !important;padding-left: 250px !important;}&#8221; element_css_sm=&#8221;.vc_custom_1561558352312{padding-top: 70px !important;padding-right: 100px !important;padding-bottom: 70px !important;padding-left: 100px !important;}&#8221; element_css_xs=&#8221;.vc_custom_1561558352314{padding-top: 50px !important;padding-right: 0px !important;padding-bottom: 50px !important;padding-left: 0px !important;}&#8221;][vc_column offset=&#8221;vc_col-lg-12 vc_col-md-12&#8243; css=&#8221;.vc_custom_1704554683414{border-top-width: 10px !important;border-right-width: 20px !important;border-bottom-width: 10px !important;border-left-width: 20px !important;padding-top: 20px !important;padding-right: 20px !important;padding-bottom: 20px !important;padding-left: 20px !important;border-left-color: #0b5394 !important;border-right-color: #0b5394 !important;border-top-color: #0b5394 !important;border-bottom-color: #0b5394 !important;}&#8221; el_id=&#8221;1560947596934-e1d7b5c8-6b92&#8243;][vc_column_text css=&#8221;.vc_custom_1704554633695{border-top-width: 10px !important;border-right-width: 20px !important;border-bottom-width: 10px !important;border-left-width: 20px !important;padding-top: 20px !important;padding-right: 20px !important;padding-bottom: 20px !important;padding-left: 20px !important;border-left-color: #6d3a12 !important;border-right-color: #6d3a12 !important;border-top-color: #6d3a12 !important;border-bottom-color: #6d3a12 !important;}&#8221;]Intresset f\u00f6r bonsai har f\u00f6ljt mig sedan ton\u00e5ren. Samtidigt har intresset f\u00f6r hemodlat, suckulenter och andra annorlunda och sp\u00e4nnande v\u00e4xter varit en drivkraft genom \u00e5ren. Under studietiden gavs detta intresse en extra sjuss d\u00e5 undertecknad fick chans att g\u00e5 n\u00e5gra kurser i botanik och v\u00e4xtfysiologi.<\/p>\n<p>Med butiken Unik Botanik hoppas vi kunna dela gl\u00e4djen och inspirationen med dig som odlar bonsai, gillar tr\u00e4dg\u00e5rd eller vill f\u00e5 lite gr\u00f6nare fingrar.<\/p>\n<p>V\u00e5r \u00f6nskan och v\u00e5rt m\u00e5l \u00e4r att kunna ge dig ett s\u00e5 brett utbud som m\u00f6jligt. D\u00e4rf\u00f6r \u00e4r vi ocks\u00e5 alltid tacksamma f\u00f6r dina tips, r\u00e5d och fr\u00e5gor kring utrustning vi har eller borde inf\u00f6rskaffa.<\/p>\n<p>Som resultat av dessa \u00f6nskem\u00e5l har vi nu ut\u00f6kat utbudet p\u00e5 verktyg samt satt samman ett nyb\u00f6rjarpaket.<\/p>\n<p>November 2019<br \/>\nGunnar Sporrong<br \/>\nSkara[\/vc_column_text][vc_column_text][\/vc_column_text][\/vc_column][\/vc_row]<\/p>\n<\/div>","protected":false},"excerpt":{"rendered":"<p>[vc_row pgscore_enable_responsive_settings=&#8221;true&#8221; el_id=&#8221;1524491503920-ec4a5d0f-594e&#8221; css=&#8221;.vc_custom_1704554874957{padding-top: 30px !important;padding-right: 100px !important;padding-bottom: 120px !important;padding-left: 100px !important;}&#8221; element_css_md=&#8221;.vc_custom_1561558352310{padding-top: 80px !important;padding-right: 250px !important;padding-bottom: 80px !important;padding-left: 250px !important;}&#8221; element_css_sm=&#8221;.vc_custom_1561558352312{padding-top: 70px !important;padding-right: 100px !important;padding-bottom: 70px !important;padding-left: 100px !important;}&#8221; element_css_xs=&#8221;.vc_custom_1561558352314{padding-top: 50px !important;padding-right: 0px !important;padding-bottom: 50px !important;padding-left: 0px !important;}&#8221;][vc_column offset=&#8221;vc_col-lg-12 vc_col-md-12&#8243; css=&#8221;.vc_custom_1704554683414{border-top-width: 10px !important;border-right-width: 20px !important;border-bottom-width: 10px !important;border-left-width: 20px !important;padding-top: 20px !important;padding-right: 20px !important;padding-bottom: 20px [&hellip;]<\/p>\n","protected":false},"author":1,"featured_media":0,"parent":0,"menu_order":0,"comment_status":"closed","ping_status":"closed","template":"","meta":{"_uag_custom_page_level_css":"","_uf_show_specific_survey":0,"_uf_disable_surveys":false,"site-sidebar-layout":"no-sidebar","site-content-layout":"plain-container","ast-site-content-layout":"default","site-content-style":"default","site-sidebar-style":"default","ast-global-header-display":"","ast-banner-title-visibility":"","ast-main-header-display":"","ast-hfb-above-header-display":"","ast-hfb-below-header-display":"","ast-hfb-mobile-header-display":"","site-post-title":"disabled","ast-breadcrumbs-content":"","ast-featured-img":"disabled","footer-sml-layout":"","ast-disable-related-posts":"","theme-transparent-header-meta":"default","adv-header-id-meta":"","stick-header-meta":"","header-above-stick-meta":"","header-main-stick-meta":"","header-below-stick-meta":"","astra-migrate-meta-layouts":"set","ast-page-background-enabled":"default","ast-page-background-meta":{"desktop":{"background-color":"var(--ast-global-color-4)","background-image":"","background-repeat":"repeat","background-position":"center center","background-size":"auto","background-attachment":"scroll","background-type":"","background-media":"","overlay-type":"","overlay-color":"","overlay-opacity":"","overlay-gradient":""},"tablet":{"background-color":"","background-image":"","background-repeat":"repeat","background-position":"center center","background-size":"auto","background-attachment":"scroll","background-type":"","background-media":"","overlay-type":"","overlay-color":"","overlay-opacity":"","overlay-gradient":""},"mobile":{"background-color":"","background-image":"","background-repeat":"repeat","background-position":"center center","background-size":"auto","background-attachment":"scroll","background-type":"","background-media":"","overlay-type":"","overlay-color":"","overlay-opacity":"","overlay-gradient":""}},"ast-content-background-meta":{"desktop":{"background-color":"var(--ast-global-color-5)","background-image":"","background-repeat":"repeat","background-position":"center center","background-size":"auto","background-attachment":"scroll","background-type":"","background-media":"","overlay-type":"","overlay-color":"","overlay-opacity":"","overlay-gradient":""},"tablet":{"background-color":"var(--ast-global-color-5)","background-image":"","background-repeat":"repeat","background-position":"center center","background-size":"auto","background-attachment":"scroll","background-type":"","background-media":"","overlay-type":"","overlay-color":"","overlay-opacity":"","overlay-gradient":""},"mobile":{"background-color":"var(--ast-global-color-5)","background-image":"","background-repeat":"repeat","background-position":"center center","background-size":"auto","background-attachment":"scroll","background-type":"","background-media":"","overlay-type":"","overlay-color":"","overlay-opacity":"","overlay-gradient":""}},"footnotes":""},"class_list":["post-117","page","type-page","status-publish","hentry"],"aioseo_notices":[],"uagb_featured_image_src":{"full":false,"thumbnail":false,"medium":false,"medium_large":false,"large":false,"1536x1536":false,"2048x2048":false,"woocommerce_thumbnail":false,"woocommerce_single":false,"woocommerce_gallery_thumbnail":false},"uagb_author_info":{"display_name":"robin@colobri.se","author_link":"https:\/\/unikbotanik.se\/sv\/author\/robincolobri-se\/"},"uagb_comment_info":0,"uagb_excerpt":"[vc_row pgscore_enable_responsive_settings=&#8221;true&#8221; el_id=&#8221;1524491503920-ec4a5d0f-594e&#8221; css=&#8221;.vc_custom_1704554874957{padding-top: 30px !important;padding-right: 100px !important;padding-bottom: 120px !important;padding-left: 100px !important;}&#8221; element_css_md=&#8221;.vc_custom_1561558352310{padding-top: 80px !important;padding-right: 250px !important;padding-bottom: 80px !important;padding-left: 250px !important;}&#8221; element_css_sm=&#8221;.vc_custom_1561558352312{padding-top: 70px !important;padding-right: 100px !important;padding-bottom: 70px !important;padding-left: 100px !important;}&#8221; element_css_xs=&#8221;.vc_custom_1561558352314{padding-top: 50px !important;padding-right: 0px !important;padding-bottom: 50px !important;padding-left: 0px !important;}&#8221;][vc_column offset=&#8221;vc_col-lg-12 vc_col-md-12&#8243; css=&#8221;.vc_custom_1704554683414{border-top-width: 10px !important;border-right-width: 20px !important;border-bottom-width: 10px !important;border-left-width: 20px !important;padding-top: 20px !important;padding-right: 20px !important;padding-bottom: 20px&hellip;","_links":{"self":[{"href":"https:\/\/unikbotanik.se\/sv\/wp-json\/wp\/v2\/pages\/117","targetHints":{"allow":["GET"]}}],"collection":[{"href":"https:\/\/unikbotanik.se\/sv\/wp-json\/wp\/v2\/pages"}],"about":[{"href":"https:\/\/unikbotanik.se\/sv\/wp-json\/wp\/v2\/types\/page"}],"author":[{"embeddable":true,"href":"https:\/\/unikbotanik.se\/sv\/wp-json\/wp\/v2\/users\/1"}],"replies":[{"embeddable":true,"href":"https:\/\/unikbotanik.se\/sv\/wp-json\/wp\/v2\/comments?post=117"}],"version-history":[{"count":42,"href":"https:\/\/unikbotanik.se\/sv\/wp-json\/wp\/v2\/pages\/117\/revisions"}],"predecessor-version":[{"id":14458,"href":"https:\/\/unikbotanik.se\/sv\/wp-json\/wp\/v2\/pages\/117\/revisions\/14458"}],"wp:attachment":[{"href":"https:\/\/unikbotanik.se\/sv\/wp-json\/wp\/v2\/media?parent=117"}],"curies":[{"name":"wp","href":"https:\/\/api.w.org\/{rel}","templated":true}]}}