{"id":9996,"date":"2021-12-19T13:13:23","date_gmt":"2021-12-19T12:13:23","guid":{"rendered":"https:\/\/unikbotanik.se\/?post_type=product&#038;p=9996"},"modified":"2025-05-17T11:11:44","modified_gmt":"2025-05-17T09:11:44","slug":"bonsai-kruka-rund-dekorerad-fran-charcoal-studio-105-x-11-x-6-cm-sverige","status":"publish","type":"product","link":"https:\/\/unikbotanik.se\/en\/produkt\/bonsai-kruka-rund-dekorerad-fran-charcoal-studio-105-x-11-x-6-cm-sverige\/","title":{"rendered":"Bonsai-kruka, rund, dekorerad, fr\u00e5n Charcoal Studio, 10,5 x 11 x 6 cm, Sverige"},"content":{"rendered":"<p>Rund, dekorerad bonsaikruka, med en fisk p\u00e5 utsidan. Lite lik en simpa eller kanske en havskatt. Passar bonsaier eller andra krukv\u00e4xter med lite stil. Tillverkad av Charcoal Studio och Simon H\u00e4ggbom. Bonsaikrukan \u00e4r m\u00f6rkglaserad med ml\u00f6lkiga toner.<\/p>\n<p>Krukan har ett v\u00e4l tilltaget dr\u00e4neringsh\u00e5l i botten.<\/p>\n<p>Kruka: 10,5 x 11 cm, 6 cm h\u00f6g.<br \/>\nRymmer: c:a 2,7 dl<br \/>\nVikt: 350g<\/p>\n<p>&nbsp;<\/p>\n","protected":false},"excerpt":{"rendered":"<p>Rund, dekorerad bonsaikruka, med en fisk p\u00e5 utsidan. Lite lik en simpa eller kanske en havskatt. Passar bonsaier eller andra krukv\u00e4xter med lite stil. Tillverkad av Charcoal Studio och Simon H\u00e4ggbom. Bonsaikrukan \u00e4r m\u00f6rkglaserad med ml\u00f6lkiga toner. Krukan har ett v\u00e4l tilltaget dr\u00e4neringsh\u00e5l i botten. Kruka: 10,5 x 11 cm, 6 cm h\u00f6g. Rymmer: c:a [&hellip;]<\/p>\n","protected":false},"featured_media":9997,"comment_status":"open","ping_status":"closed","template":"","meta":{"_uag_custom_page_level_css":"","_uf_show_specific_survey":0,"_uf_disable_surveys":false,"site-sidebar-layout":"default","site-content-layout":"","ast-site-content-layout":"default","site-content-style":"default","site-sidebar-style":"default","ast-global-header-display":"","ast-banner-title-visibility":"","ast-main-header-display":"","ast-hfb-above-header-display":"","ast-hfb-below-header-display":"","ast-hfb-mobile-header-display":"","site-post-title":"","ast-breadcrumbs-content":"","ast-featured-img":"","footer-sml-layout":"","ast-disable-related-posts":"","theme-transparent-header-meta":"","adv-header-id-meta":"","stick-header-meta":"","header-above-stick-meta":"","header-main-stick-meta":"","header-below-stick-meta":"","astra-migrate-meta-layouts":"default","ast-page-background-enabled":"default","ast-page-background-meta":{"desktop":{"background-color":"var(--ast-global-color-4)","background-image":"","background-repeat":"repeat","background-position":"center center","background-size":"auto","background-attachment":"scroll","background-type":"","background-media":"","overlay-type":"","overlay-color":"","overlay-opacity":"","overlay-gradient":""},"tablet":{"background-color":"","background-image":"","background-repeat":"repeat","background-position":"center center","background-size":"auto","background-attachment":"scroll","background-type":"","background-media":"","overlay-type":"","overlay-color":"","overlay-opacity":"","overlay-gradient":""},"mobile":{"background-color":"","background-image":"","background-repeat":"repeat","background-position":"center center","background-size":"auto","background-attachment":"scroll","background-type":"","background-media":"","overlay-type":"","overlay-color":"","overlay-opacity":"","overlay-gradient":""}},"ast-content-background-meta":{"desktop":{"background-color":"var(--ast-global-color-5)","background-image":"","background-repeat":"repeat","background-position":"center center","background-size":"auto","background-attachment":"scroll","background-type":"","background-media":"","overlay-type":"","overlay-color":"","overlay-opacity":"","overlay-gradient":""},"tablet":{"background-color":"var(--ast-global-color-5)","background-image":"","background-repeat":"repeat","background-position":"center center","background-size":"auto","background-attachment":"scroll","background-type":"","background-media":"","overlay-type":"","overlay-color":"","overlay-opacity":"","overlay-gradient":""},"mobile":{"background-color":"var(--ast-global-color-5)","background-image":"","background-repeat":"repeat","background-position":"center center","background-size":"auto","background-attachment":"scroll","background-type":"","background-media":"","overlay-type":"","overlay-color":"","overlay-opacity":"","overlay-gradient":""}}},"product_brand":[],"product_cat":[242,25,210],"product_tag":[],"class_list":{"0":"post-9996","1":"product","2":"type-product","3":"status-publish","4":"has-post-thumbnail","6":"product_cat-10-20-cm","7":"product_cat-bonsaikrukor","8":"product_cat-charcoalstudio_krukor","9":"desktop-align-left","10":"tablet-align-left","11":"mobile-align-left","12":"ast-product-gallery-layout-horizontal-slider","13":"ast-product-tabs-layout-horizontal","14":"ast-qv-on-image","16":"first","17":"outofstock","18":"taxable","19":"shipping-taxable","20":"purchasable","21":"product-type-simple"},"aioseo_notices":[],"uagb_featured_image_src":{"full":["https:\/\/unikbotanik.se\/wp-content\/uploads\/2021\/12\/KCHS010.jpg",1000,1000,false],"thumbnail":["https:\/\/unikbotanik.se\/wp-content\/uploads\/2021\/12\/KCHS010-150x150.jpg",150,150,true],"medium":["https:\/\/unikbotanik.se\/wp-content\/uploads\/2021\/12\/KCHS010-300x300.jpg",300,300,true],"medium_large":["https:\/\/unikbotanik.se\/wp-content\/uploads\/2021\/12\/KCHS010-768x768.jpg",768,768,true],"large":["https:\/\/unikbotanik.se\/wp-content\/uploads\/2021\/12\/KCHS010.jpg",1000,1000,false],"1536x1536":["https:\/\/unikbotanik.se\/wp-content\/uploads\/2021\/12\/KCHS010.jpg",1000,1000,false],"2048x2048":["https:\/\/unikbotanik.se\/wp-content\/uploads\/2021\/12\/KCHS010.jpg",1000,1000,false],"woocommerce_thumbnail":["https:\/\/unikbotanik.se\/wp-content\/uploads\/2021\/12\/KCHS010-300x300.jpg",300,300,true],"woocommerce_single":["https:\/\/unikbotanik.se\/wp-content\/uploads\/2021\/12\/KCHS010-600x600.jpg",600,600,true],"woocommerce_gallery_thumbnail":["https:\/\/unikbotanik.se\/wp-content\/uploads\/2021\/12\/KCHS010-100x100.jpg",100,100,true]},"uagb_author_info":{"display_name":"unikbotanik","author_link":"https:\/\/unikbotanik.se\/en\/author\/"},"uagb_comment_info":0,"uagb_excerpt":"Rund, dekorerad bonsaikruka, med en fisk p\u00e5 utsidan. Lite lik en simpa eller kanske en havskatt. Passar bonsaier eller andra krukv\u00e4xter med lite stil. Tillverkad av Charcoal Studio och Simon H\u00e4ggbom. Bonsaikrukan \u00e4r m\u00f6rkglaserad med ml\u00f6lkiga toner. Krukan har ett v\u00e4l tilltaget dr\u00e4neringsh\u00e5l i botten. Kruka: 10,5 x 11 cm, 6 cm h\u00f6g. Rymmer: c:a&hellip;","_links":{"self":[{"href":"https:\/\/unikbotanik.se\/en\/wp-json\/wp\/v2\/product\/9996","targetHints":{"allow":["GET"]}}],"collection":[{"href":"https:\/\/unikbotanik.se\/en\/wp-json\/wp\/v2\/product"}],"about":[{"href":"https:\/\/unikbotanik.se\/en\/wp-json\/wp\/v2\/types\/product"}],"replies":[{"embeddable":true,"href":"https:\/\/unikbotanik.se\/en\/wp-json\/wp\/v2\/comments?post=9996"}],"wp:featuredmedia":[{"embeddable":true,"href":"https:\/\/unikbotanik.se\/en\/wp-json\/wp\/v2\/media\/9997"}],"wp:attachment":[{"href":"https:\/\/unikbotanik.se\/en\/wp-json\/wp\/v2\/media?parent=9996"}],"wp:term":[{"taxonomy":"product_brand","embeddable":true,"href":"https:\/\/unikbotanik.se\/en\/wp-json\/wp\/v2\/product_brand?post=9996"},{"taxonomy":"product_cat","embeddable":true,"href":"https:\/\/unikbotanik.se\/en\/wp-json\/wp\/v2\/product_cat?post=9996"},{"taxonomy":"product_tag","embeddable":true,"href":"https:\/\/unikbotanik.se\/en\/wp-json\/wp\/v2\/product_tag?post=9996"}],"curies":[{"name":"wp","href":"https:\/\/api.w.org\/{rel}","templated":true}]}}