{"id":9897,"date":"2021-12-04T09:04:03","date_gmt":"2021-12-04T08:04:03","guid":{"rendered":"https:\/\/unikbotanik.se\/?post_type=product&#038;p=9897"},"modified":"2026-04-05T10:42:29","modified_gmt":"2026-04-05T08:42:29","slug":"jinverktyg-konkav-rundad-mejsel-for-bonsai-180-mm-japanska-wazakura","status":"publish","type":"product","link":"https:\/\/unikbotanik.se\/en\/produkt\/jinverktyg-konkav-rundad-mejsel-for-bonsai-180-mm-japanska-wazakura\/","title":{"rendered":"Jinverktyg, konkav rundad mejsel f\u00f6r bonsai, 180 mm, japanska Wazakura"},"content":{"rendered":"<p>Jinverktyg f\u00f6r finsnideri\/utgr\u00f6pning av tjockare grenar och stamdelar, s\u00e5 kallad d\u00f6dved eller jin\/shari p\u00e5 bonsaitr\u00e4d. Handtillverkad, Japanska f\u00f6r Wazakura i Naagaoka, Sanjo, Niigata.<\/p>\n<p><strong>Tekniska data:<\/strong><\/p>\n<ul>\n<li>Dimensioner: 180 x 12 x 12 mm<\/li>\n<li>Blad rundat: 12 mm<\/li>\n<li>Vikt: 60 g<\/li>\n<li>Material: Kolst\u00e5l<\/li>\n<\/ul>\n<p>&nbsp;<\/p>\n","protected":false},"excerpt":{"rendered":"<p>Jinverktyg f\u00f6r finsnideri\/utgr\u00f6pning av tjockare grenar och stamdelar, s\u00e5 kallad d\u00f6dved eller jin\/shari p\u00e5 bonsaitr\u00e4d. Handtillverkad, Japanska f\u00f6r Wazakura i Naagaoka, Sanjo, Niigata. Tekniska data: Dimensioner: 180 x 12 x 12 mm Blad rundat: 12 mm Vikt: 60 g Material: Kolst\u00e5l &nbsp;<\/p>\n","protected":false},"featured_media":9898,"comment_status":"open","ping_status":"closed","template":"","meta":{"_uag_custom_page_level_css":"","_uf_show_specific_survey":0,"_uf_disable_surveys":false,"site-sidebar-layout":"default","site-content-layout":"","ast-site-content-layout":"default","site-content-style":"default","site-sidebar-style":"default","ast-global-header-display":"","ast-banner-title-visibility":"","ast-main-header-display":"","ast-hfb-above-header-display":"","ast-hfb-below-header-display":"","ast-hfb-mobile-header-display":"","site-post-title":"","ast-breadcrumbs-content":"","ast-featured-img":"","footer-sml-layout":"","ast-disable-related-posts":"","theme-transparent-header-meta":"","adv-header-id-meta":"","stick-header-meta":"","header-above-stick-meta":"","header-main-stick-meta":"","header-below-stick-meta":"","astra-migrate-meta-layouts":"default","ast-page-background-enabled":"default","ast-page-background-meta":{"desktop":{"background-color":"var(--ast-global-color-4)","background-image":"","background-repeat":"repeat","background-position":"center center","background-size":"auto","background-attachment":"scroll","background-type":"","background-media":"","overlay-type":"","overlay-color":"","overlay-opacity":"","overlay-gradient":""},"tablet":{"background-color":"","background-image":"","background-repeat":"repeat","background-position":"center center","background-size":"auto","background-attachment":"scroll","background-type":"","background-media":"","overlay-type":"","overlay-color":"","overlay-opacity":"","overlay-gradient":""},"mobile":{"background-color":"","background-image":"","background-repeat":"repeat","background-position":"center center","background-size":"auto","background-attachment":"scroll","background-type":"","background-media":"","overlay-type":"","overlay-color":"","overlay-opacity":"","overlay-gradient":""}},"ast-content-background-meta":{"desktop":{"background-color":"var(--ast-global-color-5)","background-image":"","background-repeat":"repeat","background-position":"center center","background-size":"auto","background-attachment":"scroll","background-type":"","background-media":"","overlay-type":"","overlay-color":"","overlay-opacity":"","overlay-gradient":""},"tablet":{"background-color":"var(--ast-global-color-5)","background-image":"","background-repeat":"repeat","background-position":"center center","background-size":"auto","background-attachment":"scroll","background-type":"","background-media":"","overlay-type":"","overlay-color":"","overlay-opacity":"","overlay-gradient":""},"mobile":{"background-color":"var(--ast-global-color-5)","background-image":"","background-repeat":"repeat","background-position":"center center","background-size":"auto","background-attachment":"scroll","background-type":"","background-media":"","overlay-type":"","overlay-color":"","overlay-opacity":"","overlay-gradient":""}}},"product_brand":[],"product_cat":[416,183],"product_tag":[],"class_list":{"0":"post-9897","1":"product","2":"type-product","3":"status-publish","4":"has-post-thumbnail","6":"product_cat-jinverktyg","7":"product_cat-wazakura-japan","8":"desktop-align-left","9":"tablet-align-left","10":"mobile-align-left","11":"ast-product-gallery-layout-horizontal-slider","12":"ast-product-tabs-layout-horizontal","13":"ast-qv-on-image","15":"first","16":"instock","17":"taxable","18":"shipping-taxable","19":"purchasable","20":"product-type-simple"},"aioseo_notices":[],"uagb_featured_image_src":{"full":["https:\/\/unikbotanik.se\/wp-content\/uploads\/2021\/12\/VWAZW001051.jpg",900,898,false],"thumbnail":["https:\/\/unikbotanik.se\/wp-content\/uploads\/2021\/12\/VWAZW001051-150x150.jpg",150,150,true],"medium":["https:\/\/unikbotanik.se\/wp-content\/uploads\/2021\/12\/VWAZW001051-300x300.jpg",300,300,true],"medium_large":["https:\/\/unikbotanik.se\/wp-content\/uploads\/2021\/12\/VWAZW001051-768x766.jpg",768,766,true],"large":["https:\/\/unikbotanik.se\/wp-content\/uploads\/2021\/12\/VWAZW001051.jpg",900,898,false],"1536x1536":["https:\/\/unikbotanik.se\/wp-content\/uploads\/2021\/12\/VWAZW001051.jpg",900,898,false],"2048x2048":["https:\/\/unikbotanik.se\/wp-content\/uploads\/2021\/12\/VWAZW001051.jpg",900,898,false],"woocommerce_thumbnail":["https:\/\/unikbotanik.se\/wp-content\/uploads\/2021\/12\/VWAZW001051-300x300.jpg",300,300,true],"woocommerce_single":["https:\/\/unikbotanik.se\/wp-content\/uploads\/2021\/12\/VWAZW001051-600x599.jpg",600,599,true],"woocommerce_gallery_thumbnail":["https:\/\/unikbotanik.se\/wp-content\/uploads\/2021\/12\/VWAZW001051-100x100.jpg",100,100,true]},"uagb_author_info":{"display_name":"unikbotanik","author_link":"https:\/\/unikbotanik.se\/en\/author\/"},"uagb_comment_info":0,"uagb_excerpt":"Jinverktyg f\u00f6r finsnideri\/utgr\u00f6pning av tjockare grenar och stamdelar, s\u00e5 kallad d\u00f6dved eller jin\/shari p\u00e5 bonsaitr\u00e4d. Handtillverkad, Japanska f\u00f6r Wazakura i Naagaoka, Sanjo, Niigata. Tekniska data: Dimensioner: 180 x 12 x 12 mm Blad rundat: 12 mm Vikt: 60 g Material: Kolst\u00e5l &nbsp;","_links":{"self":[{"href":"https:\/\/unikbotanik.se\/en\/wp-json\/wp\/v2\/product\/9897","targetHints":{"allow":["GET"]}}],"collection":[{"href":"https:\/\/unikbotanik.se\/en\/wp-json\/wp\/v2\/product"}],"about":[{"href":"https:\/\/unikbotanik.se\/en\/wp-json\/wp\/v2\/types\/product"}],"replies":[{"embeddable":true,"href":"https:\/\/unikbotanik.se\/en\/wp-json\/wp\/v2\/comments?post=9897"}],"wp:featuredmedia":[{"embeddable":true,"href":"https:\/\/unikbotanik.se\/en\/wp-json\/wp\/v2\/media\/9898"}],"wp:attachment":[{"href":"https:\/\/unikbotanik.se\/en\/wp-json\/wp\/v2\/media?parent=9897"}],"wp:term":[{"taxonomy":"product_brand","embeddable":true,"href":"https:\/\/unikbotanik.se\/en\/wp-json\/wp\/v2\/product_brand?post=9897"},{"taxonomy":"product_cat","embeddable":true,"href":"https:\/\/unikbotanik.se\/en\/wp-json\/wp\/v2\/product_cat?post=9897"},{"taxonomy":"product_tag","embeddable":true,"href":"https:\/\/unikbotanik.se\/en\/wp-json\/wp\/v2\/product_tag?post=9897"}],"curies":[{"name":"wp","href":"https:\/\/api.w.org\/{rel}","templated":true}]}}