{"id":9768,"date":"2021-11-06T17:31:30","date_gmt":"2021-11-06T16:31:30","guid":{"rendered":"https:\/\/unikbotanik.se\/?post_type=product&#038;p=9768"},"modified":"2026-04-01T00:36:03","modified_gmt":"2026-03-31T22:36:03","slug":"hiryo-gold-traditionel-japansk-organisk-godning-blommande-trad-och-frukttrad-350g","status":"publish","type":"product","link":"https:\/\/unikbotanik.se\/en\/produkt\/hiryo-gold-traditionel-japansk-organisk-godning-blommande-trad-och-frukttrad-350g\/","title":{"rendered":"Hiryo Gold, traditionel japansk organisk-g\u00f6dning &#8211; Blommande tr\u00e4d och frukttr\u00e4d, 350g"},"content":{"rendered":"<p>Hiryo Gold \u00e4r ett traditionellt japansk organisk-g\u00f6dningsmedel. Denna version \u00e4r avsedd f\u00f6r blommande tr\u00e4d under frukttr\u00e4d. Den h\u00f6gre halten av fosfor och kalium stimulerar blomning och frukts\u00e4ttning. Denna g\u00f6dning stimulerar ocks\u00e5 rottillv\u00e4xt och f\u00f6ryngring av tr\u00e4d som stagnerat. Blandningen av makro- och mikrog\u00f6dnings\u00e4mnen passar de flesta tr\u00e4d, men fr\u00e4mst rot och frukts\u00e4ttning.<\/p>\n<p>Denna blandning passar bra f\u00f6r arter som trivs med lite l\u00e4gre pH-v\u00e4rde s\u00e5 som Azalea, Camellia,\u00a0 och Gardenia. Den styrker ocks\u00e5 f\u00f6rsvagade v\u00e4xter och skyddar dessa mot sjukdom. I mycket liten dos fungerar den ocks\u00e5 fint f\u00f6r orkid\u00e9er och suckulenter som inte vill ha f\u00f6r mycket kv\u00e4ve.<\/p>\n<p>Den best\u00e5r av ett fast granulat som appliceras p\u00e5 jordytan varje eller varannan m\u00e5nad beroende p\u00e5 v\u00e4der. (Mycket regn, varje m\u00e5nad, torr v\u00e4derlek eller inomhus, varannan m\u00e5nad.)\u00a0 Sprid ut ett j\u00e4mnt lager p\u00e5 jorden.<\/p>\n<p>Stimulerar en god mikrofauna i jorden.<\/p>\n<p>Hiryo bonsain\u00e4ring tillverkas av naturliga r\u00e5varor som under l\u00e5ng tid f\u00e5r mognamed hj\u00e4lp av nyttiga bakterier. G\u00f6dningskornen lakas sakta ur \u00e4ven vid torra v\u00e4derf\u00f6rh\u00e5llanden utan behovet av biologisk nedbrytning (som ibland kan skapa on\u00f6dig lukt) som andra g\u00f6dselmedel kan beh\u00f6va. D\u00e4rf\u00f6r fungerar det ocks\u00e5 fint \u00e4ven f\u00f6r inomhustr\u00e4d. G\u00f6dselmedlet \u00e4r framtaget tillsammans med erfarna japanska bonsaiodlare.<\/p>\n<p>B\u00f6r h\u00e5llas fr\u00e5n barn, husdjur och mat\/dryck.<\/p>\n<p>350 g<\/p>\n<p>N4 &#8211; P6 &#8211; K8<\/p>\n<p>Dosering: 20 cm kruka<br \/>\nV\u00e5r: tv\u00e5 m\u00e5tt*<br \/>\nSommar: ett m\u00e5tt<br \/>\nH\u00f6st: tv\u00e5 m\u00e5tt<br \/>\nVinter: Ingen g\u00f6dsel (vintergr\u00f6na v\u00e4xter kan tycka om ett halvt m\u00e5tt varannan m\u00e5nad)<\/p>\n<p>*Personligen hoppar jag \u00f6ver v\u00e5rg\u00f6dslingen f\u00f6rutom f\u00f6r v\u00e4xter med ett mycket kompakt v\u00e4xts\u00e4tt som jag vill skall v\u00e4xa maximalt.<\/p>\n","protected":false},"excerpt":{"rendered":"<p>Hiryo Gold \u00e4r ett traditionellt japansk organisk-g\u00f6dningsmedel. Denna version \u00e4r avsedd f\u00f6r blommande tr\u00e4d under frukttr\u00e4d. Den h\u00f6gre halten av fosfor och kalium stimulerar blomning och frukts\u00e4ttning. Denna g\u00f6dning stimulerar ocks\u00e5 rottillv\u00e4xt och f\u00f6ryngring av tr\u00e4d som stagnerat. Blandningen av makro- och mikrog\u00f6dnings\u00e4mnen passar de flesta tr\u00e4d, men fr\u00e4mst rot och frukts\u00e4ttning. Denna blandning passar [&hellip;]<\/p>\n","protected":false},"featured_media":9769,"comment_status":"open","ping_status":"closed","template":"","meta":{"_uag_custom_page_level_css":"","_uf_show_specific_survey":0,"_uf_disable_surveys":false,"site-sidebar-layout":"default","site-content-layout":"","ast-site-content-layout":"default","site-content-style":"default","site-sidebar-style":"default","ast-global-header-display":"","ast-banner-title-visibility":"","ast-main-header-display":"","ast-hfb-above-header-display":"","ast-hfb-below-header-display":"","ast-hfb-mobile-header-display":"","site-post-title":"","ast-breadcrumbs-content":"","ast-featured-img":"","footer-sml-layout":"","ast-disable-related-posts":"","theme-transparent-header-meta":"default","adv-header-id-meta":"","stick-header-meta":"default","header-above-stick-meta":"","header-main-stick-meta":"","header-below-stick-meta":"","astra-migrate-meta-layouts":"set","ast-page-background-enabled":"default","ast-page-background-meta":{"desktop":{"background-color":"var(--ast-global-color-4)","background-image":"","background-repeat":"repeat","background-position":"center center","background-size":"auto","background-attachment":"scroll","background-type":"","background-media":"","overlay-type":"","overlay-color":"","overlay-opacity":"","overlay-gradient":""},"tablet":{"background-color":"","background-image":"","background-repeat":"repeat","background-position":"center center","background-size":"auto","background-attachment":"scroll","background-type":"","background-media":"","overlay-type":"","overlay-color":"","overlay-opacity":"","overlay-gradient":""},"mobile":{"background-color":"","background-image":"","background-repeat":"repeat","background-position":"center center","background-size":"auto","background-attachment":"scroll","background-type":"","background-media":"","overlay-type":"","overlay-color":"","overlay-opacity":"","overlay-gradient":""}},"ast-content-background-meta":{"desktop":{"background-color":"var(--ast-global-color-5)","background-image":"","background-repeat":"repeat","background-position":"center center","background-size":"auto","background-attachment":"scroll","background-type":"","background-media":"","overlay-type":"","overlay-color":"","overlay-opacity":"","overlay-gradient":""},"tablet":{"background-color":"var(--ast-global-color-5)","background-image":"","background-repeat":"repeat","background-position":"center center","background-size":"auto","background-attachment":"scroll","background-type":"","background-media":"","overlay-type":"","overlay-color":"","overlay-opacity":"","overlay-gradient":""},"mobile":{"background-color":"var(--ast-global-color-5)","background-image":"","background-repeat":"repeat","background-position":"center center","background-size":"auto","background-attachment":"scroll","background-type":"","background-media":"","overlay-type":"","overlay-color":"","overlay-opacity":"","overlay-gradient":""}}},"product_brand":[],"product_cat":[37],"product_tag":[],"class_list":{"0":"post-9768","1":"product","2":"type-product","3":"status-publish","4":"has-post-thumbnail","6":"product_cat-naring","7":"desktop-align-left","8":"tablet-align-left","9":"mobile-align-left","10":"ast-product-gallery-layout-horizontal-slider","11":"ast-product-tabs-layout-horizontal","12":"ast-qv-on-image","14":"first","15":"instock","16":"taxable","17":"shipping-taxable","18":"purchasable","19":"product-type-simple"},"aioseo_notices":[],"uagb_featured_image_src":{"full":["https:\/\/unikbotanik.se\/wp-content\/uploads\/2021\/11\/NMIS150739.jpg",900,900,false],"thumbnail":["https:\/\/unikbotanik.se\/wp-content\/uploads\/2021\/11\/NMIS150739-150x150.jpg",150,150,true],"medium":["https:\/\/unikbotanik.se\/wp-content\/uploads\/2021\/11\/NMIS150739-300x300.jpg",300,300,true],"medium_large":["https:\/\/unikbotanik.se\/wp-content\/uploads\/2021\/11\/NMIS150739-768x768.jpg",768,768,true],"large":["https:\/\/unikbotanik.se\/wp-content\/uploads\/2021\/11\/NMIS150739.jpg",900,900,false],"1536x1536":["https:\/\/unikbotanik.se\/wp-content\/uploads\/2021\/11\/NMIS150739.jpg",900,900,false],"2048x2048":["https:\/\/unikbotanik.se\/wp-content\/uploads\/2021\/11\/NMIS150739.jpg",900,900,false],"woocommerce_thumbnail":["https:\/\/unikbotanik.se\/wp-content\/uploads\/2021\/11\/NMIS150739-300x300.jpg",300,300,true],"woocommerce_single":["https:\/\/unikbotanik.se\/wp-content\/uploads\/2021\/11\/NMIS150739-600x600.jpg",600,600,true],"woocommerce_gallery_thumbnail":["https:\/\/unikbotanik.se\/wp-content\/uploads\/2021\/11\/NMIS150739-100x100.jpg",100,100,true]},"uagb_author_info":{"display_name":"unikbotanik","author_link":"https:\/\/unikbotanik.se\/en\/author\/"},"uagb_comment_info":0,"uagb_excerpt":"Hiryo Gold \u00e4r ett traditionellt japansk organisk-g\u00f6dningsmedel. Denna version \u00e4r avsedd f\u00f6r blommande tr\u00e4d under frukttr\u00e4d. Den h\u00f6gre halten av fosfor och kalium stimulerar blomning och frukts\u00e4ttning. Denna g\u00f6dning stimulerar ocks\u00e5 rottillv\u00e4xt och f\u00f6ryngring av tr\u00e4d som stagnerat. Blandningen av makro- och mikrog\u00f6dnings\u00e4mnen passar de flesta tr\u00e4d, men fr\u00e4mst rot och frukts\u00e4ttning. Denna blandning passar&hellip;","_links":{"self":[{"href":"https:\/\/unikbotanik.se\/en\/wp-json\/wp\/v2\/product\/9768","targetHints":{"allow":["GET"]}}],"collection":[{"href":"https:\/\/unikbotanik.se\/en\/wp-json\/wp\/v2\/product"}],"about":[{"href":"https:\/\/unikbotanik.se\/en\/wp-json\/wp\/v2\/types\/product"}],"replies":[{"embeddable":true,"href":"https:\/\/unikbotanik.se\/en\/wp-json\/wp\/v2\/comments?post=9768"}],"wp:featuredmedia":[{"embeddable":true,"href":"https:\/\/unikbotanik.se\/en\/wp-json\/wp\/v2\/media\/9769"}],"wp:attachment":[{"href":"https:\/\/unikbotanik.se\/en\/wp-json\/wp\/v2\/media?parent=9768"}],"wp:term":[{"taxonomy":"product_brand","embeddable":true,"href":"https:\/\/unikbotanik.se\/en\/wp-json\/wp\/v2\/product_brand?post=9768"},{"taxonomy":"product_cat","embeddable":true,"href":"https:\/\/unikbotanik.se\/en\/wp-json\/wp\/v2\/product_cat?post=9768"},{"taxonomy":"product_tag","embeddable":true,"href":"https:\/\/unikbotanik.se\/en\/wp-json\/wp\/v2\/product_tag?post=9768"}],"curies":[{"name":"wp","href":"https:\/\/api.w.org\/{rel}","templated":true}]}}