{"id":9721,"date":"2021-11-06T10:42:37","date_gmt":"2021-11-06T09:42:37","guid":{"rendered":"https:\/\/unikbotanik.se\/?post_type=product&#038;p=9721"},"modified":"2026-03-25T11:07:25","modified_gmt":"2026-03-25T10:07:25","slug":"hiryo-gold-traditionel-japansk-organisk-godning-underhallsgodning-350g","status":"publish","type":"product","link":"https:\/\/unikbotanik.se\/en\/produkt\/hiryo-gold-traditionel-japansk-organisk-godning-underhallsgodning-350g\/","title":{"rendered":"Hiryo Gold, traditionel japansk organisk-g\u00f6dning &#8211; Underh\u00e5llsg\u00f6dning, 350g"},"content":{"rendered":"<p>Hiryo Gold \u00e4r ett traditionellt japansk organisk-g\u00f6dningsmedel. Denna version \u00e4r avsedd f\u00f6r vuxna tr\u00e4d med l\u00e5ngsam tillv\u00e4xt (men ej blommande tr\u00e4d eller barrtr\u00e4d). Den passar de flesta v\u00e4xtarter med sin balanserade blandning av makro- och mikrog\u00f6dnings\u00e4mnen. Den best\u00e5r av ett fast granulat som appliceras p\u00e5 jordytan varje eller varannan m\u00e5nad beroende p\u00e5 v\u00e4der. (Mycket regn, varje m\u00e5nad, torr v\u00e4derlek eller inomhus, varannan m\u00e5nad.)\u00a0 Sprid ut ett j\u00e4mnt lager p\u00e5 jorden.<\/p>\n<p>J\u00e4rninneh\u00e5llet \u00e4r i organisk form vilket underl\u00e4ttar upptaget \u00e4ven vid h\u00e5rt vatten.<\/p>\n<p>Stimulerar en god mikrofauna i jorden.<\/p>\n<p>Hiryo bonsain\u00e4ring tillverkas av naturliga r\u00e5varor som under l\u00e5ng tid f\u00e5r mognamed hj\u00e4lp av nyttiga bakterier. G\u00f6dningskornen lakas sakta ur \u00e4ven vid torra v\u00e4derf\u00f6rh\u00e5llanden utan behovet av biologisk nedbrytning (som ibland kan skapa on\u00f6dig lukt) som andra g\u00f6dselmedel kan beh\u00f6va. D\u00e4rf\u00f6r fungerar det ocks\u00e5 fint \u00e4ven f\u00f6r inomhustr\u00e4d. G\u00f6dselmedlet \u00e4r framtaget tillsammans med erfarna japanska bonsaiodlare.<\/p>\n<p>B\u00f6r h\u00e5llas fr\u00e5n barn, husdjur och mat\/dryck.<\/p>\n<p>350 g<\/p>\n<p>N6 &#8211; P4 &#8211; K4 + Fe<\/p>\n<p>Dosering: 20 cm kruka<br \/>\nV\u00e5r: tv\u00e5 m\u00e5tt*<br \/>\nSommar: ett m\u00e5tt<br \/>\nH\u00f6st: tv\u00e5 m\u00e5tt<br \/>\nVinter: ingen g\u00f6dning<\/p>\n<p>*Personligen hoppar jag \u00f6ver v\u00e5rg\u00f6dslingen f\u00f6rutom f\u00f6r v\u00e4xter med ett mycket kompakt v\u00e4xts\u00e4tt som jag vill skall v\u00e4xa maximalt.<\/p>\n<p>&nbsp;<\/p>\n<p>&nbsp;<\/p>\n","protected":false},"excerpt":{"rendered":"<p>Hiryo Gold \u00e4r ett traditionellt japansk organisk-g\u00f6dningsmedel. Denna version \u00e4r avsedd f\u00f6r vuxna tr\u00e4d med l\u00e5ngsam tillv\u00e4xt (men ej blommande tr\u00e4d eller barrtr\u00e4d). Den passar de flesta v\u00e4xtarter med sin balanserade blandning av makro- och mikrog\u00f6dnings\u00e4mnen. Den best\u00e5r av ett fast granulat som appliceras p\u00e5 jordytan varje eller varannan m\u00e5nad beroende p\u00e5 v\u00e4der. (Mycket regn, [&hellip;]<\/p>\n","protected":false},"featured_media":9737,"comment_status":"open","ping_status":"closed","template":"","meta":{"_uag_custom_page_level_css":"","_uf_show_specific_survey":0,"_uf_disable_surveys":false,"site-sidebar-layout":"default","site-content-layout":"","ast-site-content-layout":"default","site-content-style":"default","site-sidebar-style":"default","ast-global-header-display":"","ast-banner-title-visibility":"","ast-main-header-display":"","ast-hfb-above-header-display":"","ast-hfb-below-header-display":"","ast-hfb-mobile-header-display":"","site-post-title":"","ast-breadcrumbs-content":"","ast-featured-img":"","footer-sml-layout":"","ast-disable-related-posts":"","theme-transparent-header-meta":"default","adv-header-id-meta":"","stick-header-meta":"default","header-above-stick-meta":"","header-main-stick-meta":"","header-below-stick-meta":"","astra-migrate-meta-layouts":"set","ast-page-background-enabled":"default","ast-page-background-meta":{"desktop":{"background-color":"var(--ast-global-color-4)","background-image":"","background-repeat":"repeat","background-position":"center center","background-size":"auto","background-attachment":"scroll","background-type":"","background-media":"","overlay-type":"","overlay-color":"","overlay-opacity":"","overlay-gradient":""},"tablet":{"background-color":"","background-image":"","background-repeat":"repeat","background-position":"center center","background-size":"auto","background-attachment":"scroll","background-type":"","background-media":"","overlay-type":"","overlay-color":"","overlay-opacity":"","overlay-gradient":""},"mobile":{"background-color":"","background-image":"","background-repeat":"repeat","background-position":"center center","background-size":"auto","background-attachment":"scroll","background-type":"","background-media":"","overlay-type":"","overlay-color":"","overlay-opacity":"","overlay-gradient":""}},"ast-content-background-meta":{"desktop":{"background-color":"var(--ast-global-color-5)","background-image":"","background-repeat":"repeat","background-position":"center center","background-size":"auto","background-attachment":"scroll","background-type":"","background-media":"","overlay-type":"","overlay-color":"","overlay-opacity":"","overlay-gradient":""},"tablet":{"background-color":"var(--ast-global-color-5)","background-image":"","background-repeat":"repeat","background-position":"center center","background-size":"auto","background-attachment":"scroll","background-type":"","background-media":"","overlay-type":"","overlay-color":"","overlay-opacity":"","overlay-gradient":""},"mobile":{"background-color":"var(--ast-global-color-5)","background-image":"","background-repeat":"repeat","background-position":"center center","background-size":"auto","background-attachment":"scroll","background-type":"","background-media":"","overlay-type":"","overlay-color":"","overlay-opacity":"","overlay-gradient":""}}},"product_brand":[],"product_cat":[37],"product_tag":[],"class_list":{"0":"post-9721","1":"product","2":"type-product","3":"status-publish","4":"has-post-thumbnail","6":"product_cat-naring","7":"desktop-align-left","8":"tablet-align-left","9":"mobile-align-left","10":"ast-product-gallery-layout-horizontal-slider","11":"ast-product-tabs-layout-horizontal","12":"ast-qv-on-image","14":"first","15":"instock","16":"taxable","17":"shipping-taxable","18":"purchasable","19":"product-type-simple"},"aioseo_notices":[],"uagb_featured_image_src":{"full":["https:\/\/unikbotanik.se\/wp-content\/uploads\/2021\/11\/NMIS150727.jpg",900,901,false],"thumbnail":["https:\/\/unikbotanik.se\/wp-content\/uploads\/2021\/11\/NMIS150727-150x150.jpg",150,150,true],"medium":["https:\/\/unikbotanik.se\/wp-content\/uploads\/2021\/11\/NMIS150727-300x300.jpg",300,300,true],"medium_large":["https:\/\/unikbotanik.se\/wp-content\/uploads\/2021\/11\/NMIS150727-768x769.jpg",768,769,true],"large":["https:\/\/unikbotanik.se\/wp-content\/uploads\/2021\/11\/NMIS150727.jpg",900,901,false],"1536x1536":["https:\/\/unikbotanik.se\/wp-content\/uploads\/2021\/11\/NMIS150727.jpg",900,901,false],"2048x2048":["https:\/\/unikbotanik.se\/wp-content\/uploads\/2021\/11\/NMIS150727.jpg",900,901,false],"woocommerce_thumbnail":["https:\/\/unikbotanik.se\/wp-content\/uploads\/2021\/11\/NMIS150727-300x300.jpg",300,300,true],"woocommerce_single":["https:\/\/unikbotanik.se\/wp-content\/uploads\/2021\/11\/NMIS150727-600x601.jpg",600,601,true],"woocommerce_gallery_thumbnail":["https:\/\/unikbotanik.se\/wp-content\/uploads\/2021\/11\/NMIS150727-100x100.jpg",100,100,true]},"uagb_author_info":{"display_name":"unikbotanik","author_link":"https:\/\/unikbotanik.se\/en\/author\/"},"uagb_comment_info":0,"uagb_excerpt":"Hiryo Gold \u00e4r ett traditionellt japansk organisk-g\u00f6dningsmedel. Denna version \u00e4r avsedd f\u00f6r vuxna tr\u00e4d med l\u00e5ngsam tillv\u00e4xt (men ej blommande tr\u00e4d eller barrtr\u00e4d). Den passar de flesta v\u00e4xtarter med sin balanserade blandning av makro- och mikrog\u00f6dnings\u00e4mnen. Den best\u00e5r av ett fast granulat som appliceras p\u00e5 jordytan varje eller varannan m\u00e5nad beroende p\u00e5 v\u00e4der. (Mycket regn,&hellip;","_links":{"self":[{"href":"https:\/\/unikbotanik.se\/en\/wp-json\/wp\/v2\/product\/9721","targetHints":{"allow":["GET"]}}],"collection":[{"href":"https:\/\/unikbotanik.se\/en\/wp-json\/wp\/v2\/product"}],"about":[{"href":"https:\/\/unikbotanik.se\/en\/wp-json\/wp\/v2\/types\/product"}],"replies":[{"embeddable":true,"href":"https:\/\/unikbotanik.se\/en\/wp-json\/wp\/v2\/comments?post=9721"}],"wp:featuredmedia":[{"embeddable":true,"href":"https:\/\/unikbotanik.se\/en\/wp-json\/wp\/v2\/media\/9737"}],"wp:attachment":[{"href":"https:\/\/unikbotanik.se\/en\/wp-json\/wp\/v2\/media?parent=9721"}],"wp:term":[{"taxonomy":"product_brand","embeddable":true,"href":"https:\/\/unikbotanik.se\/en\/wp-json\/wp\/v2\/product_brand?post=9721"},{"taxonomy":"product_cat","embeddable":true,"href":"https:\/\/unikbotanik.se\/en\/wp-json\/wp\/v2\/product_cat?post=9721"},{"taxonomy":"product_tag","embeddable":true,"href":"https:\/\/unikbotanik.se\/en\/wp-json\/wp\/v2\/product_tag?post=9721"}],"curies":[{"name":"wp","href":"https:\/\/api.w.org\/{rel}","templated":true}]}}