{"id":9322,"date":"2021-08-22T09:21:57","date_gmt":"2021-08-22T07:21:57","guid":{"rendered":"https:\/\/unikbotanik.se\/?post_type=product&#038;p=9322"},"modified":"2022-12-02T13:10:41","modified_gmt":"2022-12-02T12:10:41","slug":"kruka-rektangular-glaserad-med-fat-27-x-21-x-85-cm-for-bonsai-3","status":"publish","type":"product","link":"https:\/\/unikbotanik.se\/en\/produkt\/kruka-rektangular-glaserad-med-fat-27-x-21-x-85-cm-for-bonsai-3\/","title":{"rendered":"Kruka, rektangul\u00e4r, glaserad, med fat, 27 x 21 x 8,5 cm, f\u00f6r bonsai"},"content":{"rendered":"<p>Rektangul\u00e4r glaserad bonsaikruka med fat och rundade h\u00f6rn, gr\u00e5, metallic.<\/p>\n<p>Detta \u00e4r inte n\u00e5gon traditionell bonsaikruka, men kanske kan bli ett lite udda, roligt tilltag.<\/p>\n<p>Denna kruka \u00e4r inte l\u00e4mplig f\u00f6r att st\u00e5 utomhus under vintern, d\u00e5 den indragna formen kan f\u00e5 krukan att spricka.<\/p>\n<p>27 x 21 cm, 8,5 cm h\u00f6g.<\/p>\n<p>Rymmer c:a 3 liter<\/p>\n<p>Vikt: 2100 g<\/p>\n<p>&nbsp;<\/p>\n","protected":false},"excerpt":{"rendered":"<p>Rektangul\u00e4r glaserad bonsaikruka med fat och rundade h\u00f6rn, gr\u00e5, metallic. Detta \u00e4r inte n\u00e5gon traditionell bonsaikruka, men kanske kan bli ett lite udda, roligt tilltag. Denna kruka \u00e4r inte l\u00e4mplig f\u00f6r att st\u00e5 utomhus under vintern, d\u00e5 den indragna formen kan f\u00e5 krukan att spricka. 27 x 21 cm, 8,5 cm h\u00f6g. Rymmer c:a 3 [&hellip;]<\/p>\n","protected":false},"featured_media":9323,"comment_status":"open","ping_status":"closed","template":"","meta":{"_uag_custom_page_level_css":"","_uf_show_specific_survey":0,"_uf_disable_surveys":false,"site-sidebar-layout":"default","site-content-layout":"","ast-site-content-layout":"default","site-content-style":"default","site-sidebar-style":"default","ast-global-header-display":"","ast-banner-title-visibility":"","ast-main-header-display":"","ast-hfb-above-header-display":"","ast-hfb-below-header-display":"","ast-hfb-mobile-header-display":"","site-post-title":"","ast-breadcrumbs-content":"","ast-featured-img":"","footer-sml-layout":"","ast-disable-related-posts":"","theme-transparent-header-meta":"","adv-header-id-meta":"","stick-header-meta":"","header-above-stick-meta":"","header-main-stick-meta":"","header-below-stick-meta":"","astra-migrate-meta-layouts":"default","ast-page-background-enabled":"default","ast-page-background-meta":{"desktop":{"background-color":"var(--ast-global-color-4)","background-image":"","background-repeat":"repeat","background-position":"center center","background-size":"auto","background-attachment":"scroll","background-type":"","background-media":"","overlay-type":"","overlay-color":"","overlay-opacity":"","overlay-gradient":""},"tablet":{"background-color":"","background-image":"","background-repeat":"repeat","background-position":"center center","background-size":"auto","background-attachment":"scroll","background-type":"","background-media":"","overlay-type":"","overlay-color":"","overlay-opacity":"","overlay-gradient":""},"mobile":{"background-color":"","background-image":"","background-repeat":"repeat","background-position":"center center","background-size":"auto","background-attachment":"scroll","background-type":"","background-media":"","overlay-type":"","overlay-color":"","overlay-opacity":"","overlay-gradient":""}},"ast-content-background-meta":{"desktop":{"background-color":"var(--ast-global-color-5)","background-image":"","background-repeat":"repeat","background-position":"center center","background-size":"auto","background-attachment":"scroll","background-type":"","background-media":"","overlay-type":"","overlay-color":"","overlay-opacity":"","overlay-gradient":""},"tablet":{"background-color":"var(--ast-global-color-5)","background-image":"","background-repeat":"repeat","background-position":"center center","background-size":"auto","background-attachment":"scroll","background-type":"","background-media":"","overlay-type":"","overlay-color":"","overlay-opacity":"","overlay-gradient":""},"mobile":{"background-color":"var(--ast-global-color-5)","background-image":"","background-repeat":"repeat","background-position":"center center","background-size":"auto","background-attachment":"scroll","background-type":"","background-media":"","overlay-type":"","overlay-color":"","overlay-opacity":"","overlay-gradient":""}}},"product_brand":[],"product_cat":[243,25,184],"product_tag":[],"class_list":{"0":"post-9322","1":"product","2":"type-product","3":"status-publish","4":"has-post-thumbnail","6":"product_cat-20-30-cm","7":"product_cat-bonsaikrukor","8":"product_cat-glaserade-krukor","9":"desktop-align-left","10":"tablet-align-left","11":"mobile-align-left","12":"ast-product-gallery-layout-horizontal-slider","13":"ast-product-tabs-layout-horizontal","14":"ast-qv-on-image","16":"first","17":"instock","18":"taxable","19":"shipping-taxable","20":"purchasable","21":"product-type-simple"},"aioseo_notices":[],"uagb_featured_image_src":{"full":["https:\/\/unikbotanik.se\/wp-content\/uploads\/2021\/08\/KMIS147792C.jpg",900,900,false],"thumbnail":["https:\/\/unikbotanik.se\/wp-content\/uploads\/2021\/08\/KMIS147792C-150x150.jpg",150,150,true],"medium":["https:\/\/unikbotanik.se\/wp-content\/uploads\/2021\/08\/KMIS147792C-300x300.jpg",300,300,true],"medium_large":["https:\/\/unikbotanik.se\/wp-content\/uploads\/2021\/08\/KMIS147792C-768x768.jpg",768,768,true],"large":["https:\/\/unikbotanik.se\/wp-content\/uploads\/2021\/08\/KMIS147792C.jpg",900,900,false],"1536x1536":["https:\/\/unikbotanik.se\/wp-content\/uploads\/2021\/08\/KMIS147792C.jpg",900,900,false],"2048x2048":["https:\/\/unikbotanik.se\/wp-content\/uploads\/2021\/08\/KMIS147792C.jpg",900,900,false],"woocommerce_thumbnail":["https:\/\/unikbotanik.se\/wp-content\/uploads\/2021\/08\/KMIS147792C-300x300.jpg",300,300,true],"woocommerce_single":["https:\/\/unikbotanik.se\/wp-content\/uploads\/2021\/08\/KMIS147792C-600x600.jpg",600,600,true],"woocommerce_gallery_thumbnail":["https:\/\/unikbotanik.se\/wp-content\/uploads\/2021\/08\/KMIS147792C-100x100.jpg",100,100,true]},"uagb_author_info":{"display_name":"unikbotanik","author_link":"https:\/\/unikbotanik.se\/en\/author\/"},"uagb_comment_info":0,"uagb_excerpt":"Rektangul\u00e4r glaserad bonsaikruka med fat och rundade h\u00f6rn, gr\u00e5, metallic. Detta \u00e4r inte n\u00e5gon traditionell bonsaikruka, men kanske kan bli ett lite udda, roligt tilltag. Denna kruka \u00e4r inte l\u00e4mplig f\u00f6r att st\u00e5 utomhus under vintern, d\u00e5 den indragna formen kan f\u00e5 krukan att spricka. 27 x 21 cm, 8,5 cm h\u00f6g. Rymmer c:a 3&hellip;","_links":{"self":[{"href":"https:\/\/unikbotanik.se\/en\/wp-json\/wp\/v2\/product\/9322","targetHints":{"allow":["GET"]}}],"collection":[{"href":"https:\/\/unikbotanik.se\/en\/wp-json\/wp\/v2\/product"}],"about":[{"href":"https:\/\/unikbotanik.se\/en\/wp-json\/wp\/v2\/types\/product"}],"replies":[{"embeddable":true,"href":"https:\/\/unikbotanik.se\/en\/wp-json\/wp\/v2\/comments?post=9322"}],"wp:featuredmedia":[{"embeddable":true,"href":"https:\/\/unikbotanik.se\/en\/wp-json\/wp\/v2\/media\/9323"}],"wp:attachment":[{"href":"https:\/\/unikbotanik.se\/en\/wp-json\/wp\/v2\/media?parent=9322"}],"wp:term":[{"taxonomy":"product_brand","embeddable":true,"href":"https:\/\/unikbotanik.se\/en\/wp-json\/wp\/v2\/product_brand?post=9322"},{"taxonomy":"product_cat","embeddable":true,"href":"https:\/\/unikbotanik.se\/en\/wp-json\/wp\/v2\/product_cat?post=9322"},{"taxonomy":"product_tag","embeddable":true,"href":"https:\/\/unikbotanik.se\/en\/wp-json\/wp\/v2\/product_tag?post=9322"}],"curies":[{"name":"wp","href":"https:\/\/api.w.org\/{rel}","templated":true}]}}