{"id":8264,"date":"2021-03-19T09:36:04","date_gmt":"2021-03-19T08:36:04","guid":{"rendered":"https:\/\/unikbotanik.se\/?post_type=product&#038;p=8264"},"modified":"2026-02-06T23:51:05","modified_gmt":"2026-02-06T22:51:05","slug":"akadama-2-mm-shohin-1-liter-hard","status":"publish","type":"product","link":"https:\/\/unikbotanik.se\/en\/produkt\/akadama-2-mm-shohin-1-liter-hard\/","title":{"rendered":"Akadama c:a 2 mm, shohin, 1 liter &#8211; h\u00e5rd"},"content":{"rendered":"<p style=\"line-height: 20.7999992370605px;\">Det kanske mest erk\u00e4nda jordmediumet f\u00f6r bonsaitr\u00e4d.<\/p>\n<p style=\"line-height: 20.7999992370605px;\">Akadama \u00e4r ett vulkaniskt, lerliknande material som utvinns i Japan och har en oerh\u00f6rt bra v\u00e4ldr\u00e4nerande f\u00f6rm\u00e5ga som samtidigt ger nog med luft runt r\u00f6tterna p\u00e5 din bonsai. Passar de flesta tr\u00e4dsorter men speciellt l\u00f6vf\u00e4llande tr\u00e4d. I kombination med kiryu s\u00e5 passar det perfekt till barrtr\u00e4d och enar.<\/p>\n<p style=\"line-height: 20.7999992370605px;\">c:a 2 mm kornstorlek<\/p>\n<p>Obs! Bilden motsvarar akadama 2 &#8211; 6 mm.<\/p>\n","protected":false},"excerpt":{"rendered":"<p>Det kanske mest erk\u00e4nda jordmediumet f\u00f6r bonsaitr\u00e4d. Akadama \u00e4r ett vulkaniskt, lerliknande material som utvinns i Japan och har en oerh\u00f6rt bra v\u00e4ldr\u00e4nerande f\u00f6rm\u00e5ga som samtidigt ger nog med luft runt r\u00f6tterna p\u00e5 din bonsai. Passar de flesta tr\u00e4dsorter men speciellt l\u00f6vf\u00e4llande tr\u00e4d. I kombination med kiryu s\u00e5 passar det perfekt till barrtr\u00e4d och enar. [&hellip;]<\/p>\n","protected":false},"featured_media":12393,"comment_status":"open","ping_status":"closed","template":"","meta":{"_uag_custom_page_level_css":"","_uf_show_specific_survey":0,"_uf_disable_surveys":false,"site-sidebar-layout":"default","site-content-layout":"","ast-site-content-layout":"default","site-content-style":"default","site-sidebar-style":"default","ast-global-header-display":"","ast-banner-title-visibility":"","ast-main-header-display":"","ast-hfb-above-header-display":"","ast-hfb-below-header-display":"","ast-hfb-mobile-header-display":"","site-post-title":"","ast-breadcrumbs-content":"","ast-featured-img":"","footer-sml-layout":"","ast-disable-related-posts":"","theme-transparent-header-meta":"","adv-header-id-meta":"","stick-header-meta":"","header-above-stick-meta":"","header-main-stick-meta":"","header-below-stick-meta":"","astra-migrate-meta-layouts":"default","ast-page-background-enabled":"default","ast-page-background-meta":{"desktop":{"background-color":"var(--ast-global-color-4)","background-image":"","background-repeat":"repeat","background-position":"center center","background-size":"auto","background-attachment":"scroll","background-type":"","background-media":"","overlay-type":"","overlay-color":"","overlay-opacity":"","overlay-gradient":""},"tablet":{"background-color":"","background-image":"","background-repeat":"repeat","background-position":"center center","background-size":"auto","background-attachment":"scroll","background-type":"","background-media":"","overlay-type":"","overlay-color":"","overlay-opacity":"","overlay-gradient":""},"mobile":{"background-color":"","background-image":"","background-repeat":"repeat","background-position":"center center","background-size":"auto","background-attachment":"scroll","background-type":"","background-media":"","overlay-type":"","overlay-color":"","overlay-opacity":"","overlay-gradient":""}},"ast-content-background-meta":{"desktop":{"background-color":"var(--ast-global-color-5)","background-image":"","background-repeat":"repeat","background-position":"center center","background-size":"auto","background-attachment":"scroll","background-type":"","background-media":"","overlay-type":"","overlay-color":"","overlay-opacity":"","overlay-gradient":""},"tablet":{"background-color":"var(--ast-global-color-5)","background-image":"","background-repeat":"repeat","background-position":"center center","background-size":"auto","background-attachment":"scroll","background-type":"","background-media":"","overlay-type":"","overlay-color":"","overlay-opacity":"","overlay-gradient":""},"mobile":{"background-color":"var(--ast-global-color-5)","background-image":"","background-repeat":"repeat","background-position":"center center","background-size":"auto","background-attachment":"scroll","background-type":"","background-media":"","overlay-type":"","overlay-color":"","overlay-opacity":"","overlay-gradient":""}}},"product_brand":[],"product_cat":[177],"product_tag":[],"class_list":{"0":"post-8264","1":"product","2":"type-product","3":"status-publish","4":"has-post-thumbnail","6":"product_cat-akadama","7":"desktop-align-left","8":"tablet-align-left","9":"mobile-align-left","10":"ast-product-gallery-layout-horizontal-slider","11":"ast-product-gallery-with-no-image","12":"ast-product-tabs-layout-horizontal","13":"ast-qv-on-image","15":"first","16":"outofstock","17":"taxable","18":"shipping-taxable","19":"purchasable","20":"product-type-simple"},"aioseo_notices":[],"uagb_featured_image_src":{"full":["https:\/\/unikbotanik.se\/wp-content\/uploads\/2021\/03\/JMIS132920_01.jpg",1000,1000,false],"thumbnail":["https:\/\/unikbotanik.se\/wp-content\/uploads\/2021\/03\/JMIS132920_01-150x150.jpg",150,150,true],"medium":["https:\/\/unikbotanik.se\/wp-content\/uploads\/2021\/03\/JMIS132920_01-300x300.jpg",300,300,true],"medium_large":["https:\/\/unikbotanik.se\/wp-content\/uploads\/2021\/03\/JMIS132920_01-768x768.jpg",768,768,true],"large":["https:\/\/unikbotanik.se\/wp-content\/uploads\/2021\/03\/JMIS132920_01.jpg",1000,1000,false],"1536x1536":["https:\/\/unikbotanik.se\/wp-content\/uploads\/2021\/03\/JMIS132920_01.jpg",1000,1000,false],"2048x2048":["https:\/\/unikbotanik.se\/wp-content\/uploads\/2021\/03\/JMIS132920_01.jpg",1000,1000,false],"woocommerce_thumbnail":["https:\/\/unikbotanik.se\/wp-content\/uploads\/2021\/03\/JMIS132920_01-300x300.jpg",300,300,true],"woocommerce_single":["https:\/\/unikbotanik.se\/wp-content\/uploads\/2021\/03\/JMIS132920_01-600x600.jpg",600,600,true],"woocommerce_gallery_thumbnail":["https:\/\/unikbotanik.se\/wp-content\/uploads\/2021\/03\/JMIS132920_01-100x100.jpg",100,100,true]},"uagb_author_info":{"display_name":"unikbotanik","author_link":"https:\/\/unikbotanik.se\/en\/author\/"},"uagb_comment_info":0,"uagb_excerpt":"Det kanske mest erk\u00e4nda jordmediumet f\u00f6r bonsaitr\u00e4d. Akadama \u00e4r ett vulkaniskt, lerliknande material som utvinns i Japan och har en oerh\u00f6rt bra v\u00e4ldr\u00e4nerande f\u00f6rm\u00e5ga som samtidigt ger nog med luft runt r\u00f6tterna p\u00e5 din bonsai. Passar de flesta tr\u00e4dsorter men speciellt l\u00f6vf\u00e4llande tr\u00e4d. I kombination med kiryu s\u00e5 passar det perfekt till barrtr\u00e4d och enar.&hellip;","_links":{"self":[{"href":"https:\/\/unikbotanik.se\/en\/wp-json\/wp\/v2\/product\/8264","targetHints":{"allow":["GET"]}}],"collection":[{"href":"https:\/\/unikbotanik.se\/en\/wp-json\/wp\/v2\/product"}],"about":[{"href":"https:\/\/unikbotanik.se\/en\/wp-json\/wp\/v2\/types\/product"}],"replies":[{"embeddable":true,"href":"https:\/\/unikbotanik.se\/en\/wp-json\/wp\/v2\/comments?post=8264"}],"wp:featuredmedia":[{"embeddable":true,"href":"https:\/\/unikbotanik.se\/en\/wp-json\/wp\/v2\/media\/12393"}],"wp:attachment":[{"href":"https:\/\/unikbotanik.se\/en\/wp-json\/wp\/v2\/media?parent=8264"}],"wp:term":[{"taxonomy":"product_brand","embeddable":true,"href":"https:\/\/unikbotanik.se\/en\/wp-json\/wp\/v2\/product_brand?post=8264"},{"taxonomy":"product_cat","embeddable":true,"href":"https:\/\/unikbotanik.se\/en\/wp-json\/wp\/v2\/product_cat?post=8264"},{"taxonomy":"product_tag","embeddable":true,"href":"https:\/\/unikbotanik.se\/en\/wp-json\/wp\/v2\/product_tag?post=8264"}],"curies":[{"name":"wp","href":"https:\/\/api.w.org\/{rel}","templated":true}]}}