{"id":8227,"date":"2021-03-13T13:22:43","date_gmt":"2021-03-13T12:22:43","guid":{"rendered":"https:\/\/unikbotanik.se\/?post_type=product&#038;p=8227"},"modified":"2026-04-08T10:59:37","modified_gmt":"2026-04-08T08:59:37","slug":"ympvax-pasta-100-gram-tub","status":"publish","type":"product","link":"https:\/\/unikbotanik.se\/en\/produkt\/ympvax-pasta-100-gram-tub\/","title":{"rendered":"Ympvax\/Pasta 100 gram, tub"},"content":{"rendered":"<pre id=\"tw-target-text\" class=\"tw-data-text vk_txt tw-ta tw-text-small\" dir=\"ltr\" style=\"text-align: left; height: 216px;\" data-fulltext=\"\" data-placeholder=\"\u00d6vers\u00e4ttning\"><span lang=\"sv\">S\u00e5rt\u00e4tningsmedel\/s\u00e5rf\u00f6rseglare f\u00f6r att skydda och t\u00e4ta besk\u00e4rningss\u00e5r och liknande. Pastan \u00e4r mjuk och l\u00e4tt att aplicera.\r\n\r\nTub: 100g\r\n\r\n<\/span><\/pre>\n","protected":false},"excerpt":{"rendered":"<p>S\u00e5rt\u00e4tningsmedel\/s\u00e5rf\u00f6rseglare f\u00f6r att skydda och t\u00e4ta besk\u00e4rningss\u00e5r och liknande. Pastan \u00e4r mjuk och l\u00e4tt att aplicera. Tub: 100g<\/p>\n","protected":false},"featured_media":8230,"comment_status":"open","ping_status":"closed","template":"","meta":{"_uag_custom_page_level_css":"","_uf_show_specific_survey":0,"_uf_disable_surveys":false,"site-sidebar-layout":"default","site-content-layout":"","ast-site-content-layout":"default","site-content-style":"default","site-sidebar-style":"default","ast-global-header-display":"","ast-banner-title-visibility":"","ast-main-header-display":"","ast-hfb-above-header-display":"","ast-hfb-below-header-display":"","ast-hfb-mobile-header-display":"","site-post-title":"","ast-breadcrumbs-content":"","ast-featured-img":"","footer-sml-layout":"","ast-disable-related-posts":"","theme-transparent-header-meta":"","adv-header-id-meta":"","stick-header-meta":"","header-above-stick-meta":"","header-main-stick-meta":"","header-below-stick-meta":"","astra-migrate-meta-layouts":"default","ast-page-background-enabled":"default","ast-page-background-meta":{"desktop":{"background-color":"var(--ast-global-color-4)","background-image":"","background-repeat":"repeat","background-position":"center center","background-size":"auto","background-attachment":"scroll","background-type":"","background-media":"","overlay-type":"","overlay-color":"","overlay-opacity":"","overlay-gradient":""},"tablet":{"background-color":"","background-image":"","background-repeat":"repeat","background-position":"center center","background-size":"auto","background-attachment":"scroll","background-type":"","background-media":"","overlay-type":"","overlay-color":"","overlay-opacity":"","overlay-gradient":""},"mobile":{"background-color":"","background-image":"","background-repeat":"repeat","background-position":"center center","background-size":"auto","background-attachment":"scroll","background-type":"","background-media":"","overlay-type":"","overlay-color":"","overlay-opacity":"","overlay-gradient":""}},"ast-content-background-meta":{"desktop":{"background-color":"var(--ast-global-color-5)","background-image":"","background-repeat":"repeat","background-position":"center center","background-size":"auto","background-attachment":"scroll","background-type":"","background-media":"","overlay-type":"","overlay-color":"","overlay-opacity":"","overlay-gradient":""},"tablet":{"background-color":"var(--ast-global-color-5)","background-image":"","background-repeat":"repeat","background-position":"center center","background-size":"auto","background-attachment":"scroll","background-type":"","background-media":"","overlay-type":"","overlay-color":"","overlay-opacity":"","overlay-gradient":""},"mobile":{"background-color":"var(--ast-global-color-5)","background-image":"","background-repeat":"repeat","background-position":"center center","background-size":"auto","background-attachment":"scroll","background-type":"","background-media":"","overlay-type":"","overlay-color":"","overlay-opacity":"","overlay-gradient":""}}},"product_brand":[],"product_cat":[63,162,435],"product_tag":[],"class_list":{"0":"post-8227","1":"product","2":"type-product","3":"status-publish","4":"has-post-thumbnail","6":"product_cat-ovrigt","7":"product_cat-presenttips","8":"product_cat-ympning-beskarning","9":"desktop-align-left","10":"tablet-align-left","11":"mobile-align-left","12":"ast-product-gallery-layout-horizontal-slider","13":"ast-product-tabs-layout-horizontal","14":"ast-qv-on-image","16":"first","17":"instock","18":"taxable","19":"shipping-taxable","20":"purchasable","21":"product-type-simple"},"aioseo_notices":[],"uagb_featured_image_src":{"full":["https:\/\/unikbotanik.se\/wp-content\/uploads\/2021\/03\/VMIS85201a.jpg",900,900,false],"thumbnail":["https:\/\/unikbotanik.se\/wp-content\/uploads\/2021\/03\/VMIS85201a-150x150.jpg",150,150,true],"medium":["https:\/\/unikbotanik.se\/wp-content\/uploads\/2021\/03\/VMIS85201a-300x300.jpg",300,300,true],"medium_large":["https:\/\/unikbotanik.se\/wp-content\/uploads\/2021\/03\/VMIS85201a-768x768.jpg",768,768,true],"large":["https:\/\/unikbotanik.se\/wp-content\/uploads\/2021\/03\/VMIS85201a.jpg",900,900,false],"1536x1536":["https:\/\/unikbotanik.se\/wp-content\/uploads\/2021\/03\/VMIS85201a.jpg",900,900,false],"2048x2048":["https:\/\/unikbotanik.se\/wp-content\/uploads\/2021\/03\/VMIS85201a.jpg",900,900,false],"woocommerce_thumbnail":["https:\/\/unikbotanik.se\/wp-content\/uploads\/2021\/03\/VMIS85201a-300x300.jpg",300,300,true],"woocommerce_single":["https:\/\/unikbotanik.se\/wp-content\/uploads\/2021\/03\/VMIS85201a-600x600.jpg",600,600,true],"woocommerce_gallery_thumbnail":["https:\/\/unikbotanik.se\/wp-content\/uploads\/2021\/03\/VMIS85201a-100x100.jpg",100,100,true]},"uagb_author_info":{"display_name":"unikbotanik","author_link":"https:\/\/unikbotanik.se\/en\/author\/"},"uagb_comment_info":0,"uagb_excerpt":"S\u00e5rt\u00e4tningsmedel\/s\u00e5rf\u00f6rseglare f\u00f6r att skydda och t\u00e4ta besk\u00e4rningss\u00e5r och liknande. Pastan \u00e4r mjuk och l\u00e4tt att aplicera. Tub: 100g","_links":{"self":[{"href":"https:\/\/unikbotanik.se\/en\/wp-json\/wp\/v2\/product\/8227","targetHints":{"allow":["GET"]}}],"collection":[{"href":"https:\/\/unikbotanik.se\/en\/wp-json\/wp\/v2\/product"}],"about":[{"href":"https:\/\/unikbotanik.se\/en\/wp-json\/wp\/v2\/types\/product"}],"replies":[{"embeddable":true,"href":"https:\/\/unikbotanik.se\/en\/wp-json\/wp\/v2\/comments?post=8227"}],"wp:featuredmedia":[{"embeddable":true,"href":"https:\/\/unikbotanik.se\/en\/wp-json\/wp\/v2\/media\/8230"}],"wp:attachment":[{"href":"https:\/\/unikbotanik.se\/en\/wp-json\/wp\/v2\/media?parent=8227"}],"wp:term":[{"taxonomy":"product_brand","embeddable":true,"href":"https:\/\/unikbotanik.se\/en\/wp-json\/wp\/v2\/product_brand?post=8227"},{"taxonomy":"product_cat","embeddable":true,"href":"https:\/\/unikbotanik.se\/en\/wp-json\/wp\/v2\/product_cat?post=8227"},{"taxonomy":"product_tag","embeddable":true,"href":"https:\/\/unikbotanik.se\/en\/wp-json\/wp\/v2\/product_tag?post=8227"}],"curies":[{"name":"wp","href":"https:\/\/api.w.org\/{rel}","templated":true}]}}