{"id":8213,"date":"2021-03-13T12:09:14","date_gmt":"2021-03-13T11:09:14","guid":{"rendered":"https:\/\/unikbotanik.se\/?post_type=product&#038;p=8213"},"modified":"2026-03-25T09:54:20","modified_gmt":"2026-03-25T08:54:20","slug":"verkygsfodral-for-bonsaiverktyg-rullbart-tyg-dingmu","status":"publish","type":"product","link":"https:\/\/unikbotanik.se\/en\/produkt\/verkygsfodral-for-bonsaiverktyg-rullbart-tyg-dingmu\/","title":{"rendered":"Verkygsfodral f\u00f6r bonsaiverktyg, rullbart, tyg, Dingmu"},"content":{"rendered":"<p>Klassiskt verktygsfodral i tyg f\u00f6r dina bonsaiverktyg. Det kan l\u00e4tt rullas ihop f\u00f6r f\u00f6rvaring, men g\u00e5r ocks\u00e5 s\u00e4tta runt midjan medan du jobbar med dina bonsai. H\u00e4r har du plats f\u00f6r konkavt\u00e5ng, bonsaisax, satsuki-sax, incett, kratta, rotsax, borste med mera. Totalt tio platser.<\/p>\n<p><strong>Tekniska data:<\/strong><\/p>\n<ul>\n<li>M\u00e5tt: 562 x 260\u00a0 mm (utrullat, sn\u00f6re ej inr\u00e4knat).<\/li>\n<li>Vikt: 150g (tomt)<\/li>\n<li>10 platser<\/li>\n<\/ul>\n","protected":false},"excerpt":{"rendered":"<p>Klassiskt verktygsfodral i tyg f\u00f6r dina bonsaiverktyg. Det kan l\u00e4tt rullas ihop f\u00f6r f\u00f6rvaring, men g\u00e5r ocks\u00e5 s\u00e4tta runt midjan medan du jobbar med dina bonsai. H\u00e4r har du plats f\u00f6r konkavt\u00e5ng, bonsaisax, satsuki-sax, incett, kratta, rotsax, borste med mera. Totalt tio platser. Tekniska data: M\u00e5tt: 562 x 260\u00a0 mm (utrullat, sn\u00f6re ej inr\u00e4knat). Vikt: [&hellip;]<\/p>\n","protected":false},"featured_media":8216,"comment_status":"open","ping_status":"closed","template":"","meta":{"_uag_custom_page_level_css":"","_uf_show_specific_survey":0,"_uf_disable_surveys":false,"site-sidebar-layout":"default","site-content-layout":"","ast-site-content-layout":"default","site-content-style":"default","site-sidebar-style":"default","ast-global-header-display":"","ast-banner-title-visibility":"","ast-main-header-display":"","ast-hfb-above-header-display":"","ast-hfb-below-header-display":"","ast-hfb-mobile-header-display":"","site-post-title":"","ast-breadcrumbs-content":"","ast-featured-img":"","footer-sml-layout":"","ast-disable-related-posts":"","theme-transparent-header-meta":"","adv-header-id-meta":"","stick-header-meta":"","header-above-stick-meta":"","header-main-stick-meta":"","header-below-stick-meta":"","astra-migrate-meta-layouts":"default","ast-page-background-enabled":"default","ast-page-background-meta":{"desktop":{"background-color":"var(--ast-global-color-4)","background-image":"","background-repeat":"repeat","background-position":"center center","background-size":"auto","background-attachment":"scroll","background-type":"","background-media":"","overlay-type":"","overlay-color":"","overlay-opacity":"","overlay-gradient":""},"tablet":{"background-color":"","background-image":"","background-repeat":"repeat","background-position":"center center","background-size":"auto","background-attachment":"scroll","background-type":"","background-media":"","overlay-type":"","overlay-color":"","overlay-opacity":"","overlay-gradient":""},"mobile":{"background-color":"","background-image":"","background-repeat":"repeat","background-position":"center center","background-size":"auto","background-attachment":"scroll","background-type":"","background-media":"","overlay-type":"","overlay-color":"","overlay-opacity":"","overlay-gradient":""}},"ast-content-background-meta":{"desktop":{"background-color":"var(--ast-global-color-5)","background-image":"","background-repeat":"repeat","background-position":"center center","background-size":"auto","background-attachment":"scroll","background-type":"","background-media":"","overlay-type":"","overlay-color":"","overlay-opacity":"","overlay-gradient":""},"tablet":{"background-color":"var(--ast-global-color-5)","background-image":"","background-repeat":"repeat","background-position":"center center","background-size":"auto","background-attachment":"scroll","background-type":"","background-media":"","overlay-type":"","overlay-color":"","overlay-opacity":"","overlay-gradient":""},"mobile":{"background-color":"var(--ast-global-color-5)","background-image":"","background-repeat":"repeat","background-position":"center center","background-size":"auto","background-attachment":"scroll","background-type":"","background-media":"","overlay-type":"","overlay-color":"","overlay-opacity":"","overlay-gradient":""}}},"product_brand":[],"product_cat":[127,160,162,419],"product_tag":[],"class_list":{"0":"post-8213","1":"product","2":"type-product","3":"status-publish","4":"has-post-thumbnail","6":"product_cat-nyborjare","7":"product_cat-dingmu-kina","8":"product_cat-presenttips","9":"product_cat-verktygsfodral","10":"desktop-align-left","11":"tablet-align-left","12":"mobile-align-left","13":"ast-product-gallery-layout-horizontal-slider","14":"ast-product-tabs-layout-horizontal","15":"ast-qv-on-image","17":"first","18":"instock","19":"taxable","20":"shipping-taxable","21":"purchasable","22":"product-type-simple"},"aioseo_notices":[],"uagb_featured_image_src":{"full":["https:\/\/unikbotanik.se\/wp-content\/uploads\/2021\/03\/VDNG137091a.jpg",900,900,false],"thumbnail":["https:\/\/unikbotanik.se\/wp-content\/uploads\/2021\/03\/VDNG137091a-150x150.jpg",150,150,true],"medium":["https:\/\/unikbotanik.se\/wp-content\/uploads\/2021\/03\/VDNG137091a-300x300.jpg",300,300,true],"medium_large":["https:\/\/unikbotanik.se\/wp-content\/uploads\/2021\/03\/VDNG137091a-768x768.jpg",768,768,true],"large":["https:\/\/unikbotanik.se\/wp-content\/uploads\/2021\/03\/VDNG137091a.jpg",900,900,false],"1536x1536":["https:\/\/unikbotanik.se\/wp-content\/uploads\/2021\/03\/VDNG137091a.jpg",900,900,false],"2048x2048":["https:\/\/unikbotanik.se\/wp-content\/uploads\/2021\/03\/VDNG137091a.jpg",900,900,false],"woocommerce_thumbnail":["https:\/\/unikbotanik.se\/wp-content\/uploads\/2021\/03\/VDNG137091a-300x300.jpg",300,300,true],"woocommerce_single":["https:\/\/unikbotanik.se\/wp-content\/uploads\/2021\/03\/VDNG137091a-600x600.jpg",600,600,true],"woocommerce_gallery_thumbnail":["https:\/\/unikbotanik.se\/wp-content\/uploads\/2021\/03\/VDNG137091a-100x100.jpg",100,100,true]},"uagb_author_info":{"display_name":"unikbotanik","author_link":"https:\/\/unikbotanik.se\/en\/author\/"},"uagb_comment_info":0,"uagb_excerpt":"Klassiskt verktygsfodral i tyg f\u00f6r dina bonsaiverktyg. Det kan l\u00e4tt rullas ihop f\u00f6r f\u00f6rvaring, men g\u00e5r ocks\u00e5 s\u00e4tta runt midjan medan du jobbar med dina bonsai. H\u00e4r har du plats f\u00f6r konkavt\u00e5ng, bonsaisax, satsuki-sax, incett, kratta, rotsax, borste med mera. Totalt tio platser. Tekniska data: M\u00e5tt: 562 x 260\u00a0 mm (utrullat, sn\u00f6re ej inr\u00e4knat). Vikt:&hellip;","_links":{"self":[{"href":"https:\/\/unikbotanik.se\/en\/wp-json\/wp\/v2\/product\/8213","targetHints":{"allow":["GET"]}}],"collection":[{"href":"https:\/\/unikbotanik.se\/en\/wp-json\/wp\/v2\/product"}],"about":[{"href":"https:\/\/unikbotanik.se\/en\/wp-json\/wp\/v2\/types\/product"}],"replies":[{"embeddable":true,"href":"https:\/\/unikbotanik.se\/en\/wp-json\/wp\/v2\/comments?post=8213"}],"wp:featuredmedia":[{"embeddable":true,"href":"https:\/\/unikbotanik.se\/en\/wp-json\/wp\/v2\/media\/8216"}],"wp:attachment":[{"href":"https:\/\/unikbotanik.se\/en\/wp-json\/wp\/v2\/media?parent=8213"}],"wp:term":[{"taxonomy":"product_brand","embeddable":true,"href":"https:\/\/unikbotanik.se\/en\/wp-json\/wp\/v2\/product_brand?post=8213"},{"taxonomy":"product_cat","embeddable":true,"href":"https:\/\/unikbotanik.se\/en\/wp-json\/wp\/v2\/product_cat?post=8213"},{"taxonomy":"product_tag","embeddable":true,"href":"https:\/\/unikbotanik.se\/en\/wp-json\/wp\/v2\/product_tag?post=8213"}],"curies":[{"name":"wp","href":"https:\/\/api.w.org\/{rel}","templated":true}]}}