{"id":7886,"date":"2021-01-19T20:45:35","date_gmt":"2021-01-19T19:45:35","guid":{"rendered":"https:\/\/unikbotanik.se\/?post_type=product&#038;p=7886"},"modified":"2025-12-04T19:18:03","modified_gmt":"2025-12-04T18:18:03","slug":"bonsai-sax-handsmidd-180-x-95-x-17-mm-blad-52-mm-wazakura-japan","status":"publish","type":"product","link":"https:\/\/unikbotanik.se\/en\/produkt\/bonsai-sax-handsmidd-180-x-95-x-17-mm-blad-52-mm-wazakura-japan\/","title":{"rendered":"Bonsai-sax, handsmidd, 180 x 95 x 17 mm. Blad 52 mm, Wazakura, Japan"},"content":{"rendered":"<p>Handsmidd sax f\u00f6r bonsai och ikebana blom-arrangemang. Saxtypen kallas ofta f\u00f6r bonsai-sax. Med kraftiga sk\u00e4nklar och ganska kraftigt\u00a0 blad \u00e4r dessa saxar gjorda f\u00f6r precision. Saxen klatat kvistar upp till c:a 12 mm. Saxen ger ett snyggt l\u00e4ttl\u00e4kt snitt. Eggen \u00e4r v\u00e4ldigt vass samt h\u00e4rdad f\u00f6r att h\u00e5lla sk\u00e4rpan l\u00e4nge.<\/p>\n<p>Typiskt f\u00f6r dessa saxar \u00e4r deras spetsar som g\u00e5r omlott f\u00f6r att de garanterat skall klippa \u00e4nda ut i spetsen.<\/p>\n<p>Saxen \u00e4r skapad av den japanska firman Wazakura som ligger i Niigata-prefekturen p\u00e5 \u00f6n Honshu i Japan. Saxen \u00e4r smidd f\u00f6r hand i kolst\u00e5l p\u00e5 traditionellt japanskt vis. Den har bra sk\u00e4rpa men som alla bra verktyg beh\u00f6ver den underh\u00e5llas. Sav beh\u00f6ver torkas bort eller ibland diskas bort. D\u00e4refter skall den torkas noggrant och g\u00e4rna sm\u00f6rjas in med t.ex. <a href=\"https:\/\/unikbotanik.se\/sv\/produkt\/camellia-olja-for-verktygsunderhall-rostskydd\/\">camelliaolja<\/a> som rostskyddar och sm\u00f6rjer t\u00e5ngen.<\/p>\n<p>Nedan finner du en video p\u00e5 hur du tar hand om dina Wazakura-verktyg:<\/p>\n<p><iframe loading=\"lazy\" title=\"YouTube video player\" src=\"https:\/\/www.youtube.com\/embed\/czKqvV0TKmo\" width=\"560\" height=\"315\" frameborder=\"0\" allowfullscreen=\"allowfullscreen\"><\/iframe><br \/>\n<strong>Tekniska data:<\/strong><\/p>\n<ul>\n<li>Dimensioner: 180 x 95 x 15 mm<\/li>\n<li>Blad: 52 mm<\/li>\n<li>Vikt: c:a 156 g<\/li>\n<li>Material: S58C Kolst\u00e5l<\/li>\n<\/ul>\n","protected":false},"excerpt":{"rendered":"<p>Handsmidd sax f\u00f6r bonsai och ikebana blom-arrangemang. Saxtypen kallas ofta f\u00f6r bonsai-sax. Med kraftiga sk\u00e4nklar och ganska kraftigt\u00a0 blad \u00e4r dessa saxar gjorda f\u00f6r precision. Saxen klatat kvistar upp till c:a 12 mm. Saxen ger ett snyggt l\u00e4ttl\u00e4kt snitt. Eggen \u00e4r v\u00e4ldigt vass samt h\u00e4rdad f\u00f6r att h\u00e5lla sk\u00e4rpan l\u00e4nge. Typiskt f\u00f6r dessa saxar \u00e4r [&hellip;]<\/p>\n","protected":false},"featured_media":7887,"comment_status":"open","ping_status":"closed","template":"","meta":{"_uag_custom_page_level_css":"","_uf_show_specific_survey":0,"_uf_disable_surveys":false,"site-sidebar-layout":"default","site-content-layout":"","ast-site-content-layout":"default","site-content-style":"default","site-sidebar-style":"default","ast-global-header-display":"","ast-banner-title-visibility":"","ast-main-header-display":"","ast-hfb-above-header-display":"","ast-hfb-below-header-display":"","ast-hfb-mobile-header-display":"","site-post-title":"","ast-breadcrumbs-content":"","ast-featured-img":"","footer-sml-layout":"","ast-disable-related-posts":"","theme-transparent-header-meta":"default","adv-header-id-meta":"","stick-header-meta":"default","header-above-stick-meta":"","header-main-stick-meta":"","header-below-stick-meta":"","astra-migrate-meta-layouts":"set","ast-page-background-enabled":"default","ast-page-background-meta":{"desktop":{"background-color":"var(--ast-global-color-4)","background-image":"","background-repeat":"repeat","background-position":"center center","background-size":"auto","background-attachment":"scroll","background-type":"","background-media":"","overlay-type":"","overlay-color":"","overlay-opacity":"","overlay-gradient":""},"tablet":{"background-color":"","background-image":"","background-repeat":"repeat","background-position":"center center","background-size":"auto","background-attachment":"scroll","background-type":"","background-media":"","overlay-type":"","overlay-color":"","overlay-opacity":"","overlay-gradient":""},"mobile":{"background-color":"","background-image":"","background-repeat":"repeat","background-position":"center center","background-size":"auto","background-attachment":"scroll","background-type":"","background-media":"","overlay-type":"","overlay-color":"","overlay-opacity":"","overlay-gradient":""}},"ast-content-background-meta":{"desktop":{"background-color":"var(--ast-global-color-5)","background-image":"","background-repeat":"repeat","background-position":"center center","background-size":"auto","background-attachment":"scroll","background-type":"","background-media":"","overlay-type":"","overlay-color":"","overlay-opacity":"","overlay-gradient":""},"tablet":{"background-color":"var(--ast-global-color-5)","background-image":"","background-repeat":"repeat","background-position":"center center","background-size":"auto","background-attachment":"scroll","background-type":"","background-media":"","overlay-type":"","overlay-color":"","overlay-opacity":"","overlay-gradient":""},"mobile":{"background-color":"var(--ast-global-color-5)","background-image":"","background-repeat":"repeat","background-position":"center center","background-size":"auto","background-attachment":"scroll","background-type":"","background-media":"","overlay-type":"","overlay-color":"","overlay-opacity":"","overlay-gradient":""}}},"product_brand":[],"product_cat":[162,412,183],"product_tag":[],"class_list":{"0":"post-7886","1":"product","2":"type-product","3":"status-publish","4":"has-post-thumbnail","6":"product_cat-presenttips","7":"product_cat-saxar","8":"product_cat-wazakura-japan","9":"desktop-align-left","10":"tablet-align-left","11":"mobile-align-left","12":"ast-product-gallery-layout-horizontal-slider","13":"ast-product-tabs-layout-horizontal","14":"ast-qv-on-image","16":"first","17":"outofstock","18":"taxable","19":"shipping-taxable","20":"purchasable","21":"product-type-simple"},"aioseo_notices":[],"uagb_featured_image_src":{"full":["https:\/\/unikbotanik.se\/wp-content\/uploads\/2021\/01\/VWAZW001001.jpg",900,900,false],"thumbnail":["https:\/\/unikbotanik.se\/wp-content\/uploads\/2021\/01\/VWAZW001001-150x150.jpg",150,150,true],"medium":["https:\/\/unikbotanik.se\/wp-content\/uploads\/2021\/01\/VWAZW001001-300x300.jpg",300,300,true],"medium_large":["https:\/\/unikbotanik.se\/wp-content\/uploads\/2021\/01\/VWAZW001001-768x768.jpg",768,768,true],"large":["https:\/\/unikbotanik.se\/wp-content\/uploads\/2021\/01\/VWAZW001001.jpg",900,900,false],"1536x1536":["https:\/\/unikbotanik.se\/wp-content\/uploads\/2021\/01\/VWAZW001001.jpg",900,900,false],"2048x2048":["https:\/\/unikbotanik.se\/wp-content\/uploads\/2021\/01\/VWAZW001001.jpg",900,900,false],"woocommerce_thumbnail":["https:\/\/unikbotanik.se\/wp-content\/uploads\/2021\/01\/VWAZW001001-300x300.jpg",300,300,true],"woocommerce_single":["https:\/\/unikbotanik.se\/wp-content\/uploads\/2021\/01\/VWAZW001001-600x600.jpg",600,600,true],"woocommerce_gallery_thumbnail":["https:\/\/unikbotanik.se\/wp-content\/uploads\/2021\/01\/VWAZW001001-100x100.jpg",100,100,true]},"uagb_author_info":{"display_name":"unikbotanik","author_link":"https:\/\/unikbotanik.se\/en\/author\/"},"uagb_comment_info":0,"uagb_excerpt":"Handsmidd sax f\u00f6r bonsai och ikebana blom-arrangemang. Saxtypen kallas ofta f\u00f6r bonsai-sax. Med kraftiga sk\u00e4nklar och ganska kraftigt\u00a0 blad \u00e4r dessa saxar gjorda f\u00f6r precision. Saxen klatat kvistar upp till c:a 12 mm. Saxen ger ett snyggt l\u00e4ttl\u00e4kt snitt. Eggen \u00e4r v\u00e4ldigt vass samt h\u00e4rdad f\u00f6r att h\u00e5lla sk\u00e4rpan l\u00e4nge. Typiskt f\u00f6r dessa saxar \u00e4r&hellip;","_links":{"self":[{"href":"https:\/\/unikbotanik.se\/en\/wp-json\/wp\/v2\/product\/7886","targetHints":{"allow":["GET"]}}],"collection":[{"href":"https:\/\/unikbotanik.se\/en\/wp-json\/wp\/v2\/product"}],"about":[{"href":"https:\/\/unikbotanik.se\/en\/wp-json\/wp\/v2\/types\/product"}],"replies":[{"embeddable":true,"href":"https:\/\/unikbotanik.se\/en\/wp-json\/wp\/v2\/comments?post=7886"}],"wp:featuredmedia":[{"embeddable":true,"href":"https:\/\/unikbotanik.se\/en\/wp-json\/wp\/v2\/media\/7887"}],"wp:attachment":[{"href":"https:\/\/unikbotanik.se\/en\/wp-json\/wp\/v2\/media?parent=7886"}],"wp:term":[{"taxonomy":"product_brand","embeddable":true,"href":"https:\/\/unikbotanik.se\/en\/wp-json\/wp\/v2\/product_brand?post=7886"},{"taxonomy":"product_cat","embeddable":true,"href":"https:\/\/unikbotanik.se\/en\/wp-json\/wp\/v2\/product_cat?post=7886"},{"taxonomy":"product_tag","embeddable":true,"href":"https:\/\/unikbotanik.se\/en\/wp-json\/wp\/v2\/product_tag?post=7886"}],"curies":[{"name":"wp","href":"https:\/\/api.w.org\/{rel}","templated":true}]}}