{"id":7877,"date":"2021-01-19T20:35:09","date_gmt":"2021-01-19T19:35:09","guid":{"rendered":"https:\/\/unikbotanik.se\/?post_type=product&#038;p=7877"},"modified":"2026-03-19T11:26:36","modified_gmt":"2026-03-19T10:26:36","slug":"klottang-handsmidd-210-x-50-x-13-mm-blad-15-mm-wazakura-japan","status":"publish","type":"product","link":"https:\/\/unikbotanik.se\/en\/produkt\/klottang-handsmidd-210-x-50-x-13-mm-blad-15-mm-wazakura-japan\/","title":{"rendered":"Klott\u00e5ng, handsmidd, 210 x 50 x 13 mm. Blad 15 mm, Wazakura, Japan"},"content":{"rendered":"<p>Japansk handsmidd klott\u00e5ng fr\u00e5n den japanska firman Wazakura. Klott\u00e5ng ger ett klotformat snitt. Den har l\u00e5nga sk\u00e4nklar f\u00f6r att ge bra h\u00e4vst\u00e5ng. Eggen \u00e4r v\u00e4ldigt vass och h\u00e4rdad f\u00f6r att h\u00e5lla sk\u00e4rpan l\u00e4nge.<\/p>\n<p>T\u00e5ngen \u00e4r smidd f\u00f6r hand i kolst\u00e5l p\u00e5 traditionellt japanskt vis. Den har bra sk\u00e4rpa men som alla bra verktyg beh\u00f6ver den underh\u00e5llas. Sav beh\u00f6ver torkas bort eller ibland diskas bort. D\u00e4refter skall den torkas noggrant och g\u00e4rna sm\u00f6rjas in med t.ex. <a href=\"https:\/\/unikbotanik.se\/sv\/produkt\/camellia-olja-for-verktygsunderhall-rostskydd\/\">camelliaolja<\/a> som rostskyddar och sm\u00f6rjer t\u00e5ngen.<\/p>\n<p>Nedan finner du en video p\u00e5 hur du tar hand om dina Wazakura-verktyg:<\/p>\n<p><iframe loading=\"lazy\" title=\"YouTube video player\" src=\"https:\/\/www.youtube.com\/embed\/czKqvV0TKmo\" width=\"560\" height=\"315\" frameborder=\"0\" allowfullscreen=\"allowfullscreen\"><\/iframe><\/p>\n<p><strong>Tekniska data:<\/strong><\/p>\n<ul>\n<li>Dimensioner: 210 x 50 x 13 mm<\/li>\n<li>Blad: 15 mm<\/li>\n<li>Vikt: c:a 230 g<\/li>\n<li>Material: S55C Kolst\u00e5l<\/li>\n<\/ul>\n","protected":false},"excerpt":{"rendered":"<p>Japansk handsmidd klott\u00e5ng fr\u00e5n den japanska firman Wazakura. Klott\u00e5ng ger ett klotformat snitt. Den har l\u00e5nga sk\u00e4nklar f\u00f6r att ge bra h\u00e4vst\u00e5ng. Eggen \u00e4r v\u00e4ldigt vass och h\u00e4rdad f\u00f6r att h\u00e5lla sk\u00e4rpan l\u00e4nge. T\u00e5ngen \u00e4r smidd f\u00f6r hand i kolst\u00e5l p\u00e5 traditionellt japanskt vis. Den har bra sk\u00e4rpa men som alla bra verktyg beh\u00f6ver den [&hellip;]<\/p>\n","protected":false},"featured_media":7880,"comment_status":"open","ping_status":"closed","template":"","meta":{"_uag_custom_page_level_css":"","_uf_show_specific_survey":0,"_uf_disable_surveys":false,"site-sidebar-layout":"default","site-content-layout":"","ast-site-content-layout":"default","site-content-style":"default","site-sidebar-style":"default","ast-global-header-display":"","ast-banner-title-visibility":"","ast-main-header-display":"","ast-hfb-above-header-display":"","ast-hfb-below-header-display":"","ast-hfb-mobile-header-display":"","site-post-title":"","ast-breadcrumbs-content":"","ast-featured-img":"","footer-sml-layout":"","ast-disable-related-posts":"","theme-transparent-header-meta":"","adv-header-id-meta":"","stick-header-meta":"","header-above-stick-meta":"","header-main-stick-meta":"","header-below-stick-meta":"","astra-migrate-meta-layouts":"default","ast-page-background-enabled":"default","ast-page-background-meta":{"desktop":{"background-color":"var(--ast-global-color-4)","background-image":"","background-repeat":"repeat","background-position":"center center","background-size":"auto","background-attachment":"scroll","background-type":"","background-media":"","overlay-type":"","overlay-color":"","overlay-opacity":"","overlay-gradient":""},"tablet":{"background-color":"","background-image":"","background-repeat":"repeat","background-position":"center center","background-size":"auto","background-attachment":"scroll","background-type":"","background-media":"","overlay-type":"","overlay-color":"","overlay-opacity":"","overlay-gradient":""},"mobile":{"background-color":"","background-image":"","background-repeat":"repeat","background-position":"center center","background-size":"auto","background-attachment":"scroll","background-type":"","background-media":"","overlay-type":"","overlay-color":"","overlay-opacity":"","overlay-gradient":""}},"ast-content-background-meta":{"desktop":{"background-color":"var(--ast-global-color-5)","background-image":"","background-repeat":"repeat","background-position":"center center","background-size":"auto","background-attachment":"scroll","background-type":"","background-media":"","overlay-type":"","overlay-color":"","overlay-opacity":"","overlay-gradient":""},"tablet":{"background-color":"var(--ast-global-color-5)","background-image":"","background-repeat":"repeat","background-position":"center center","background-size":"auto","background-attachment":"scroll","background-type":"","background-media":"","overlay-type":"","overlay-color":"","overlay-opacity":"","overlay-gradient":""},"mobile":{"background-color":"var(--ast-global-color-5)","background-image":"","background-repeat":"repeat","background-position":"center center","background-size":"auto","background-attachment":"scroll","background-type":"","background-media":"","overlay-type":"","overlay-color":"","overlay-opacity":"","overlay-gradient":""}}},"product_brand":[],"product_cat":[413,183],"product_tag":[],"class_list":{"0":"post-7877","1":"product","2":"type-product","3":"status-publish","4":"has-post-thumbnail","6":"product_cat-tanger","7":"product_cat-wazakura-japan","8":"desktop-align-left","9":"tablet-align-left","10":"mobile-align-left","11":"ast-product-gallery-layout-horizontal-slider","12":"ast-product-tabs-layout-horizontal","13":"ast-qv-on-image","15":"first","16":"outofstock","17":"taxable","18":"shipping-taxable","19":"purchasable","20":"product-type-simple"},"aioseo_notices":[],"uagb_featured_image_src":{"full":["https:\/\/unikbotanik.se\/wp-content\/uploads\/2021\/01\/IMG_4345.jpg",840,840,false],"thumbnail":["https:\/\/unikbotanik.se\/wp-content\/uploads\/2021\/01\/IMG_4345-150x150.jpg",150,150,true],"medium":["https:\/\/unikbotanik.se\/wp-content\/uploads\/2021\/01\/IMG_4345-300x300.jpg",300,300,true],"medium_large":["https:\/\/unikbotanik.se\/wp-content\/uploads\/2021\/01\/IMG_4345-768x768.jpg",768,768,true],"large":["https:\/\/unikbotanik.se\/wp-content\/uploads\/2021\/01\/IMG_4345.jpg",840,840,false],"1536x1536":["https:\/\/unikbotanik.se\/wp-content\/uploads\/2021\/01\/IMG_4345.jpg",840,840,false],"2048x2048":["https:\/\/unikbotanik.se\/wp-content\/uploads\/2021\/01\/IMG_4345.jpg",840,840,false],"woocommerce_thumbnail":["https:\/\/unikbotanik.se\/wp-content\/uploads\/2021\/01\/IMG_4345-300x300.jpg",300,300,true],"woocommerce_single":["https:\/\/unikbotanik.se\/wp-content\/uploads\/2021\/01\/IMG_4345-600x600.jpg",600,600,true],"woocommerce_gallery_thumbnail":["https:\/\/unikbotanik.se\/wp-content\/uploads\/2021\/01\/IMG_4345-100x100.jpg",100,100,true]},"uagb_author_info":{"display_name":"unikbotanik","author_link":"https:\/\/unikbotanik.se\/en\/author\/"},"uagb_comment_info":0,"uagb_excerpt":"Japansk handsmidd klott\u00e5ng fr\u00e5n den japanska firman Wazakura. Klott\u00e5ng ger ett klotformat snitt. Den har l\u00e5nga sk\u00e4nklar f\u00f6r att ge bra h\u00e4vst\u00e5ng. Eggen \u00e4r v\u00e4ldigt vass och h\u00e4rdad f\u00f6r att h\u00e5lla sk\u00e4rpan l\u00e4nge. T\u00e5ngen \u00e4r smidd f\u00f6r hand i kolst\u00e5l p\u00e5 traditionellt japanskt vis. Den har bra sk\u00e4rpa men som alla bra verktyg beh\u00f6ver den&hellip;","_links":{"self":[{"href":"https:\/\/unikbotanik.se\/en\/wp-json\/wp\/v2\/product\/7877","targetHints":{"allow":["GET"]}}],"collection":[{"href":"https:\/\/unikbotanik.se\/en\/wp-json\/wp\/v2\/product"}],"about":[{"href":"https:\/\/unikbotanik.se\/en\/wp-json\/wp\/v2\/types\/product"}],"replies":[{"embeddable":true,"href":"https:\/\/unikbotanik.se\/en\/wp-json\/wp\/v2\/comments?post=7877"}],"wp:featuredmedia":[{"embeddable":true,"href":"https:\/\/unikbotanik.se\/en\/wp-json\/wp\/v2\/media\/7880"}],"wp:attachment":[{"href":"https:\/\/unikbotanik.se\/en\/wp-json\/wp\/v2\/media?parent=7877"}],"wp:term":[{"taxonomy":"product_brand","embeddable":true,"href":"https:\/\/unikbotanik.se\/en\/wp-json\/wp\/v2\/product_brand?post=7877"},{"taxonomy":"product_cat","embeddable":true,"href":"https:\/\/unikbotanik.se\/en\/wp-json\/wp\/v2\/product_cat?post=7877"},{"taxonomy":"product_tag","embeddable":true,"href":"https:\/\/unikbotanik.se\/en\/wp-json\/wp\/v2\/product_tag?post=7877"}],"curies":[{"name":"wp","href":"https:\/\/api.w.org\/{rel}","templated":true}]}}