{"id":7728,"date":"2020-12-28T21:08:04","date_gmt":"2020-12-28T20:08:04","guid":{"rendered":"https:\/\/unikbotanik.se\/?post_type=product&#038;p=7728"},"modified":"2026-03-25T10:45:31","modified_gmt":"2026-03-25T09:45:31","slug":"ikebana-sax-koryu-170-x-100-x-20-mm-blad-45-mm","status":"publish","type":"product","link":"https:\/\/unikbotanik.se\/en\/produkt\/ikebana-sax-koryu-170-x-100-x-20-mm-blad-45-mm\/","title":{"rendered":"Ikebana-sax, handgjord, japansk, Koryu, 170 x 100 x 20 mm, blad 45 mm"},"content":{"rendered":"<p>En rej\u00e4l sax f\u00f6r kraftigare blommor och sm\u00e5 kvistar specialanpassad till dig som sysslar med Ikebana. Den \u00e4r ocks\u00e5 perfekt f\u00f6r dig som jobbar i blomsteraff\u00e4r och klipper stora m\u00e4ngder snittblommor varje dag.<\/p>\n<p>Med det rej\u00e4la skaftet och det korta bladet f\u00e5r du fin h\u00e4vst\u00e5ngseffekt. Det vassa bladet sk\u00e4r med l\u00e4tthet igenom \u00e4ven tjocka rosor och sm\u00e5 kvistar.<\/p>\n<p>Handgjord i traditionell japansk st\u00e5lbearbetning f\u00f6r enast\u00e5ende kvalitet.<\/p>\n<p><strong>Tekniska data:<\/strong><\/p>\n<ul>\n<li>Dimensioner: 170 x 100 x 20 mm<\/li>\n<li>Blad: 45 mm<\/li>\n<li>Vikt: c:a 185 g<\/li>\n<li>Material: S58C kolst\u00e5l<\/li>\n<\/ul>\n","protected":false},"excerpt":{"rendered":"<p>En rej\u00e4l sax f\u00f6r kraftigare blommor och sm\u00e5 kvistar specialanpassad till dig som sysslar med Ikebana. Den \u00e4r ocks\u00e5 perfekt f\u00f6r dig som jobbar i blomsteraff\u00e4r och klipper stora m\u00e4ngder snittblommor varje dag. Med det rej\u00e4la skaftet och det korta bladet f\u00e5r du fin h\u00e4vst\u00e5ngseffekt. Det vassa bladet sk\u00e4r med l\u00e4tthet igenom \u00e4ven tjocka rosor [&hellip;]<\/p>\n","protected":false},"featured_media":7729,"comment_status":"open","ping_status":"closed","template":"","meta":{"_uag_custom_page_level_css":"","_uf_show_specific_survey":0,"_uf_disable_surveys":false,"site-sidebar-layout":"default","site-content-layout":"","ast-site-content-layout":"default","site-content-style":"default","site-sidebar-style":"default","ast-global-header-display":"","ast-banner-title-visibility":"","ast-main-header-display":"","ast-hfb-above-header-display":"","ast-hfb-below-header-display":"","ast-hfb-mobile-header-display":"","site-post-title":"","ast-breadcrumbs-content":"","ast-featured-img":"","footer-sml-layout":"","ast-disable-related-posts":"","theme-transparent-header-meta":"","adv-header-id-meta":"","stick-header-meta":"","header-above-stick-meta":"","header-main-stick-meta":"","header-below-stick-meta":"","astra-migrate-meta-layouts":"default","ast-page-background-enabled":"default","ast-page-background-meta":{"desktop":{"background-color":"var(--ast-global-color-4)","background-image":"","background-repeat":"repeat","background-position":"center center","background-size":"auto","background-attachment":"scroll","background-type":"","background-media":"","overlay-type":"","overlay-color":"","overlay-opacity":"","overlay-gradient":""},"tablet":{"background-color":"","background-image":"","background-repeat":"repeat","background-position":"center center","background-size":"auto","background-attachment":"scroll","background-type":"","background-media":"","overlay-type":"","overlay-color":"","overlay-opacity":"","overlay-gradient":""},"mobile":{"background-color":"","background-image":"","background-repeat":"repeat","background-position":"center center","background-size":"auto","background-attachment":"scroll","background-type":"","background-media":"","overlay-type":"","overlay-color":"","overlay-opacity":"","overlay-gradient":""}},"ast-content-background-meta":{"desktop":{"background-color":"var(--ast-global-color-5)","background-image":"","background-repeat":"repeat","background-position":"center center","background-size":"auto","background-attachment":"scroll","background-type":"","background-media":"","overlay-type":"","overlay-color":"","overlay-opacity":"","overlay-gradient":""},"tablet":{"background-color":"var(--ast-global-color-5)","background-image":"","background-repeat":"repeat","background-position":"center center","background-size":"auto","background-attachment":"scroll","background-type":"","background-media":"","overlay-type":"","overlay-color":"","overlay-opacity":"","overlay-gradient":""},"mobile":{"background-color":"var(--ast-global-color-5)","background-image":"","background-repeat":"repeat","background-position":"center center","background-size":"auto","background-attachment":"scroll","background-type":"","background-media":"","overlay-type":"","overlay-color":"","overlay-opacity":"","overlay-gradient":""}}},"product_brand":[],"product_cat":[187,162],"product_tag":[],"class_list":{"0":"post-7728","1":"product","2":"type-product","3":"status-publish","4":"has-post-thumbnail","6":"product_cat-ikebana-verktyg","7":"product_cat-presenttips","8":"desktop-align-left","9":"tablet-align-left","10":"mobile-align-left","11":"ast-product-gallery-layout-horizontal-slider","12":"ast-product-tabs-layout-horizontal","13":"ast-qv-on-image","15":"first","16":"instock","17":"taxable","18":"shipping-taxable","19":"purchasable","20":"product-type-simple"},"aioseo_notices":[],"uagb_featured_image_src":{"full":["https:\/\/unikbotanik.se\/wp-content\/uploads\/2020\/12\/VWAZW002001.jpg",900,900,false],"thumbnail":["https:\/\/unikbotanik.se\/wp-content\/uploads\/2020\/12\/VWAZW002001-150x150.jpg",150,150,true],"medium":["https:\/\/unikbotanik.se\/wp-content\/uploads\/2020\/12\/VWAZW002001-300x300.jpg",300,300,true],"medium_large":["https:\/\/unikbotanik.se\/wp-content\/uploads\/2020\/12\/VWAZW002001-768x768.jpg",768,768,true],"large":["https:\/\/unikbotanik.se\/wp-content\/uploads\/2020\/12\/VWAZW002001.jpg",900,900,false],"1536x1536":["https:\/\/unikbotanik.se\/wp-content\/uploads\/2020\/12\/VWAZW002001.jpg",900,900,false],"2048x2048":["https:\/\/unikbotanik.se\/wp-content\/uploads\/2020\/12\/VWAZW002001.jpg",900,900,false],"woocommerce_thumbnail":["https:\/\/unikbotanik.se\/wp-content\/uploads\/2020\/12\/VWAZW002001-300x300.jpg",300,300,true],"woocommerce_single":["https:\/\/unikbotanik.se\/wp-content\/uploads\/2020\/12\/VWAZW002001-600x600.jpg",600,600,true],"woocommerce_gallery_thumbnail":["https:\/\/unikbotanik.se\/wp-content\/uploads\/2020\/12\/VWAZW002001-100x100.jpg",100,100,true]},"uagb_author_info":{"display_name":"unikbotanik","author_link":"https:\/\/unikbotanik.se\/en\/author\/"},"uagb_comment_info":0,"uagb_excerpt":"En rej\u00e4l sax f\u00f6r kraftigare blommor och sm\u00e5 kvistar specialanpassad till dig som sysslar med Ikebana. Den \u00e4r ocks\u00e5 perfekt f\u00f6r dig som jobbar i blomsteraff\u00e4r och klipper stora m\u00e4ngder snittblommor varje dag. Med det rej\u00e4la skaftet och det korta bladet f\u00e5r du fin h\u00e4vst\u00e5ngseffekt. Det vassa bladet sk\u00e4r med l\u00e4tthet igenom \u00e4ven tjocka rosor&hellip;","_links":{"self":[{"href":"https:\/\/unikbotanik.se\/en\/wp-json\/wp\/v2\/product\/7728","targetHints":{"allow":["GET"]}}],"collection":[{"href":"https:\/\/unikbotanik.se\/en\/wp-json\/wp\/v2\/product"}],"about":[{"href":"https:\/\/unikbotanik.se\/en\/wp-json\/wp\/v2\/types\/product"}],"replies":[{"embeddable":true,"href":"https:\/\/unikbotanik.se\/en\/wp-json\/wp\/v2\/comments?post=7728"}],"wp:featuredmedia":[{"embeddable":true,"href":"https:\/\/unikbotanik.se\/en\/wp-json\/wp\/v2\/media\/7729"}],"wp:attachment":[{"href":"https:\/\/unikbotanik.se\/en\/wp-json\/wp\/v2\/media?parent=7728"}],"wp:term":[{"taxonomy":"product_brand","embeddable":true,"href":"https:\/\/unikbotanik.se\/en\/wp-json\/wp\/v2\/product_brand?post=7728"},{"taxonomy":"product_cat","embeddable":true,"href":"https:\/\/unikbotanik.se\/en\/wp-json\/wp\/v2\/product_cat?post=7728"},{"taxonomy":"product_tag","embeddable":true,"href":"https:\/\/unikbotanik.se\/en\/wp-json\/wp\/v2\/product_tag?post=7728"}],"curies":[{"name":"wp","href":"https:\/\/api.w.org\/{rel}","templated":true}]}}