{"id":7185,"date":"2020-09-15T09:25:03","date_gmt":"2020-09-15T07:25:03","guid":{"rendered":"https:\/\/unikbotanik.se\/?post_type=product&#038;p=7185"},"modified":"2026-04-05T10:40:22","modified_gmt":"2026-04-05T08:40:22","slug":"bonsai-tang-jin-tang-tradtang-handsmidd-210-x-50-x-15-mm-wazakura-japan","status":"publish","type":"product","link":"https:\/\/unikbotanik.se\/en\/produkt\/bonsai-tang-jin-tang-tradtang-handsmidd-210-x-50-x-15-mm-wazakura-japan\/","title":{"rendered":"Bonsai-t\u00e5ng\/jin-t\u00e5ng\/tr\u00e5dt\u00e5ng handsmidd, 210mm. Wazakura, Japan"},"content":{"rendered":"<p>Handsmidd jin-t\u00e5ng, bonsai-t\u00e5ng f\u00f6r tr\u00e5dlindning men ocks\u00e5 f\u00f6r bearbetning av jin\/d\u00f6d ved. Den rundade spetsen begr\u00e4nsar risken att skada barken vid arbete med din bonsai. Greppytan \u00e4r forma s\u00e5 att du f\u00e5r mycket bra grepp om tr\u00e5d n\u00e4r du skall ta av tr\u00e5den p\u00e5 ett lindat tr\u00e4d.<\/p>\n<p>T\u00e5ngen \u00e4r skapad av den japanska firman Wazakura som ligger i Sanjo, Niigata-prefekturen p\u00e5 \u00f6n Honshu i Japan. T\u00e5ngen \u00e4r varmsmidd f\u00f6r hand i kolst\u00e5l p\u00e5 traditionellt japanskt vis. Spetsen \u00e4r inte formpressad utan utsmidd genom r\u00e4ckning vilket ger ett mer bearbetat st\u00e5l med mindre kristallbildning och s\u00e5ledes mer h\u00e5llbar.<\/p>\n<p>Som alla bra verktyg beh\u00f6ver den underh\u00e5llas. Sav beh\u00f6ver torkas bort eller ibland diskas bort. D\u00e4refter skall den torkas noggrant och g\u00e4rna sm\u00f6rjas in med t.ex. <a href=\"https:\/\/unikbotanik.se\/sv\/produkt\/camellia-olja-for-verktygsunderhall-rostskydd\/\">camelliaolja<\/a> som rostskyddar och sm\u00f6rjer t\u00e5ngen.<\/p>\n<p>Nedan finner du en video p\u00e5 hur du tar hand om dina Wazakura-verktyg:<\/p>\n<p><iframe loading=\"lazy\" title=\"YouTube video player\" src=\"https:\/\/www.youtube.com\/embed\/czKqvV0TKmo\" width=\"560\" height=\"315\" frameborder=\"0\" allowfullscreen=\"allowfullscreen\"><\/iframe><\/p>\n<p><strong>Tekniska data:<\/strong><\/p>\n<ul>\n<li>Dimensioner: 210 x 50 x 15 mm<\/li>\n<li>Vikt: c:a 230 g<\/li>\n<li>Material: S55C Kolst\u00e5l<\/li>\n<\/ul>\n","protected":false},"excerpt":{"rendered":"<p>Handsmidd jin-t\u00e5ng, bonsai-t\u00e5ng f\u00f6r tr\u00e5dlindning men ocks\u00e5 f\u00f6r bearbetning av jin\/d\u00f6d ved. Den rundade spetsen begr\u00e4nsar risken att skada barken vid arbete med din bonsai. Greppytan \u00e4r forma s\u00e5 att du f\u00e5r mycket bra grepp om tr\u00e5d n\u00e4r du skall ta av tr\u00e5den p\u00e5 ett lindat tr\u00e4d. T\u00e5ngen \u00e4r skapad av den japanska firman Wazakura [&hellip;]<\/p>\n","protected":false},"featured_media":7186,"comment_status":"open","ping_status":"closed","template":"","meta":{"_uag_custom_page_level_css":"","_uf_show_specific_survey":0,"_uf_disable_surveys":false,"site-sidebar-layout":"default","site-content-layout":"","ast-site-content-layout":"default","site-content-style":"default","site-sidebar-style":"default","ast-global-header-display":"","ast-banner-title-visibility":"","ast-main-header-display":"","ast-hfb-above-header-display":"","ast-hfb-below-header-display":"","ast-hfb-mobile-header-display":"","site-post-title":"","ast-breadcrumbs-content":"","ast-featured-img":"","footer-sml-layout":"","ast-disable-related-posts":"","theme-transparent-header-meta":"","adv-header-id-meta":"","stick-header-meta":"","header-above-stick-meta":"","header-main-stick-meta":"","header-below-stick-meta":"","astra-migrate-meta-layouts":"default","ast-page-background-enabled":"default","ast-page-background-meta":{"desktop":{"background-color":"var(--ast-global-color-4)","background-image":"","background-repeat":"repeat","background-position":"center center","background-size":"auto","background-attachment":"scroll","background-type":"","background-media":"","overlay-type":"","overlay-color":"","overlay-opacity":"","overlay-gradient":""},"tablet":{"background-color":"","background-image":"","background-repeat":"repeat","background-position":"center center","background-size":"auto","background-attachment":"scroll","background-type":"","background-media":"","overlay-type":"","overlay-color":"","overlay-opacity":"","overlay-gradient":""},"mobile":{"background-color":"","background-image":"","background-repeat":"repeat","background-position":"center center","background-size":"auto","background-attachment":"scroll","background-type":"","background-media":"","overlay-type":"","overlay-color":"","overlay-opacity":"","overlay-gradient":""}},"ast-content-background-meta":{"desktop":{"background-color":"var(--ast-global-color-5)","background-image":"","background-repeat":"repeat","background-position":"center center","background-size":"auto","background-attachment":"scroll","background-type":"","background-media":"","overlay-type":"","overlay-color":"","overlay-opacity":"","overlay-gradient":""},"tablet":{"background-color":"var(--ast-global-color-5)","background-image":"","background-repeat":"repeat","background-position":"center center","background-size":"auto","background-attachment":"scroll","background-type":"","background-media":"","overlay-type":"","overlay-color":"","overlay-opacity":"","overlay-gradient":""},"mobile":{"background-color":"var(--ast-global-color-5)","background-image":"","background-repeat":"repeat","background-position":"center center","background-size":"auto","background-attachment":"scroll","background-type":"","background-media":"","overlay-type":"","overlay-color":"","overlay-opacity":"","overlay-gradient":""}}},"product_brand":[],"product_cat":[416,413,183],"product_tag":[],"class_list":{"0":"post-7185","1":"product","2":"type-product","3":"status-publish","4":"has-post-thumbnail","6":"product_cat-jinverktyg","7":"product_cat-tanger","8":"product_cat-wazakura-japan","9":"desktop-align-left","10":"tablet-align-left","11":"mobile-align-left","12":"ast-product-gallery-layout-horizontal-slider","13":"ast-product-tabs-layout-horizontal","14":"ast-qv-on-image","16":"first","17":"instock","18":"taxable","19":"shipping-taxable","20":"purchasable","21":"product-type-simple"},"aioseo_notices":[],"uagb_featured_image_src":{"full":["https:\/\/unikbotanik.se\/wp-content\/uploads\/2020\/09\/VWAZW001014.jpg",900,900,false],"thumbnail":["https:\/\/unikbotanik.se\/wp-content\/uploads\/2020\/09\/VWAZW001014-150x150.jpg",150,150,true],"medium":["https:\/\/unikbotanik.se\/wp-content\/uploads\/2020\/09\/VWAZW001014-300x300.jpg",300,300,true],"medium_large":["https:\/\/unikbotanik.se\/wp-content\/uploads\/2020\/09\/VWAZW001014-768x768.jpg",768,768,true],"large":["https:\/\/unikbotanik.se\/wp-content\/uploads\/2020\/09\/VWAZW001014.jpg",900,900,false],"1536x1536":["https:\/\/unikbotanik.se\/wp-content\/uploads\/2020\/09\/VWAZW001014.jpg",900,900,false],"2048x2048":["https:\/\/unikbotanik.se\/wp-content\/uploads\/2020\/09\/VWAZW001014.jpg",900,900,false],"woocommerce_thumbnail":["https:\/\/unikbotanik.se\/wp-content\/uploads\/2020\/09\/VWAZW001014-300x300.jpg",300,300,true],"woocommerce_single":["https:\/\/unikbotanik.se\/wp-content\/uploads\/2020\/09\/VWAZW001014-600x600.jpg",600,600,true],"woocommerce_gallery_thumbnail":["https:\/\/unikbotanik.se\/wp-content\/uploads\/2020\/09\/VWAZW001014-100x100.jpg",100,100,true]},"uagb_author_info":{"display_name":"unikbotanik","author_link":"https:\/\/unikbotanik.se\/en\/author\/"},"uagb_comment_info":0,"uagb_excerpt":"Handsmidd jin-t\u00e5ng, bonsai-t\u00e5ng f\u00f6r tr\u00e5dlindning men ocks\u00e5 f\u00f6r bearbetning av jin\/d\u00f6d ved. Den rundade spetsen begr\u00e4nsar risken att skada barken vid arbete med din bonsai. Greppytan \u00e4r forma s\u00e5 att du f\u00e5r mycket bra grepp om tr\u00e5d n\u00e4r du skall ta av tr\u00e5den p\u00e5 ett lindat tr\u00e4d. T\u00e5ngen \u00e4r skapad av den japanska firman Wazakura&hellip;","_links":{"self":[{"href":"https:\/\/unikbotanik.se\/en\/wp-json\/wp\/v2\/product\/7185","targetHints":{"allow":["GET"]}}],"collection":[{"href":"https:\/\/unikbotanik.se\/en\/wp-json\/wp\/v2\/product"}],"about":[{"href":"https:\/\/unikbotanik.se\/en\/wp-json\/wp\/v2\/types\/product"}],"replies":[{"embeddable":true,"href":"https:\/\/unikbotanik.se\/en\/wp-json\/wp\/v2\/comments?post=7185"}],"wp:featuredmedia":[{"embeddable":true,"href":"https:\/\/unikbotanik.se\/en\/wp-json\/wp\/v2\/media\/7186"}],"wp:attachment":[{"href":"https:\/\/unikbotanik.se\/en\/wp-json\/wp\/v2\/media?parent=7185"}],"wp:term":[{"taxonomy":"product_brand","embeddable":true,"href":"https:\/\/unikbotanik.se\/en\/wp-json\/wp\/v2\/product_brand?post=7185"},{"taxonomy":"product_cat","embeddable":true,"href":"https:\/\/unikbotanik.se\/en\/wp-json\/wp\/v2\/product_cat?post=7185"},{"taxonomy":"product_tag","embeddable":true,"href":"https:\/\/unikbotanik.se\/en\/wp-json\/wp\/v2\/product_tag?post=7185"}],"curies":[{"name":"wp","href":"https:\/\/api.w.org\/{rel}","templated":true}]}}