{"id":7122,"date":"2020-09-13T10:55:44","date_gmt":"2020-09-13T08:55:44","guid":{"rendered":"https:\/\/unikbotanik.se\/?post_type=product&#038;p=7122"},"modified":"2026-04-05T10:39:44","modified_gmt":"2026-04-05T08:39:44","slug":"bonsaisax-traditionell-tradgardssax-handsmidd-180-x-75-x-19-mm-blad-52mm-wazakura-japan-kopia","status":"publish","type":"product","link":"https:\/\/unikbotanik.se\/en\/produkt\/bonsaisax-traditionell-tradgardssax-handsmidd-180-x-75-x-19-mm-blad-52mm-wazakura-japan-kopia\/","title":{"rendered":"Bonsaisax\/ashinaga, handsmidd, 200 x 80 x 15 mm. Blad 52mm, Wazakura, Japan"},"content":{"rendered":"<p>Japansk handsmidd tr\u00e4dg\u00e5rdssax\/bonsaisax\/ashinaga. Detta \u00e4r en kraftig sax med l\u00e4tt b\u00f6jda handtag. Perfekt f\u00f6r snittblommor, kvistar m.m. Den passar ocks\u00e5 mycket bra till ikebana, japanska blomarrangemang. Saxen har ett sk\u00f6nt, lite vinklat, handgrepp med hyfsad h\u00e4vst\u00e5ng och plats f\u00f6r alla fingrarna.<\/p>\n<p>Saxen \u00e4r smidd f\u00f6r hand i kolst\u00e5l p\u00e5 traditionellt japanskt vis i Nigata, Japan. Den ger snygga snitt som l\u00e4ker effektivare eftersom saxen inte trasar s\u00f6nder ytan och bjuder in till svampangrepp eller virusangrepp.<\/p>\n<p>Den har mycket bra sk\u00e4rpa men som alla bra verktyg beh\u00f6ver den underh\u00e5llas. Sav beh\u00f6ver torkas bort eller ibland diskas bort. D\u00e4refter skall den torkas noggrant och g\u00e4rna sm\u00f6rjas in med t.ex. <a href=\"https:\/\/unikbotanik.se\/sv\/produkt\/camellia-olja-for-verktygsunderhall-rostskydd\/\">camelliaolja<\/a> som rostskyddar och sm\u00f6rjer t\u00e5ngen.<\/p>\n<p>Nedan finner du en video p\u00e5 hur du tar hand om dina Wazakura-verktyg:<\/p>\n<p><iframe loading=\"lazy\" title=\"YouTube video player\" src=\"https:\/\/www.youtube.com\/embed\/czKqvV0TKmo\" width=\"560\" height=\"315\" frameborder=\"0\" allowfullscreen=\"allowfullscreen\"><\/iframe><\/p>\n<p><strong>Tekniska data:<\/strong><\/p>\n<ul>\n<li>Dimensioner: 200 x 80 x 15 mm<\/li>\n<li>Blad: 52 mm<\/li>\n<li>Vikt: c:a 154 g<\/li>\n<li>Material: S58C Kolst\u00e5l<\/li>\n<\/ul>\n","protected":false},"excerpt":{"rendered":"<p>Japansk handsmidd tr\u00e4dg\u00e5rdssax\/bonsaisax\/ashinaga. Detta \u00e4r en kraftig sax med l\u00e4tt b\u00f6jda handtag. Perfekt f\u00f6r snittblommor, kvistar m.m. Den passar ocks\u00e5 mycket bra till ikebana, japanska blomarrangemang. Saxen har ett sk\u00f6nt, lite vinklat, handgrepp med hyfsad h\u00e4vst\u00e5ng och plats f\u00f6r alla fingrarna. Saxen \u00e4r smidd f\u00f6r hand i kolst\u00e5l p\u00e5 traditionellt japanskt vis i Nigata, Japan. [&hellip;]<\/p>\n","protected":false},"featured_media":7166,"comment_status":"open","ping_status":"closed","template":"","meta":{"_uag_custom_page_level_css":"","_uf_show_specific_survey":0,"_uf_disable_surveys":false,"site-sidebar-layout":"default","site-content-layout":"","ast-site-content-layout":"default","site-content-style":"default","site-sidebar-style":"default","ast-global-header-display":"","ast-banner-title-visibility":"","ast-main-header-display":"","ast-hfb-above-header-display":"","ast-hfb-below-header-display":"","ast-hfb-mobile-header-display":"","site-post-title":"","ast-breadcrumbs-content":"","ast-featured-img":"","footer-sml-layout":"","ast-disable-related-posts":"","theme-transparent-header-meta":"","adv-header-id-meta":"","stick-header-meta":"","header-above-stick-meta":"","header-main-stick-meta":"","header-below-stick-meta":"","astra-migrate-meta-layouts":"default","ast-page-background-enabled":"default","ast-page-background-meta":{"desktop":{"background-color":"var(--ast-global-color-4)","background-image":"","background-repeat":"repeat","background-position":"center center","background-size":"auto","background-attachment":"scroll","background-type":"","background-media":"","overlay-type":"","overlay-color":"","overlay-opacity":"","overlay-gradient":""},"tablet":{"background-color":"","background-image":"","background-repeat":"repeat","background-position":"center center","background-size":"auto","background-attachment":"scroll","background-type":"","background-media":"","overlay-type":"","overlay-color":"","overlay-opacity":"","overlay-gradient":""},"mobile":{"background-color":"","background-image":"","background-repeat":"repeat","background-position":"center center","background-size":"auto","background-attachment":"scroll","background-type":"","background-media":"","overlay-type":"","overlay-color":"","overlay-opacity":"","overlay-gradient":""}},"ast-content-background-meta":{"desktop":{"background-color":"var(--ast-global-color-5)","background-image":"","background-repeat":"repeat","background-position":"center center","background-size":"auto","background-attachment":"scroll","background-type":"","background-media":"","overlay-type":"","overlay-color":"","overlay-opacity":"","overlay-gradient":""},"tablet":{"background-color":"var(--ast-global-color-5)","background-image":"","background-repeat":"repeat","background-position":"center center","background-size":"auto","background-attachment":"scroll","background-type":"","background-media":"","overlay-type":"","overlay-color":"","overlay-opacity":"","overlay-gradient":""},"mobile":{"background-color":"var(--ast-global-color-5)","background-image":"","background-repeat":"repeat","background-position":"center center","background-size":"auto","background-attachment":"scroll","background-type":"","background-media":"","overlay-type":"","overlay-color":"","overlay-opacity":"","overlay-gradient":""}}},"product_brand":[],"product_cat":[162,412,183],"product_tag":[],"class_list":{"0":"post-7122","1":"product","2":"type-product","3":"status-publish","4":"has-post-thumbnail","6":"product_cat-presenttips","7":"product_cat-saxar","8":"product_cat-wazakura-japan","9":"desktop-align-left","10":"tablet-align-left","11":"mobile-align-left","12":"ast-product-gallery-layout-horizontal-slider","13":"ast-product-tabs-layout-horizontal","14":"ast-qv-on-image","16":"first","17":"instock","18":"taxable","19":"shipping-taxable","20":"purchasable","21":"product-type-simple"},"aioseo_notices":[],"uagb_featured_image_src":{"full":["https:\/\/unikbotanik.se\/wp-content\/uploads\/2020\/09\/VWAZW001003-1.jpg",900,900,false],"thumbnail":["https:\/\/unikbotanik.se\/wp-content\/uploads\/2020\/09\/VWAZW001003-1-150x150.jpg",150,150,true],"medium":["https:\/\/unikbotanik.se\/wp-content\/uploads\/2020\/09\/VWAZW001003-1-300x300.jpg",300,300,true],"medium_large":["https:\/\/unikbotanik.se\/wp-content\/uploads\/2020\/09\/VWAZW001003-1-768x768.jpg",768,768,true],"large":["https:\/\/unikbotanik.se\/wp-content\/uploads\/2020\/09\/VWAZW001003-1.jpg",900,900,false],"1536x1536":["https:\/\/unikbotanik.se\/wp-content\/uploads\/2020\/09\/VWAZW001003-1.jpg",900,900,false],"2048x2048":["https:\/\/unikbotanik.se\/wp-content\/uploads\/2020\/09\/VWAZW001003-1.jpg",900,900,false],"woocommerce_thumbnail":["https:\/\/unikbotanik.se\/wp-content\/uploads\/2020\/09\/VWAZW001003-1-300x300.jpg",300,300,true],"woocommerce_single":["https:\/\/unikbotanik.se\/wp-content\/uploads\/2020\/09\/VWAZW001003-1-600x600.jpg",600,600,true],"woocommerce_gallery_thumbnail":["https:\/\/unikbotanik.se\/wp-content\/uploads\/2020\/09\/VWAZW001003-1-100x100.jpg",100,100,true]},"uagb_author_info":{"display_name":"unikbotanik","author_link":"https:\/\/unikbotanik.se\/en\/author\/"},"uagb_comment_info":0,"uagb_excerpt":"Japansk handsmidd tr\u00e4dg\u00e5rdssax\/bonsaisax\/ashinaga. Detta \u00e4r en kraftig sax med l\u00e4tt b\u00f6jda handtag. Perfekt f\u00f6r snittblommor, kvistar m.m. Den passar ocks\u00e5 mycket bra till ikebana, japanska blomarrangemang. Saxen har ett sk\u00f6nt, lite vinklat, handgrepp med hyfsad h\u00e4vst\u00e5ng och plats f\u00f6r alla fingrarna. Saxen \u00e4r smidd f\u00f6r hand i kolst\u00e5l p\u00e5 traditionellt japanskt vis i Nigata, Japan.&hellip;","_links":{"self":[{"href":"https:\/\/unikbotanik.se\/en\/wp-json\/wp\/v2\/product\/7122","targetHints":{"allow":["GET"]}}],"collection":[{"href":"https:\/\/unikbotanik.se\/en\/wp-json\/wp\/v2\/product"}],"about":[{"href":"https:\/\/unikbotanik.se\/en\/wp-json\/wp\/v2\/types\/product"}],"replies":[{"embeddable":true,"href":"https:\/\/unikbotanik.se\/en\/wp-json\/wp\/v2\/comments?post=7122"}],"wp:featuredmedia":[{"embeddable":true,"href":"https:\/\/unikbotanik.se\/en\/wp-json\/wp\/v2\/media\/7166"}],"wp:attachment":[{"href":"https:\/\/unikbotanik.se\/en\/wp-json\/wp\/v2\/media?parent=7122"}],"wp:term":[{"taxonomy":"product_brand","embeddable":true,"href":"https:\/\/unikbotanik.se\/en\/wp-json\/wp\/v2\/product_brand?post=7122"},{"taxonomy":"product_cat","embeddable":true,"href":"https:\/\/unikbotanik.se\/en\/wp-json\/wp\/v2\/product_cat?post=7122"},{"taxonomy":"product_tag","embeddable":true,"href":"https:\/\/unikbotanik.se\/en\/wp-json\/wp\/v2\/product_tag?post=7122"}],"curies":[{"name":"wp","href":"https:\/\/api.w.org\/{rel}","templated":true}]}}