{"id":7048,"date":"2020-09-09T09:29:53","date_gmt":"2020-09-09T07:29:53","guid":{"rendered":"https:\/\/unikbotanik.se\/?post_type=product&#038;p=7048"},"modified":"2026-04-13T11:25:07","modified_gmt":"2026-04-13T09:25:07","slug":"bonsaiverktygskit-startkit-med-handsmidda-bonsaiverktyg-wazakura-japan","status":"publish","type":"product","link":"https:\/\/unikbotanik.se\/en\/produkt\/bonsaiverktygskit-startkit-med-handsmidda-bonsaiverktyg-wazakura-japan\/","title":{"rendered":"Bonsaiverktygskit, startkit med handsmidda bonsaiverktyg, Wazakura, Japan"},"content":{"rendered":"<p>Ett nyb\u00f6rjarkit, startkit med bonsaiverktyg f\u00f6r dig som vill ha det lilla extra i design och kvalitet. Verktygen \u00e4r tillverkade av de japanska smederna hos Wazakura, en japansk smidesverkstad bel\u00e4gen i Fukuoka, Japan.<\/p>\n<p>Saxen \u00e4r smidd f\u00f6r hand i kolst\u00e5l p\u00e5 traditionellt japanskt vis. Den har bra sk\u00e4rpa men som alla bra verktyg beh\u00f6ver den underh\u00e5llas. Sav beh\u00f6ver torkas bort eller ibland diskas bort. D\u00e4refter skall den torkas noggrant och g\u00e4rna sm\u00f6rjas in med t.ex. <a href=\"https:\/\/unikbotanik.se\/sv\/produkt\/camellia-olja-for-verktygsunderhall-rostskydd\/\">camelliaolja<\/a> som rostskyddar och sm\u00f6rjer.<\/p>\n<p>Pincett och kratta i ett \u00e4r en klassisk l\u00f6sning f\u00f6r att jobba med rotsystemet samt h\u00e5lla rent tr\u00e4det.<\/p>\n<p>D\u00e4rtill kommer en vackert bunden borste av kinesisk v\u00e4derkvarnspalm f\u00f6r att sopa bort l\u00f6v och annat b\u00f4s som ramlat ner p\u00e5 jorden.<\/p>\n<p><strong>Tekniska data:<\/strong><\/p>\n<p>Azalea-sax:<\/p>\n<ul>\n<li>Dimensioner: 180 x 95 x 17 mm<\/li>\n<li>Bladl\u00e4ngd: 52 mm<\/li>\n<li>Vikt: 156 g<\/li>\n<li>Material: S58C st\u00e5l<\/li>\n<li>F\u00e4rg: traditionell svart<\/li>\n<\/ul>\n<p>Pincett\/kratta:<\/p>\n<ul>\n<li>Dimensioner: 220 x 30 x 25 mm<\/li>\n<li>Vikt: 43 g<\/li>\n<li>Material: Rostfritt st\u00e5l<\/li>\n<\/ul>\n<p>Borste<\/p>\n<ul>\n<li>Dimensioner: 140 x 60 x 25 mm<\/li>\n<li>Vikt: 18 g<\/li>\n<li>Material: palmfiber och koppartr\u00e5d<\/li>\n<\/ul>\n<p>Nedan finner du en video p\u00e5 hur du tar hand om dina Wazakura-verktyg:<\/p>\n<p><iframe loading=\"lazy\" title=\"YouTube video player\" src=\"https:\/\/www.youtube.com\/embed\/czKqvV0TKmo\" width=\"560\" height=\"315\" frameborder=\"0\" allowfullscreen=\"allowfullscreen\"><\/iframe><\/p>\n<p>&nbsp;<\/p>\n<p>&nbsp;<\/p>\n","protected":false},"excerpt":{"rendered":"<p>Ett nyb\u00f6rjarkit, startkit med bonsaiverktyg f\u00f6r dig som vill ha det lilla extra i design och kvalitet. Verktygen \u00e4r tillverkade av de japanska smederna hos Wazakura, en japansk smidesverkstad bel\u00e4gen i Fukuoka, Japan. Saxen \u00e4r smidd f\u00f6r hand i kolst\u00e5l p\u00e5 traditionellt japanskt vis. Den har bra sk\u00e4rpa men som alla bra verktyg beh\u00f6ver den [&hellip;]<\/p>\n","protected":false},"featured_media":7085,"comment_status":"open","ping_status":"closed","template":"","meta":{"_uag_custom_page_level_css":"","_uf_show_specific_survey":0,"_uf_disable_surveys":false,"site-sidebar-layout":"default","site-content-layout":"","ast-site-content-layout":"default","site-content-style":"default","site-sidebar-style":"default","ast-global-header-display":"","ast-banner-title-visibility":"","ast-main-header-display":"","ast-hfb-above-header-display":"","ast-hfb-below-header-display":"","ast-hfb-mobile-header-display":"","site-post-title":"","ast-breadcrumbs-content":"","ast-featured-img":"","footer-sml-layout":"","ast-disable-related-posts":"","theme-transparent-header-meta":"","adv-header-id-meta":"","stick-header-meta":"","header-above-stick-meta":"","header-main-stick-meta":"","header-below-stick-meta":"","astra-migrate-meta-layouts":"default","ast-page-background-enabled":"default","ast-page-background-meta":{"desktop":{"background-color":"var(--ast-global-color-4)","background-image":"","background-repeat":"repeat","background-position":"center center","background-size":"auto","background-attachment":"scroll","background-type":"","background-media":"","overlay-type":"","overlay-color":"","overlay-opacity":"","overlay-gradient":""},"tablet":{"background-color":"","background-image":"","background-repeat":"repeat","background-position":"center center","background-size":"auto","background-attachment":"scroll","background-type":"","background-media":"","overlay-type":"","overlay-color":"","overlay-opacity":"","overlay-gradient":""},"mobile":{"background-color":"","background-image":"","background-repeat":"repeat","background-position":"center center","background-size":"auto","background-attachment":"scroll","background-type":"","background-media":"","overlay-type":"","overlay-color":"","overlay-opacity":"","overlay-gradient":""}},"ast-content-background-meta":{"desktop":{"background-color":"var(--ast-global-color-5)","background-image":"","background-repeat":"repeat","background-position":"center center","background-size":"auto","background-attachment":"scroll","background-type":"","background-media":"","overlay-type":"","overlay-color":"","overlay-opacity":"","overlay-gradient":""},"tablet":{"background-color":"var(--ast-global-color-5)","background-image":"","background-repeat":"repeat","background-position":"center center","background-size":"auto","background-attachment":"scroll","background-type":"","background-media":"","overlay-type":"","overlay-color":"","overlay-opacity":"","overlay-gradient":""},"mobile":{"background-color":"var(--ast-global-color-5)","background-image":"","background-repeat":"repeat","background-position":"center center","background-size":"auto","background-attachment":"scroll","background-type":"","background-media":"","overlay-type":"","overlay-color":"","overlay-opacity":"","overlay-gradient":""}}},"product_brand":[],"product_cat":[162,420,183],"product_tag":[],"class_list":{"0":"post-7048","1":"product","2":"type-product","3":"status-publish","4":"has-post-thumbnail","6":"product_cat-presenttips","7":"product_cat-verktygskit","8":"product_cat-wazakura-japan","9":"desktop-align-left","10":"tablet-align-left","11":"mobile-align-left","12":"ast-product-gallery-layout-horizontal-slider","13":"ast-product-tabs-layout-horizontal","14":"ast-qv-on-image","16":"first","17":"instock","18":"taxable","19":"shipping-taxable","20":"purchasable","21":"product-type-simple"},"aioseo_notices":[],"uagb_featured_image_src":{"full":["https:\/\/unikbotanik.se\/wp-content\/uploads\/2020\/09\/VWASW001021.jpg",1500,1500,false],"thumbnail":["https:\/\/unikbotanik.se\/wp-content\/uploads\/2020\/09\/VWASW001021-150x150.jpg",150,150,true],"medium":["https:\/\/unikbotanik.se\/wp-content\/uploads\/2020\/09\/VWASW001021-300x300.jpg",300,300,true],"medium_large":["https:\/\/unikbotanik.se\/wp-content\/uploads\/2020\/09\/VWASW001021-768x768.jpg",768,768,true],"large":["https:\/\/unikbotanik.se\/wp-content\/uploads\/2020\/09\/VWASW001021-1024x1024.jpg",1024,1024,true],"1536x1536":["https:\/\/unikbotanik.se\/wp-content\/uploads\/2020\/09\/VWASW001021.jpg",1500,1500,false],"2048x2048":["https:\/\/unikbotanik.se\/wp-content\/uploads\/2020\/09\/VWASW001021.jpg",1500,1500,false],"woocommerce_thumbnail":["https:\/\/unikbotanik.se\/wp-content\/uploads\/2020\/09\/VWASW001021-300x300.jpg",300,300,true],"woocommerce_single":["https:\/\/unikbotanik.se\/wp-content\/uploads\/2020\/09\/VWASW001021-600x600.jpg",600,600,true],"woocommerce_gallery_thumbnail":["https:\/\/unikbotanik.se\/wp-content\/uploads\/2020\/09\/VWASW001021-100x100.jpg",100,100,true]},"uagb_author_info":{"display_name":"unikbotanik","author_link":"https:\/\/unikbotanik.se\/en\/author\/"},"uagb_comment_info":0,"uagb_excerpt":"Ett nyb\u00f6rjarkit, startkit med bonsaiverktyg f\u00f6r dig som vill ha det lilla extra i design och kvalitet. Verktygen \u00e4r tillverkade av de japanska smederna hos Wazakura, en japansk smidesverkstad bel\u00e4gen i Fukuoka, Japan. Saxen \u00e4r smidd f\u00f6r hand i kolst\u00e5l p\u00e5 traditionellt japanskt vis. Den har bra sk\u00e4rpa men som alla bra verktyg beh\u00f6ver den&hellip;","_links":{"self":[{"href":"https:\/\/unikbotanik.se\/en\/wp-json\/wp\/v2\/product\/7048","targetHints":{"allow":["GET"]}}],"collection":[{"href":"https:\/\/unikbotanik.se\/en\/wp-json\/wp\/v2\/product"}],"about":[{"href":"https:\/\/unikbotanik.se\/en\/wp-json\/wp\/v2\/types\/product"}],"replies":[{"embeddable":true,"href":"https:\/\/unikbotanik.se\/en\/wp-json\/wp\/v2\/comments?post=7048"}],"wp:featuredmedia":[{"embeddable":true,"href":"https:\/\/unikbotanik.se\/en\/wp-json\/wp\/v2\/media\/7085"}],"wp:attachment":[{"href":"https:\/\/unikbotanik.se\/en\/wp-json\/wp\/v2\/media?parent=7048"}],"wp:term":[{"taxonomy":"product_brand","embeddable":true,"href":"https:\/\/unikbotanik.se\/en\/wp-json\/wp\/v2\/product_brand?post=7048"},{"taxonomy":"product_cat","embeddable":true,"href":"https:\/\/unikbotanik.se\/en\/wp-json\/wp\/v2\/product_cat?post=7048"},{"taxonomy":"product_tag","embeddable":true,"href":"https:\/\/unikbotanik.se\/en\/wp-json\/wp\/v2\/product_tag?post=7048"}],"curies":[{"name":"wp","href":"https:\/\/api.w.org\/{rel}","templated":true}]}}