{"id":6293,"date":"2020-05-10T15:55:44","date_gmt":"2020-05-10T13:55:44","guid":{"rendered":"https:\/\/unikbotanik.se\/?post_type=product&#038;p=6293"},"modified":"2026-03-22T15:11:01","modified_gmt":"2026-03-22T14:11:01","slug":"plastnat-till-krukbotten-30-x-20-cm","status":"publish","type":"product","link":"https:\/\/unikbotanik.se\/en\/produkt\/plastnat-till-krukbotten-30-x-20-cm\/","title":{"rendered":"Plastn\u00e4t till krukbotten, 300 x 200 mm"},"content":{"rendered":"<p>1 st plastn\u00e4t 300 x 200 mm<\/p>\n<p>L\u00e4mplig till att klippa i bitar och f\u00e4sta p\u00e5 botten av bonsai-krukan f\u00f6r att f\u00f6rhindra att odlingsmedium faller ut genom dr\u00e4neringsh\u00e5let.<\/p>\n<p>N\u00e4ten kan se lite olika ut beroende p\u00e5 leverant\u00f6r.<\/p>\n","protected":false},"excerpt":{"rendered":"<p>1 st plastn\u00e4t 300 x 200 mm L\u00e4mplig till att klippa i bitar och f\u00e4sta p\u00e5 botten av bonsai-krukan f\u00f6r att f\u00f6rhindra att odlingsmedium faller ut genom dr\u00e4neringsh\u00e5let. N\u00e4ten kan se lite olika ut beroende p\u00e5 leverant\u00f6r.<\/p>\n","protected":false},"featured_media":6300,"comment_status":"open","ping_status":"closed","template":"","meta":{"_uag_custom_page_level_css":"","_uf_show_specific_survey":0,"_uf_disable_surveys":false,"site-sidebar-layout":"default","site-content-layout":"","ast-site-content-layout":"default","site-content-style":"default","site-sidebar-style":"default","ast-global-header-display":"","ast-banner-title-visibility":"","ast-main-header-display":"","ast-hfb-above-header-display":"","ast-hfb-below-header-display":"","ast-hfb-mobile-header-display":"","site-post-title":"","ast-breadcrumbs-content":"","ast-featured-img":"","footer-sml-layout":"","ast-disable-related-posts":"","theme-transparent-header-meta":"","adv-header-id-meta":"","stick-header-meta":"","header-above-stick-meta":"","header-main-stick-meta":"","header-below-stick-meta":"","astra-migrate-meta-layouts":"default","ast-page-background-enabled":"default","ast-page-background-meta":{"desktop":{"background-color":"var(--ast-global-color-4)","background-image":"","background-repeat":"repeat","background-position":"center center","background-size":"auto","background-attachment":"scroll","background-type":"","background-media":"","overlay-type":"","overlay-color":"","overlay-opacity":"","overlay-gradient":""},"tablet":{"background-color":"","background-image":"","background-repeat":"repeat","background-position":"center center","background-size":"auto","background-attachment":"scroll","background-type":"","background-media":"","overlay-type":"","overlay-color":"","overlay-opacity":"","overlay-gradient":""},"mobile":{"background-color":"","background-image":"","background-repeat":"repeat","background-position":"center center","background-size":"auto","background-attachment":"scroll","background-type":"","background-media":"","overlay-type":"","overlay-color":"","overlay-opacity":"","overlay-gradient":""}},"ast-content-background-meta":{"desktop":{"background-color":"var(--ast-global-color-5)","background-image":"","background-repeat":"repeat","background-position":"center center","background-size":"auto","background-attachment":"scroll","background-type":"","background-media":"","overlay-type":"","overlay-color":"","overlay-opacity":"","overlay-gradient":""},"tablet":{"background-color":"var(--ast-global-color-5)","background-image":"","background-repeat":"repeat","background-position":"center center","background-size":"auto","background-attachment":"scroll","background-type":"","background-media":"","overlay-type":"","overlay-color":"","overlay-opacity":"","overlay-gradient":""},"mobile":{"background-color":"var(--ast-global-color-5)","background-image":"","background-repeat":"repeat","background-position":"center center","background-size":"auto","background-attachment":"scroll","background-type":"","background-media":"","overlay-type":"","overlay-color":"","overlay-opacity":"","overlay-gradient":""}}},"product_brand":[],"product_cat":[63],"product_tag":[],"class_list":{"0":"post-6293","1":"product","2":"type-product","3":"status-publish","4":"has-post-thumbnail","6":"product_cat-ovrigt","7":"desktop-align-left","8":"tablet-align-left","9":"mobile-align-left","10":"ast-product-gallery-layout-horizontal-slider","11":"ast-product-tabs-layout-horizontal","12":"ast-qv-on-image","14":"first","15":"instock","16":"featured","17":"taxable","18":"shipping-taxable","19":"purchasable","20":"product-type-simple"},"aioseo_notices":[],"uagb_featured_image_src":{"full":["https:\/\/unikbotanik.se\/wp-content\/uploads\/2020\/05\/PMIS144512.jpg",555,555,false],"thumbnail":["https:\/\/unikbotanik.se\/wp-content\/uploads\/2020\/05\/PMIS144512-150x150.jpg",150,150,true],"medium":["https:\/\/unikbotanik.se\/wp-content\/uploads\/2020\/05\/PMIS144512-300x300.jpg",300,300,true],"medium_large":["https:\/\/unikbotanik.se\/wp-content\/uploads\/2020\/05\/PMIS144512.jpg",555,555,false],"large":["https:\/\/unikbotanik.se\/wp-content\/uploads\/2020\/05\/PMIS144512.jpg",555,555,false],"1536x1536":["https:\/\/unikbotanik.se\/wp-content\/uploads\/2020\/05\/PMIS144512.jpg",555,555,false],"2048x2048":["https:\/\/unikbotanik.se\/wp-content\/uploads\/2020\/05\/PMIS144512.jpg",555,555,false],"woocommerce_thumbnail":["https:\/\/unikbotanik.se\/wp-content\/uploads\/2020\/05\/PMIS144512-300x300.jpg",300,300,true],"woocommerce_single":["https:\/\/unikbotanik.se\/wp-content\/uploads\/2020\/05\/PMIS144512.jpg",555,555,false],"woocommerce_gallery_thumbnail":["https:\/\/unikbotanik.se\/wp-content\/uploads\/2020\/05\/PMIS144512-100x100.jpg",100,100,true]},"uagb_author_info":{"display_name":"unikbotanik","author_link":"https:\/\/unikbotanik.se\/en\/author\/"},"uagb_comment_info":0,"uagb_excerpt":"1 st plastn\u00e4t 300 x 200 mm L\u00e4mplig till att klippa i bitar och f\u00e4sta p\u00e5 botten av bonsai-krukan f\u00f6r att f\u00f6rhindra att odlingsmedium faller ut genom dr\u00e4neringsh\u00e5let. N\u00e4ten kan se lite olika ut beroende p\u00e5 leverant\u00f6r.","_links":{"self":[{"href":"https:\/\/unikbotanik.se\/en\/wp-json\/wp\/v2\/product\/6293","targetHints":{"allow":["GET"]}}],"collection":[{"href":"https:\/\/unikbotanik.se\/en\/wp-json\/wp\/v2\/product"}],"about":[{"href":"https:\/\/unikbotanik.se\/en\/wp-json\/wp\/v2\/types\/product"}],"replies":[{"embeddable":true,"href":"https:\/\/unikbotanik.se\/en\/wp-json\/wp\/v2\/comments?post=6293"}],"wp:featuredmedia":[{"embeddable":true,"href":"https:\/\/unikbotanik.se\/en\/wp-json\/wp\/v2\/media\/6300"}],"wp:attachment":[{"href":"https:\/\/unikbotanik.se\/en\/wp-json\/wp\/v2\/media?parent=6293"}],"wp:term":[{"taxonomy":"product_brand","embeddable":true,"href":"https:\/\/unikbotanik.se\/en\/wp-json\/wp\/v2\/product_brand?post=6293"},{"taxonomy":"product_cat","embeddable":true,"href":"https:\/\/unikbotanik.se\/en\/wp-json\/wp\/v2\/product_cat?post=6293"},{"taxonomy":"product_tag","embeddable":true,"href":"https:\/\/unikbotanik.se\/en\/wp-json\/wp\/v2\/product_tag?post=6293"}],"curies":[{"name":"wp","href":"https:\/\/api.w.org\/{rel}","templated":true}]}}