{"id":6136,"date":"2020-05-04T09:06:19","date_gmt":"2020-05-04T07:06:19","guid":{"rendered":"https:\/\/unikbotanik.se\/?post_type=product&#038;p=6136"},"modified":"2025-08-19T19:51:27","modified_gmt":"2025-08-19T17:51:27","slug":"kruka-rektangular-glaserad-12-x-10-x-5-cm-for-bonsai-4","status":"publish","type":"product","link":"https:\/\/unikbotanik.se\/en\/produkt\/kruka-rektangular-glaserad-12-x-10-x-5-cm-for-bonsai-4\/","title":{"rendered":"Kruka, rektangul\u00e4r, glaserad, 12 x 10 x 5 cm, f\u00f6r bonsai"},"content":{"rendered":"<p>Rektangul\u00e4r glaserad bonsaikruka med indragna h\u00f6rn, r\u00f6d\/kopparf\u00e4rgad.<br \/>\nLite fl\u00e4ckig i glasyren med m\u00f6rkare inslag vilket kan variera fr\u00e5n kruka till kruka.<\/p>\n<p>12 x 10 cm, 5 cm h\u00f6g.<\/p>\n<p>Rymmer c:a 0,3 liter<\/p>\n<p>Vikt: 250 g<\/p>\n","protected":false},"excerpt":{"rendered":"<p>Rektangul\u00e4r glaserad bonsaikruka med indragna h\u00f6rn, r\u00f6d\/kopparf\u00e4rgad. Lite fl\u00e4ckig i glasyren med m\u00f6rkare inslag vilket kan variera fr\u00e5n kruka till kruka. 12 x 10 cm, 5 cm h\u00f6g. Rymmer c:a 0,3 liter Vikt: 250 g<\/p>\n","protected":false},"featured_media":6137,"comment_status":"open","ping_status":"closed","template":"","meta":{"_uag_custom_page_level_css":"","_uf_show_specific_survey":0,"_uf_disable_surveys":false,"site-sidebar-layout":"default","site-content-layout":"","ast-site-content-layout":"default","site-content-style":"default","site-sidebar-style":"default","ast-global-header-display":"","ast-banner-title-visibility":"","ast-main-header-display":"","ast-hfb-above-header-display":"","ast-hfb-below-header-display":"","ast-hfb-mobile-header-display":"","site-post-title":"","ast-breadcrumbs-content":"","ast-featured-img":"","footer-sml-layout":"","ast-disable-related-posts":"","theme-transparent-header-meta":"","adv-header-id-meta":"","stick-header-meta":"","header-above-stick-meta":"","header-main-stick-meta":"","header-below-stick-meta":"","astra-migrate-meta-layouts":"default","ast-page-background-enabled":"default","ast-page-background-meta":{"desktop":{"background-color":"var(--ast-global-color-4)","background-image":"","background-repeat":"repeat","background-position":"center center","background-size":"auto","background-attachment":"scroll","background-type":"","background-media":"","overlay-type":"","overlay-color":"","overlay-opacity":"","overlay-gradient":""},"tablet":{"background-color":"","background-image":"","background-repeat":"repeat","background-position":"center center","background-size":"auto","background-attachment":"scroll","background-type":"","background-media":"","overlay-type":"","overlay-color":"","overlay-opacity":"","overlay-gradient":""},"mobile":{"background-color":"","background-image":"","background-repeat":"repeat","background-position":"center center","background-size":"auto","background-attachment":"scroll","background-type":"","background-media":"","overlay-type":"","overlay-color":"","overlay-opacity":"","overlay-gradient":""}},"ast-content-background-meta":{"desktop":{"background-color":"var(--ast-global-color-5)","background-image":"","background-repeat":"repeat","background-position":"center center","background-size":"auto","background-attachment":"scroll","background-type":"","background-media":"","overlay-type":"","overlay-color":"","overlay-opacity":"","overlay-gradient":""},"tablet":{"background-color":"var(--ast-global-color-5)","background-image":"","background-repeat":"repeat","background-position":"center center","background-size":"auto","background-attachment":"scroll","background-type":"","background-media":"","overlay-type":"","overlay-color":"","overlay-opacity":"","overlay-gradient":""},"mobile":{"background-color":"var(--ast-global-color-5)","background-image":"","background-repeat":"repeat","background-position":"center center","background-size":"auto","background-attachment":"scroll","background-type":"","background-media":"","overlay-type":"","overlay-color":"","overlay-opacity":"","overlay-gradient":""}}},"product_brand":[],"product_cat":[242,25,184],"product_tag":[],"class_list":{"0":"post-6136","1":"product","2":"type-product","3":"status-publish","4":"has-post-thumbnail","6":"product_cat-10-20-cm","7":"product_cat-bonsaikrukor","8":"product_cat-glaserade-krukor","9":"desktop-align-left","10":"tablet-align-left","11":"mobile-align-left","12":"ast-product-gallery-layout-horizontal-slider","13":"ast-product-tabs-layout-horizontal","14":"ast-qv-on-image","16":"first","17":"instock","18":"taxable","19":"shipping-taxable","20":"purchasable","21":"product-type-simple"},"aioseo_notices":[],"uagb_featured_image_src":{"full":["https:\/\/unikbotanik.se\/wp-content\/uploads\/2020\/05\/KMIS141202l-scaled.jpg",2560,2485,false],"thumbnail":["https:\/\/unikbotanik.se\/wp-content\/uploads\/2020\/05\/KMIS141202l-150x150.jpg",150,150,true],"medium":["https:\/\/unikbotanik.se\/wp-content\/uploads\/2020\/05\/KMIS141202l-300x291.jpg",300,291,true],"medium_large":["https:\/\/unikbotanik.se\/wp-content\/uploads\/2020\/05\/KMIS141202l-768x746.jpg",768,746,true],"large":["https:\/\/unikbotanik.se\/wp-content\/uploads\/2020\/05\/KMIS141202l-1024x994.jpg",1024,994,true],"1536x1536":["https:\/\/unikbotanik.se\/wp-content\/uploads\/2020\/05\/KMIS141202l-1536x1491.jpg",1536,1491,true],"2048x2048":["https:\/\/unikbotanik.se\/wp-content\/uploads\/2020\/05\/KMIS141202l-2048x1988.jpg",2048,1988,true],"woocommerce_thumbnail":["https:\/\/unikbotanik.se\/wp-content\/uploads\/2020\/05\/KMIS141202l-scaled-300x300.jpg",300,300,true],"woocommerce_single":["https:\/\/unikbotanik.se\/wp-content\/uploads\/2020\/05\/KMIS141202l-600x582.jpg",600,582,true],"woocommerce_gallery_thumbnail":["https:\/\/unikbotanik.se\/wp-content\/uploads\/2020\/05\/KMIS141202l-scaled-100x100.jpg",100,100,true]},"uagb_author_info":{"display_name":"unikbotanik","author_link":"https:\/\/unikbotanik.se\/en\/author\/"},"uagb_comment_info":0,"uagb_excerpt":"Rektangul\u00e4r glaserad bonsaikruka med indragna h\u00f6rn, r\u00f6d\/kopparf\u00e4rgad. Lite fl\u00e4ckig i glasyren med m\u00f6rkare inslag vilket kan variera fr\u00e5n kruka till kruka. 12 x 10 cm, 5 cm h\u00f6g. Rymmer c:a 0,3 liter Vikt: 250 g","_links":{"self":[{"href":"https:\/\/unikbotanik.se\/en\/wp-json\/wp\/v2\/product\/6136","targetHints":{"allow":["GET"]}}],"collection":[{"href":"https:\/\/unikbotanik.se\/en\/wp-json\/wp\/v2\/product"}],"about":[{"href":"https:\/\/unikbotanik.se\/en\/wp-json\/wp\/v2\/types\/product"}],"replies":[{"embeddable":true,"href":"https:\/\/unikbotanik.se\/en\/wp-json\/wp\/v2\/comments?post=6136"}],"wp:featuredmedia":[{"embeddable":true,"href":"https:\/\/unikbotanik.se\/en\/wp-json\/wp\/v2\/media\/6137"}],"wp:attachment":[{"href":"https:\/\/unikbotanik.se\/en\/wp-json\/wp\/v2\/media?parent=6136"}],"wp:term":[{"taxonomy":"product_brand","embeddable":true,"href":"https:\/\/unikbotanik.se\/en\/wp-json\/wp\/v2\/product_brand?post=6136"},{"taxonomy":"product_cat","embeddable":true,"href":"https:\/\/unikbotanik.se\/en\/wp-json\/wp\/v2\/product_cat?post=6136"},{"taxonomy":"product_tag","embeddable":true,"href":"https:\/\/unikbotanik.se\/en\/wp-json\/wp\/v2\/product_tag?post=6136"}],"curies":[{"name":"wp","href":"https:\/\/api.w.org\/{rel}","templated":true}]}}