{"id":6015,"date":"2020-05-02T11:01:17","date_gmt":"2020-05-02T09:01:17","guid":{"rendered":"https:\/\/unikbotanik.se\/?post_type=product&#038;p=6015"},"modified":"2025-01-07T17:02:24","modified_gmt":"2025-01-07T16:02:24","slug":"kruka-oval-glaserad-57-x-43-x-23-cm-for-bonsai","status":"publish","type":"product","link":"https:\/\/unikbotanik.se\/en\/produkt\/kruka-oval-glaserad-57-x-43-x-23-cm-for-bonsai\/","title":{"rendered":"Kruka, oval, glaserad, 5,7 x 4,3 x 2,3 cm, f\u00f6r bonsai"},"content":{"rendered":"<p>Oval glaserad bonsaikruka, brun\/turkos.<\/p>\n<p>5,7 x 4,3 cm, 2,3 cm h\u00f6g.<\/p>\n<p>Rymmer c:a 0,038 liter.<\/p>\n<p>&nbsp;<\/p>\n<p>OBSERVERA!<br \/>\nM\u00e4ngden glasyr kan v\u00e4xla lite., och d\u00e4rmed ocks\u00e5 nyansen.<\/p>\n<p>&nbsp;<\/p>\n","protected":false},"excerpt":{"rendered":"<p>Oval glaserad bonsaikruka, brun\/turkos. 5,7 x 4,3 cm, 2,3 cm h\u00f6g. Rymmer c:a 0,038 liter. &nbsp; OBSERVERA! M\u00e4ngden glasyr kan v\u00e4xla lite., och d\u00e4rmed ocks\u00e5 nyansen. &nbsp;<\/p>\n","protected":false},"featured_media":6017,"comment_status":"open","ping_status":"closed","template":"","meta":{"_uag_custom_page_level_css":"","_uf_show_specific_survey":0,"_uf_disable_surveys":false,"site-sidebar-layout":"default","site-content-layout":"","ast-site-content-layout":"default","site-content-style":"default","site-sidebar-style":"default","ast-global-header-display":"","ast-banner-title-visibility":"","ast-main-header-display":"","ast-hfb-above-header-display":"","ast-hfb-below-header-display":"","ast-hfb-mobile-header-display":"","site-post-title":"","ast-breadcrumbs-content":"","ast-featured-img":"","footer-sml-layout":"","ast-disable-related-posts":"","theme-transparent-header-meta":"","adv-header-id-meta":"","stick-header-meta":"","header-above-stick-meta":"","header-main-stick-meta":"","header-below-stick-meta":"","astra-migrate-meta-layouts":"default","ast-page-background-enabled":"default","ast-page-background-meta":{"desktop":{"background-color":"var(--ast-global-color-4)","background-image":"","background-repeat":"repeat","background-position":"center center","background-size":"auto","background-attachment":"scroll","background-type":"","background-media":"","overlay-type":"","overlay-color":"","overlay-opacity":"","overlay-gradient":""},"tablet":{"background-color":"","background-image":"","background-repeat":"repeat","background-position":"center center","background-size":"auto","background-attachment":"scroll","background-type":"","background-media":"","overlay-type":"","overlay-color":"","overlay-opacity":"","overlay-gradient":""},"mobile":{"background-color":"","background-image":"","background-repeat":"repeat","background-position":"center center","background-size":"auto","background-attachment":"scroll","background-type":"","background-media":"","overlay-type":"","overlay-color":"","overlay-opacity":"","overlay-gradient":""}},"ast-content-background-meta":{"desktop":{"background-color":"var(--ast-global-color-5)","background-image":"","background-repeat":"repeat","background-position":"center center","background-size":"auto","background-attachment":"scroll","background-type":"","background-media":"","overlay-type":"","overlay-color":"","overlay-opacity":"","overlay-gradient":""},"tablet":{"background-color":"var(--ast-global-color-5)","background-image":"","background-repeat":"repeat","background-position":"center center","background-size":"auto","background-attachment":"scroll","background-type":"","background-media":"","overlay-type":"","overlay-color":"","overlay-opacity":"","overlay-gradient":""},"mobile":{"background-color":"var(--ast-global-color-5)","background-image":"","background-repeat":"repeat","background-position":"center center","background-size":"auto","background-attachment":"scroll","background-type":"","background-media":"","overlay-type":"","overlay-color":"","overlay-opacity":"","overlay-gradient":""}}},"product_brand":[],"product_cat":[241,25,184],"product_tag":[],"class_list":{"0":"post-6015","1":"product","2":"type-product","3":"status-publish","4":"has-post-thumbnail","6":"product_cat-0-10-cm","7":"product_cat-bonsaikrukor","8":"product_cat-glaserade-krukor","9":"desktop-align-left","10":"tablet-align-left","11":"mobile-align-left","12":"ast-product-gallery-layout-horizontal-slider","13":"ast-product-tabs-layout-horizontal","14":"ast-qv-on-image","16":"first","17":"outofstock","18":"taxable","19":"shipping-taxable","20":"purchasable","21":"product-type-simple"},"aioseo_notices":[],"uagb_featured_image_src":{"full":["https:\/\/unikbotanik.se\/wp-content\/uploads\/2020\/05\/KMIS149054f.jpg",684,684,false],"thumbnail":["https:\/\/unikbotanik.se\/wp-content\/uploads\/2020\/05\/KMIS149054f-150x150.jpg",150,150,true],"medium":["https:\/\/unikbotanik.se\/wp-content\/uploads\/2020\/05\/KMIS149054f-300x300.jpg",300,300,true],"medium_large":["https:\/\/unikbotanik.se\/wp-content\/uploads\/2020\/05\/KMIS149054f.jpg",684,684,false],"large":["https:\/\/unikbotanik.se\/wp-content\/uploads\/2020\/05\/KMIS149054f.jpg",684,684,false],"1536x1536":["https:\/\/unikbotanik.se\/wp-content\/uploads\/2020\/05\/KMIS149054f.jpg",684,684,false],"2048x2048":["https:\/\/unikbotanik.se\/wp-content\/uploads\/2020\/05\/KMIS149054f.jpg",684,684,false],"woocommerce_thumbnail":["https:\/\/unikbotanik.se\/wp-content\/uploads\/2020\/05\/KMIS149054f-300x300.jpg",300,300,true],"woocommerce_single":["https:\/\/unikbotanik.se\/wp-content\/uploads\/2020\/05\/KMIS149054f-600x600.jpg",600,600,true],"woocommerce_gallery_thumbnail":["https:\/\/unikbotanik.se\/wp-content\/uploads\/2020\/05\/KMIS149054f-100x100.jpg",100,100,true]},"uagb_author_info":{"display_name":"unikbotanik","author_link":"https:\/\/unikbotanik.se\/en\/author\/"},"uagb_comment_info":0,"uagb_excerpt":"Oval glaserad bonsaikruka, brun\/turkos. 5,7 x 4,3 cm, 2,3 cm h\u00f6g. Rymmer c:a 0,038 liter. &nbsp; OBSERVERA! M\u00e4ngden glasyr kan v\u00e4xla lite., och d\u00e4rmed ocks\u00e5 nyansen. &nbsp;","_links":{"self":[{"href":"https:\/\/unikbotanik.se\/en\/wp-json\/wp\/v2\/product\/6015","targetHints":{"allow":["GET"]}}],"collection":[{"href":"https:\/\/unikbotanik.se\/en\/wp-json\/wp\/v2\/product"}],"about":[{"href":"https:\/\/unikbotanik.se\/en\/wp-json\/wp\/v2\/types\/product"}],"replies":[{"embeddable":true,"href":"https:\/\/unikbotanik.se\/en\/wp-json\/wp\/v2\/comments?post=6015"}],"wp:featuredmedia":[{"embeddable":true,"href":"https:\/\/unikbotanik.se\/en\/wp-json\/wp\/v2\/media\/6017"}],"wp:attachment":[{"href":"https:\/\/unikbotanik.se\/en\/wp-json\/wp\/v2\/media?parent=6015"}],"wp:term":[{"taxonomy":"product_brand","embeddable":true,"href":"https:\/\/unikbotanik.se\/en\/wp-json\/wp\/v2\/product_brand?post=6015"},{"taxonomy":"product_cat","embeddable":true,"href":"https:\/\/unikbotanik.se\/en\/wp-json\/wp\/v2\/product_cat?post=6015"},{"taxonomy":"product_tag","embeddable":true,"href":"https:\/\/unikbotanik.se\/en\/wp-json\/wp\/v2\/product_tag?post=6015"}],"curies":[{"name":"wp","href":"https:\/\/api.w.org\/{rel}","templated":true}]}}